{"id":5735,"date":"2021-05-05T14:20:32","date_gmt":"2021-05-05T13:20:32","guid":{"rendered":"https:\/\/tecnidro.com\/politica-de-cookies\/"},"modified":"2026-03-20T11:47:30","modified_gmt":"2026-03-20T10:47:30","slug":"politica-de-cookies","status":"publish","type":"page","link":"https:\/\/tecnidro.com\/es\/politica-de-cookies\/","title":{"rendered":"Pol\u00edtica de Cookies"},"content":{"rendered":"<div class=\"fusion-fullwidth fullwidth-box fusion-builder-row-1 fusion-flex-container has-pattern-background has-mask-background nonhundred-percent-fullwidth non-hundred-percent-height-scrolling\" style=\"--awb-border-radius-top-left:0px;--awb-border-radius-top-right:0px;--awb-border-radius-bottom-right:0px;--awb-border-radius-bottom-left:0px;--awb-padding-top:60px;--awb-padding-bottom:40px;--awb-flex-wrap:wrap;\" ><div class=\"fusion-builder-row fusion-row fusion-flex-align-items-flex-start fusion-flex-content-wrap\" style=\"max-width:calc( 1200px + 10px );margin-left: calc(-10px \/ 2 );margin-right: calc(-10px \/ 2 );\"><div class=\"fusion-layout-column fusion_builder_column fusion-builder-column-0 fusion_builder_column_1_1 1_1 fusion-flex-column\" style=\"--awb-bg-size:cover;--awb-width-large:100%;--awb-margin-top-large:0px;--awb-spacing-right-large:5px;--awb-margin-bottom-large:0px;--awb-spacing-left-large:5px;--awb-width-medium:100%;--awb-spacing-right-medium:5px;--awb-spacing-left-medium:5px;--awb-width-small:100%;--awb-spacing-right-small:5px;--awb-spacing-left-small:5px;\"><div class=\"fusion-column-wrapper fusion-flex-justify-content-flex-start fusion-content-layout-column\"><div class=\"fusion-text fusion-text-1\"><div class=\"fusion-text\">\n<p data-fontsize=\"50\" data-lineheight=\"55\">Las cookies son peque\u00f1as porciones de datos que se almacenan y utilizan para mejorar la experiencia de uso de un sitio web.<\/p>\n<\/div>\n<div class=\"fusion-text\">\n<p>Por ejemplo, pueden recordar temporalmente sus preferencias de navegaci\u00f3n para evitar que tenga que seleccionar cada vez el idioma, haciendo as\u00ed las visitas posteriores m\u00e1s c\u00f3modas e intuitivas.<br \/>\nO bien pueden servir para realizar \u00abencuestas an\u00f3nimas\u00bb sobre c\u00f3mo los usuarios navegan por el sitio, de modo que se pueda mejorar partiendo de datos reales.<\/p>\n<p>Las cookies no registran ninguna informaci\u00f3n personal sobre un usuario y los eventuales datos identificables no ser\u00e1n almacenados.<\/p>\n<p>Si desea desactivar el uso de cookies, es necesario personalizar la configuraci\u00f3n de su ordenador estableciendo la eliminaci\u00f3n de todas las cookies o activando un mensaje de aviso cuando se almacenen cookies.<br \/>\nPara continuar sin modificar la aplicaci\u00f3n de cookies, es suficiente con seguir navegando.<\/p>\n<p><strong>Las cookies no son virus ni programas<\/strong><\/p>\n<p>Las cookies no son virus ni programas. Las cookies son \u00fanicamente datos guardados en forma de texto con el formato \u00abvariable=valor\u00bb (ejemplo: \u00abdataAccessoSito=2015-06-03,15:05:15\u00bb).<\/p>\n<p>Estos datos solo pueden ser le\u00eddos por el sitio que los ha generado, y en muchos casos tienen una fecha de caducidad, tras la cual el navegador los eliminar\u00e1 autom\u00e1ticamente.<\/p>\n<p>No todas las cookies se utilizan con el mismo prop\u00f3sito: a continuaci\u00f3n se especificar\u00e1n las diferentes tipolog\u00edas de cookies utilizadas por este sitio web.<\/p>\n<p><strong>Cookies indispensables<\/strong><\/p>\n<p>Estas cookies son esenciales para permitir desplazarse por todo el sitio y utilizar plenamente sus caracter\u00edsticas.<\/p>\n<p>Sin estas cookies, algunos servicios no podr\u00e1n funcionar correctamente.<\/p>\n<p><strong>Cookies de rendimiento<\/strong><\/p>\n<p>Estas cookies recopilan informaci\u00f3n sobre c\u00f3mo los usuarios utilizan un sitio web, pero no almacenan informaci\u00f3n que identifique a un visitante.<\/p>\n<p>Estas cookies se utilizan \u00fanicamente para mejorar el funcionamiento del sitio web.<\/p>\n<p>Al utilizar el sitio, el usuario acepta que dichas cookies puedan almacenarse en su dispositivo.<\/p>\n<p><strong>Cookies de funcionalidad<\/strong><\/p>\n<p>Las cookies permiten al sitio recordar las opciones realizadas por el usuario (como el idioma u otras configuraciones especiales eventualmente disponibles) y proporcionan funcionalidades avanzadas personalizadas, y tambi\u00e9n pueden utilizarse para proporcionar los servicios solicitados.<\/p>\n<p>Al utilizar el sitio, el usuario acepta que dichas cookies puedan almacenarse en su dispositivo.<\/p>\n<p><strong>C\u00f3mo gestionar las cookies en su PC<\/strong><\/p>\n<p>Cada navegador permite personalizar el modo en que deben tratarse las cookies. Para m\u00e1s informaci\u00f3n, consulte la documentaci\u00f3n del navegador utilizado.<\/p>\n<p>Algunos navegadores permiten la \u00abnavegaci\u00f3n an\u00f3nima\u00bb en los sitios web, aceptando las cookies para luego eliminarlas autom\u00e1ticamente al finalizar la sesi\u00f3n de navegaci\u00f3n.<\/p>\n<p>Para m\u00e1s informaci\u00f3n sobre la \u00abnavegaci\u00f3n an\u00f3nima\u00bb, consulte la documentaci\u00f3n del navegador utilizado.<\/p>\n<p><strong>Google Analytics<\/strong><\/p>\n<p>Este sitio web utiliza Google Analytics, un servicio de an\u00e1lisis web proporcionado por Google. Google Analytics utiliza cookies para permitir al sitio web analizar c\u00f3mo los usuarios utilizan el sitio.<br \/>\nLa informaci\u00f3n generada por la cookie sobre el uso del sitio web (incluida su direcci\u00f3n IP anonimizada) ser\u00e1 transmitida y almacenada en los servidores de Google en Estados Unidos.<br \/>\nGoogle utilizar\u00e1 esta informaci\u00f3n con el fin de examinar su uso del sitio web, elaborar informes sobre las actividades del sitio para los operadores del mismo y proporcionar otros servicios relacionados con las actividades del sitio web y el uso de internet.<br \/>\nGoogle tambi\u00e9n puede transferir esta informaci\u00f3n a terceros cuando as\u00ed lo imponga la ley o cuando dichos terceros traten la informaci\u00f3n por cuenta de Google.<br \/>\nAl utilizar este sitio web, usted consiente el tratamiento de sus datos por parte de Google seg\u00fan las modalidades y fines indicados anteriormente.<\/p>\n<p>Puede impedir que Google detecte una cookie que se genera debido a su uso de este sitio web y relacionada con \u00e9l (incluida su direcci\u00f3n IP) y el procesamiento de dichos datos descargando e instalando este complemento para el navegador: http:\/\/tools.google.com\/dlpage\/gaoptout?hl=en<\/p>\n<\/div>\n<\/div><\/div><\/div><\/div><\/div>\n","protected":false},"excerpt":{"rendered":"","protected":false},"author":34,"featured_media":0,"parent":0,"menu_order":0,"comment_status":"closed","ping_status":"closed","template":"100-width.php","meta":{"_acf_changed":false,"footnotes":""},"class_list":["post-5735","page","type-page","status-publish","hentry"],"acf":[],"yoast_head":"<!-- This site is optimized with the Yoast SEO plugin v27.3 - https:\/\/yoast.com\/product\/yoast-seo-wordpress\/ -->\n<title>Pol\u00edtica de Cookies - Tecnidro<\/title>\n<meta name=\"robots\" content=\"index, follow, max-snippet:-1, max-image-preview:large, max-video-preview:-1\" \/>\n<link rel=\"canonical\" href=\"https:\/\/tecnidro.com\/es\/politica-de-cookies\/\" \/>\n<meta property=\"og:locale\" content=\"es_ES\" \/>\n<meta property=\"og:type\" content=\"article\" \/>\n<meta property=\"og:title\" content=\"Pol\u00edtica de Cookies - Tecnidro\" \/>\n<meta property=\"og:url\" content=\"https:\/\/tecnidro.com\/es\/politica-de-cookies\/\" \/>\n<meta property=\"og:site_name\" content=\"Tecnidro\" \/>\n<meta property=\"article:publisher\" content=\"https:\/\/www.facebook.com\/profile.php?id=100089971879186\" \/>\n<meta property=\"article:modified_time\" content=\"2026-03-20T10:47:30+00:00\" \/>\n<meta name=\"twitter:card\" content=\"summary_large_image\" \/>\n<meta name=\"twitter:label1\" content=\"Tiempo de lectura\" \/>\n\t<meta name=\"twitter:data1\" content=\"7 minutos\" \/>\n<script type=\"application\/ld+json\" class=\"yoast-schema-graph\">{\"@context\":\"https:\\\/\\\/schema.org\",\"@graph\":[{\"@type\":\"WebPage\",\"@id\":\"https:\\\/\\\/tecnidro.com\\\/es\\\/politica-de-cookies\\\/\",\"url\":\"https:\\\/\\\/tecnidro.com\\\/es\\\/politica-de-cookies\\\/\",\"name\":\"Pol\u00edtica de Cookies - Tecnidro\",\"isPartOf\":{\"@id\":\"https:\\\/\\\/tecnidro.com\\\/es\\\/#website\"},\"datePublished\":\"2021-05-05T13:20:32+00:00\",\"dateModified\":\"2026-03-20T10:47:30+00:00\",\"breadcrumb\":{\"@id\":\"https:\\\/\\\/tecnidro.com\\\/es\\\/politica-de-cookies\\\/#breadcrumb\"},\"inLanguage\":\"es\",\"potentialAction\":[{\"@type\":\"ReadAction\",\"target\":[\"https:\\\/\\\/tecnidro.com\\\/es\\\/politica-de-cookies\\\/\"]}]},{\"@type\":\"BreadcrumbList\",\"@id\":\"https:\\\/\\\/tecnidro.com\\\/es\\\/politica-de-cookies\\\/#breadcrumb\",\"itemListElement\":[{\"@type\":\"ListItem\",\"position\":1,\"name\":\"Home\",\"item\":\"https:\\\/\\\/tecnidro.com\\\/es\\\/\"},{\"@type\":\"ListItem\",\"position\":2,\"name\":\"Pol\u00edtica de Cookies\"}]},{\"@type\":\"WebSite\",\"@id\":\"https:\\\/\\\/tecnidro.com\\\/es\\\/#website\",\"url\":\"https:\\\/\\\/tecnidro.com\\\/es\\\/\",\"name\":\"Tecnidro\",\"description\":\"Valvole Idrauliche\",\"potentialAction\":[{\"@type\":\"SearchAction\",\"target\":{\"@type\":\"EntryPoint\",\"urlTemplate\":\"https:\\\/\\\/tecnidro.com\\\/es\\\/?s={search_term_string}\"},\"query-input\":{\"@type\":\"PropertyValueSpecification\",\"valueRequired\":true,\"valueName\":\"search_term_string\"}}],\"inLanguage\":\"es\"}]}<\/script>\n<!-- \/ Yoast SEO plugin. -->","yoast_head_json":{"title":"Pol\u00edtica de Cookies - Tecnidro","robots":{"index":"index","follow":"follow","max-snippet":"max-snippet:-1","max-image-preview":"max-image-preview:large","max-video-preview":"max-video-preview:-1"},"canonical":"https:\/\/tecnidro.com\/es\/politica-de-cookies\/","og_locale":"es_ES","og_type":"article","og_title":"Pol\u00edtica de Cookies - Tecnidro","og_url":"https:\/\/tecnidro.com\/es\/politica-de-cookies\/","og_site_name":"Tecnidro","article_publisher":"https:\/\/www.facebook.com\/profile.php?id=100089971879186","article_modified_time":"2026-03-20T10:47:30+00:00","twitter_card":"summary_large_image","twitter_misc":{"Tiempo de lectura":"7 minutos"},"schema":{"@context":"https:\/\/schema.org","@graph":[{"@type":"WebPage","@id":"https:\/\/tecnidro.com\/es\/politica-de-cookies\/","url":"https:\/\/tecnidro.com\/es\/politica-de-cookies\/","name":"Pol\u00edtica de Cookies - Tecnidro","isPartOf":{"@id":"https:\/\/tecnidro.com\/es\/#website"},"datePublished":"2021-05-05T13:20:32+00:00","dateModified":"2026-03-20T10:47:30+00:00","breadcrumb":{"@id":"https:\/\/tecnidro.com\/es\/politica-de-cookies\/#breadcrumb"},"inLanguage":"es","potentialAction":[{"@type":"ReadAction","target":["https:\/\/tecnidro.com\/es\/politica-de-cookies\/"]}]},{"@type":"BreadcrumbList","@id":"https:\/\/tecnidro.com\/es\/politica-de-cookies\/#breadcrumb","itemListElement":[{"@type":"ListItem","position":1,"name":"Home","item":"https:\/\/tecnidro.com\/es\/"},{"@type":"ListItem","position":2,"name":"Pol\u00edtica de Cookies"}]},{"@type":"WebSite","@id":"https:\/\/tecnidro.com\/es\/#website","url":"https:\/\/tecnidro.com\/es\/","name":"Tecnidro","description":"Valvole Idrauliche","potentialAction":[{"@type":"SearchAction","target":{"@type":"EntryPoint","urlTemplate":"https:\/\/tecnidro.com\/es\/?s={search_term_string}"},"query-input":{"@type":"PropertyValueSpecification","valueRequired":true,"valueName":"search_term_string"}}],"inLanguage":"es"}]}},"_links":{"self":[{"href":"https:\/\/tecnidro.com\/es\/wp-json\/wp\/v2\/pages\/5735","targetHints":{"allow":["GET"]}}],"collection":[{"href":"https:\/\/tecnidro.com\/es\/wp-json\/wp\/v2\/pages"}],"about":[{"href":"https:\/\/tecnidro.com\/es\/wp-json\/wp\/v2\/types\/page"}],"author":[{"embeddable":true,"href":"https:\/\/tecnidro.com\/es\/wp-json\/wp\/v2\/users\/34"}],"replies":[{"embeddable":true,"href":"https:\/\/tecnidro.com\/es\/wp-json\/wp\/v2\/comments?post=5735"}],"version-history":[{"count":2,"href":"https:\/\/tecnidro.com\/es\/wp-json\/wp\/v2\/pages\/5735\/revisions"}],"predecessor-version":[{"id":5737,"href":"https:\/\/tecnidro.com\/es\/wp-json\/wp\/v2\/pages\/5735\/revisions\/5737"}],"wp:attachment":[{"href":"https:\/\/tecnidro.com\/es\/wp-json\/wp\/v2\/media?parent=5735"}],"curies":[{"name":"wp","href":"https:\/\/api.w.org\/{rel}","templated":true}]}}