{"id":5659,"date":"2023-11-28T17:11:59","date_gmt":"2023-11-28T17:11:59","guid":{"rendered":"https:\/\/tecnidro.com\/p\/valvula-hydromodul-anticipadora-de-golpe-de-ariete\/"},"modified":"2023-11-28T17:11:59","modified_gmt":"2023-11-28T16:11:59","slug":"valvula-hydromodul-anticipadora-de-golpe-de-ariete","status":"publish","type":"product","link":"https:\/\/tecnidro.com\/es\/p\/valvula-hydromodul-anticipadora-de-golpe-de-ariete\/","title":{"rendered":"V\u00e1lvula Hydromodul anticipadora de golpe de ariete"},"content":{"rendered":"<p class=\"p1\">La v\u00e1lvula anticipadora de golpe de ariete es una v\u00e1lvula de seguridad de control hidr\u00e1ulico, accionada por membrana. La v\u00e1lvula detecta la presi\u00f3n en l\u00ednea y se abre en respuesta a la ca\u00edda brusca de presi\u00f3n previa a un pico de presi\u00f3n, anticipando el golpe de ariete. La v\u00e1lvula descarga muy r\u00e1pidamente y se cierra lentamente para evitar la generaci\u00f3n de nuevos golpes. Est\u00e1 equipada con dos pilotos met\u00e1licos que permiten su regulaci\u00f3n.   <\/p>\n","protected":false},"excerpt":{"rendered":"<p>La v\u00e1lvula anticipadora de golpe de ariete es una v\u00e1lvula de seguridad de control hidr\u00e1ulico, accionada por membrana. La v\u00e1lvula detecta la presi\u00f3n en l\u00ednea y se abre en respuesta  [&#8230;]<\/p>\n","protected":false},"featured_media":5662,"comment_status":"closed","ping_status":"closed","template":"","meta":{"_acf_changed":false},"product_brand":[],"product_cat":[215,226],"product_tag":[],"class_list":{"0":"post-5659","1":"product","2":"type-product","3":"status-publish","4":"has-post-thumbnail","6":"product_cat-abastecimiento-de-agua-e-industria","7":"product_cat-valvulas-hidraulicas-hydromodul","9":"first","10":"instock","11":"shipping-taxable","12":"product-type-simple"},"acf":[],"yoast_head":"<!-- This site is optimized with the Yoast SEO plugin v27.3 - https:\/\/yoast.com\/product\/yoast-seo-wordpress\/ -->\n<title>V\u00e1lvula Hydromodul anticipadora de golpe de ariete - Tecnidro<\/title>\n<meta name=\"robots\" content=\"index, follow, max-snippet:-1, max-image-preview:large, max-video-preview:-1\" \/>\n<link rel=\"canonical\" href=\"https:\/\/tecnidro.com\/es\/p\/valvula-hydromodul-anticipadora-de-golpe-de-ariete\/\" \/>\n<meta property=\"og:locale\" content=\"es_ES\" \/>\n<meta property=\"og:type\" content=\"article\" \/>\n<meta property=\"og:title\" content=\"V\u00e1lvula Hydromodul anticipadora de golpe de ariete - Tecnidro\" \/>\n<meta property=\"og:description\" content=\"La v\u00e1lvula anticipadora de golpe de ariete es una v\u00e1lvula de seguridad de control hidr\u00e1ulico, accionada por membrana. La v\u00e1lvula detecta la presi\u00f3n en l\u00ednea y se abre en respuesta [...]\" \/>\n<meta property=\"og:url\" content=\"https:\/\/tecnidro.com\/es\/p\/valvula-hydromodul-anticipadora-de-golpe-de-ariete\/\" \/>\n<meta property=\"og:site_name\" content=\"Tecnidro\" \/>\n<meta property=\"article:publisher\" content=\"https:\/\/www.facebook.com\/profile.php?id=100089971879186\" \/>\n<meta property=\"og:image\" content=\"https:\/\/tecnidro.com\/wp-content\/uploads\/2023\/11\/Valvola-Hydromodul-Anticipatrice-Colpo-dAriete.webp\" \/>\n\t<meta property=\"og:image:width\" content=\"1000\" \/>\n\t<meta property=\"og:image:height\" content=\"1000\" \/>\n\t<meta property=\"og:image:type\" content=\"image\/webp\" \/>\n<meta name=\"twitter:card\" content=\"summary_large_image\" \/>\n<script type=\"application\/ld+json\" class=\"yoast-schema-graph\">{\"@context\":\"https:\\\/\\\/schema.org\",\"@graph\":[{\"@type\":\"WebPage\",\"@id\":\"https:\\\/\\\/tecnidro.com\\\/es\\\/p\\\/valvula-hydromodul-anticipadora-de-golpe-de-ariete\\\/\",\"url\":\"https:\\\/\\\/tecnidro.com\\\/es\\\/p\\\/valvula-hydromodul-anticipadora-de-golpe-de-ariete\\\/\",\"name\":\"V\u00e1lvula Hydromodul anticipadora de golpe de ariete - Tecnidro\",\"isPartOf\":{\"@id\":\"https:\\\/\\\/tecnidro.com\\\/es\\\/#website\"},\"primaryImageOfPage\":{\"@id\":\"https:\\\/\\\/tecnidro.com\\\/es\\\/p\\\/valvula-hydromodul-anticipadora-de-golpe-de-ariete\\\/#primaryimage\"},\"image\":{\"@id\":\"https:\\\/\\\/tecnidro.com\\\/es\\\/p\\\/valvula-hydromodul-anticipadora-de-golpe-de-ariete\\\/#primaryimage\"},\"thumbnailUrl\":\"https:\\\/\\\/tecnidro.com\\\/wp-content\\\/uploads\\\/2023\\\/11\\\/Valvola-Hydromodul-Anticipatrice-Colpo-dAriete.webp\",\"datePublished\":\"2023-11-28T17:11:59+00:00\",\"breadcrumb\":{\"@id\":\"https:\\\/\\\/tecnidro.com\\\/es\\\/p\\\/valvula-hydromodul-anticipadora-de-golpe-de-ariete\\\/#breadcrumb\"},\"inLanguage\":\"es\",\"potentialAction\":[{\"@type\":\"ReadAction\",\"target\":[\"https:\\\/\\\/tecnidro.com\\\/es\\\/p\\\/valvula-hydromodul-anticipadora-de-golpe-de-ariete\\\/\"]}]},{\"@type\":\"ImageObject\",\"inLanguage\":\"es\",\"@id\":\"https:\\\/\\\/tecnidro.com\\\/es\\\/p\\\/valvula-hydromodul-anticipadora-de-golpe-de-ariete\\\/#primaryimage\",\"url\":\"https:\\\/\\\/tecnidro.com\\\/wp-content\\\/uploads\\\/2023\\\/11\\\/Valvola-Hydromodul-Anticipatrice-Colpo-dAriete.webp\",\"contentUrl\":\"https:\\\/\\\/tecnidro.com\\\/wp-content\\\/uploads\\\/2023\\\/11\\\/Valvola-Hydromodul-Anticipatrice-Colpo-dAriete.webp\",\"width\":1000,\"height\":1000,\"caption\":\"Valvola Hydromodul Anticipatrice Colpo d\u2019Ariete\"},{\"@type\":\"BreadcrumbList\",\"@id\":\"https:\\\/\\\/tecnidro.com\\\/es\\\/p\\\/valvula-hydromodul-anticipadora-de-golpe-de-ariete\\\/#breadcrumb\",\"itemListElement\":[{\"@type\":\"ListItem\",\"position\":1,\"name\":\"Home\",\"item\":\"https:\\\/\\\/tecnidro.com\\\/es\\\/\"},{\"@type\":\"ListItem\",\"position\":2,\"name\":\"Productos y soluciones\",\"item\":\"https:\\\/\\\/tecnidro.com\\\/es\\\/productos-y-soluciones\\\/\"},{\"@type\":\"ListItem\",\"position\":3,\"name\":\"V\u00e1lvula Hydromodul anticipadora de golpe de ariete\"}]},{\"@type\":\"WebSite\",\"@id\":\"https:\\\/\\\/tecnidro.com\\\/es\\\/#website\",\"url\":\"https:\\\/\\\/tecnidro.com\\\/es\\\/\",\"name\":\"Tecnidro\",\"description\":\"Valvole Idrauliche\",\"potentialAction\":[{\"@type\":\"SearchAction\",\"target\":{\"@type\":\"EntryPoint\",\"urlTemplate\":\"https:\\\/\\\/tecnidro.com\\\/es\\\/?s={search_term_string}\"},\"query-input\":{\"@type\":\"PropertyValueSpecification\",\"valueRequired\":true,\"valueName\":\"search_term_string\"}}],\"inLanguage\":\"es\"}]}<\/script>\n<!-- \/ Yoast SEO plugin. -->","yoast_head_json":{"title":"V\u00e1lvula Hydromodul anticipadora de golpe de ariete - Tecnidro","robots":{"index":"index","follow":"follow","max-snippet":"max-snippet:-1","max-image-preview":"max-image-preview:large","max-video-preview":"max-video-preview:-1"},"canonical":"https:\/\/tecnidro.com\/es\/p\/valvula-hydromodul-anticipadora-de-golpe-de-ariete\/","og_locale":"es_ES","og_type":"article","og_title":"V\u00e1lvula Hydromodul anticipadora de golpe de ariete - Tecnidro","og_description":"La v\u00e1lvula anticipadora de golpe de ariete es una v\u00e1lvula de seguridad de control hidr\u00e1ulico, accionada por membrana. La v\u00e1lvula detecta la presi\u00f3n en l\u00ednea y se abre en respuesta [...]","og_url":"https:\/\/tecnidro.com\/es\/p\/valvula-hydromodul-anticipadora-de-golpe-de-ariete\/","og_site_name":"Tecnidro","article_publisher":"https:\/\/www.facebook.com\/profile.php?id=100089971879186","og_image":[{"width":1000,"height":1000,"url":"https:\/\/tecnidro.com\/wp-content\/uploads\/2023\/11\/Valvola-Hydromodul-Anticipatrice-Colpo-dAriete.webp","type":"image\/webp"}],"twitter_card":"summary_large_image","schema":{"@context":"https:\/\/schema.org","@graph":[{"@type":"WebPage","@id":"https:\/\/tecnidro.com\/es\/p\/valvula-hydromodul-anticipadora-de-golpe-de-ariete\/","url":"https:\/\/tecnidro.com\/es\/p\/valvula-hydromodul-anticipadora-de-golpe-de-ariete\/","name":"V\u00e1lvula Hydromodul anticipadora de golpe de ariete - Tecnidro","isPartOf":{"@id":"https:\/\/tecnidro.com\/es\/#website"},"primaryImageOfPage":{"@id":"https:\/\/tecnidro.com\/es\/p\/valvula-hydromodul-anticipadora-de-golpe-de-ariete\/#primaryimage"},"image":{"@id":"https:\/\/tecnidro.com\/es\/p\/valvula-hydromodul-anticipadora-de-golpe-de-ariete\/#primaryimage"},"thumbnailUrl":"https:\/\/tecnidro.com\/wp-content\/uploads\/2023\/11\/Valvola-Hydromodul-Anticipatrice-Colpo-dAriete.webp","datePublished":"2023-11-28T17:11:59+00:00","breadcrumb":{"@id":"https:\/\/tecnidro.com\/es\/p\/valvula-hydromodul-anticipadora-de-golpe-de-ariete\/#breadcrumb"},"inLanguage":"es","potentialAction":[{"@type":"ReadAction","target":["https:\/\/tecnidro.com\/es\/p\/valvula-hydromodul-anticipadora-de-golpe-de-ariete\/"]}]},{"@type":"ImageObject","inLanguage":"es","@id":"https:\/\/tecnidro.com\/es\/p\/valvula-hydromodul-anticipadora-de-golpe-de-ariete\/#primaryimage","url":"https:\/\/tecnidro.com\/wp-content\/uploads\/2023\/11\/Valvola-Hydromodul-Anticipatrice-Colpo-dAriete.webp","contentUrl":"https:\/\/tecnidro.com\/wp-content\/uploads\/2023\/11\/Valvola-Hydromodul-Anticipatrice-Colpo-dAriete.webp","width":1000,"height":1000,"caption":"Valvola Hydromodul Anticipatrice Colpo d\u2019Ariete"},{"@type":"BreadcrumbList","@id":"https:\/\/tecnidro.com\/es\/p\/valvula-hydromodul-anticipadora-de-golpe-de-ariete\/#breadcrumb","itemListElement":[{"@type":"ListItem","position":1,"name":"Home","item":"https:\/\/tecnidro.com\/es\/"},{"@type":"ListItem","position":2,"name":"Productos y soluciones","item":"https:\/\/tecnidro.com\/es\/productos-y-soluciones\/"},{"@type":"ListItem","position":3,"name":"V\u00e1lvula Hydromodul anticipadora de golpe de ariete"}]},{"@type":"WebSite","@id":"https:\/\/tecnidro.com\/es\/#website","url":"https:\/\/tecnidro.com\/es\/","name":"Tecnidro","description":"Valvole Idrauliche","potentialAction":[{"@type":"SearchAction","target":{"@type":"EntryPoint","urlTemplate":"https:\/\/tecnidro.com\/es\/?s={search_term_string}"},"query-input":{"@type":"PropertyValueSpecification","valueRequired":true,"valueName":"search_term_string"}}],"inLanguage":"es"}]}},"_links":{"self":[{"href":"https:\/\/tecnidro.com\/es\/wp-json\/wp\/v2\/product\/5659","targetHints":{"allow":["GET"]}}],"collection":[{"href":"https:\/\/tecnidro.com\/es\/wp-json\/wp\/v2\/product"}],"about":[{"href":"https:\/\/tecnidro.com\/es\/wp-json\/wp\/v2\/types\/product"}],"replies":[{"embeddable":true,"href":"https:\/\/tecnidro.com\/es\/wp-json\/wp\/v2\/comments?post=5659"}],"wp:featuredmedia":[{"embeddable":true,"href":"https:\/\/tecnidro.com\/es\/wp-json\/wp\/v2\/media\/5662"}],"wp:attachment":[{"href":"https:\/\/tecnidro.com\/es\/wp-json\/wp\/v2\/media?parent=5659"}],"wp:term":[{"taxonomy":"product_brand","embeddable":true,"href":"https:\/\/tecnidro.com\/es\/wp-json\/wp\/v2\/product_brand?post=5659"},{"taxonomy":"product_cat","embeddable":true,"href":"https:\/\/tecnidro.com\/es\/wp-json\/wp\/v2\/product_cat?post=5659"},{"taxonomy":"product_tag","embeddable":true,"href":"https:\/\/tecnidro.com\/es\/wp-json\/wp\/v2\/product_tag?post=5659"}],"curies":[{"name":"wp","href":"https:\/\/api.w.org\/{rel}","templated":true}]}}