{"id":5698,"date":"2023-11-29T08:54:59","date_gmt":"2023-11-29T08:54:59","guid":{"rendered":"https:\/\/tecnidro.com\/p\/valvula-hydromodul-c-de-control-de-caudal\/"},"modified":"2023-11-29T08:54:59","modified_gmt":"2023-11-29T07:54:59","slug":"valvula-hydromodul-c-de-control-de-caudal","status":"publish","type":"product","link":"https:\/\/tecnidro.com\/es\/p\/valvula-hydromodul-c-de-control-de-caudal\/","title":{"rendered":"V\u00e1lvula Hydromodul-C de control de caudal"},"content":{"rendered":"<p>La v\u00e1lvula de control de caudal es una v\u00e1lvula hidr\u00e1ulica accionada por membrana dise\u00f1ada para limitar el caudal en una tuber\u00eda. La v\u00e1lvula funciona mediante un piloto diferencial, ajustado a un valor de caudal determinado. El piloto abre completamente la v\u00e1lvula cuando el caudal en la tuber\u00eda es inferior al valor fijado, mientras que modula hasta cerrar la v\u00e1lvula si el caudal en la tuber\u00eda es superior, reduciendo as\u00ed el caudal. La v\u00e1lvula est\u00e1 equipada con v\u00e1lvulas de aguja para controlar la velocidad de actuaci\u00f3n de la propia v\u00e1lvula.   <\/p>\n","protected":false},"excerpt":{"rendered":"<p>La v\u00e1lvula de control de caudal es una v\u00e1lvula hidr\u00e1ulica accionada por membrana dise\u00f1ada para limitar el caudal en una tuber\u00eda. La v\u00e1lvula funciona mediante un piloto diferencial, ajustado a  [&#8230;]<\/p>\n","protected":false},"featured_media":5702,"comment_status":"closed","ping_status":"closed","template":"","meta":{"_acf_changed":false},"product_brand":[],"product_cat":[215,214,216,225],"product_tag":[],"class_list":{"0":"post-5698","1":"product","2":"type-product","3":"status-publish","4":"has-post-thumbnail","6":"product_cat-abastecimiento-de-agua-e-industria","7":"product_cat-riego","8":"product_cat-valvulas-hidraulicas-hydromodul-c","9":"product_cat-valvulas-hidraulicas-hydromodul-c-2","11":"first","12":"instock","13":"shipping-taxable","14":"product-type-simple"},"acf":[],"yoast_head":"<!-- This site is optimized with the Yoast SEO plugin v27.3 - https:\/\/yoast.com\/product\/yoast-seo-wordpress\/ -->\n<title>V\u00e1lvula Hydromodul-C de control de caudal - Tecnidro<\/title>\n<meta name=\"robots\" content=\"index, follow, max-snippet:-1, max-image-preview:large, max-video-preview:-1\" \/>\n<link rel=\"canonical\" href=\"https:\/\/tecnidro.com\/es\/p\/valvula-hydromodul-c-de-control-de-caudal\/\" \/>\n<meta property=\"og:locale\" content=\"es_ES\" \/>\n<meta property=\"og:type\" content=\"article\" \/>\n<meta property=\"og:title\" content=\"V\u00e1lvula Hydromodul-C de control de caudal - Tecnidro\" \/>\n<meta property=\"og:description\" content=\"La v\u00e1lvula de control de caudal es una v\u00e1lvula hidr\u00e1ulica accionada por membrana dise\u00f1ada para limitar el caudal en una tuber\u00eda. La v\u00e1lvula funciona mediante un piloto diferencial, ajustado a [...]\" \/>\n<meta property=\"og:url\" content=\"https:\/\/tecnidro.com\/es\/p\/valvula-hydromodul-c-de-control-de-caudal\/\" \/>\n<meta property=\"og:site_name\" content=\"Tecnidro\" \/>\n<meta property=\"article:publisher\" content=\"https:\/\/www.facebook.com\/profile.php?id=100089971879186\" \/>\n<meta property=\"og:image\" content=\"https:\/\/tecnidro.com\/wp-content\/uploads\/2023\/11\/Valvola-Hydromodul-C-di-Controllo-Portata.webp\" \/>\n\t<meta property=\"og:image:width\" content=\"1000\" \/>\n\t<meta property=\"og:image:height\" content=\"1000\" \/>\n\t<meta property=\"og:image:type\" content=\"image\/webp\" \/>\n<meta name=\"twitter:card\" content=\"summary_large_image\" \/>\n<meta name=\"twitter:label1\" content=\"Tiempo de lectura\" \/>\n\t<meta name=\"twitter:data1\" content=\"1 minuto\" \/>\n<script type=\"application\/ld+json\" class=\"yoast-schema-graph\">{\"@context\":\"https:\\\/\\\/schema.org\",\"@graph\":[{\"@type\":\"WebPage\",\"@id\":\"https:\\\/\\\/tecnidro.com\\\/es\\\/p\\\/valvula-hydromodul-c-de-control-de-caudal\\\/\",\"url\":\"https:\\\/\\\/tecnidro.com\\\/es\\\/p\\\/valvula-hydromodul-c-de-control-de-caudal\\\/\",\"name\":\"V\u00e1lvula Hydromodul-C de control de caudal - Tecnidro\",\"isPartOf\":{\"@id\":\"https:\\\/\\\/tecnidro.com\\\/es\\\/#website\"},\"primaryImageOfPage\":{\"@id\":\"https:\\\/\\\/tecnidro.com\\\/es\\\/p\\\/valvula-hydromodul-c-de-control-de-caudal\\\/#primaryimage\"},\"image\":{\"@id\":\"https:\\\/\\\/tecnidro.com\\\/es\\\/p\\\/valvula-hydromodul-c-de-control-de-caudal\\\/#primaryimage\"},\"thumbnailUrl\":\"https:\\\/\\\/tecnidro.com\\\/wp-content\\\/uploads\\\/2023\\\/11\\\/Valvola-Hydromodul-C-di-Controllo-Portata.webp\",\"datePublished\":\"2023-11-29T08:54:59+00:00\",\"breadcrumb\":{\"@id\":\"https:\\\/\\\/tecnidro.com\\\/es\\\/p\\\/valvula-hydromodul-c-de-control-de-caudal\\\/#breadcrumb\"},\"inLanguage\":\"es\",\"potentialAction\":[{\"@type\":\"ReadAction\",\"target\":[\"https:\\\/\\\/tecnidro.com\\\/es\\\/p\\\/valvula-hydromodul-c-de-control-de-caudal\\\/\"]}]},{\"@type\":\"ImageObject\",\"inLanguage\":\"es\",\"@id\":\"https:\\\/\\\/tecnidro.com\\\/es\\\/p\\\/valvula-hydromodul-c-de-control-de-caudal\\\/#primaryimage\",\"url\":\"https:\\\/\\\/tecnidro.com\\\/wp-content\\\/uploads\\\/2023\\\/11\\\/Valvola-Hydromodul-C-di-Controllo-Portata.webp\",\"contentUrl\":\"https:\\\/\\\/tecnidro.com\\\/wp-content\\\/uploads\\\/2023\\\/11\\\/Valvola-Hydromodul-C-di-Controllo-Portata.webp\",\"width\":1000,\"height\":1000,\"caption\":\"Valvola Hydromodul-C di Controllo Portata\"},{\"@type\":\"BreadcrumbList\",\"@id\":\"https:\\\/\\\/tecnidro.com\\\/es\\\/p\\\/valvula-hydromodul-c-de-control-de-caudal\\\/#breadcrumb\",\"itemListElement\":[{\"@type\":\"ListItem\",\"position\":1,\"name\":\"Home\",\"item\":\"https:\\\/\\\/tecnidro.com\\\/es\\\/\"},{\"@type\":\"ListItem\",\"position\":2,\"name\":\"Productos y soluciones\",\"item\":\"https:\\\/\\\/tecnidro.com\\\/es\\\/productos-y-soluciones\\\/\"},{\"@type\":\"ListItem\",\"position\":3,\"name\":\"V\u00e1lvula Hydromodul-C de control de caudal\"}]},{\"@type\":\"WebSite\",\"@id\":\"https:\\\/\\\/tecnidro.com\\\/es\\\/#website\",\"url\":\"https:\\\/\\\/tecnidro.com\\\/es\\\/\",\"name\":\"Tecnidro\",\"description\":\"Valvole Idrauliche\",\"potentialAction\":[{\"@type\":\"SearchAction\",\"target\":{\"@type\":\"EntryPoint\",\"urlTemplate\":\"https:\\\/\\\/tecnidro.com\\\/es\\\/?s={search_term_string}\"},\"query-input\":{\"@type\":\"PropertyValueSpecification\",\"valueRequired\":true,\"valueName\":\"search_term_string\"}}],\"inLanguage\":\"es\"}]}<\/script>\n<!-- \/ Yoast SEO plugin. -->","yoast_head_json":{"title":"V\u00e1lvula Hydromodul-C de control de caudal - Tecnidro","robots":{"index":"index","follow":"follow","max-snippet":"max-snippet:-1","max-image-preview":"max-image-preview:large","max-video-preview":"max-video-preview:-1"},"canonical":"https:\/\/tecnidro.com\/es\/p\/valvula-hydromodul-c-de-control-de-caudal\/","og_locale":"es_ES","og_type":"article","og_title":"V\u00e1lvula Hydromodul-C de control de caudal - Tecnidro","og_description":"La v\u00e1lvula de control de caudal es una v\u00e1lvula hidr\u00e1ulica accionada por membrana dise\u00f1ada para limitar el caudal en una tuber\u00eda. La v\u00e1lvula funciona mediante un piloto diferencial, ajustado a [...]","og_url":"https:\/\/tecnidro.com\/es\/p\/valvula-hydromodul-c-de-control-de-caudal\/","og_site_name":"Tecnidro","article_publisher":"https:\/\/www.facebook.com\/profile.php?id=100089971879186","og_image":[{"width":1000,"height":1000,"url":"https:\/\/tecnidro.com\/wp-content\/uploads\/2023\/11\/Valvola-Hydromodul-C-di-Controllo-Portata.webp","type":"image\/webp"}],"twitter_card":"summary_large_image","twitter_misc":{"Tiempo de lectura":"1 minuto"},"schema":{"@context":"https:\/\/schema.org","@graph":[{"@type":"WebPage","@id":"https:\/\/tecnidro.com\/es\/p\/valvula-hydromodul-c-de-control-de-caudal\/","url":"https:\/\/tecnidro.com\/es\/p\/valvula-hydromodul-c-de-control-de-caudal\/","name":"V\u00e1lvula Hydromodul-C de control de caudal - Tecnidro","isPartOf":{"@id":"https:\/\/tecnidro.com\/es\/#website"},"primaryImageOfPage":{"@id":"https:\/\/tecnidro.com\/es\/p\/valvula-hydromodul-c-de-control-de-caudal\/#primaryimage"},"image":{"@id":"https:\/\/tecnidro.com\/es\/p\/valvula-hydromodul-c-de-control-de-caudal\/#primaryimage"},"thumbnailUrl":"https:\/\/tecnidro.com\/wp-content\/uploads\/2023\/11\/Valvola-Hydromodul-C-di-Controllo-Portata.webp","datePublished":"2023-11-29T08:54:59+00:00","breadcrumb":{"@id":"https:\/\/tecnidro.com\/es\/p\/valvula-hydromodul-c-de-control-de-caudal\/#breadcrumb"},"inLanguage":"es","potentialAction":[{"@type":"ReadAction","target":["https:\/\/tecnidro.com\/es\/p\/valvula-hydromodul-c-de-control-de-caudal\/"]}]},{"@type":"ImageObject","inLanguage":"es","@id":"https:\/\/tecnidro.com\/es\/p\/valvula-hydromodul-c-de-control-de-caudal\/#primaryimage","url":"https:\/\/tecnidro.com\/wp-content\/uploads\/2023\/11\/Valvola-Hydromodul-C-di-Controllo-Portata.webp","contentUrl":"https:\/\/tecnidro.com\/wp-content\/uploads\/2023\/11\/Valvola-Hydromodul-C-di-Controllo-Portata.webp","width":1000,"height":1000,"caption":"Valvola Hydromodul-C di Controllo Portata"},{"@type":"BreadcrumbList","@id":"https:\/\/tecnidro.com\/es\/p\/valvula-hydromodul-c-de-control-de-caudal\/#breadcrumb","itemListElement":[{"@type":"ListItem","position":1,"name":"Home","item":"https:\/\/tecnidro.com\/es\/"},{"@type":"ListItem","position":2,"name":"Productos y soluciones","item":"https:\/\/tecnidro.com\/es\/productos-y-soluciones\/"},{"@type":"ListItem","position":3,"name":"V\u00e1lvula Hydromodul-C de control de caudal"}]},{"@type":"WebSite","@id":"https:\/\/tecnidro.com\/es\/#website","url":"https:\/\/tecnidro.com\/es\/","name":"Tecnidro","description":"Valvole Idrauliche","potentialAction":[{"@type":"SearchAction","target":{"@type":"EntryPoint","urlTemplate":"https:\/\/tecnidro.com\/es\/?s={search_term_string}"},"query-input":{"@type":"PropertyValueSpecification","valueRequired":true,"valueName":"search_term_string"}}],"inLanguage":"es"}]}},"_links":{"self":[{"href":"https:\/\/tecnidro.com\/es\/wp-json\/wp\/v2\/product\/5698","targetHints":{"allow":["GET"]}}],"collection":[{"href":"https:\/\/tecnidro.com\/es\/wp-json\/wp\/v2\/product"}],"about":[{"href":"https:\/\/tecnidro.com\/es\/wp-json\/wp\/v2\/types\/product"}],"replies":[{"embeddable":true,"href":"https:\/\/tecnidro.com\/es\/wp-json\/wp\/v2\/comments?post=5698"}],"wp:featuredmedia":[{"embeddable":true,"href":"https:\/\/tecnidro.com\/es\/wp-json\/wp\/v2\/media\/5702"}],"wp:attachment":[{"href":"https:\/\/tecnidro.com\/es\/wp-json\/wp\/v2\/media?parent=5698"}],"wp:term":[{"taxonomy":"product_brand","embeddable":true,"href":"https:\/\/tecnidro.com\/es\/wp-json\/wp\/v2\/product_brand?post=5698"},{"taxonomy":"product_cat","embeddable":true,"href":"https:\/\/tecnidro.com\/es\/wp-json\/wp\/v2\/product_cat?post=5698"},{"taxonomy":"product_tag","embeddable":true,"href":"https:\/\/tecnidro.com\/es\/wp-json\/wp\/v2\/product_tag?post=5698"}],"curies":[{"name":"wp","href":"https:\/\/api.w.org\/{rel}","templated":true}]}}