{"id":5777,"date":"2024-10-24T15:32:20","date_gmt":"2024-10-24T14:32:20","guid":{"rendered":"https:\/\/tecnidro.com\/p\/nueva-centralita-de-contralavado-tic12\/"},"modified":"2024-10-24T15:32:20","modified_gmt":"2024-10-24T14:32:20","slug":"nueva-centralita-de-contralavado-tic12","status":"publish","type":"product","link":"https:\/\/tecnidro.com\/es\/p\/nueva-centralita-de-contralavado-tic12\/","title":{"rendered":"Nueva Centralita de Contralavado TIC12"},"content":{"rendered":"<p>La <strong>centralita TIC12<\/strong> representa la nueva generaci\u00f3n del conocido controlador de contralavado fabricado por Tecnidro, con nuevas funcionalidades avanzadas y una interfaz de usuario sencilla. Dise\u00f1ada para instalaciones de riego y filtraci\u00f3n, la TIC12 permite controlar hasta 12 estaciones DC o 10 estaciones AC, ampliable hasta 22 estaciones DC o 20 estaciones AC mediante tarjetas de expansi\u00f3n. La centralita admite la gesti\u00f3n remota mediante Bluetooth o m\u00f3dulo GSM\/GPRS para notificaciones y control en la nube.  <\/p>\n","protected":false},"excerpt":{"rendered":"<p>La centralita TIC12 representa la nueva generaci\u00f3n del conocido controlador de contralavado fabricado por Tecnidro, con nuevas funcionalidades avanzadas y una interfaz de usuario sencilla. Dise\u00f1ada para instalaciones de riego  [&#8230;]<\/p>\n","protected":false},"featured_media":5779,"comment_status":"closed","ping_status":"closed","template":"","meta":{"_acf_changed":false},"product_brand":[],"product_cat":[222,214],"product_tag":[],"class_list":{"0":"post-5777","1":"product","2":"type-product","3":"status-publish","4":"has-post-thumbnail","6":"product_cat-contralavado-de-filtros","7":"product_cat-riego","9":"first","10":"instock","11":"shipping-taxable","12":"product-type-simple"},"acf":[],"yoast_head":"<!-- This site is optimized with the Yoast SEO plugin v27.3 - https:\/\/yoast.com\/product\/yoast-seo-wordpress\/ -->\n<title>Nueva Centralita de Contralavado TIC12 - Tecnidro<\/title>\n<meta name=\"robots\" content=\"index, follow, max-snippet:-1, max-image-preview:large, max-video-preview:-1\" \/>\n<link rel=\"canonical\" href=\"https:\/\/tecnidro.com\/es\/p\/nueva-centralita-de-contralavado-tic12\/\" \/>\n<meta property=\"og:locale\" content=\"es_ES\" \/>\n<meta property=\"og:type\" content=\"article\" \/>\n<meta property=\"og:title\" content=\"Nueva Centralita de Contralavado TIC12 - Tecnidro\" \/>\n<meta property=\"og:description\" content=\"La centralita TIC12 representa la nueva generaci\u00f3n del conocido controlador de contralavado fabricado por Tecnidro, con nuevas funcionalidades avanzadas y una interfaz de usuario sencilla. Dise\u00f1ada para instalaciones de riego [...]\" \/>\n<meta property=\"og:url\" content=\"https:\/\/tecnidro.com\/es\/p\/nueva-centralita-de-contralavado-tic12\/\" \/>\n<meta property=\"og:site_name\" content=\"Tecnidro\" \/>\n<meta property=\"article:publisher\" content=\"https:\/\/www.facebook.com\/profile.php?id=100089971879186\" \/>\n<meta property=\"og:image\" content=\"https:\/\/tecnidro.com\/wp-content\/uploads\/2024\/10\/Nuova-Centralina-Controlavaggio-TIC12.webp\" \/>\n\t<meta property=\"og:image:width\" content=\"1000\" \/>\n\t<meta property=\"og:image:height\" content=\"1001\" \/>\n\t<meta property=\"og:image:type\" content=\"image\/webp\" \/>\n<meta name=\"twitter:card\" content=\"summary_large_image\" \/>\n<script type=\"application\/ld+json\" class=\"yoast-schema-graph\">{\"@context\":\"https:\\\/\\\/schema.org\",\"@graph\":[{\"@type\":\"WebPage\",\"@id\":\"https:\\\/\\\/tecnidro.com\\\/es\\\/p\\\/nueva-centralita-de-contralavado-tic12\\\/\",\"url\":\"https:\\\/\\\/tecnidro.com\\\/es\\\/p\\\/nueva-centralita-de-contralavado-tic12\\\/\",\"name\":\"Nueva Centralita de Contralavado TIC12 - Tecnidro\",\"isPartOf\":{\"@id\":\"https:\\\/\\\/tecnidro.com\\\/es\\\/#website\"},\"primaryImageOfPage\":{\"@id\":\"https:\\\/\\\/tecnidro.com\\\/es\\\/p\\\/nueva-centralita-de-contralavado-tic12\\\/#primaryimage\"},\"image\":{\"@id\":\"https:\\\/\\\/tecnidro.com\\\/es\\\/p\\\/nueva-centralita-de-contralavado-tic12\\\/#primaryimage\"},\"thumbnailUrl\":\"https:\\\/\\\/tecnidro.com\\\/wp-content\\\/uploads\\\/2024\\\/10\\\/Nuova-Centralina-Controlavaggio-TIC12.webp\",\"datePublished\":\"2024-10-24T14:32:20+00:00\",\"breadcrumb\":{\"@id\":\"https:\\\/\\\/tecnidro.com\\\/es\\\/p\\\/nueva-centralita-de-contralavado-tic12\\\/#breadcrumb\"},\"inLanguage\":\"es\",\"potentialAction\":[{\"@type\":\"ReadAction\",\"target\":[\"https:\\\/\\\/tecnidro.com\\\/es\\\/p\\\/nueva-centralita-de-contralavado-tic12\\\/\"]}]},{\"@type\":\"ImageObject\",\"inLanguage\":\"es\",\"@id\":\"https:\\\/\\\/tecnidro.com\\\/es\\\/p\\\/nueva-centralita-de-contralavado-tic12\\\/#primaryimage\",\"url\":\"https:\\\/\\\/tecnidro.com\\\/wp-content\\\/uploads\\\/2024\\\/10\\\/Nuova-Centralina-Controlavaggio-TIC12.webp\",\"contentUrl\":\"https:\\\/\\\/tecnidro.com\\\/wp-content\\\/uploads\\\/2024\\\/10\\\/Nuova-Centralina-Controlavaggio-TIC12.webp\",\"width\":1000,\"height\":1001,\"caption\":\"Nuova Centralina Controlavaggio TIC12\"},{\"@type\":\"BreadcrumbList\",\"@id\":\"https:\\\/\\\/tecnidro.com\\\/es\\\/p\\\/nueva-centralita-de-contralavado-tic12\\\/#breadcrumb\",\"itemListElement\":[{\"@type\":\"ListItem\",\"position\":1,\"name\":\"Home\",\"item\":\"https:\\\/\\\/tecnidro.com\\\/es\\\/\"},{\"@type\":\"ListItem\",\"position\":2,\"name\":\"Productos y soluciones\",\"item\":\"https:\\\/\\\/tecnidro.com\\\/es\\\/productos-y-soluciones\\\/\"},{\"@type\":\"ListItem\",\"position\":3,\"name\":\"Nueva Centralita de Contralavado TIC12\"}]},{\"@type\":\"WebSite\",\"@id\":\"https:\\\/\\\/tecnidro.com\\\/es\\\/#website\",\"url\":\"https:\\\/\\\/tecnidro.com\\\/es\\\/\",\"name\":\"Tecnidro\",\"description\":\"Valvole Idrauliche\",\"potentialAction\":[{\"@type\":\"SearchAction\",\"target\":{\"@type\":\"EntryPoint\",\"urlTemplate\":\"https:\\\/\\\/tecnidro.com\\\/es\\\/?s={search_term_string}\"},\"query-input\":{\"@type\":\"PropertyValueSpecification\",\"valueRequired\":true,\"valueName\":\"search_term_string\"}}],\"inLanguage\":\"es\"}]}<\/script>\n<!-- \/ Yoast SEO plugin. -->","yoast_head_json":{"title":"Nueva Centralita de Contralavado TIC12 - Tecnidro","robots":{"index":"index","follow":"follow","max-snippet":"max-snippet:-1","max-image-preview":"max-image-preview:large","max-video-preview":"max-video-preview:-1"},"canonical":"https:\/\/tecnidro.com\/es\/p\/nueva-centralita-de-contralavado-tic12\/","og_locale":"es_ES","og_type":"article","og_title":"Nueva Centralita de Contralavado TIC12 - Tecnidro","og_description":"La centralita TIC12 representa la nueva generaci\u00f3n del conocido controlador de contralavado fabricado por Tecnidro, con nuevas funcionalidades avanzadas y una interfaz de usuario sencilla. Dise\u00f1ada para instalaciones de riego [...]","og_url":"https:\/\/tecnidro.com\/es\/p\/nueva-centralita-de-contralavado-tic12\/","og_site_name":"Tecnidro","article_publisher":"https:\/\/www.facebook.com\/profile.php?id=100089971879186","og_image":[{"width":1000,"height":1001,"url":"https:\/\/tecnidro.com\/wp-content\/uploads\/2024\/10\/Nuova-Centralina-Controlavaggio-TIC12.webp","type":"image\/webp"}],"twitter_card":"summary_large_image","schema":{"@context":"https:\/\/schema.org","@graph":[{"@type":"WebPage","@id":"https:\/\/tecnidro.com\/es\/p\/nueva-centralita-de-contralavado-tic12\/","url":"https:\/\/tecnidro.com\/es\/p\/nueva-centralita-de-contralavado-tic12\/","name":"Nueva Centralita de Contralavado TIC12 - Tecnidro","isPartOf":{"@id":"https:\/\/tecnidro.com\/es\/#website"},"primaryImageOfPage":{"@id":"https:\/\/tecnidro.com\/es\/p\/nueva-centralita-de-contralavado-tic12\/#primaryimage"},"image":{"@id":"https:\/\/tecnidro.com\/es\/p\/nueva-centralita-de-contralavado-tic12\/#primaryimage"},"thumbnailUrl":"https:\/\/tecnidro.com\/wp-content\/uploads\/2024\/10\/Nuova-Centralina-Controlavaggio-TIC12.webp","datePublished":"2024-10-24T14:32:20+00:00","breadcrumb":{"@id":"https:\/\/tecnidro.com\/es\/p\/nueva-centralita-de-contralavado-tic12\/#breadcrumb"},"inLanguage":"es","potentialAction":[{"@type":"ReadAction","target":["https:\/\/tecnidro.com\/es\/p\/nueva-centralita-de-contralavado-tic12\/"]}]},{"@type":"ImageObject","inLanguage":"es","@id":"https:\/\/tecnidro.com\/es\/p\/nueva-centralita-de-contralavado-tic12\/#primaryimage","url":"https:\/\/tecnidro.com\/wp-content\/uploads\/2024\/10\/Nuova-Centralina-Controlavaggio-TIC12.webp","contentUrl":"https:\/\/tecnidro.com\/wp-content\/uploads\/2024\/10\/Nuova-Centralina-Controlavaggio-TIC12.webp","width":1000,"height":1001,"caption":"Nuova Centralina Controlavaggio TIC12"},{"@type":"BreadcrumbList","@id":"https:\/\/tecnidro.com\/es\/p\/nueva-centralita-de-contralavado-tic12\/#breadcrumb","itemListElement":[{"@type":"ListItem","position":1,"name":"Home","item":"https:\/\/tecnidro.com\/es\/"},{"@type":"ListItem","position":2,"name":"Productos y soluciones","item":"https:\/\/tecnidro.com\/es\/productos-y-soluciones\/"},{"@type":"ListItem","position":3,"name":"Nueva Centralita de Contralavado TIC12"}]},{"@type":"WebSite","@id":"https:\/\/tecnidro.com\/es\/#website","url":"https:\/\/tecnidro.com\/es\/","name":"Tecnidro","description":"Valvole Idrauliche","potentialAction":[{"@type":"SearchAction","target":{"@type":"EntryPoint","urlTemplate":"https:\/\/tecnidro.com\/es\/?s={search_term_string}"},"query-input":{"@type":"PropertyValueSpecification","valueRequired":true,"valueName":"search_term_string"}}],"inLanguage":"es"}]}},"_links":{"self":[{"href":"https:\/\/tecnidro.com\/es\/wp-json\/wp\/v2\/product\/5777","targetHints":{"allow":["GET"]}}],"collection":[{"href":"https:\/\/tecnidro.com\/es\/wp-json\/wp\/v2\/product"}],"about":[{"href":"https:\/\/tecnidro.com\/es\/wp-json\/wp\/v2\/types\/product"}],"replies":[{"embeddable":true,"href":"https:\/\/tecnidro.com\/es\/wp-json\/wp\/v2\/comments?post=5777"}],"wp:featuredmedia":[{"embeddable":true,"href":"https:\/\/tecnidro.com\/es\/wp-json\/wp\/v2\/media\/5779"}],"wp:attachment":[{"href":"https:\/\/tecnidro.com\/es\/wp-json\/wp\/v2\/media?parent=5777"}],"wp:term":[{"taxonomy":"product_brand","embeddable":true,"href":"https:\/\/tecnidro.com\/es\/wp-json\/wp\/v2\/product_brand?post=5777"},{"taxonomy":"product_cat","embeddable":true,"href":"https:\/\/tecnidro.com\/es\/wp-json\/wp\/v2\/product_cat?post=5777"},{"taxonomy":"product_tag","embeddable":true,"href":"https:\/\/tecnidro.com\/es\/wp-json\/wp\/v2\/product_tag?post=5777"}],"curies":[{"name":"wp","href":"https:\/\/api.w.org\/{rel}","templated":true}]}}