{"id":5781,"date":"2024-10-24T12:07:41","date_gmt":"2024-10-24T11:07:41","guid":{"rendered":"https:\/\/tecnidro.com\/p\/valvula-de-descarga-rapida-in-ip-sr-in-ip-srp3\/"},"modified":"2024-10-24T12:07:41","modified_gmt":"2024-10-24T11:07:41","slug":"valvula-de-descarga-rapida-in-ip-sr-in-ip-srp3","status":"publish","type":"product","link":"https:\/\/tecnidro.com\/es\/p\/valvula-de-descarga-rapida-in-ip-sr-in-ip-srp3\/","title":{"rendered":"V\u00e1lvula de Descarga R\u00e1pida IN\/IP-SR\/IN\/IP-SRP3"},"content":{"rendered":"<p>La  <strong>v\u00e1lvula de descarga r\u00e1pida Mod. IN\/IP-SR <\/strong>  es una v\u00e1lvula de seguridad autom\u00e1tica dise\u00f1ada para descargar r\u00e1pidamente la sobrepresi\u00f3n en una red hidr\u00e1ulica, protegiendo la instalaci\u00f3n de picos de presi\u00f3n. Es ideal para instalaciones que requieren una liberaci\u00f3n r\u00e1pida de la presi\u00f3n y una protecci\u00f3n fiable contra las sobrecargas. <\/p>\n<p><strong>Especificaciones T\u00e9cnicas:<\/strong><\/p>\n<ul>\n<li><strong>Modelo Piloto:<\/strong> SR-P<\/li>\n<li><strong>Rango de regulaci\u00f3n de la presi\u00f3n:<\/strong>\n<ul>\n<li><strong>Muelle Rojo:<\/strong> 1,0 \u00f7 5,5 bar<\/li>\n<li><strong>Muelle Negro (Est\u00e1ndar):<\/strong> 2,0 \u00f7 9,0 bar<\/li>\n<\/ul>\n<\/li>\n<li><strong>Materiales:<\/strong>\n<ul>\n<li><strong>Parte inferior cuerpo piloto:<\/strong> Nylon reforzado<\/li>\n<li><strong>Tapa:<\/strong> Nylon reforzado<\/li>\n<\/ul>\n<\/li>\n<li><strong>Clase de Presi\u00f3n:<\/strong> PN10<\/li>\n<\/ul>\n<p><strong>Principio de Funcionamiento:<\/strong><\/p>\n<p>La v\u00e1lvula IN\/IP-SR se instala en derivaci\u00f3n para descargar r\u00e1pidamente la sobrepresi\u00f3n al exterior. El piloto de descarga r\u00e1pida de 2 v\u00edas (Mod. SR-P) detecta el aumento de la presi\u00f3n y abre la v\u00e1lvula para descargar el pico. Cuando la presi\u00f3n vuelve por debajo del valor ajustado, el piloto cierra lentamente la v\u00e1lvula para evitar golpes de ariete.  <\/p>\n<p>El piloto mantiene la c\u00e1mara de la v\u00e1lvula cerrada hasta que la presi\u00f3n aguas arriba no supera el valor regulado. Cuando la presi\u00f3n sube por encima de este l\u00edmite, la v\u00e1lvula se abre completamente, descargando el exceso de presi\u00f3n. <\/p>\n","protected":false},"excerpt":{"rendered":"<p>La v\u00e1lvula de descarga r\u00e1pida Mod. IN\/IP-SR es una v\u00e1lvula de seguridad autom\u00e1tica dise\u00f1ada para descargar r\u00e1pidamente la sobrepresi\u00f3n en una red hidr\u00e1ulica, protegiendo la instalaci\u00f3n de picos de presi\u00f3n.  [&#8230;]<\/p>\n","protected":false},"featured_media":5783,"comment_status":"closed","ping_status":"closed","template":"","meta":{"_acf_changed":false},"product_brand":[],"product_cat":[233,231],"product_tag":[],"class_list":{"0":"post-5781","1":"product","2":"type-product","3":"status-publish","4":"has-post-thumbnail","6":"product_cat-valvulas-de-membrana-de-plastico-2","7":"product_cat-valvulas-de-membrana-de-plastico","9":"first","10":"instock","11":"shipping-taxable","12":"product-type-simple"},"acf":[],"yoast_head":"<!-- This site is optimized with the Yoast SEO plugin v27.3 - https:\/\/yoast.com\/product\/yoast-seo-wordpress\/ -->\n<title>V\u00e1lvula de Descarga R\u00e1pida IN\/IP-SR\/IN\/IP-SRP3 - Tecnidro<\/title>\n<meta name=\"robots\" content=\"index, follow, max-snippet:-1, max-image-preview:large, max-video-preview:-1\" \/>\n<link rel=\"canonical\" href=\"https:\/\/tecnidro.com\/es\/p\/valvula-de-descarga-rapida-in-ip-sr-in-ip-srp3\/\" \/>\n<meta property=\"og:locale\" content=\"es_ES\" \/>\n<meta property=\"og:type\" content=\"article\" \/>\n<meta property=\"og:title\" content=\"V\u00e1lvula de Descarga R\u00e1pida IN\/IP-SR\/IN\/IP-SRP3 - Tecnidro\" \/>\n<meta property=\"og:description\" content=\"La v\u00e1lvula de descarga r\u00e1pida Mod. IN\/IP-SR es una v\u00e1lvula de seguridad autom\u00e1tica dise\u00f1ada para descargar r\u00e1pidamente la sobrepresi\u00f3n en una red hidr\u00e1ulica, protegiendo la instalaci\u00f3n de picos de presi\u00f3n. [...]\" \/>\n<meta property=\"og:url\" content=\"https:\/\/tecnidro.com\/es\/p\/valvula-de-descarga-rapida-in-ip-sr-in-ip-srp3\/\" \/>\n<meta property=\"og:site_name\" content=\"Tecnidro\" \/>\n<meta property=\"article:publisher\" content=\"https:\/\/www.facebook.com\/profile.php?id=100089971879186\" \/>\n<meta property=\"og:image\" content=\"https:\/\/tecnidro.com\/wp-content\/uploads\/2024\/10\/Valvola-di-Scarico-Rapido-IN-IP-SRP3_2.webp\" \/>\n\t<meta property=\"og:image:width\" content=\"1000\" \/>\n\t<meta property=\"og:image:height\" content=\"1000\" \/>\n\t<meta property=\"og:image:type\" content=\"image\/webp\" \/>\n<meta name=\"twitter:card\" content=\"summary_large_image\" \/>\n<meta name=\"twitter:label1\" content=\"Tiempo de lectura\" \/>\n\t<meta name=\"twitter:data1\" content=\"1 minuto\" \/>\n<script type=\"application\/ld+json\" class=\"yoast-schema-graph\">{\"@context\":\"https:\\\/\\\/schema.org\",\"@graph\":[{\"@type\":\"WebPage\",\"@id\":\"https:\\\/\\\/tecnidro.com\\\/es\\\/p\\\/valvula-de-descarga-rapida-in-ip-sr-in-ip-srp3\\\/\",\"url\":\"https:\\\/\\\/tecnidro.com\\\/es\\\/p\\\/valvula-de-descarga-rapida-in-ip-sr-in-ip-srp3\\\/\",\"name\":\"V\u00e1lvula de Descarga R\u00e1pida IN\\\/IP-SR\\\/IN\\\/IP-SRP3 - Tecnidro\",\"isPartOf\":{\"@id\":\"https:\\\/\\\/tecnidro.com\\\/es\\\/#website\"},\"primaryImageOfPage\":{\"@id\":\"https:\\\/\\\/tecnidro.com\\\/es\\\/p\\\/valvula-de-descarga-rapida-in-ip-sr-in-ip-srp3\\\/#primaryimage\"},\"image\":{\"@id\":\"https:\\\/\\\/tecnidro.com\\\/es\\\/p\\\/valvula-de-descarga-rapida-in-ip-sr-in-ip-srp3\\\/#primaryimage\"},\"thumbnailUrl\":\"https:\\\/\\\/tecnidro.com\\\/wp-content\\\/uploads\\\/2024\\\/10\\\/Valvola-di-Scarico-Rapido-IN-IP-SRP3_2.webp\",\"datePublished\":\"2024-10-24T11:07:41+00:00\",\"breadcrumb\":{\"@id\":\"https:\\\/\\\/tecnidro.com\\\/es\\\/p\\\/valvula-de-descarga-rapida-in-ip-sr-in-ip-srp3\\\/#breadcrumb\"},\"inLanguage\":\"es\",\"potentialAction\":[{\"@type\":\"ReadAction\",\"target\":[\"https:\\\/\\\/tecnidro.com\\\/es\\\/p\\\/valvula-de-descarga-rapida-in-ip-sr-in-ip-srp3\\\/\"]}]},{\"@type\":\"ImageObject\",\"inLanguage\":\"es\",\"@id\":\"https:\\\/\\\/tecnidro.com\\\/es\\\/p\\\/valvula-de-descarga-rapida-in-ip-sr-in-ip-srp3\\\/#primaryimage\",\"url\":\"https:\\\/\\\/tecnidro.com\\\/wp-content\\\/uploads\\\/2024\\\/10\\\/Valvola-di-Scarico-Rapido-IN-IP-SRP3_2.webp\",\"contentUrl\":\"https:\\\/\\\/tecnidro.com\\\/wp-content\\\/uploads\\\/2024\\\/10\\\/Valvola-di-Scarico-Rapido-IN-IP-SRP3_2.webp\",\"width\":1000,\"height\":1000,\"caption\":\"Valvola di Scarico Rapido IN-IP-SRP3\"},{\"@type\":\"BreadcrumbList\",\"@id\":\"https:\\\/\\\/tecnidro.com\\\/es\\\/p\\\/valvula-de-descarga-rapida-in-ip-sr-in-ip-srp3\\\/#breadcrumb\",\"itemListElement\":[{\"@type\":\"ListItem\",\"position\":1,\"name\":\"Home\",\"item\":\"https:\\\/\\\/tecnidro.com\\\/es\\\/\"},{\"@type\":\"ListItem\",\"position\":2,\"name\":\"Productos y soluciones\",\"item\":\"https:\\\/\\\/tecnidro.com\\\/es\\\/productos-y-soluciones\\\/\"},{\"@type\":\"ListItem\",\"position\":3,\"name\":\"V\u00e1lvula de Descarga R\u00e1pida IN\\\/IP-SR\\\/IN\\\/IP-SRP3\"}]},{\"@type\":\"WebSite\",\"@id\":\"https:\\\/\\\/tecnidro.com\\\/es\\\/#website\",\"url\":\"https:\\\/\\\/tecnidro.com\\\/es\\\/\",\"name\":\"Tecnidro\",\"description\":\"Valvole Idrauliche\",\"potentialAction\":[{\"@type\":\"SearchAction\",\"target\":{\"@type\":\"EntryPoint\",\"urlTemplate\":\"https:\\\/\\\/tecnidro.com\\\/es\\\/?s={search_term_string}\"},\"query-input\":{\"@type\":\"PropertyValueSpecification\",\"valueRequired\":true,\"valueName\":\"search_term_string\"}}],\"inLanguage\":\"es\"}]}<\/script>\n<!-- \/ Yoast SEO plugin. -->","yoast_head_json":{"title":"V\u00e1lvula de Descarga R\u00e1pida IN\/IP-SR\/IN\/IP-SRP3 - Tecnidro","robots":{"index":"index","follow":"follow","max-snippet":"max-snippet:-1","max-image-preview":"max-image-preview:large","max-video-preview":"max-video-preview:-1"},"canonical":"https:\/\/tecnidro.com\/es\/p\/valvula-de-descarga-rapida-in-ip-sr-in-ip-srp3\/","og_locale":"es_ES","og_type":"article","og_title":"V\u00e1lvula de Descarga R\u00e1pida IN\/IP-SR\/IN\/IP-SRP3 - Tecnidro","og_description":"La v\u00e1lvula de descarga r\u00e1pida Mod. IN\/IP-SR es una v\u00e1lvula de seguridad autom\u00e1tica dise\u00f1ada para descargar r\u00e1pidamente la sobrepresi\u00f3n en una red hidr\u00e1ulica, protegiendo la instalaci\u00f3n de picos de presi\u00f3n. [...]","og_url":"https:\/\/tecnidro.com\/es\/p\/valvula-de-descarga-rapida-in-ip-sr-in-ip-srp3\/","og_site_name":"Tecnidro","article_publisher":"https:\/\/www.facebook.com\/profile.php?id=100089971879186","og_image":[{"width":1000,"height":1000,"url":"https:\/\/tecnidro.com\/wp-content\/uploads\/2024\/10\/Valvola-di-Scarico-Rapido-IN-IP-SRP3_2.webp","type":"image\/webp"}],"twitter_card":"summary_large_image","twitter_misc":{"Tiempo de lectura":"1 minuto"},"schema":{"@context":"https:\/\/schema.org","@graph":[{"@type":"WebPage","@id":"https:\/\/tecnidro.com\/es\/p\/valvula-de-descarga-rapida-in-ip-sr-in-ip-srp3\/","url":"https:\/\/tecnidro.com\/es\/p\/valvula-de-descarga-rapida-in-ip-sr-in-ip-srp3\/","name":"V\u00e1lvula de Descarga R\u00e1pida IN\/IP-SR\/IN\/IP-SRP3 - Tecnidro","isPartOf":{"@id":"https:\/\/tecnidro.com\/es\/#website"},"primaryImageOfPage":{"@id":"https:\/\/tecnidro.com\/es\/p\/valvula-de-descarga-rapida-in-ip-sr-in-ip-srp3\/#primaryimage"},"image":{"@id":"https:\/\/tecnidro.com\/es\/p\/valvula-de-descarga-rapida-in-ip-sr-in-ip-srp3\/#primaryimage"},"thumbnailUrl":"https:\/\/tecnidro.com\/wp-content\/uploads\/2024\/10\/Valvola-di-Scarico-Rapido-IN-IP-SRP3_2.webp","datePublished":"2024-10-24T11:07:41+00:00","breadcrumb":{"@id":"https:\/\/tecnidro.com\/es\/p\/valvula-de-descarga-rapida-in-ip-sr-in-ip-srp3\/#breadcrumb"},"inLanguage":"es","potentialAction":[{"@type":"ReadAction","target":["https:\/\/tecnidro.com\/es\/p\/valvula-de-descarga-rapida-in-ip-sr-in-ip-srp3\/"]}]},{"@type":"ImageObject","inLanguage":"es","@id":"https:\/\/tecnidro.com\/es\/p\/valvula-de-descarga-rapida-in-ip-sr-in-ip-srp3\/#primaryimage","url":"https:\/\/tecnidro.com\/wp-content\/uploads\/2024\/10\/Valvola-di-Scarico-Rapido-IN-IP-SRP3_2.webp","contentUrl":"https:\/\/tecnidro.com\/wp-content\/uploads\/2024\/10\/Valvola-di-Scarico-Rapido-IN-IP-SRP3_2.webp","width":1000,"height":1000,"caption":"Valvola di Scarico Rapido IN-IP-SRP3"},{"@type":"BreadcrumbList","@id":"https:\/\/tecnidro.com\/es\/p\/valvula-de-descarga-rapida-in-ip-sr-in-ip-srp3\/#breadcrumb","itemListElement":[{"@type":"ListItem","position":1,"name":"Home","item":"https:\/\/tecnidro.com\/es\/"},{"@type":"ListItem","position":2,"name":"Productos y soluciones","item":"https:\/\/tecnidro.com\/es\/productos-y-soluciones\/"},{"@type":"ListItem","position":3,"name":"V\u00e1lvula de Descarga R\u00e1pida IN\/IP-SR\/IN\/IP-SRP3"}]},{"@type":"WebSite","@id":"https:\/\/tecnidro.com\/es\/#website","url":"https:\/\/tecnidro.com\/es\/","name":"Tecnidro","description":"Valvole Idrauliche","potentialAction":[{"@type":"SearchAction","target":{"@type":"EntryPoint","urlTemplate":"https:\/\/tecnidro.com\/es\/?s={search_term_string}"},"query-input":{"@type":"PropertyValueSpecification","valueRequired":true,"valueName":"search_term_string"}}],"inLanguage":"es"}]}},"_links":{"self":[{"href":"https:\/\/tecnidro.com\/es\/wp-json\/wp\/v2\/product\/5781","targetHints":{"allow":["GET"]}}],"collection":[{"href":"https:\/\/tecnidro.com\/es\/wp-json\/wp\/v2\/product"}],"about":[{"href":"https:\/\/tecnidro.com\/es\/wp-json\/wp\/v2\/types\/product"}],"replies":[{"embeddable":true,"href":"https:\/\/tecnidro.com\/es\/wp-json\/wp\/v2\/comments?post=5781"}],"wp:featuredmedia":[{"embeddable":true,"href":"https:\/\/tecnidro.com\/es\/wp-json\/wp\/v2\/media\/5783"}],"wp:attachment":[{"href":"https:\/\/tecnidro.com\/es\/wp-json\/wp\/v2\/media?parent=5781"}],"wp:term":[{"taxonomy":"product_brand","embeddable":true,"href":"https:\/\/tecnidro.com\/es\/wp-json\/wp\/v2\/product_brand?post=5781"},{"taxonomy":"product_cat","embeddable":true,"href":"https:\/\/tecnidro.com\/es\/wp-json\/wp\/v2\/product_cat?post=5781"},{"taxonomy":"product_tag","embeddable":true,"href":"https:\/\/tecnidro.com\/es\/wp-json\/wp\/v2\/product_tag?post=5781"}],"curies":[{"name":"wp","href":"https:\/\/api.w.org\/{rel}","templated":true}]}}