{"id":5786,"date":"2024-10-24T11:59:54","date_gmt":"2024-10-24T10:59:54","guid":{"rendered":"https:\/\/tecnidro.com\/p\/valvula-de-sostenimiento-de-presion-in-ip-sp3pp\/"},"modified":"2024-10-24T11:59:54","modified_gmt":"2024-10-24T10:59:54","slug":"valvula-de-sostenimiento-de-presion-in-ip-sp3pp","status":"publish","type":"product","link":"https:\/\/tecnidro.com\/es\/p\/valvula-de-sostenimiento-de-presion-in-ip-sp3pp\/","title":{"rendered":"V\u00e1lvula de Sostenimiento de Presi\u00f3n IN\/IP-SP3PP"},"content":{"rendered":"<p>La  <strong>v\u00e1lvula de sostenimiento de presi\u00f3n Mod. IN\/IP-SP3PP <\/strong>  es una v\u00e1lvula de regulaci\u00f3n autom\u00e1tica dise\u00f1ada para mantener la presi\u00f3n aguas arriba en un valor m\u00ednimo predefinido. Si la presi\u00f3n aguas arriba desciende por debajo de este valor, la v\u00e1lvula se cierra para mantener la presi\u00f3n deseada. Ideal para aplicaciones que requieren control de presi\u00f3n y equilibrado de variaciones de caudal.  <\/p>\n<p><strong>Especificaciones T\u00e9cnicas:<\/strong><\/p>\n<ul>\n<li><strong>Modelo Piloto:<\/strong> SP3PP<\/li>\n<li><strong>Rango de Regulaci\u00f3n de Presi\u00f3n:<\/strong>\n<ul>\n<li><strong>Muelle Gris:<\/strong> 0,2 \u00f7 1,5 bar<\/li>\n<li><strong>Muelle Blanco:<\/strong> 0,6 \u00f7 3,0 bar<\/li>\n<li><strong>Muelle Rojo (Est\u00e1ndar):<\/strong> 1,0 \u00f7 5,5 bar<\/li>\n<li><strong>Muelle Negro:<\/strong> 2,0 \u00f7 9,0 bar<\/li>\n<\/ul>\n<\/li>\n<li><strong>Materiales:<\/strong>\n<ul>\n<li><strong>Cuerpo Piloto:<\/strong> Nylon reforzado<\/li>\n<li><strong>Tapa:<\/strong> Nylon reforzado<\/li>\n<li><strong>Mando Manual CM4V:<\/strong> Cuerpo en lat\u00f3n, bola en acero inoxidable, asiento en tefl\u00f3n<\/li>\n<\/ul>\n<\/li>\n<li><strong>Conexiones:<\/strong>\n<ul>\n<li><strong>Mando Manual:<\/strong> \u00d81\/4&#8243; M BSP<\/li>\n<li><strong>Abierto\/Cerrado\/Auto:<\/strong> \u00d81\/8&#8243; F BSP<\/li>\n<\/ul>\n<\/li>\n<li><strong>Clase de Presi\u00f3n:<\/strong> PN10<\/li>\n<\/ul>\n<p><strong>Principio de Funcionamiento:<\/strong><\/p>\n<p>La v\u00e1lvula est\u00e1 controlada por un piloto hidr\u00e1ulico de 3 v\u00edas (Mod. SP3PP), que regula la apertura de la membrana en funci\u00f3n de la presi\u00f3n aguas arriba. El piloto llena o descarga la c\u00e1mara de la v\u00e1lvula para mantener constante la presi\u00f3n m\u00ednima aguas arriba, equilibrando las variaciones de caudal o de presi\u00f3n.<br \/>\nCuando la presi\u00f3n aguas arriba es igual o inferior a la presi\u00f3n ajustada, la v\u00e1lvula se cierra completamente. Si la presi\u00f3n aguas arriba supera el valor m\u00ednimo, la v\u00e1lvula se abre totalmente.  <\/p>\n","protected":false},"excerpt":{"rendered":"<p>La v\u00e1lvula de sostenimiento de presi\u00f3n Mod. IN\/IP-SP3PP es una v\u00e1lvula de regulaci\u00f3n autom\u00e1tica dise\u00f1ada para mantener la presi\u00f3n aguas arriba en un valor m\u00ednimo predefinido. Si la presi\u00f3n aguas  [&#8230;]<\/p>\n","protected":false},"featured_media":5787,"comment_status":"closed","ping_status":"closed","template":"","meta":{"_acf_changed":false},"product_brand":[],"product_cat":[231,233,234],"product_tag":[],"class_list":{"0":"post-5786","1":"product","2":"type-product","3":"status-publish","4":"has-post-thumbnail","6":"product_cat-valvulas-de-membrana-de-plastico","7":"product_cat-valvulas-de-membrana-de-plastico-2","8":"product_cat-valvulas-de-membrana-de-plastico-3","10":"first","11":"instock","12":"shipping-taxable","13":"product-type-simple"},"acf":[],"yoast_head":"<!-- This site is optimized with the Yoast SEO plugin v27.3 - https:\/\/yoast.com\/product\/yoast-seo-wordpress\/ -->\n<title>V\u00e1lvula de Sostenimiento de Presi\u00f3n IN\/IP-SP3PP - Tecnidro<\/title>\n<meta name=\"robots\" content=\"index, follow, max-snippet:-1, max-image-preview:large, max-video-preview:-1\" \/>\n<link rel=\"canonical\" href=\"https:\/\/tecnidro.com\/es\/p\/valvula-de-sostenimiento-de-presion-in-ip-sp3pp\/\" \/>\n<meta property=\"og:locale\" content=\"es_ES\" \/>\n<meta property=\"og:type\" content=\"article\" \/>\n<meta property=\"og:title\" content=\"V\u00e1lvula de Sostenimiento de Presi\u00f3n IN\/IP-SP3PP - Tecnidro\" \/>\n<meta property=\"og:description\" content=\"La v\u00e1lvula de sostenimiento de presi\u00f3n Mod. IN\/IP-SP3PP es una v\u00e1lvula de regulaci\u00f3n autom\u00e1tica dise\u00f1ada para mantener la presi\u00f3n aguas arriba en un valor m\u00ednimo predefinido. Si la presi\u00f3n aguas [...]\" \/>\n<meta property=\"og:url\" content=\"https:\/\/tecnidro.com\/es\/p\/valvula-de-sostenimiento-de-presion-in-ip-sp3pp\/\" \/>\n<meta property=\"og:site_name\" content=\"Tecnidro\" \/>\n<meta property=\"article:publisher\" content=\"https:\/\/www.facebook.com\/profile.php?id=100089971879186\" \/>\n<meta property=\"og:image\" content=\"https:\/\/tecnidro.com\/wp-content\/uploads\/2024\/10\/Valvola-di-Sostegno-Pressione-IN-IP-SP3PP.webp\" \/>\n\t<meta property=\"og:image:width\" content=\"1000\" \/>\n\t<meta property=\"og:image:height\" content=\"1000\" \/>\n\t<meta property=\"og:image:type\" content=\"image\/webp\" \/>\n<meta name=\"twitter:card\" content=\"summary_large_image\" \/>\n<meta name=\"twitter:label1\" content=\"Tiempo de lectura\" \/>\n\t<meta name=\"twitter:data1\" content=\"1 minuto\" \/>\n<script type=\"application\/ld+json\" class=\"yoast-schema-graph\">{\"@context\":\"https:\\\/\\\/schema.org\",\"@graph\":[{\"@type\":\"WebPage\",\"@id\":\"https:\\\/\\\/tecnidro.com\\\/es\\\/p\\\/valvula-de-sostenimiento-de-presion-in-ip-sp3pp\\\/\",\"url\":\"https:\\\/\\\/tecnidro.com\\\/es\\\/p\\\/valvula-de-sostenimiento-de-presion-in-ip-sp3pp\\\/\",\"name\":\"V\u00e1lvula de Sostenimiento de Presi\u00f3n IN\\\/IP-SP3PP - Tecnidro\",\"isPartOf\":{\"@id\":\"https:\\\/\\\/tecnidro.com\\\/es\\\/#website\"},\"primaryImageOfPage\":{\"@id\":\"https:\\\/\\\/tecnidro.com\\\/es\\\/p\\\/valvula-de-sostenimiento-de-presion-in-ip-sp3pp\\\/#primaryimage\"},\"image\":{\"@id\":\"https:\\\/\\\/tecnidro.com\\\/es\\\/p\\\/valvula-de-sostenimiento-de-presion-in-ip-sp3pp\\\/#primaryimage\"},\"thumbnailUrl\":\"https:\\\/\\\/tecnidro.com\\\/wp-content\\\/uploads\\\/2024\\\/10\\\/Valvola-di-Sostegno-Pressione-IN-IP-SP3PP.webp\",\"datePublished\":\"2024-10-24T10:59:54+00:00\",\"breadcrumb\":{\"@id\":\"https:\\\/\\\/tecnidro.com\\\/es\\\/p\\\/valvula-de-sostenimiento-de-presion-in-ip-sp3pp\\\/#breadcrumb\"},\"inLanguage\":\"es\",\"potentialAction\":[{\"@type\":\"ReadAction\",\"target\":[\"https:\\\/\\\/tecnidro.com\\\/es\\\/p\\\/valvula-de-sostenimiento-de-presion-in-ip-sp3pp\\\/\"]}]},{\"@type\":\"ImageObject\",\"inLanguage\":\"es\",\"@id\":\"https:\\\/\\\/tecnidro.com\\\/es\\\/p\\\/valvula-de-sostenimiento-de-presion-in-ip-sp3pp\\\/#primaryimage\",\"url\":\"https:\\\/\\\/tecnidro.com\\\/wp-content\\\/uploads\\\/2024\\\/10\\\/Valvola-di-Sostegno-Pressione-IN-IP-SP3PP.webp\",\"contentUrl\":\"https:\\\/\\\/tecnidro.com\\\/wp-content\\\/uploads\\\/2024\\\/10\\\/Valvola-di-Sostegno-Pressione-IN-IP-SP3PP.webp\",\"width\":1000,\"height\":1000,\"caption\":\"Valvola di Sostegno Pressione IN-IP-SP3PP\"},{\"@type\":\"BreadcrumbList\",\"@id\":\"https:\\\/\\\/tecnidro.com\\\/es\\\/p\\\/valvula-de-sostenimiento-de-presion-in-ip-sp3pp\\\/#breadcrumb\",\"itemListElement\":[{\"@type\":\"ListItem\",\"position\":1,\"name\":\"Home\",\"item\":\"https:\\\/\\\/tecnidro.com\\\/es\\\/\"},{\"@type\":\"ListItem\",\"position\":2,\"name\":\"Productos y soluciones\",\"item\":\"https:\\\/\\\/tecnidro.com\\\/es\\\/productos-y-soluciones\\\/\"},{\"@type\":\"ListItem\",\"position\":3,\"name\":\"V\u00e1lvula de Sostenimiento de Presi\u00f3n IN\\\/IP-SP3PP\"}]},{\"@type\":\"WebSite\",\"@id\":\"https:\\\/\\\/tecnidro.com\\\/es\\\/#website\",\"url\":\"https:\\\/\\\/tecnidro.com\\\/es\\\/\",\"name\":\"Tecnidro\",\"description\":\"Valvole Idrauliche\",\"potentialAction\":[{\"@type\":\"SearchAction\",\"target\":{\"@type\":\"EntryPoint\",\"urlTemplate\":\"https:\\\/\\\/tecnidro.com\\\/es\\\/?s={search_term_string}\"},\"query-input\":{\"@type\":\"PropertyValueSpecification\",\"valueRequired\":true,\"valueName\":\"search_term_string\"}}],\"inLanguage\":\"es\"}]}<\/script>\n<!-- \/ Yoast SEO plugin. -->","yoast_head_json":{"title":"V\u00e1lvula de Sostenimiento de Presi\u00f3n IN\/IP-SP3PP - Tecnidro","robots":{"index":"index","follow":"follow","max-snippet":"max-snippet:-1","max-image-preview":"max-image-preview:large","max-video-preview":"max-video-preview:-1"},"canonical":"https:\/\/tecnidro.com\/es\/p\/valvula-de-sostenimiento-de-presion-in-ip-sp3pp\/","og_locale":"es_ES","og_type":"article","og_title":"V\u00e1lvula de Sostenimiento de Presi\u00f3n IN\/IP-SP3PP - Tecnidro","og_description":"La v\u00e1lvula de sostenimiento de presi\u00f3n Mod. IN\/IP-SP3PP es una v\u00e1lvula de regulaci\u00f3n autom\u00e1tica dise\u00f1ada para mantener la presi\u00f3n aguas arriba en un valor m\u00ednimo predefinido. Si la presi\u00f3n aguas [...]","og_url":"https:\/\/tecnidro.com\/es\/p\/valvula-de-sostenimiento-de-presion-in-ip-sp3pp\/","og_site_name":"Tecnidro","article_publisher":"https:\/\/www.facebook.com\/profile.php?id=100089971879186","og_image":[{"width":1000,"height":1000,"url":"https:\/\/tecnidro.com\/wp-content\/uploads\/2024\/10\/Valvola-di-Sostegno-Pressione-IN-IP-SP3PP.webp","type":"image\/webp"}],"twitter_card":"summary_large_image","twitter_misc":{"Tiempo de lectura":"1 minuto"},"schema":{"@context":"https:\/\/schema.org","@graph":[{"@type":"WebPage","@id":"https:\/\/tecnidro.com\/es\/p\/valvula-de-sostenimiento-de-presion-in-ip-sp3pp\/","url":"https:\/\/tecnidro.com\/es\/p\/valvula-de-sostenimiento-de-presion-in-ip-sp3pp\/","name":"V\u00e1lvula de Sostenimiento de Presi\u00f3n IN\/IP-SP3PP - Tecnidro","isPartOf":{"@id":"https:\/\/tecnidro.com\/es\/#website"},"primaryImageOfPage":{"@id":"https:\/\/tecnidro.com\/es\/p\/valvula-de-sostenimiento-de-presion-in-ip-sp3pp\/#primaryimage"},"image":{"@id":"https:\/\/tecnidro.com\/es\/p\/valvula-de-sostenimiento-de-presion-in-ip-sp3pp\/#primaryimage"},"thumbnailUrl":"https:\/\/tecnidro.com\/wp-content\/uploads\/2024\/10\/Valvola-di-Sostegno-Pressione-IN-IP-SP3PP.webp","datePublished":"2024-10-24T10:59:54+00:00","breadcrumb":{"@id":"https:\/\/tecnidro.com\/es\/p\/valvula-de-sostenimiento-de-presion-in-ip-sp3pp\/#breadcrumb"},"inLanguage":"es","potentialAction":[{"@type":"ReadAction","target":["https:\/\/tecnidro.com\/es\/p\/valvula-de-sostenimiento-de-presion-in-ip-sp3pp\/"]}]},{"@type":"ImageObject","inLanguage":"es","@id":"https:\/\/tecnidro.com\/es\/p\/valvula-de-sostenimiento-de-presion-in-ip-sp3pp\/#primaryimage","url":"https:\/\/tecnidro.com\/wp-content\/uploads\/2024\/10\/Valvola-di-Sostegno-Pressione-IN-IP-SP3PP.webp","contentUrl":"https:\/\/tecnidro.com\/wp-content\/uploads\/2024\/10\/Valvola-di-Sostegno-Pressione-IN-IP-SP3PP.webp","width":1000,"height":1000,"caption":"Valvola di Sostegno Pressione IN-IP-SP3PP"},{"@type":"BreadcrumbList","@id":"https:\/\/tecnidro.com\/es\/p\/valvula-de-sostenimiento-de-presion-in-ip-sp3pp\/#breadcrumb","itemListElement":[{"@type":"ListItem","position":1,"name":"Home","item":"https:\/\/tecnidro.com\/es\/"},{"@type":"ListItem","position":2,"name":"Productos y soluciones","item":"https:\/\/tecnidro.com\/es\/productos-y-soluciones\/"},{"@type":"ListItem","position":3,"name":"V\u00e1lvula de Sostenimiento de Presi\u00f3n IN\/IP-SP3PP"}]},{"@type":"WebSite","@id":"https:\/\/tecnidro.com\/es\/#website","url":"https:\/\/tecnidro.com\/es\/","name":"Tecnidro","description":"Valvole Idrauliche","potentialAction":[{"@type":"SearchAction","target":{"@type":"EntryPoint","urlTemplate":"https:\/\/tecnidro.com\/es\/?s={search_term_string}"},"query-input":{"@type":"PropertyValueSpecification","valueRequired":true,"valueName":"search_term_string"}}],"inLanguage":"es"}]}},"_links":{"self":[{"href":"https:\/\/tecnidro.com\/es\/wp-json\/wp\/v2\/product\/5786","targetHints":{"allow":["GET"]}}],"collection":[{"href":"https:\/\/tecnidro.com\/es\/wp-json\/wp\/v2\/product"}],"about":[{"href":"https:\/\/tecnidro.com\/es\/wp-json\/wp\/v2\/types\/product"}],"replies":[{"embeddable":true,"href":"https:\/\/tecnidro.com\/es\/wp-json\/wp\/v2\/comments?post=5786"}],"wp:featuredmedia":[{"embeddable":true,"href":"https:\/\/tecnidro.com\/es\/wp-json\/wp\/v2\/media\/5787"}],"wp:attachment":[{"href":"https:\/\/tecnidro.com\/es\/wp-json\/wp\/v2\/media?parent=5786"}],"wp:term":[{"taxonomy":"product_brand","embeddable":true,"href":"https:\/\/tecnidro.com\/es\/wp-json\/wp\/v2\/product_brand?post=5786"},{"taxonomy":"product_cat","embeddable":true,"href":"https:\/\/tecnidro.com\/es\/wp-json\/wp\/v2\/product_cat?post=5786"},{"taxonomy":"product_tag","embeddable":true,"href":"https:\/\/tecnidro.com\/es\/wp-json\/wp\/v2\/product_tag?post=5786"}],"curies":[{"name":"wp","href":"https:\/\/api.w.org\/{rel}","templated":true}]}}