{"id":5795,"date":"2024-10-24T11:04:11","date_gmt":"2024-10-24T10:04:11","guid":{"rendered":"https:\/\/tecnidro.com\/p\/valvula-de-alivio-rapido-im-sr-im-srp2\/"},"modified":"2024-10-24T11:04:11","modified_gmt":"2024-10-24T10:04:11","slug":"valvula-de-alivio-rapido-im-sr-im-srp2","status":"publish","type":"product","link":"https:\/\/tecnidro.com\/es\/p\/valvula-de-alivio-rapido-im-sr-im-srp2\/","title":{"rendered":"V\u00e1lvula de Alivio R\u00e1pido IM-SR\/IM-SRP2"},"content":{"rendered":"<p>La  <strong>v\u00e1lvula de alivio r\u00e1pido Mod. IM-SR\/IM-SRP2 <\/strong>  es una v\u00e1lvula de seguridad autom\u00e1tica dise\u00f1ada para aliviar r\u00e1pidamente la sobrepresi\u00f3n en un sistema presurizado, protegiendo la instalaci\u00f3n de sobrecargas de presi\u00f3n. Esta v\u00e1lvula es fundamental para garantizar la seguridad de redes hidr\u00e1ulicas que requieren una respuesta r\u00e1pida en caso de aumento de la presi\u00f3n. <\/p>\n<p><strong>Principio de funcionamiento:<\/strong><\/p>\n<p>La v\u00e1lvula est\u00e1 controlada por un piloto de alivio r\u00e1pido de 2 v\u00edas (Mod. SR o SR-P). Cuando la presi\u00f3n aguas arriba es inferior al valor ajustado, la v\u00e1lvula permanece cerrada. Si la presi\u00f3n aguas arriba supera el valor ajustado, el piloto abre r\u00e1pidamente la v\u00e1lvula, aliviando la sobrepresi\u00f3n. Tras aliviar la presi\u00f3n, la v\u00e1lvula se cierra lentamente para evitar golpes de ariete y garantizar la estabilidad del sistema.   <\/p>\n","protected":false},"excerpt":{"rendered":"<p>La v\u00e1lvula de alivio r\u00e1pido Mod. IM-SR\/IM-SRP2 es una v\u00e1lvula de seguridad autom\u00e1tica dise\u00f1ada para aliviar r\u00e1pidamente la sobrepresi\u00f3n en un sistema presurizado, protegiendo la instalaci\u00f3n de sobrecargas de presi\u00f3n.  [&#8230;]<\/p>\n","protected":false},"featured_media":5796,"comment_status":"closed","ping_status":"closed","template":"","meta":{"_acf_changed":false},"product_brand":[],"product_cat":[235],"product_tag":[],"class_list":{"0":"post-5795","1":"product","2":"type-product","3":"status-publish","4":"has-post-thumbnail","6":"product_cat-valvulas-de-diafragma-metalicas","8":"first","9":"instock","10":"shipping-taxable","11":"product-type-simple"},"acf":[],"yoast_head":"<!-- This site is optimized with the Yoast SEO plugin v27.3 - https:\/\/yoast.com\/product\/yoast-seo-wordpress\/ -->\n<title>V\u00e1lvula de Alivio R\u00e1pido IM-SR\/IM-SRP2 - Tecnidro<\/title>\n<meta name=\"robots\" content=\"index, follow, max-snippet:-1, max-image-preview:large, max-video-preview:-1\" \/>\n<link rel=\"canonical\" href=\"https:\/\/tecnidro.com\/es\/p\/valvula-de-alivio-rapido-im-sr-im-srp2\/\" \/>\n<meta property=\"og:locale\" content=\"es_ES\" \/>\n<meta property=\"og:type\" content=\"article\" \/>\n<meta property=\"og:title\" content=\"V\u00e1lvula de Alivio R\u00e1pido IM-SR\/IM-SRP2 - Tecnidro\" \/>\n<meta property=\"og:description\" content=\"La v\u00e1lvula de alivio r\u00e1pido Mod. IM-SR\/IM-SRP2 es una v\u00e1lvula de seguridad autom\u00e1tica dise\u00f1ada para aliviar r\u00e1pidamente la sobrepresi\u00f3n en un sistema presurizado, protegiendo la instalaci\u00f3n de sobrecargas de presi\u00f3n. [...]\" \/>\n<meta property=\"og:url\" content=\"https:\/\/tecnidro.com\/es\/p\/valvula-de-alivio-rapido-im-sr-im-srp2\/\" \/>\n<meta property=\"og:site_name\" content=\"Tecnidro\" \/>\n<meta property=\"article:publisher\" content=\"https:\/\/www.facebook.com\/profile.php?id=100089971879186\" \/>\n<meta property=\"og:image\" content=\"https:\/\/tecnidro.com\/wp-content\/uploads\/2024\/10\/Valvola-di-Scarico-Rapido-IM-SR-SRP2.webp\" \/>\n\t<meta property=\"og:image:width\" content=\"1000\" \/>\n\t<meta property=\"og:image:height\" content=\"1000\" \/>\n\t<meta property=\"og:image:type\" content=\"image\/webp\" \/>\n<meta name=\"twitter:card\" content=\"summary_large_image\" \/>\n<meta name=\"twitter:label1\" content=\"Tiempo de lectura\" \/>\n\t<meta name=\"twitter:data1\" content=\"1 minuto\" \/>\n<script type=\"application\/ld+json\" class=\"yoast-schema-graph\">{\"@context\":\"https:\\\/\\\/schema.org\",\"@graph\":[{\"@type\":\"WebPage\",\"@id\":\"https:\\\/\\\/tecnidro.com\\\/es\\\/p\\\/valvula-de-alivio-rapido-im-sr-im-srp2\\\/\",\"url\":\"https:\\\/\\\/tecnidro.com\\\/es\\\/p\\\/valvula-de-alivio-rapido-im-sr-im-srp2\\\/\",\"name\":\"V\u00e1lvula de Alivio R\u00e1pido IM-SR\\\/IM-SRP2 - Tecnidro\",\"isPartOf\":{\"@id\":\"https:\\\/\\\/tecnidro.com\\\/es\\\/#website\"},\"primaryImageOfPage\":{\"@id\":\"https:\\\/\\\/tecnidro.com\\\/es\\\/p\\\/valvula-de-alivio-rapido-im-sr-im-srp2\\\/#primaryimage\"},\"image\":{\"@id\":\"https:\\\/\\\/tecnidro.com\\\/es\\\/p\\\/valvula-de-alivio-rapido-im-sr-im-srp2\\\/#primaryimage\"},\"thumbnailUrl\":\"https:\\\/\\\/tecnidro.com\\\/wp-content\\\/uploads\\\/2024\\\/10\\\/Valvola-di-Scarico-Rapido-IM-SR-SRP2.webp\",\"datePublished\":\"2024-10-24T10:04:11+00:00\",\"breadcrumb\":{\"@id\":\"https:\\\/\\\/tecnidro.com\\\/es\\\/p\\\/valvula-de-alivio-rapido-im-sr-im-srp2\\\/#breadcrumb\"},\"inLanguage\":\"es\",\"potentialAction\":[{\"@type\":\"ReadAction\",\"target\":[\"https:\\\/\\\/tecnidro.com\\\/es\\\/p\\\/valvula-de-alivio-rapido-im-sr-im-srp2\\\/\"]}]},{\"@type\":\"ImageObject\",\"inLanguage\":\"es\",\"@id\":\"https:\\\/\\\/tecnidro.com\\\/es\\\/p\\\/valvula-de-alivio-rapido-im-sr-im-srp2\\\/#primaryimage\",\"url\":\"https:\\\/\\\/tecnidro.com\\\/wp-content\\\/uploads\\\/2024\\\/10\\\/Valvola-di-Scarico-Rapido-IM-SR-SRP2.webp\",\"contentUrl\":\"https:\\\/\\\/tecnidro.com\\\/wp-content\\\/uploads\\\/2024\\\/10\\\/Valvola-di-Scarico-Rapido-IM-SR-SRP2.webp\",\"width\":1000,\"height\":1000,\"caption\":\"Valvola di Scarico Rapido IM-SR-SRP2\"},{\"@type\":\"BreadcrumbList\",\"@id\":\"https:\\\/\\\/tecnidro.com\\\/es\\\/p\\\/valvula-de-alivio-rapido-im-sr-im-srp2\\\/#breadcrumb\",\"itemListElement\":[{\"@type\":\"ListItem\",\"position\":1,\"name\":\"Home\",\"item\":\"https:\\\/\\\/tecnidro.com\\\/es\\\/\"},{\"@type\":\"ListItem\",\"position\":2,\"name\":\"Productos y soluciones\",\"item\":\"https:\\\/\\\/tecnidro.com\\\/es\\\/productos-y-soluciones\\\/\"},{\"@type\":\"ListItem\",\"position\":3,\"name\":\"V\u00e1lvula de Alivio R\u00e1pido IM-SR\\\/IM-SRP2\"}]},{\"@type\":\"WebSite\",\"@id\":\"https:\\\/\\\/tecnidro.com\\\/es\\\/#website\",\"url\":\"https:\\\/\\\/tecnidro.com\\\/es\\\/\",\"name\":\"Tecnidro\",\"description\":\"Valvole Idrauliche\",\"potentialAction\":[{\"@type\":\"SearchAction\",\"target\":{\"@type\":\"EntryPoint\",\"urlTemplate\":\"https:\\\/\\\/tecnidro.com\\\/es\\\/?s={search_term_string}\"},\"query-input\":{\"@type\":\"PropertyValueSpecification\",\"valueRequired\":true,\"valueName\":\"search_term_string\"}}],\"inLanguage\":\"es\"}]}<\/script>\n<!-- \/ Yoast SEO plugin. -->","yoast_head_json":{"title":"V\u00e1lvula de Alivio R\u00e1pido IM-SR\/IM-SRP2 - Tecnidro","robots":{"index":"index","follow":"follow","max-snippet":"max-snippet:-1","max-image-preview":"max-image-preview:large","max-video-preview":"max-video-preview:-1"},"canonical":"https:\/\/tecnidro.com\/es\/p\/valvula-de-alivio-rapido-im-sr-im-srp2\/","og_locale":"es_ES","og_type":"article","og_title":"V\u00e1lvula de Alivio R\u00e1pido IM-SR\/IM-SRP2 - Tecnidro","og_description":"La v\u00e1lvula de alivio r\u00e1pido Mod. IM-SR\/IM-SRP2 es una v\u00e1lvula de seguridad autom\u00e1tica dise\u00f1ada para aliviar r\u00e1pidamente la sobrepresi\u00f3n en un sistema presurizado, protegiendo la instalaci\u00f3n de sobrecargas de presi\u00f3n. [...]","og_url":"https:\/\/tecnidro.com\/es\/p\/valvula-de-alivio-rapido-im-sr-im-srp2\/","og_site_name":"Tecnidro","article_publisher":"https:\/\/www.facebook.com\/profile.php?id=100089971879186","og_image":[{"width":1000,"height":1000,"url":"https:\/\/tecnidro.com\/wp-content\/uploads\/2024\/10\/Valvola-di-Scarico-Rapido-IM-SR-SRP2.webp","type":"image\/webp"}],"twitter_card":"summary_large_image","twitter_misc":{"Tiempo de lectura":"1 minuto"},"schema":{"@context":"https:\/\/schema.org","@graph":[{"@type":"WebPage","@id":"https:\/\/tecnidro.com\/es\/p\/valvula-de-alivio-rapido-im-sr-im-srp2\/","url":"https:\/\/tecnidro.com\/es\/p\/valvula-de-alivio-rapido-im-sr-im-srp2\/","name":"V\u00e1lvula de Alivio R\u00e1pido IM-SR\/IM-SRP2 - Tecnidro","isPartOf":{"@id":"https:\/\/tecnidro.com\/es\/#website"},"primaryImageOfPage":{"@id":"https:\/\/tecnidro.com\/es\/p\/valvula-de-alivio-rapido-im-sr-im-srp2\/#primaryimage"},"image":{"@id":"https:\/\/tecnidro.com\/es\/p\/valvula-de-alivio-rapido-im-sr-im-srp2\/#primaryimage"},"thumbnailUrl":"https:\/\/tecnidro.com\/wp-content\/uploads\/2024\/10\/Valvola-di-Scarico-Rapido-IM-SR-SRP2.webp","datePublished":"2024-10-24T10:04:11+00:00","breadcrumb":{"@id":"https:\/\/tecnidro.com\/es\/p\/valvula-de-alivio-rapido-im-sr-im-srp2\/#breadcrumb"},"inLanguage":"es","potentialAction":[{"@type":"ReadAction","target":["https:\/\/tecnidro.com\/es\/p\/valvula-de-alivio-rapido-im-sr-im-srp2\/"]}]},{"@type":"ImageObject","inLanguage":"es","@id":"https:\/\/tecnidro.com\/es\/p\/valvula-de-alivio-rapido-im-sr-im-srp2\/#primaryimage","url":"https:\/\/tecnidro.com\/wp-content\/uploads\/2024\/10\/Valvola-di-Scarico-Rapido-IM-SR-SRP2.webp","contentUrl":"https:\/\/tecnidro.com\/wp-content\/uploads\/2024\/10\/Valvola-di-Scarico-Rapido-IM-SR-SRP2.webp","width":1000,"height":1000,"caption":"Valvola di Scarico Rapido IM-SR-SRP2"},{"@type":"BreadcrumbList","@id":"https:\/\/tecnidro.com\/es\/p\/valvula-de-alivio-rapido-im-sr-im-srp2\/#breadcrumb","itemListElement":[{"@type":"ListItem","position":1,"name":"Home","item":"https:\/\/tecnidro.com\/es\/"},{"@type":"ListItem","position":2,"name":"Productos y soluciones","item":"https:\/\/tecnidro.com\/es\/productos-y-soluciones\/"},{"@type":"ListItem","position":3,"name":"V\u00e1lvula de Alivio R\u00e1pido IM-SR\/IM-SRP2"}]},{"@type":"WebSite","@id":"https:\/\/tecnidro.com\/es\/#website","url":"https:\/\/tecnidro.com\/es\/","name":"Tecnidro","description":"Valvole Idrauliche","potentialAction":[{"@type":"SearchAction","target":{"@type":"EntryPoint","urlTemplate":"https:\/\/tecnidro.com\/es\/?s={search_term_string}"},"query-input":{"@type":"PropertyValueSpecification","valueRequired":true,"valueName":"search_term_string"}}],"inLanguage":"es"}]}},"_links":{"self":[{"href":"https:\/\/tecnidro.com\/es\/wp-json\/wp\/v2\/product\/5795","targetHints":{"allow":["GET"]}}],"collection":[{"href":"https:\/\/tecnidro.com\/es\/wp-json\/wp\/v2\/product"}],"about":[{"href":"https:\/\/tecnidro.com\/es\/wp-json\/wp\/v2\/types\/product"}],"replies":[{"embeddable":true,"href":"https:\/\/tecnidro.com\/es\/wp-json\/wp\/v2\/comments?post=5795"}],"wp:featuredmedia":[{"embeddable":true,"href":"https:\/\/tecnidro.com\/es\/wp-json\/wp\/v2\/media\/5796"}],"wp:attachment":[{"href":"https:\/\/tecnidro.com\/es\/wp-json\/wp\/v2\/media?parent=5795"}],"wp:term":[{"taxonomy":"product_brand","embeddable":true,"href":"https:\/\/tecnidro.com\/es\/wp-json\/wp\/v2\/product_brand?post=5795"},{"taxonomy":"product_cat","embeddable":true,"href":"https:\/\/tecnidro.com\/es\/wp-json\/wp\/v2\/product_cat?post=5795"},{"taxonomy":"product_tag","embeddable":true,"href":"https:\/\/tecnidro.com\/es\/wp-json\/wp\/v2\/product_tag?post=5795"}],"curies":[{"name":"wp","href":"https:\/\/api.w.org\/{rel}","templated":true}]}}