{"id":5799,"date":"2024-10-24T11:47:05","date_gmt":"2024-10-24T10:47:05","guid":{"rendered":"https:\/\/tecnidro.com\/p\/valvula-programable-in-ip-prog\/"},"modified":"2024-10-24T11:47:05","modified_gmt":"2024-10-24T10:47:05","slug":"valvula-programable-in-ip-prog","status":"publish","type":"product","link":"https:\/\/tecnidro.com\/es\/p\/valvula-programable-in-ip-prog\/","title":{"rendered":"V\u00e1lvula programable IN\/IP-PROG"},"content":{"rendered":"<p>La <strong>v\u00e1lvula electrohidr\u00e1ulica IN\/IP-PROG<\/strong> es una v\u00e1lvula autom\u00e1tica on-off equipada con un programador electr\u00f3nico a pilas, que permite abrir y cerrar la v\u00e1lvula siguiendo un calendario semanal. Esta v\u00e1lvula es ideal para sistemas de riego o para aplicaciones que requieran un control autom\u00e1tico del flujo basado en programas predefinidos. <\/p>\n<p><strong>Especificaciones t\u00e9cnicas:<\/strong><\/p>\n<ul>\n<li><strong>Tipo de solenoide:<\/strong> 3 v\u00edas biestable<\/li>\n<li><strong>Material del solenoide:<\/strong> Nylon<\/li>\n<li><strong>Conexiones:<\/strong> \u00d81\/8\u201d H BSP<\/li>\n<li><strong>Presi\u00f3n nominal:<\/strong> 10 bar<\/li>\n<li><strong>Tensi\u00f3n:<\/strong> 9-12 V CC<\/li>\n<li><strong>Grado de protecci\u00f3n:<\/strong> IP66<\/li>\n<li><strong>Programador (Modelo PROG):<\/strong>\n<ul>\n<li><strong>Montaje:<\/strong> Soporte de acero inoxidable<\/li>\n<li><strong>Temperatura de funcionamiento:<\/strong> -10 \u00b0C a 60 \u00b0C<\/li>\n<li><strong>Alimentaci\u00f3n:<\/strong> Pila alcalina de 9 V CC<\/li>\n<li><strong>Grado de protecci\u00f3n:<\/strong> IP67<\/li>\n<\/ul>\n<\/li>\n<\/ul>\n<p><strong>Principio de funcionamiento:<\/strong><\/p>\n<p>La v\u00e1lvula IN\/IP-PROG est\u00e1 controlada por un solenoide biestable de 3 v\u00edas (Mod. EL-BI), que abre y cierra la v\u00e1lvula seg\u00fan los horarios diarios memorizados en el programador <strong>PROG<\/strong>. Cuando el programa de riego o flujo activa el solenoide, el agua del interior de la c\u00e1mara de control se descarga, permitiendo la apertura total de la v\u00e1lvula. Cuando el programa finaliza, la v\u00e1lvula vuelve a la posici\u00f3n de cierre total.<br \/>\nEl programador <strong>PROG<\/strong> ofrece diversas opciones de configuraci\u00f3n, permitiendo seleccionar d\u00edas y horarios espec\u00edficos de funcionamiento (por ejemplo, apertura diaria, d\u00edas seleccionados o m\u00faltiples aperturas al d\u00eda).  <\/p>\n","protected":false},"excerpt":{"rendered":"<p>La v\u00e1lvula electrohidr\u00e1ulica IN\/IP-PROG es una v\u00e1lvula autom\u00e1tica on-off equipada con un programador electr\u00f3nico a pilas, que permite abrir y cerrar la v\u00e1lvula siguiendo un calendario semanal. Esta v\u00e1lvula es  [&#8230;]<\/p>\n","protected":false},"featured_media":5800,"comment_status":"closed","ping_status":"closed","template":"","meta":{"_acf_changed":false},"product_brand":[],"product_cat":[231,233,234],"product_tag":[],"class_list":{"0":"post-5799","1":"product","2":"type-product","3":"status-publish","4":"has-post-thumbnail","6":"product_cat-valvulas-de-membrana-de-plastico","7":"product_cat-valvulas-de-membrana-de-plastico-2","8":"product_cat-valvulas-de-membrana-de-plastico-3","10":"first","11":"instock","12":"shipping-taxable","13":"product-type-simple"},"acf":[],"yoast_head":"<!-- This site is optimized with the Yoast SEO plugin v27.3 - https:\/\/yoast.com\/product\/yoast-seo-wordpress\/ -->\n<title>V\u00e1lvula programable IN\/IP-PROG - Tecnidro<\/title>\n<meta name=\"robots\" content=\"index, follow, max-snippet:-1, max-image-preview:large, max-video-preview:-1\" \/>\n<link rel=\"canonical\" href=\"https:\/\/tecnidro.com\/es\/p\/valvula-programable-in-ip-prog\/\" \/>\n<meta property=\"og:locale\" content=\"es_ES\" \/>\n<meta property=\"og:type\" content=\"article\" \/>\n<meta property=\"og:title\" content=\"V\u00e1lvula programable IN\/IP-PROG - Tecnidro\" \/>\n<meta property=\"og:description\" content=\"La v\u00e1lvula electrohidr\u00e1ulica IN\/IP-PROG es una v\u00e1lvula autom\u00e1tica on-off equipada con un programador electr\u00f3nico a pilas, que permite abrir y cerrar la v\u00e1lvula siguiendo un calendario semanal. Esta v\u00e1lvula es [...]\" \/>\n<meta property=\"og:url\" content=\"https:\/\/tecnidro.com\/es\/p\/valvula-programable-in-ip-prog\/\" \/>\n<meta property=\"og:site_name\" content=\"Tecnidro\" \/>\n<meta property=\"article:publisher\" content=\"https:\/\/www.facebook.com\/profile.php?id=100089971879186\" \/>\n<meta property=\"og:image\" content=\"https:\/\/tecnidro.com\/wp-content\/uploads\/2024\/10\/Valvola-Programmabile-IN-IP-PROG_1.webp\" \/>\n\t<meta property=\"og:image:width\" content=\"1000\" \/>\n\t<meta property=\"og:image:height\" content=\"1000\" \/>\n\t<meta property=\"og:image:type\" content=\"image\/webp\" \/>\n<meta name=\"twitter:card\" content=\"summary_large_image\" \/>\n<meta name=\"twitter:label1\" content=\"Tiempo de lectura\" \/>\n\t<meta name=\"twitter:data1\" content=\"1 minuto\" \/>\n<script type=\"application\/ld+json\" class=\"yoast-schema-graph\">{\"@context\":\"https:\\\/\\\/schema.org\",\"@graph\":[{\"@type\":\"WebPage\",\"@id\":\"https:\\\/\\\/tecnidro.com\\\/es\\\/p\\\/valvula-programable-in-ip-prog\\\/\",\"url\":\"https:\\\/\\\/tecnidro.com\\\/es\\\/p\\\/valvula-programable-in-ip-prog\\\/\",\"name\":\"V\u00e1lvula programable IN\\\/IP-PROG - Tecnidro\",\"isPartOf\":{\"@id\":\"https:\\\/\\\/tecnidro.com\\\/es\\\/#website\"},\"primaryImageOfPage\":{\"@id\":\"https:\\\/\\\/tecnidro.com\\\/es\\\/p\\\/valvula-programable-in-ip-prog\\\/#primaryimage\"},\"image\":{\"@id\":\"https:\\\/\\\/tecnidro.com\\\/es\\\/p\\\/valvula-programable-in-ip-prog\\\/#primaryimage\"},\"thumbnailUrl\":\"https:\\\/\\\/tecnidro.com\\\/wp-content\\\/uploads\\\/2024\\\/10\\\/Valvola-Programmabile-IN-IP-PROG_1.webp\",\"datePublished\":\"2024-10-24T10:47:05+00:00\",\"breadcrumb\":{\"@id\":\"https:\\\/\\\/tecnidro.com\\\/es\\\/p\\\/valvula-programable-in-ip-prog\\\/#breadcrumb\"},\"inLanguage\":\"es\",\"potentialAction\":[{\"@type\":\"ReadAction\",\"target\":[\"https:\\\/\\\/tecnidro.com\\\/es\\\/p\\\/valvula-programable-in-ip-prog\\\/\"]}]},{\"@type\":\"ImageObject\",\"inLanguage\":\"es\",\"@id\":\"https:\\\/\\\/tecnidro.com\\\/es\\\/p\\\/valvula-programable-in-ip-prog\\\/#primaryimage\",\"url\":\"https:\\\/\\\/tecnidro.com\\\/wp-content\\\/uploads\\\/2024\\\/10\\\/Valvola-Programmabile-IN-IP-PROG_1.webp\",\"contentUrl\":\"https:\\\/\\\/tecnidro.com\\\/wp-content\\\/uploads\\\/2024\\\/10\\\/Valvola-Programmabile-IN-IP-PROG_1.webp\",\"width\":1000,\"height\":1000,\"caption\":\"Valvola Programmabile IN-IP-PROG\"},{\"@type\":\"BreadcrumbList\",\"@id\":\"https:\\\/\\\/tecnidro.com\\\/es\\\/p\\\/valvula-programable-in-ip-prog\\\/#breadcrumb\",\"itemListElement\":[{\"@type\":\"ListItem\",\"position\":1,\"name\":\"Home\",\"item\":\"https:\\\/\\\/tecnidro.com\\\/es\\\/\"},{\"@type\":\"ListItem\",\"position\":2,\"name\":\"Productos y soluciones\",\"item\":\"https:\\\/\\\/tecnidro.com\\\/es\\\/productos-y-soluciones\\\/\"},{\"@type\":\"ListItem\",\"position\":3,\"name\":\"V\u00e1lvula programable IN\\\/IP-PROG\"}]},{\"@type\":\"WebSite\",\"@id\":\"https:\\\/\\\/tecnidro.com\\\/es\\\/#website\",\"url\":\"https:\\\/\\\/tecnidro.com\\\/es\\\/\",\"name\":\"Tecnidro\",\"description\":\"Valvole Idrauliche\",\"potentialAction\":[{\"@type\":\"SearchAction\",\"target\":{\"@type\":\"EntryPoint\",\"urlTemplate\":\"https:\\\/\\\/tecnidro.com\\\/es\\\/?s={search_term_string}\"},\"query-input\":{\"@type\":\"PropertyValueSpecification\",\"valueRequired\":true,\"valueName\":\"search_term_string\"}}],\"inLanguage\":\"es\"}]}<\/script>\n<!-- \/ Yoast SEO plugin. -->","yoast_head_json":{"title":"V\u00e1lvula programable IN\/IP-PROG - Tecnidro","robots":{"index":"index","follow":"follow","max-snippet":"max-snippet:-1","max-image-preview":"max-image-preview:large","max-video-preview":"max-video-preview:-1"},"canonical":"https:\/\/tecnidro.com\/es\/p\/valvula-programable-in-ip-prog\/","og_locale":"es_ES","og_type":"article","og_title":"V\u00e1lvula programable IN\/IP-PROG - Tecnidro","og_description":"La v\u00e1lvula electrohidr\u00e1ulica IN\/IP-PROG es una v\u00e1lvula autom\u00e1tica on-off equipada con un programador electr\u00f3nico a pilas, que permite abrir y cerrar la v\u00e1lvula siguiendo un calendario semanal. Esta v\u00e1lvula es [...]","og_url":"https:\/\/tecnidro.com\/es\/p\/valvula-programable-in-ip-prog\/","og_site_name":"Tecnidro","article_publisher":"https:\/\/www.facebook.com\/profile.php?id=100089971879186","og_image":[{"width":1000,"height":1000,"url":"https:\/\/tecnidro.com\/wp-content\/uploads\/2024\/10\/Valvola-Programmabile-IN-IP-PROG_1.webp","type":"image\/webp"}],"twitter_card":"summary_large_image","twitter_misc":{"Tiempo de lectura":"1 minuto"},"schema":{"@context":"https:\/\/schema.org","@graph":[{"@type":"WebPage","@id":"https:\/\/tecnidro.com\/es\/p\/valvula-programable-in-ip-prog\/","url":"https:\/\/tecnidro.com\/es\/p\/valvula-programable-in-ip-prog\/","name":"V\u00e1lvula programable IN\/IP-PROG - Tecnidro","isPartOf":{"@id":"https:\/\/tecnidro.com\/es\/#website"},"primaryImageOfPage":{"@id":"https:\/\/tecnidro.com\/es\/p\/valvula-programable-in-ip-prog\/#primaryimage"},"image":{"@id":"https:\/\/tecnidro.com\/es\/p\/valvula-programable-in-ip-prog\/#primaryimage"},"thumbnailUrl":"https:\/\/tecnidro.com\/wp-content\/uploads\/2024\/10\/Valvola-Programmabile-IN-IP-PROG_1.webp","datePublished":"2024-10-24T10:47:05+00:00","breadcrumb":{"@id":"https:\/\/tecnidro.com\/es\/p\/valvula-programable-in-ip-prog\/#breadcrumb"},"inLanguage":"es","potentialAction":[{"@type":"ReadAction","target":["https:\/\/tecnidro.com\/es\/p\/valvula-programable-in-ip-prog\/"]}]},{"@type":"ImageObject","inLanguage":"es","@id":"https:\/\/tecnidro.com\/es\/p\/valvula-programable-in-ip-prog\/#primaryimage","url":"https:\/\/tecnidro.com\/wp-content\/uploads\/2024\/10\/Valvola-Programmabile-IN-IP-PROG_1.webp","contentUrl":"https:\/\/tecnidro.com\/wp-content\/uploads\/2024\/10\/Valvola-Programmabile-IN-IP-PROG_1.webp","width":1000,"height":1000,"caption":"Valvola Programmabile IN-IP-PROG"},{"@type":"BreadcrumbList","@id":"https:\/\/tecnidro.com\/es\/p\/valvula-programable-in-ip-prog\/#breadcrumb","itemListElement":[{"@type":"ListItem","position":1,"name":"Home","item":"https:\/\/tecnidro.com\/es\/"},{"@type":"ListItem","position":2,"name":"Productos y soluciones","item":"https:\/\/tecnidro.com\/es\/productos-y-soluciones\/"},{"@type":"ListItem","position":3,"name":"V\u00e1lvula programable IN\/IP-PROG"}]},{"@type":"WebSite","@id":"https:\/\/tecnidro.com\/es\/#website","url":"https:\/\/tecnidro.com\/es\/","name":"Tecnidro","description":"Valvole Idrauliche","potentialAction":[{"@type":"SearchAction","target":{"@type":"EntryPoint","urlTemplate":"https:\/\/tecnidro.com\/es\/?s={search_term_string}"},"query-input":{"@type":"PropertyValueSpecification","valueRequired":true,"valueName":"search_term_string"}}],"inLanguage":"es"}]}},"_links":{"self":[{"href":"https:\/\/tecnidro.com\/es\/wp-json\/wp\/v2\/product\/5799","targetHints":{"allow":["GET"]}}],"collection":[{"href":"https:\/\/tecnidro.com\/es\/wp-json\/wp\/v2\/product"}],"about":[{"href":"https:\/\/tecnidro.com\/es\/wp-json\/wp\/v2\/types\/product"}],"replies":[{"embeddable":true,"href":"https:\/\/tecnidro.com\/es\/wp-json\/wp\/v2\/comments?post=5799"}],"wp:featuredmedia":[{"embeddable":true,"href":"https:\/\/tecnidro.com\/es\/wp-json\/wp\/v2\/media\/5800"}],"wp:attachment":[{"href":"https:\/\/tecnidro.com\/es\/wp-json\/wp\/v2\/media?parent=5799"}],"wp:term":[{"taxonomy":"product_brand","embeddable":true,"href":"https:\/\/tecnidro.com\/es\/wp-json\/wp\/v2\/product_brand?post=5799"},{"taxonomy":"product_cat","embeddable":true,"href":"https:\/\/tecnidro.com\/es\/wp-json\/wp\/v2\/product_cat?post=5799"},{"taxonomy":"product_tag","embeddable":true,"href":"https:\/\/tecnidro.com\/es\/wp-json\/wp\/v2\/product_tag?post=5799"}],"curies":[{"name":"wp","href":"https:\/\/api.w.org\/{rel}","templated":true}]}}