{"id":5804,"date":"2024-10-24T11:09:54","date_gmt":"2024-10-24T10:09:54","guid":{"rendered":"https:\/\/tecnidro.com\/p\/valvula-de-control-de-caudal-im-qp3b\/"},"modified":"2024-10-24T11:09:54","modified_gmt":"2024-10-24T10:09:54","slug":"valvula-de-control-de-caudal-im-qp3b","status":"publish","type":"product","link":"https:\/\/tecnidro.com\/es\/p\/valvula-de-control-de-caudal-im-qp3b\/","title":{"rendered":"V\u00e1lvula de control de caudal IM-QP3B"},"content":{"rendered":"<p>La  <strong>v\u00e1lvula de control de caudal mod. IM-QP3B <\/strong>  es una v\u00e1lvula de regulaci\u00f3n autom\u00e1tica dise\u00f1ada para limitar el caudal a un valor m\u00e1ximo preestablecido. Esta v\u00e1lvula es ideal para aplicaciones que requieren un control preciso del flujo de agua, garantizando que el caudal no supere un l\u00edmite predefinido. <\/p>\n<p><strong>Especificaciones t\u00e9cnicas:<\/strong><\/p>\n<ul>\n<li><strong>Modelo piloto:<\/strong> QP3B<\/li>\n<li><strong>Presi\u00f3n nominal (PN):<\/strong> PN16<\/li>\n<li><strong>Rango de regulaci\u00f3n del caudal:<\/strong>\n<ul>\n<li>Muelle: 2,0 \u00f7 15,0 m.c.a.<\/li>\n<\/ul>\n<\/li>\n<li><strong>Materiales:<\/strong>\n<ul>\n<li><strong>Cuerpo piloto:<\/strong> Lat\u00f3n<\/li>\n<li><strong>Tapa:<\/strong> Lat\u00f3n<\/li>\n<li><strong>Racores:<\/strong> Tefl\u00f3n<\/li>\n<li><strong>Esfera:<\/strong> Acero inox<\/li>\n<\/ul>\n<\/li>\n<li><strong>Conexiones:<\/strong>\n<ul>\n<li>Cuerpo: 5 x \u00d81\/8\u201d F<\/li>\n<li>Mando manual: \u00d81\/4\u201d M BSP (cuerpo), \u00d81\/8\u201d F BSP (mando Abierto\/Cerrado\/Auto)<\/li>\n<\/ul>\n<\/li>\n<\/ul>\n<p><strong>Principio de funcionamiento:<\/p>\n<p><\/strong>La v\u00e1lvula est\u00e1 controlada por un piloto diferencial hidr\u00e1ulico de 3 v\u00edas (mod. QP3B), que regula la apertura de la membrana en funci\u00f3n del caudal instant\u00e1neo en tr\u00e1nsito. El piloto llena o descarga la c\u00e1mara de la v\u00e1lvula bas\u00e1ndose en la presi\u00f3n diferencial generada por el agua que atraviesa un orificio calibrado. El di\u00e1metro del orificio determina el caudal m\u00e1ximo a limitar, mientras que el piloto permite un ajuste fino. Cuando la demanda de caudal supera el l\u00edmite establecido, el piloto acciona el cierre parcial de la v\u00e1lvula para restablecer el valor predefinido. Si la demanda de caudal desciende por debajo del l\u00edmite, la v\u00e1lvula se abre por completo.    <\/p>\n","protected":false},"excerpt":{"rendered":"<p>La v\u00e1lvula de control de caudal mod. IM-QP3B es una v\u00e1lvula de regulaci\u00f3n autom\u00e1tica dise\u00f1ada para limitar el caudal a un valor m\u00e1ximo preestablecido. Esta v\u00e1lvula es ideal para aplicaciones  [&#8230;]<\/p>\n","protected":false},"featured_media":5805,"comment_status":"closed","ping_status":"closed","template":"","meta":{"_acf_changed":false},"product_brand":[],"product_cat":[235,236],"product_tag":[],"class_list":{"0":"post-5804","1":"product","2":"type-product","3":"status-publish","4":"has-post-thumbnail","6":"product_cat-valvulas-de-diafragma-metalicas","7":"product_cat-valvulas-de-membrana-metalicas","9":"first","10":"instock","11":"shipping-taxable","12":"product-type-simple"},"acf":[],"yoast_head":"<!-- This site is optimized with the Yoast SEO plugin v27.3 - https:\/\/yoast.com\/product\/yoast-seo-wordpress\/ -->\n<title>V\u00e1lvula de control de caudal IM-QP3B - Tecnidro<\/title>\n<meta name=\"robots\" content=\"index, follow, max-snippet:-1, max-image-preview:large, max-video-preview:-1\" \/>\n<link rel=\"canonical\" href=\"https:\/\/tecnidro.com\/es\/p\/valvula-de-control-de-caudal-im-qp3b\/\" \/>\n<meta property=\"og:locale\" content=\"es_ES\" \/>\n<meta property=\"og:type\" content=\"article\" \/>\n<meta property=\"og:title\" content=\"V\u00e1lvula de control de caudal IM-QP3B - Tecnidro\" \/>\n<meta property=\"og:description\" content=\"La v\u00e1lvula de control de caudal mod. IM-QP3B es una v\u00e1lvula de regulaci\u00f3n autom\u00e1tica dise\u00f1ada para limitar el caudal a un valor m\u00e1ximo preestablecido. Esta v\u00e1lvula es ideal para aplicaciones [...]\" \/>\n<meta property=\"og:url\" content=\"https:\/\/tecnidro.com\/es\/p\/valvula-de-control-de-caudal-im-qp3b\/\" \/>\n<meta property=\"og:site_name\" content=\"Tecnidro\" \/>\n<meta property=\"article:publisher\" content=\"https:\/\/www.facebook.com\/profile.php?id=100089971879186\" \/>\n<meta property=\"og:image\" content=\"https:\/\/tecnidro.com\/wp-content\/uploads\/2024\/10\/Valvola-Controllo-Portata-IM-QP3B.webp\" \/>\n\t<meta property=\"og:image:width\" content=\"1000\" \/>\n\t<meta property=\"og:image:height\" content=\"1000\" \/>\n\t<meta property=\"og:image:type\" content=\"image\/webp\" \/>\n<meta name=\"twitter:card\" content=\"summary_large_image\" \/>\n<meta name=\"twitter:label1\" content=\"Tiempo de lectura\" \/>\n\t<meta name=\"twitter:data1\" content=\"1 minuto\" \/>\n<script type=\"application\/ld+json\" class=\"yoast-schema-graph\">{\"@context\":\"https:\\\/\\\/schema.org\",\"@graph\":[{\"@type\":\"WebPage\",\"@id\":\"https:\\\/\\\/tecnidro.com\\\/es\\\/p\\\/valvula-de-control-de-caudal-im-qp3b\\\/\",\"url\":\"https:\\\/\\\/tecnidro.com\\\/es\\\/p\\\/valvula-de-control-de-caudal-im-qp3b\\\/\",\"name\":\"V\u00e1lvula de control de caudal IM-QP3B - Tecnidro\",\"isPartOf\":{\"@id\":\"https:\\\/\\\/tecnidro.com\\\/es\\\/#website\"},\"primaryImageOfPage\":{\"@id\":\"https:\\\/\\\/tecnidro.com\\\/es\\\/p\\\/valvula-de-control-de-caudal-im-qp3b\\\/#primaryimage\"},\"image\":{\"@id\":\"https:\\\/\\\/tecnidro.com\\\/es\\\/p\\\/valvula-de-control-de-caudal-im-qp3b\\\/#primaryimage\"},\"thumbnailUrl\":\"https:\\\/\\\/tecnidro.com\\\/wp-content\\\/uploads\\\/2024\\\/10\\\/Valvola-Controllo-Portata-IM-QP3B.webp\",\"datePublished\":\"2024-10-24T10:09:54+00:00\",\"breadcrumb\":{\"@id\":\"https:\\\/\\\/tecnidro.com\\\/es\\\/p\\\/valvula-de-control-de-caudal-im-qp3b\\\/#breadcrumb\"},\"inLanguage\":\"es\",\"potentialAction\":[{\"@type\":\"ReadAction\",\"target\":[\"https:\\\/\\\/tecnidro.com\\\/es\\\/p\\\/valvula-de-control-de-caudal-im-qp3b\\\/\"]}]},{\"@type\":\"ImageObject\",\"inLanguage\":\"es\",\"@id\":\"https:\\\/\\\/tecnidro.com\\\/es\\\/p\\\/valvula-de-control-de-caudal-im-qp3b\\\/#primaryimage\",\"url\":\"https:\\\/\\\/tecnidro.com\\\/wp-content\\\/uploads\\\/2024\\\/10\\\/Valvola-Controllo-Portata-IM-QP3B.webp\",\"contentUrl\":\"https:\\\/\\\/tecnidro.com\\\/wp-content\\\/uploads\\\/2024\\\/10\\\/Valvola-Controllo-Portata-IM-QP3B.webp\",\"width\":1000,\"height\":1000,\"caption\":\"Valvola Controllo Portata IM-QP3B\"},{\"@type\":\"BreadcrumbList\",\"@id\":\"https:\\\/\\\/tecnidro.com\\\/es\\\/p\\\/valvula-de-control-de-caudal-im-qp3b\\\/#breadcrumb\",\"itemListElement\":[{\"@type\":\"ListItem\",\"position\":1,\"name\":\"Home\",\"item\":\"https:\\\/\\\/tecnidro.com\\\/es\\\/\"},{\"@type\":\"ListItem\",\"position\":2,\"name\":\"Productos y soluciones\",\"item\":\"https:\\\/\\\/tecnidro.com\\\/es\\\/productos-y-soluciones\\\/\"},{\"@type\":\"ListItem\",\"position\":3,\"name\":\"V\u00e1lvula de control de caudal IM-QP3B\"}]},{\"@type\":\"WebSite\",\"@id\":\"https:\\\/\\\/tecnidro.com\\\/es\\\/#website\",\"url\":\"https:\\\/\\\/tecnidro.com\\\/es\\\/\",\"name\":\"Tecnidro\",\"description\":\"Valvole Idrauliche\",\"potentialAction\":[{\"@type\":\"SearchAction\",\"target\":{\"@type\":\"EntryPoint\",\"urlTemplate\":\"https:\\\/\\\/tecnidro.com\\\/es\\\/?s={search_term_string}\"},\"query-input\":{\"@type\":\"PropertyValueSpecification\",\"valueRequired\":true,\"valueName\":\"search_term_string\"}}],\"inLanguage\":\"es\"}]}<\/script>\n<!-- \/ Yoast SEO plugin. -->","yoast_head_json":{"title":"V\u00e1lvula de control de caudal IM-QP3B - Tecnidro","robots":{"index":"index","follow":"follow","max-snippet":"max-snippet:-1","max-image-preview":"max-image-preview:large","max-video-preview":"max-video-preview:-1"},"canonical":"https:\/\/tecnidro.com\/es\/p\/valvula-de-control-de-caudal-im-qp3b\/","og_locale":"es_ES","og_type":"article","og_title":"V\u00e1lvula de control de caudal IM-QP3B - Tecnidro","og_description":"La v\u00e1lvula de control de caudal mod. IM-QP3B es una v\u00e1lvula de regulaci\u00f3n autom\u00e1tica dise\u00f1ada para limitar el caudal a un valor m\u00e1ximo preestablecido. Esta v\u00e1lvula es ideal para aplicaciones [...]","og_url":"https:\/\/tecnidro.com\/es\/p\/valvula-de-control-de-caudal-im-qp3b\/","og_site_name":"Tecnidro","article_publisher":"https:\/\/www.facebook.com\/profile.php?id=100089971879186","og_image":[{"width":1000,"height":1000,"url":"https:\/\/tecnidro.com\/wp-content\/uploads\/2024\/10\/Valvola-Controllo-Portata-IM-QP3B.webp","type":"image\/webp"}],"twitter_card":"summary_large_image","twitter_misc":{"Tiempo de lectura":"1 minuto"},"schema":{"@context":"https:\/\/schema.org","@graph":[{"@type":"WebPage","@id":"https:\/\/tecnidro.com\/es\/p\/valvula-de-control-de-caudal-im-qp3b\/","url":"https:\/\/tecnidro.com\/es\/p\/valvula-de-control-de-caudal-im-qp3b\/","name":"V\u00e1lvula de control de caudal IM-QP3B - Tecnidro","isPartOf":{"@id":"https:\/\/tecnidro.com\/es\/#website"},"primaryImageOfPage":{"@id":"https:\/\/tecnidro.com\/es\/p\/valvula-de-control-de-caudal-im-qp3b\/#primaryimage"},"image":{"@id":"https:\/\/tecnidro.com\/es\/p\/valvula-de-control-de-caudal-im-qp3b\/#primaryimage"},"thumbnailUrl":"https:\/\/tecnidro.com\/wp-content\/uploads\/2024\/10\/Valvola-Controllo-Portata-IM-QP3B.webp","datePublished":"2024-10-24T10:09:54+00:00","breadcrumb":{"@id":"https:\/\/tecnidro.com\/es\/p\/valvula-de-control-de-caudal-im-qp3b\/#breadcrumb"},"inLanguage":"es","potentialAction":[{"@type":"ReadAction","target":["https:\/\/tecnidro.com\/es\/p\/valvula-de-control-de-caudal-im-qp3b\/"]}]},{"@type":"ImageObject","inLanguage":"es","@id":"https:\/\/tecnidro.com\/es\/p\/valvula-de-control-de-caudal-im-qp3b\/#primaryimage","url":"https:\/\/tecnidro.com\/wp-content\/uploads\/2024\/10\/Valvola-Controllo-Portata-IM-QP3B.webp","contentUrl":"https:\/\/tecnidro.com\/wp-content\/uploads\/2024\/10\/Valvola-Controllo-Portata-IM-QP3B.webp","width":1000,"height":1000,"caption":"Valvola Controllo Portata IM-QP3B"},{"@type":"BreadcrumbList","@id":"https:\/\/tecnidro.com\/es\/p\/valvula-de-control-de-caudal-im-qp3b\/#breadcrumb","itemListElement":[{"@type":"ListItem","position":1,"name":"Home","item":"https:\/\/tecnidro.com\/es\/"},{"@type":"ListItem","position":2,"name":"Productos y soluciones","item":"https:\/\/tecnidro.com\/es\/productos-y-soluciones\/"},{"@type":"ListItem","position":3,"name":"V\u00e1lvula de control de caudal IM-QP3B"}]},{"@type":"WebSite","@id":"https:\/\/tecnidro.com\/es\/#website","url":"https:\/\/tecnidro.com\/es\/","name":"Tecnidro","description":"Valvole Idrauliche","potentialAction":[{"@type":"SearchAction","target":{"@type":"EntryPoint","urlTemplate":"https:\/\/tecnidro.com\/es\/?s={search_term_string}"},"query-input":{"@type":"PropertyValueSpecification","valueRequired":true,"valueName":"search_term_string"}}],"inLanguage":"es"}]}},"_links":{"self":[{"href":"https:\/\/tecnidro.com\/es\/wp-json\/wp\/v2\/product\/5804","targetHints":{"allow":["GET"]}}],"collection":[{"href":"https:\/\/tecnidro.com\/es\/wp-json\/wp\/v2\/product"}],"about":[{"href":"https:\/\/tecnidro.com\/es\/wp-json\/wp\/v2\/types\/product"}],"replies":[{"embeddable":true,"href":"https:\/\/tecnidro.com\/es\/wp-json\/wp\/v2\/comments?post=5804"}],"wp:featuredmedia":[{"embeddable":true,"href":"https:\/\/tecnidro.com\/es\/wp-json\/wp\/v2\/media\/5805"}],"wp:attachment":[{"href":"https:\/\/tecnidro.com\/es\/wp-json\/wp\/v2\/media?parent=5804"}],"wp:term":[{"taxonomy":"product_brand","embeddable":true,"href":"https:\/\/tecnidro.com\/es\/wp-json\/wp\/v2\/product_brand?post=5804"},{"taxonomy":"product_cat","embeddable":true,"href":"https:\/\/tecnidro.com\/es\/wp-json\/wp\/v2\/product_cat?post=5804"},{"taxonomy":"product_tag","embeddable":true,"href":"https:\/\/tecnidro.com\/es\/wp-json\/wp\/v2\/product_tag?post=5804"}],"curies":[{"name":"wp","href":"https:\/\/api.w.org\/{rel}","templated":true}]}}