{"id":5808,"date":"2024-10-24T11:16:18","date_gmt":"2024-10-24T10:16:18","guid":{"rendered":"https:\/\/tecnidro.com\/p\/valvula-de-flotador-modulante-im-gal\/"},"modified":"2024-10-24T11:16:18","modified_gmt":"2024-10-24T10:16:18","slug":"valvula-de-flotador-modulante-im-gal","status":"publish","type":"product","link":"https:\/\/tecnidro.com\/es\/p\/valvula-de-flotador-modulante-im-gal\/","title":{"rendered":"V\u00e1lvula de flotador modulante IM-GAL"},"content":{"rendered":"<p>La  <strong>v\u00e1lvula de flotador modulante Mod. IM-GAL <\/strong>  es una v\u00e1lvula de control autom\u00e1tico dise\u00f1ada para mantener el nivel m\u00e1ximo de agua dentro de un dep\u00f3sito. Esta v\u00e1lvula funciona mediante un piloto de mando de flotador modulante, que regula la apertura o el cierre de la v\u00e1lvula en funci\u00f3n del nivel de agua en el dep\u00f3sito. <\/p>\n<p><strong>Especificaciones t\u00e9cnicas:<\/strong><\/p>\n<ul>\n<li><strong>Modelo de piloto:<\/strong> GAL<\/li>\n<li><strong>Tipo:<\/strong> 2 v\u00edas, modulante<\/li>\n<li><strong>Instalaci\u00f3n:<\/strong> Horizontal<\/li>\n<li><strong>Materiales:<\/strong>\n<ul>\n<li><strong>Cuerpo:<\/strong> Lat\u00f3n<\/li>\n<li><strong>Brazo:<\/strong> Acero inoxidable<\/li>\n<li><strong>Flotador:<\/strong> Polipropileno (PP)<\/li>\n<\/ul>\n<\/li>\n<li><strong>Conexiones:<\/strong>\n<ul>\n<li>\u00d81\/2\u201d H BSP (Versi\u00f3n est\u00e1ndar)<\/li>\n<li>\u00d83\/4\u201d H BSP (Versi\u00f3n opcional)<\/li>\n<\/ul>\n<\/li>\n<li><strong>Presi\u00f3n nominal:<\/strong> 16 bar<\/li>\n<\/ul>\n<p><strong>Principio de funcionamiento:<\/strong><\/p>\n<p>La v\u00e1lvula IM-GAL est\u00e1 controlada por un piloto de flotador modulante instalado dentro del dep\u00f3sito, mientras que la v\u00e1lvula se sit\u00faa en el exterior, a lo largo de la tuber\u00eda de llenado. Cuando el nivel de agua baja, el piloto descarga la c\u00e1mara de la v\u00e1lvula, que se abre progresivamente para llenar el dep\u00f3sito. Al alcanzar el nivel m\u00e1ximo, el flotador vuelve a la posici\u00f3n horizontal y cierra lentamente la v\u00e1lvula para evitar picos de presi\u00f3n.  <\/p>\n","protected":false},"excerpt":{"rendered":"<p>La v\u00e1lvula de flotador modulante Mod. IM-GAL es una v\u00e1lvula de control autom\u00e1tico dise\u00f1ada para mantener el nivel m\u00e1ximo de agua dentro de un dep\u00f3sito. Esta v\u00e1lvula funciona mediante un  [&#8230;]<\/p>\n","protected":false},"featured_media":5811,"comment_status":"closed","ping_status":"closed","template":"","meta":{"_acf_changed":false},"product_brand":[],"product_cat":[235,236],"product_tag":[],"class_list":{"0":"post-5808","1":"product","2":"type-product","3":"status-publish","4":"has-post-thumbnail","6":"product_cat-valvulas-de-diafragma-metalicas","7":"product_cat-valvulas-de-membrana-metalicas","9":"first","10":"instock","11":"shipping-taxable","12":"product-type-simple"},"acf":[],"yoast_head":"<!-- This site is optimized with the Yoast SEO plugin v27.3 - https:\/\/yoast.com\/product\/yoast-seo-wordpress\/ -->\n<title>V\u00e1lvula de flotador modulante IM-GAL - Tecnidro<\/title>\n<meta name=\"robots\" content=\"index, follow, max-snippet:-1, max-image-preview:large, max-video-preview:-1\" \/>\n<link rel=\"canonical\" href=\"https:\/\/tecnidro.com\/es\/p\/valvula-de-flotador-modulante-im-gal\/\" \/>\n<meta property=\"og:locale\" content=\"es_ES\" \/>\n<meta property=\"og:type\" content=\"article\" \/>\n<meta property=\"og:title\" content=\"V\u00e1lvula de flotador modulante IM-GAL - Tecnidro\" \/>\n<meta property=\"og:description\" content=\"La v\u00e1lvula de flotador modulante Mod. IM-GAL es una v\u00e1lvula de control autom\u00e1tico dise\u00f1ada para mantener el nivel m\u00e1ximo de agua dentro de un dep\u00f3sito. Esta v\u00e1lvula funciona mediante un [...]\" \/>\n<meta property=\"og:url\" content=\"https:\/\/tecnidro.com\/es\/p\/valvula-de-flotador-modulante-im-gal\/\" \/>\n<meta property=\"og:site_name\" content=\"Tecnidro\" \/>\n<meta property=\"article:publisher\" content=\"https:\/\/www.facebook.com\/profile.php?id=100089971879186\" \/>\n<meta property=\"og:image\" content=\"https:\/\/tecnidro.com\/wp-content\/uploads\/2024\/10\/Valvola-Galleggiante-Modulante-IM-GAL.webp\" \/>\n\t<meta property=\"og:image:width\" content=\"1000\" \/>\n\t<meta property=\"og:image:height\" content=\"1000\" \/>\n\t<meta property=\"og:image:type\" content=\"image\/webp\" \/>\n<meta name=\"twitter:card\" content=\"summary_large_image\" \/>\n<meta name=\"twitter:label1\" content=\"Tiempo de lectura\" \/>\n\t<meta name=\"twitter:data1\" content=\"1 minuto\" \/>\n<script type=\"application\/ld+json\" class=\"yoast-schema-graph\">{\"@context\":\"https:\\\/\\\/schema.org\",\"@graph\":[{\"@type\":\"WebPage\",\"@id\":\"https:\\\/\\\/tecnidro.com\\\/es\\\/p\\\/valvula-de-flotador-modulante-im-gal\\\/\",\"url\":\"https:\\\/\\\/tecnidro.com\\\/es\\\/p\\\/valvula-de-flotador-modulante-im-gal\\\/\",\"name\":\"V\u00e1lvula de flotador modulante IM-GAL - Tecnidro\",\"isPartOf\":{\"@id\":\"https:\\\/\\\/tecnidro.com\\\/es\\\/#website\"},\"primaryImageOfPage\":{\"@id\":\"https:\\\/\\\/tecnidro.com\\\/es\\\/p\\\/valvula-de-flotador-modulante-im-gal\\\/#primaryimage\"},\"image\":{\"@id\":\"https:\\\/\\\/tecnidro.com\\\/es\\\/p\\\/valvula-de-flotador-modulante-im-gal\\\/#primaryimage\"},\"thumbnailUrl\":\"https:\\\/\\\/tecnidro.com\\\/wp-content\\\/uploads\\\/2024\\\/10\\\/Valvola-Galleggiante-Modulante-IM-GAL.webp\",\"datePublished\":\"2024-10-24T10:16:18+00:00\",\"breadcrumb\":{\"@id\":\"https:\\\/\\\/tecnidro.com\\\/es\\\/p\\\/valvula-de-flotador-modulante-im-gal\\\/#breadcrumb\"},\"inLanguage\":\"es\",\"potentialAction\":[{\"@type\":\"ReadAction\",\"target\":[\"https:\\\/\\\/tecnidro.com\\\/es\\\/p\\\/valvula-de-flotador-modulante-im-gal\\\/\"]}]},{\"@type\":\"ImageObject\",\"inLanguage\":\"es\",\"@id\":\"https:\\\/\\\/tecnidro.com\\\/es\\\/p\\\/valvula-de-flotador-modulante-im-gal\\\/#primaryimage\",\"url\":\"https:\\\/\\\/tecnidro.com\\\/wp-content\\\/uploads\\\/2024\\\/10\\\/Valvola-Galleggiante-Modulante-IM-GAL.webp\",\"contentUrl\":\"https:\\\/\\\/tecnidro.com\\\/wp-content\\\/uploads\\\/2024\\\/10\\\/Valvola-Galleggiante-Modulante-IM-GAL.webp\",\"width\":1000,\"height\":1000,\"caption\":\"Valvola Galleggiante Modulante IM-GAL\"},{\"@type\":\"BreadcrumbList\",\"@id\":\"https:\\\/\\\/tecnidro.com\\\/es\\\/p\\\/valvula-de-flotador-modulante-im-gal\\\/#breadcrumb\",\"itemListElement\":[{\"@type\":\"ListItem\",\"position\":1,\"name\":\"Home\",\"item\":\"https:\\\/\\\/tecnidro.com\\\/es\\\/\"},{\"@type\":\"ListItem\",\"position\":2,\"name\":\"Productos y soluciones\",\"item\":\"https:\\\/\\\/tecnidro.com\\\/es\\\/productos-y-soluciones\\\/\"},{\"@type\":\"ListItem\",\"position\":3,\"name\":\"V\u00e1lvula de flotador modulante IM-GAL\"}]},{\"@type\":\"WebSite\",\"@id\":\"https:\\\/\\\/tecnidro.com\\\/es\\\/#website\",\"url\":\"https:\\\/\\\/tecnidro.com\\\/es\\\/\",\"name\":\"Tecnidro\",\"description\":\"Valvole Idrauliche\",\"potentialAction\":[{\"@type\":\"SearchAction\",\"target\":{\"@type\":\"EntryPoint\",\"urlTemplate\":\"https:\\\/\\\/tecnidro.com\\\/es\\\/?s={search_term_string}\"},\"query-input\":{\"@type\":\"PropertyValueSpecification\",\"valueRequired\":true,\"valueName\":\"search_term_string\"}}],\"inLanguage\":\"es\"}]}<\/script>\n<!-- \/ Yoast SEO plugin. -->","yoast_head_json":{"title":"V\u00e1lvula de flotador modulante IM-GAL - Tecnidro","robots":{"index":"index","follow":"follow","max-snippet":"max-snippet:-1","max-image-preview":"max-image-preview:large","max-video-preview":"max-video-preview:-1"},"canonical":"https:\/\/tecnidro.com\/es\/p\/valvula-de-flotador-modulante-im-gal\/","og_locale":"es_ES","og_type":"article","og_title":"V\u00e1lvula de flotador modulante IM-GAL - Tecnidro","og_description":"La v\u00e1lvula de flotador modulante Mod. IM-GAL es una v\u00e1lvula de control autom\u00e1tico dise\u00f1ada para mantener el nivel m\u00e1ximo de agua dentro de un dep\u00f3sito. Esta v\u00e1lvula funciona mediante un [...]","og_url":"https:\/\/tecnidro.com\/es\/p\/valvula-de-flotador-modulante-im-gal\/","og_site_name":"Tecnidro","article_publisher":"https:\/\/www.facebook.com\/profile.php?id=100089971879186","og_image":[{"width":1000,"height":1000,"url":"https:\/\/tecnidro.com\/wp-content\/uploads\/2024\/10\/Valvola-Galleggiante-Modulante-IM-GAL.webp","type":"image\/webp"}],"twitter_card":"summary_large_image","twitter_misc":{"Tiempo de lectura":"1 minuto"},"schema":{"@context":"https:\/\/schema.org","@graph":[{"@type":"WebPage","@id":"https:\/\/tecnidro.com\/es\/p\/valvula-de-flotador-modulante-im-gal\/","url":"https:\/\/tecnidro.com\/es\/p\/valvula-de-flotador-modulante-im-gal\/","name":"V\u00e1lvula de flotador modulante IM-GAL - Tecnidro","isPartOf":{"@id":"https:\/\/tecnidro.com\/es\/#website"},"primaryImageOfPage":{"@id":"https:\/\/tecnidro.com\/es\/p\/valvula-de-flotador-modulante-im-gal\/#primaryimage"},"image":{"@id":"https:\/\/tecnidro.com\/es\/p\/valvula-de-flotador-modulante-im-gal\/#primaryimage"},"thumbnailUrl":"https:\/\/tecnidro.com\/wp-content\/uploads\/2024\/10\/Valvola-Galleggiante-Modulante-IM-GAL.webp","datePublished":"2024-10-24T10:16:18+00:00","breadcrumb":{"@id":"https:\/\/tecnidro.com\/es\/p\/valvula-de-flotador-modulante-im-gal\/#breadcrumb"},"inLanguage":"es","potentialAction":[{"@type":"ReadAction","target":["https:\/\/tecnidro.com\/es\/p\/valvula-de-flotador-modulante-im-gal\/"]}]},{"@type":"ImageObject","inLanguage":"es","@id":"https:\/\/tecnidro.com\/es\/p\/valvula-de-flotador-modulante-im-gal\/#primaryimage","url":"https:\/\/tecnidro.com\/wp-content\/uploads\/2024\/10\/Valvola-Galleggiante-Modulante-IM-GAL.webp","contentUrl":"https:\/\/tecnidro.com\/wp-content\/uploads\/2024\/10\/Valvola-Galleggiante-Modulante-IM-GAL.webp","width":1000,"height":1000,"caption":"Valvola Galleggiante Modulante IM-GAL"},{"@type":"BreadcrumbList","@id":"https:\/\/tecnidro.com\/es\/p\/valvula-de-flotador-modulante-im-gal\/#breadcrumb","itemListElement":[{"@type":"ListItem","position":1,"name":"Home","item":"https:\/\/tecnidro.com\/es\/"},{"@type":"ListItem","position":2,"name":"Productos y soluciones","item":"https:\/\/tecnidro.com\/es\/productos-y-soluciones\/"},{"@type":"ListItem","position":3,"name":"V\u00e1lvula de flotador modulante IM-GAL"}]},{"@type":"WebSite","@id":"https:\/\/tecnidro.com\/es\/#website","url":"https:\/\/tecnidro.com\/es\/","name":"Tecnidro","description":"Valvole Idrauliche","potentialAction":[{"@type":"SearchAction","target":{"@type":"EntryPoint","urlTemplate":"https:\/\/tecnidro.com\/es\/?s={search_term_string}"},"query-input":{"@type":"PropertyValueSpecification","valueRequired":true,"valueName":"search_term_string"}}],"inLanguage":"es"}]}},"_links":{"self":[{"href":"https:\/\/tecnidro.com\/es\/wp-json\/wp\/v2\/product\/5808","targetHints":{"allow":["GET"]}}],"collection":[{"href":"https:\/\/tecnidro.com\/es\/wp-json\/wp\/v2\/product"}],"about":[{"href":"https:\/\/tecnidro.com\/es\/wp-json\/wp\/v2\/types\/product"}],"replies":[{"embeddable":true,"href":"https:\/\/tecnidro.com\/es\/wp-json\/wp\/v2\/comments?post=5808"}],"wp:featuredmedia":[{"embeddable":true,"href":"https:\/\/tecnidro.com\/es\/wp-json\/wp\/v2\/media\/5811"}],"wp:attachment":[{"href":"https:\/\/tecnidro.com\/es\/wp-json\/wp\/v2\/media?parent=5808"}],"wp:term":[{"taxonomy":"product_brand","embeddable":true,"href":"https:\/\/tecnidro.com\/es\/wp-json\/wp\/v2\/product_brand?post=5808"},{"taxonomy":"product_cat","embeddable":true,"href":"https:\/\/tecnidro.com\/es\/wp-json\/wp\/v2\/product_cat?post=5808"},{"taxonomy":"product_tag","embeddable":true,"href":"https:\/\/tecnidro.com\/es\/wp-json\/wp\/v2\/product_tag?post=5808"}],"curies":[{"name":"wp","href":"https:\/\/api.w.org\/{rel}","templated":true}]}}