{"id":5812,"date":"2024-10-24T11:24:39","date_gmt":"2024-10-24T10:24:39","guid":{"rendered":"https:\/\/tecnidro.com\/p\/valvula-de-flotador-diferencial-im-gad\/"},"modified":"2024-10-24T11:24:39","modified_gmt":"2024-10-24T10:24:39","slug":"valvula-de-flotador-diferencial-im-gad","status":"publish","type":"product","link":"https:\/\/tecnidro.com\/es\/p\/valvula-de-flotador-diferencial-im-gad\/","title":{"rendered":"V\u00e1lvula de Flotador Diferencial IM-GAD"},"content":{"rendered":"<p>La  <strong>v\u00e1lvula de flotador diferencial Mod. IM-GAD <\/strong>  es una v\u00e1lvula de control autom\u00e1tica dise\u00f1ada para mantener el nivel del agua en un dep\u00f3sito dentro de un intervalo predefinido entre un valor m\u00e1ximo y un valor m\u00ednimo. Esta v\u00e1lvula es ideal para aplicaciones que requieren el llenado autom\u00e1tico del dep\u00f3sito con una gesti\u00f3n precisa del nivel. <\/p>\n<p><strong>Especificaciones T\u00e9cnicas:<\/strong><\/p>\n<ul>\n<li><strong>Modelos Disponibles:<\/strong>\n<ul>\n<li><strong>IM-GAD1:<\/strong> Instalaci\u00f3n horizontal, nivel de 0 \u00f7 0,5 metros<\/li>\n<li><strong>IM-GAD2:<\/strong> Instalaci\u00f3n horizontal, nivel de 0 \u00f7 1,2 metros<\/li>\n<\/ul>\n<\/li>\n<li><strong>Tipo de V\u00e1lvula:<\/strong> 3 v\u00edas, diferencial<\/li>\n<li><strong>Materiales:<\/strong>\n<ul>\n<li><strong>Cuerpo:<\/strong> Lat\u00f3n<\/li>\n<li><strong>V\u00e1stago del pist\u00f3n:<\/strong> Acero inoxidable<\/li>\n<li><strong>Esfera:<\/strong> Polipropileno (PP)<\/li>\n<\/ul>\n<\/li>\n<li><strong>Conexiones:<\/strong> \u00d81\/8&#8243; F BSP<\/li>\n<li><strong>Presi\u00f3n Nominal:<\/strong> 16 bar<\/li>\n<\/ul>\n<p><strong>Principio de Funcionamiento:<\/strong><\/p>\n<p>La v\u00e1lvula IM-GAD est\u00e1 accionada por un flotador diferencial de 3 v\u00edas (Mod. GAD1 o GAD2) que, en funci\u00f3n del nivel del agua en el dep\u00f3sito, provoca la apertura o el cierre de la v\u00e1lvula. Cuando el nivel del agua desciende por debajo del m\u00ednimo establecido, el flotador abre la v\u00e1lvula para permitir el llenado. Una vez alcanzado el nivel m\u00e1ximo, el flotador vuelve a la posici\u00f3n horizontal y cierra completamente la v\u00e1lvula.  <\/p>\n","protected":false},"excerpt":{"rendered":"<p>La v\u00e1lvula de flotador diferencial Mod. IM-GAD es una v\u00e1lvula de control autom\u00e1tica dise\u00f1ada para mantener el nivel del agua en un dep\u00f3sito dentro de un intervalo predefinido entre un  [&#8230;]<\/p>\n","protected":false},"featured_media":5813,"comment_status":"closed","ping_status":"closed","template":"","meta":{"_acf_changed":false},"product_brand":[],"product_cat":[235,236],"product_tag":[],"class_list":{"0":"post-5812","1":"product","2":"type-product","3":"status-publish","4":"has-post-thumbnail","6":"product_cat-valvulas-de-diafragma-metalicas","7":"product_cat-valvulas-de-membrana-metalicas","9":"first","10":"instock","11":"shipping-taxable","12":"product-type-simple"},"acf":[],"yoast_head":"<!-- This site is optimized with the Yoast SEO plugin v27.3 - https:\/\/yoast.com\/product\/yoast-seo-wordpress\/ -->\n<title>V\u00e1lvula de Flotador Diferencial IM-GAD - Tecnidro<\/title>\n<meta name=\"robots\" content=\"index, follow, max-snippet:-1, max-image-preview:large, max-video-preview:-1\" \/>\n<link rel=\"canonical\" href=\"https:\/\/tecnidro.com\/es\/p\/valvula-de-flotador-diferencial-im-gad\/\" \/>\n<meta property=\"og:locale\" content=\"es_ES\" \/>\n<meta property=\"og:type\" content=\"article\" \/>\n<meta property=\"og:title\" content=\"V\u00e1lvula de Flotador Diferencial IM-GAD - Tecnidro\" \/>\n<meta property=\"og:description\" content=\"La v\u00e1lvula de flotador diferencial Mod. IM-GAD es una v\u00e1lvula de control autom\u00e1tica dise\u00f1ada para mantener el nivel del agua en un dep\u00f3sito dentro de un intervalo predefinido entre un [...]\" \/>\n<meta property=\"og:url\" content=\"https:\/\/tecnidro.com\/es\/p\/valvula-de-flotador-diferencial-im-gad\/\" \/>\n<meta property=\"og:site_name\" content=\"Tecnidro\" \/>\n<meta property=\"article:publisher\" content=\"https:\/\/www.facebook.com\/profile.php?id=100089971879186\" \/>\n<meta property=\"og:image\" content=\"https:\/\/tecnidro.com\/wp-content\/uploads\/2024\/10\/Valvola-Galleggiante-Differenziale-IM-GAD.webp\" \/>\n\t<meta property=\"og:image:width\" content=\"1000\" \/>\n\t<meta property=\"og:image:height\" content=\"1000\" \/>\n\t<meta property=\"og:image:type\" content=\"image\/webp\" \/>\n<meta name=\"twitter:card\" content=\"summary_large_image\" \/>\n<meta name=\"twitter:label1\" content=\"Tiempo de lectura\" \/>\n\t<meta name=\"twitter:data1\" content=\"1 minuto\" \/>\n<script type=\"application\/ld+json\" class=\"yoast-schema-graph\">{\"@context\":\"https:\\\/\\\/schema.org\",\"@graph\":[{\"@type\":\"WebPage\",\"@id\":\"https:\\\/\\\/tecnidro.com\\\/es\\\/p\\\/valvula-de-flotador-diferencial-im-gad\\\/\",\"url\":\"https:\\\/\\\/tecnidro.com\\\/es\\\/p\\\/valvula-de-flotador-diferencial-im-gad\\\/\",\"name\":\"V\u00e1lvula de Flotador Diferencial IM-GAD - Tecnidro\",\"isPartOf\":{\"@id\":\"https:\\\/\\\/tecnidro.com\\\/es\\\/#website\"},\"primaryImageOfPage\":{\"@id\":\"https:\\\/\\\/tecnidro.com\\\/es\\\/p\\\/valvula-de-flotador-diferencial-im-gad\\\/#primaryimage\"},\"image\":{\"@id\":\"https:\\\/\\\/tecnidro.com\\\/es\\\/p\\\/valvula-de-flotador-diferencial-im-gad\\\/#primaryimage\"},\"thumbnailUrl\":\"https:\\\/\\\/tecnidro.com\\\/wp-content\\\/uploads\\\/2024\\\/10\\\/Valvola-Galleggiante-Differenziale-IM-GAD.webp\",\"datePublished\":\"2024-10-24T10:24:39+00:00\",\"breadcrumb\":{\"@id\":\"https:\\\/\\\/tecnidro.com\\\/es\\\/p\\\/valvula-de-flotador-diferencial-im-gad\\\/#breadcrumb\"},\"inLanguage\":\"es\",\"potentialAction\":[{\"@type\":\"ReadAction\",\"target\":[\"https:\\\/\\\/tecnidro.com\\\/es\\\/p\\\/valvula-de-flotador-diferencial-im-gad\\\/\"]}]},{\"@type\":\"ImageObject\",\"inLanguage\":\"es\",\"@id\":\"https:\\\/\\\/tecnidro.com\\\/es\\\/p\\\/valvula-de-flotador-diferencial-im-gad\\\/#primaryimage\",\"url\":\"https:\\\/\\\/tecnidro.com\\\/wp-content\\\/uploads\\\/2024\\\/10\\\/Valvola-Galleggiante-Differenziale-IM-GAD.webp\",\"contentUrl\":\"https:\\\/\\\/tecnidro.com\\\/wp-content\\\/uploads\\\/2024\\\/10\\\/Valvola-Galleggiante-Differenziale-IM-GAD.webp\",\"width\":1000,\"height\":1000,\"caption\":\"Valvola Galleggiante Differenziale IM-GAD\"},{\"@type\":\"BreadcrumbList\",\"@id\":\"https:\\\/\\\/tecnidro.com\\\/es\\\/p\\\/valvula-de-flotador-diferencial-im-gad\\\/#breadcrumb\",\"itemListElement\":[{\"@type\":\"ListItem\",\"position\":1,\"name\":\"Home\",\"item\":\"https:\\\/\\\/tecnidro.com\\\/es\\\/\"},{\"@type\":\"ListItem\",\"position\":2,\"name\":\"Productos y soluciones\",\"item\":\"https:\\\/\\\/tecnidro.com\\\/es\\\/productos-y-soluciones\\\/\"},{\"@type\":\"ListItem\",\"position\":3,\"name\":\"V\u00e1lvula de Flotador Diferencial IM-GAD\"}]},{\"@type\":\"WebSite\",\"@id\":\"https:\\\/\\\/tecnidro.com\\\/es\\\/#website\",\"url\":\"https:\\\/\\\/tecnidro.com\\\/es\\\/\",\"name\":\"Tecnidro\",\"description\":\"Valvole Idrauliche\",\"potentialAction\":[{\"@type\":\"SearchAction\",\"target\":{\"@type\":\"EntryPoint\",\"urlTemplate\":\"https:\\\/\\\/tecnidro.com\\\/es\\\/?s={search_term_string}\"},\"query-input\":{\"@type\":\"PropertyValueSpecification\",\"valueRequired\":true,\"valueName\":\"search_term_string\"}}],\"inLanguage\":\"es\"}]}<\/script>\n<!-- \/ Yoast SEO plugin. -->","yoast_head_json":{"title":"V\u00e1lvula de Flotador Diferencial IM-GAD - Tecnidro","robots":{"index":"index","follow":"follow","max-snippet":"max-snippet:-1","max-image-preview":"max-image-preview:large","max-video-preview":"max-video-preview:-1"},"canonical":"https:\/\/tecnidro.com\/es\/p\/valvula-de-flotador-diferencial-im-gad\/","og_locale":"es_ES","og_type":"article","og_title":"V\u00e1lvula de Flotador Diferencial IM-GAD - Tecnidro","og_description":"La v\u00e1lvula de flotador diferencial Mod. IM-GAD es una v\u00e1lvula de control autom\u00e1tica dise\u00f1ada para mantener el nivel del agua en un dep\u00f3sito dentro de un intervalo predefinido entre un [...]","og_url":"https:\/\/tecnidro.com\/es\/p\/valvula-de-flotador-diferencial-im-gad\/","og_site_name":"Tecnidro","article_publisher":"https:\/\/www.facebook.com\/profile.php?id=100089971879186","og_image":[{"width":1000,"height":1000,"url":"https:\/\/tecnidro.com\/wp-content\/uploads\/2024\/10\/Valvola-Galleggiante-Differenziale-IM-GAD.webp","type":"image\/webp"}],"twitter_card":"summary_large_image","twitter_misc":{"Tiempo de lectura":"1 minuto"},"schema":{"@context":"https:\/\/schema.org","@graph":[{"@type":"WebPage","@id":"https:\/\/tecnidro.com\/es\/p\/valvula-de-flotador-diferencial-im-gad\/","url":"https:\/\/tecnidro.com\/es\/p\/valvula-de-flotador-diferencial-im-gad\/","name":"V\u00e1lvula de Flotador Diferencial IM-GAD - Tecnidro","isPartOf":{"@id":"https:\/\/tecnidro.com\/es\/#website"},"primaryImageOfPage":{"@id":"https:\/\/tecnidro.com\/es\/p\/valvula-de-flotador-diferencial-im-gad\/#primaryimage"},"image":{"@id":"https:\/\/tecnidro.com\/es\/p\/valvula-de-flotador-diferencial-im-gad\/#primaryimage"},"thumbnailUrl":"https:\/\/tecnidro.com\/wp-content\/uploads\/2024\/10\/Valvola-Galleggiante-Differenziale-IM-GAD.webp","datePublished":"2024-10-24T10:24:39+00:00","breadcrumb":{"@id":"https:\/\/tecnidro.com\/es\/p\/valvula-de-flotador-diferencial-im-gad\/#breadcrumb"},"inLanguage":"es","potentialAction":[{"@type":"ReadAction","target":["https:\/\/tecnidro.com\/es\/p\/valvula-de-flotador-diferencial-im-gad\/"]}]},{"@type":"ImageObject","inLanguage":"es","@id":"https:\/\/tecnidro.com\/es\/p\/valvula-de-flotador-diferencial-im-gad\/#primaryimage","url":"https:\/\/tecnidro.com\/wp-content\/uploads\/2024\/10\/Valvola-Galleggiante-Differenziale-IM-GAD.webp","contentUrl":"https:\/\/tecnidro.com\/wp-content\/uploads\/2024\/10\/Valvola-Galleggiante-Differenziale-IM-GAD.webp","width":1000,"height":1000,"caption":"Valvola Galleggiante Differenziale IM-GAD"},{"@type":"BreadcrumbList","@id":"https:\/\/tecnidro.com\/es\/p\/valvula-de-flotador-diferencial-im-gad\/#breadcrumb","itemListElement":[{"@type":"ListItem","position":1,"name":"Home","item":"https:\/\/tecnidro.com\/es\/"},{"@type":"ListItem","position":2,"name":"Productos y soluciones","item":"https:\/\/tecnidro.com\/es\/productos-y-soluciones\/"},{"@type":"ListItem","position":3,"name":"V\u00e1lvula de Flotador Diferencial IM-GAD"}]},{"@type":"WebSite","@id":"https:\/\/tecnidro.com\/es\/#website","url":"https:\/\/tecnidro.com\/es\/","name":"Tecnidro","description":"Valvole Idrauliche","potentialAction":[{"@type":"SearchAction","target":{"@type":"EntryPoint","urlTemplate":"https:\/\/tecnidro.com\/es\/?s={search_term_string}"},"query-input":{"@type":"PropertyValueSpecification","valueRequired":true,"valueName":"search_term_string"}}],"inLanguage":"es"}]}},"_links":{"self":[{"href":"https:\/\/tecnidro.com\/es\/wp-json\/wp\/v2\/product\/5812","targetHints":{"allow":["GET"]}}],"collection":[{"href":"https:\/\/tecnidro.com\/es\/wp-json\/wp\/v2\/product"}],"about":[{"href":"https:\/\/tecnidro.com\/es\/wp-json\/wp\/v2\/types\/product"}],"replies":[{"embeddable":true,"href":"https:\/\/tecnidro.com\/es\/wp-json\/wp\/v2\/comments?post=5812"}],"wp:featuredmedia":[{"embeddable":true,"href":"https:\/\/tecnidro.com\/es\/wp-json\/wp\/v2\/media\/5813"}],"wp:attachment":[{"href":"https:\/\/tecnidro.com\/es\/wp-json\/wp\/v2\/media?parent=5812"}],"wp:term":[{"taxonomy":"product_brand","embeddable":true,"href":"https:\/\/tecnidro.com\/es\/wp-json\/wp\/v2\/product_brand?post=5812"},{"taxonomy":"product_cat","embeddable":true,"href":"https:\/\/tecnidro.com\/es\/wp-json\/wp\/v2\/product_cat?post=5812"},{"taxonomy":"product_tag","embeddable":true,"href":"https:\/\/tecnidro.com\/es\/wp-json\/wp\/v2\/product_tag?post=5812"}],"curies":[{"name":"wp","href":"https:\/\/api.w.org\/{rel}","templated":true}]}}