{"id":5832,"date":"2023-11-29T09:09:33","date_gmt":"2023-11-29T09:09:33","guid":{"rendered":"https:\/\/tecnidro.com\/p\/valvula-hydromodul-c-de-alivio-rapido\/"},"modified":"2023-11-29T09:09:33","modified_gmt":"2023-11-29T08:09:33","slug":"valvula-hydromodul-c-de-alivio-rapido","status":"publish","type":"product","link":"https:\/\/tecnidro.com\/es\/p\/valvula-hydromodul-c-de-alivio-rapido\/","title":{"rendered":"V\u00e1lvula Hydromodul-C de alivio r\u00e1pido"},"content":{"rendered":"<p class=\"p1\">La v\u00e1lvula de alivio r\u00e1pido es una v\u00e1lvula de seguridad, de control hidr\u00e1ulico y accionada por membrana, dise\u00f1ada para abrirse cuando la presi\u00f3n monitorizada es superior al valor ajustable del piloto de control. La funci\u00f3n de alivio de la v\u00e1lvula est\u00e1 controlada por un piloto de alivio r\u00e1pido montado externamente, dise\u00f1ado para abrirse cuando la presi\u00f3n aguas arriba es superior al valor establecido y cerrarse cuando la presi\u00f3n aguas arriba es inferior al valor establecido. La v\u00e1lvula de alivio r\u00e1pido se caracteriza por un cierre<br \/>\nlento para evitar golpes de ariete.  <\/p>\n","protected":false},"excerpt":{"rendered":"<p>La v\u00e1lvula de alivio r\u00e1pido es una v\u00e1lvula de seguridad, de control hidr\u00e1ulico y accionada por membrana, dise\u00f1ada para abrirse cuando la presi\u00f3n monitorizada es superior al valor ajustable del  [&#8230;]<\/p>\n","protected":false},"featured_media":5835,"comment_status":"closed","ping_status":"closed","template":"","meta":{"_acf_changed":false},"product_brand":[],"product_cat":[215,214,216,225],"product_tag":[],"class_list":{"0":"post-5832","1":"product","2":"type-product","3":"status-publish","4":"has-post-thumbnail","6":"product_cat-abastecimiento-de-agua-e-industria","7":"product_cat-riego","8":"product_cat-valvulas-hidraulicas-hydromodul-c","9":"product_cat-valvulas-hidraulicas-hydromodul-c-2","11":"first","12":"instock","13":"shipping-taxable","14":"product-type-simple"},"acf":[],"yoast_head":"<!-- This site is optimized with the Yoast SEO plugin v27.3 - https:\/\/yoast.com\/product\/yoast-seo-wordpress\/ -->\n<title>V\u00e1lvula Hydromodul-C de alivio r\u00e1pido - Tecnidro<\/title>\n<meta name=\"robots\" content=\"index, follow, max-snippet:-1, max-image-preview:large, max-video-preview:-1\" \/>\n<link rel=\"canonical\" href=\"https:\/\/tecnidro.com\/es\/p\/valvula-hydromodul-c-de-alivio-rapido\/\" \/>\n<meta property=\"og:locale\" content=\"es_ES\" \/>\n<meta property=\"og:type\" content=\"article\" \/>\n<meta property=\"og:title\" content=\"V\u00e1lvula Hydromodul-C de alivio r\u00e1pido - Tecnidro\" \/>\n<meta property=\"og:description\" content=\"La v\u00e1lvula de alivio r\u00e1pido es una v\u00e1lvula de seguridad, de control hidr\u00e1ulico y accionada por membrana, dise\u00f1ada para abrirse cuando la presi\u00f3n monitorizada es superior al valor ajustable del [...]\" \/>\n<meta property=\"og:url\" content=\"https:\/\/tecnidro.com\/es\/p\/valvula-hydromodul-c-de-alivio-rapido\/\" \/>\n<meta property=\"og:site_name\" content=\"Tecnidro\" \/>\n<meta property=\"article:publisher\" content=\"https:\/\/www.facebook.com\/profile.php?id=100089971879186\" \/>\n<meta property=\"og:image\" content=\"https:\/\/tecnidro.com\/wp-content\/uploads\/2023\/11\/Valvola-Hydromodul-C-di-Scarico-Rapido.webp\" \/>\n\t<meta property=\"og:image:width\" content=\"916\" \/>\n\t<meta property=\"og:image:height\" content=\"916\" \/>\n\t<meta property=\"og:image:type\" content=\"image\/webp\" \/>\n<meta name=\"twitter:card\" content=\"summary_large_image\" \/>\n<meta name=\"twitter:label1\" content=\"Tiempo de lectura\" \/>\n\t<meta name=\"twitter:data1\" content=\"1 minuto\" \/>\n<script type=\"application\/ld+json\" class=\"yoast-schema-graph\">{\"@context\":\"https:\\\/\\\/schema.org\",\"@graph\":[{\"@type\":\"WebPage\",\"@id\":\"https:\\\/\\\/tecnidro.com\\\/es\\\/p\\\/valvula-hydromodul-c-de-alivio-rapido\\\/\",\"url\":\"https:\\\/\\\/tecnidro.com\\\/es\\\/p\\\/valvula-hydromodul-c-de-alivio-rapido\\\/\",\"name\":\"V\u00e1lvula Hydromodul-C de alivio r\u00e1pido - Tecnidro\",\"isPartOf\":{\"@id\":\"https:\\\/\\\/tecnidro.com\\\/es\\\/#website\"},\"primaryImageOfPage\":{\"@id\":\"https:\\\/\\\/tecnidro.com\\\/es\\\/p\\\/valvula-hydromodul-c-de-alivio-rapido\\\/#primaryimage\"},\"image\":{\"@id\":\"https:\\\/\\\/tecnidro.com\\\/es\\\/p\\\/valvula-hydromodul-c-de-alivio-rapido\\\/#primaryimage\"},\"thumbnailUrl\":\"https:\\\/\\\/tecnidro.com\\\/wp-content\\\/uploads\\\/2023\\\/11\\\/Valvola-Hydromodul-C-di-Scarico-Rapido.webp\",\"datePublished\":\"2023-11-29T09:09:33+00:00\",\"breadcrumb\":{\"@id\":\"https:\\\/\\\/tecnidro.com\\\/es\\\/p\\\/valvula-hydromodul-c-de-alivio-rapido\\\/#breadcrumb\"},\"inLanguage\":\"es\",\"potentialAction\":[{\"@type\":\"ReadAction\",\"target\":[\"https:\\\/\\\/tecnidro.com\\\/es\\\/p\\\/valvula-hydromodul-c-de-alivio-rapido\\\/\"]}]},{\"@type\":\"ImageObject\",\"inLanguage\":\"es\",\"@id\":\"https:\\\/\\\/tecnidro.com\\\/es\\\/p\\\/valvula-hydromodul-c-de-alivio-rapido\\\/#primaryimage\",\"url\":\"https:\\\/\\\/tecnidro.com\\\/wp-content\\\/uploads\\\/2023\\\/11\\\/Valvola-Hydromodul-C-di-Scarico-Rapido.webp\",\"contentUrl\":\"https:\\\/\\\/tecnidro.com\\\/wp-content\\\/uploads\\\/2023\\\/11\\\/Valvola-Hydromodul-C-di-Scarico-Rapido.webp\",\"width\":916,\"height\":916,\"caption\":\"Valvola Hydromodul-C di Scarico Rapido\"},{\"@type\":\"BreadcrumbList\",\"@id\":\"https:\\\/\\\/tecnidro.com\\\/es\\\/p\\\/valvula-hydromodul-c-de-alivio-rapido\\\/#breadcrumb\",\"itemListElement\":[{\"@type\":\"ListItem\",\"position\":1,\"name\":\"Home\",\"item\":\"https:\\\/\\\/tecnidro.com\\\/es\\\/\"},{\"@type\":\"ListItem\",\"position\":2,\"name\":\"Productos y soluciones\",\"item\":\"https:\\\/\\\/tecnidro.com\\\/es\\\/productos-y-soluciones\\\/\"},{\"@type\":\"ListItem\",\"position\":3,\"name\":\"V\u00e1lvula Hydromodul-C de alivio r\u00e1pido\"}]},{\"@type\":\"WebSite\",\"@id\":\"https:\\\/\\\/tecnidro.com\\\/es\\\/#website\",\"url\":\"https:\\\/\\\/tecnidro.com\\\/es\\\/\",\"name\":\"Tecnidro\",\"description\":\"Valvole Idrauliche\",\"potentialAction\":[{\"@type\":\"SearchAction\",\"target\":{\"@type\":\"EntryPoint\",\"urlTemplate\":\"https:\\\/\\\/tecnidro.com\\\/es\\\/?s={search_term_string}\"},\"query-input\":{\"@type\":\"PropertyValueSpecification\",\"valueRequired\":true,\"valueName\":\"search_term_string\"}}],\"inLanguage\":\"es\"}]}<\/script>\n<!-- \/ Yoast SEO plugin. -->","yoast_head_json":{"title":"V\u00e1lvula Hydromodul-C de alivio r\u00e1pido - Tecnidro","robots":{"index":"index","follow":"follow","max-snippet":"max-snippet:-1","max-image-preview":"max-image-preview:large","max-video-preview":"max-video-preview:-1"},"canonical":"https:\/\/tecnidro.com\/es\/p\/valvula-hydromodul-c-de-alivio-rapido\/","og_locale":"es_ES","og_type":"article","og_title":"V\u00e1lvula Hydromodul-C de alivio r\u00e1pido - Tecnidro","og_description":"La v\u00e1lvula de alivio r\u00e1pido es una v\u00e1lvula de seguridad, de control hidr\u00e1ulico y accionada por membrana, dise\u00f1ada para abrirse cuando la presi\u00f3n monitorizada es superior al valor ajustable del [...]","og_url":"https:\/\/tecnidro.com\/es\/p\/valvula-hydromodul-c-de-alivio-rapido\/","og_site_name":"Tecnidro","article_publisher":"https:\/\/www.facebook.com\/profile.php?id=100089971879186","og_image":[{"width":916,"height":916,"url":"https:\/\/tecnidro.com\/wp-content\/uploads\/2023\/11\/Valvola-Hydromodul-C-di-Scarico-Rapido.webp","type":"image\/webp"}],"twitter_card":"summary_large_image","twitter_misc":{"Tiempo de lectura":"1 minuto"},"schema":{"@context":"https:\/\/schema.org","@graph":[{"@type":"WebPage","@id":"https:\/\/tecnidro.com\/es\/p\/valvula-hydromodul-c-de-alivio-rapido\/","url":"https:\/\/tecnidro.com\/es\/p\/valvula-hydromodul-c-de-alivio-rapido\/","name":"V\u00e1lvula Hydromodul-C de alivio r\u00e1pido - Tecnidro","isPartOf":{"@id":"https:\/\/tecnidro.com\/es\/#website"},"primaryImageOfPage":{"@id":"https:\/\/tecnidro.com\/es\/p\/valvula-hydromodul-c-de-alivio-rapido\/#primaryimage"},"image":{"@id":"https:\/\/tecnidro.com\/es\/p\/valvula-hydromodul-c-de-alivio-rapido\/#primaryimage"},"thumbnailUrl":"https:\/\/tecnidro.com\/wp-content\/uploads\/2023\/11\/Valvola-Hydromodul-C-di-Scarico-Rapido.webp","datePublished":"2023-11-29T09:09:33+00:00","breadcrumb":{"@id":"https:\/\/tecnidro.com\/es\/p\/valvula-hydromodul-c-de-alivio-rapido\/#breadcrumb"},"inLanguage":"es","potentialAction":[{"@type":"ReadAction","target":["https:\/\/tecnidro.com\/es\/p\/valvula-hydromodul-c-de-alivio-rapido\/"]}]},{"@type":"ImageObject","inLanguage":"es","@id":"https:\/\/tecnidro.com\/es\/p\/valvula-hydromodul-c-de-alivio-rapido\/#primaryimage","url":"https:\/\/tecnidro.com\/wp-content\/uploads\/2023\/11\/Valvola-Hydromodul-C-di-Scarico-Rapido.webp","contentUrl":"https:\/\/tecnidro.com\/wp-content\/uploads\/2023\/11\/Valvola-Hydromodul-C-di-Scarico-Rapido.webp","width":916,"height":916,"caption":"Valvola Hydromodul-C di Scarico Rapido"},{"@type":"BreadcrumbList","@id":"https:\/\/tecnidro.com\/es\/p\/valvula-hydromodul-c-de-alivio-rapido\/#breadcrumb","itemListElement":[{"@type":"ListItem","position":1,"name":"Home","item":"https:\/\/tecnidro.com\/es\/"},{"@type":"ListItem","position":2,"name":"Productos y soluciones","item":"https:\/\/tecnidro.com\/es\/productos-y-soluciones\/"},{"@type":"ListItem","position":3,"name":"V\u00e1lvula Hydromodul-C de alivio r\u00e1pido"}]},{"@type":"WebSite","@id":"https:\/\/tecnidro.com\/es\/#website","url":"https:\/\/tecnidro.com\/es\/","name":"Tecnidro","description":"Valvole Idrauliche","potentialAction":[{"@type":"SearchAction","target":{"@type":"EntryPoint","urlTemplate":"https:\/\/tecnidro.com\/es\/?s={search_term_string}"},"query-input":{"@type":"PropertyValueSpecification","valueRequired":true,"valueName":"search_term_string"}}],"inLanguage":"es"}]}},"_links":{"self":[{"href":"https:\/\/tecnidro.com\/es\/wp-json\/wp\/v2\/product\/5832","targetHints":{"allow":["GET"]}}],"collection":[{"href":"https:\/\/tecnidro.com\/es\/wp-json\/wp\/v2\/product"}],"about":[{"href":"https:\/\/tecnidro.com\/es\/wp-json\/wp\/v2\/types\/product"}],"replies":[{"embeddable":true,"href":"https:\/\/tecnidro.com\/es\/wp-json\/wp\/v2\/comments?post=5832"}],"wp:featuredmedia":[{"embeddable":true,"href":"https:\/\/tecnidro.com\/es\/wp-json\/wp\/v2\/media\/5835"}],"wp:attachment":[{"href":"https:\/\/tecnidro.com\/es\/wp-json\/wp\/v2\/media?parent=5832"}],"wp:term":[{"taxonomy":"product_brand","embeddable":true,"href":"https:\/\/tecnidro.com\/es\/wp-json\/wp\/v2\/product_brand?post=5832"},{"taxonomy":"product_cat","embeddable":true,"href":"https:\/\/tecnidro.com\/es\/wp-json\/wp\/v2\/product_cat?post=5832"},{"taxonomy":"product_tag","embeddable":true,"href":"https:\/\/tecnidro.com\/es\/wp-json\/wp\/v2\/product_tag?post=5832"}],"curies":[{"name":"wp","href":"https:\/\/api.w.org\/{rel}","templated":true}]}}