{"id":5836,"date":"2023-11-29T12:54:32","date_gmt":"2023-11-29T12:54:32","guid":{"rendered":"https:\/\/tecnidro.com\/p\/valvula-de-compuerta-de-cuna-engomada\/"},"modified":"2023-11-29T12:54:32","modified_gmt":"2023-11-29T11:54:32","slug":"valvula-de-compuerta-de-cuna-engomada","status":"publish","type":"product","link":"https:\/\/tecnidro.com\/es\/p\/valvula-de-compuerta-de-cuna-engomada\/","title":{"rendered":"V\u00e1lvula de compuerta de cu\u00f1a engomada"},"content":{"rendered":"<p>La <strong>v\u00e1lvula de compuerta de cu\u00f1a engomada<\/strong> est\u00e1 dise\u00f1ada para aplicaciones en las que se requiere un cierre estanco bidireccional en instalaciones hidr\u00e1ulicas. Esta v\u00e1lvula ofrece una alta fiabilidad y durabilidad gracias a la cu\u00f1a revestida de caucho EPDM que garantiza un cierre herm\u00e9tico. Es adecuada para redes de distribuci\u00f3n de agua, redes de alcantarillado y sistemas industriales que requieren resistencia a la corrosi\u00f3n y un funcionamiento a largo plazo.  <\/p>\n<p><strong>Aplicaciones:<\/strong><br \/>\nLa v\u00e1lvula es adecuada para instalaciones h\u00eddricas, redes de distribuci\u00f3n de agua, plantas de tratamiento de aguas residuales y para aplicaciones industriales que requieren un sellado seguro y fiable. Gracias a su estructura robusta y al revestimiento de caucho de la cu\u00f1a, la v\u00e1lvula es especialmente resistente al desgaste y a la corrosi\u00f3n, garantizando un funcionamiento fiable a largo plazo. <\/p>\n","protected":false},"excerpt":{"rendered":"<p>La v\u00e1lvula de compuerta de cu\u00f1a engomada est\u00e1 dise\u00f1ada para aplicaciones en las que se requiere un cierre estanco bidireccional en instalaciones hidr\u00e1ulicas. Esta v\u00e1lvula ofrece una alta fiabilidad y  [&#8230;]<\/p>\n","protected":false},"featured_media":5843,"comment_status":"closed","ping_status":"closed","template":"","meta":{"_acf_changed":false},"product_brand":[],"product_cat":[214,238],"product_tag":[],"class_list":{"0":"post-5836","1":"product","2":"type-product","3":"status-publish","4":"has-post-thumbnail","6":"product_cat-riego","7":"product_cat-seccionamiento-y-purga","9":"first","10":"instock","11":"shipping-taxable","12":"product-type-simple"},"acf":[],"yoast_head":"<!-- This site is optimized with the Yoast SEO plugin v27.3 - https:\/\/yoast.com\/product\/yoast-seo-wordpress\/ -->\n<title>V\u00e1lvula de compuerta de cu\u00f1a engomada - Tecnidro<\/title>\n<meta name=\"robots\" content=\"index, follow, max-snippet:-1, max-image-preview:large, max-video-preview:-1\" \/>\n<link rel=\"canonical\" href=\"https:\/\/tecnidro.com\/es\/p\/valvula-de-compuerta-de-cuna-engomada\/\" \/>\n<meta property=\"og:locale\" content=\"es_ES\" \/>\n<meta property=\"og:type\" content=\"article\" \/>\n<meta property=\"og:title\" content=\"V\u00e1lvula de compuerta de cu\u00f1a engomada - Tecnidro\" \/>\n<meta property=\"og:description\" content=\"La v\u00e1lvula de compuerta de cu\u00f1a engomada est\u00e1 dise\u00f1ada para aplicaciones en las que se requiere un cierre estanco bidireccional en instalaciones hidr\u00e1ulicas. Esta v\u00e1lvula ofrece una alta fiabilidad y [...]\" \/>\n<meta property=\"og:url\" content=\"https:\/\/tecnidro.com\/es\/p\/valvula-de-compuerta-de-cuna-engomada\/\" \/>\n<meta property=\"og:site_name\" content=\"Tecnidro\" \/>\n<meta property=\"article:publisher\" content=\"https:\/\/www.facebook.com\/profile.php?id=100089971879186\" \/>\n<meta property=\"og:image\" content=\"https:\/\/tecnidro.com\/wp-content\/uploads\/2023\/11\/Valvola-a-Saracinesca-a-Cuneo-Gommato_3.webp\" \/>\n\t<meta property=\"og:image:width\" content=\"1000\" \/>\n\t<meta property=\"og:image:height\" content=\"1000\" \/>\n\t<meta property=\"og:image:type\" content=\"image\/webp\" \/>\n<meta name=\"twitter:card\" content=\"summary_large_image\" \/>\n<meta name=\"twitter:label1\" content=\"Tiempo de lectura\" \/>\n\t<meta name=\"twitter:data1\" content=\"1 minuto\" \/>\n<script type=\"application\/ld+json\" class=\"yoast-schema-graph\">{\"@context\":\"https:\\\/\\\/schema.org\",\"@graph\":[{\"@type\":\"WebPage\",\"@id\":\"https:\\\/\\\/tecnidro.com\\\/es\\\/p\\\/valvula-de-compuerta-de-cuna-engomada\\\/\",\"url\":\"https:\\\/\\\/tecnidro.com\\\/es\\\/p\\\/valvula-de-compuerta-de-cuna-engomada\\\/\",\"name\":\"V\u00e1lvula de compuerta de cu\u00f1a engomada - Tecnidro\",\"isPartOf\":{\"@id\":\"https:\\\/\\\/tecnidro.com\\\/es\\\/#website\"},\"primaryImageOfPage\":{\"@id\":\"https:\\\/\\\/tecnidro.com\\\/es\\\/p\\\/valvula-de-compuerta-de-cuna-engomada\\\/#primaryimage\"},\"image\":{\"@id\":\"https:\\\/\\\/tecnidro.com\\\/es\\\/p\\\/valvula-de-compuerta-de-cuna-engomada\\\/#primaryimage\"},\"thumbnailUrl\":\"https:\\\/\\\/tecnidro.com\\\/wp-content\\\/uploads\\\/2023\\\/11\\\/Valvola-a-Saracinesca-a-Cuneo-Gommato_3.webp\",\"datePublished\":\"2023-11-29T12:54:32+00:00\",\"breadcrumb\":{\"@id\":\"https:\\\/\\\/tecnidro.com\\\/es\\\/p\\\/valvula-de-compuerta-de-cuna-engomada\\\/#breadcrumb\"},\"inLanguage\":\"es\",\"potentialAction\":[{\"@type\":\"ReadAction\",\"target\":[\"https:\\\/\\\/tecnidro.com\\\/es\\\/p\\\/valvula-de-compuerta-de-cuna-engomada\\\/\"]}]},{\"@type\":\"ImageObject\",\"inLanguage\":\"es\",\"@id\":\"https:\\\/\\\/tecnidro.com\\\/es\\\/p\\\/valvula-de-compuerta-de-cuna-engomada\\\/#primaryimage\",\"url\":\"https:\\\/\\\/tecnidro.com\\\/wp-content\\\/uploads\\\/2023\\\/11\\\/Valvola-a-Saracinesca-a-Cuneo-Gommato_3.webp\",\"contentUrl\":\"https:\\\/\\\/tecnidro.com\\\/wp-content\\\/uploads\\\/2023\\\/11\\\/Valvola-a-Saracinesca-a-Cuneo-Gommato_3.webp\",\"width\":1000,\"height\":1000,\"caption\":\"Valvola a Saracinesca a Cuneo Gommato\"},{\"@type\":\"BreadcrumbList\",\"@id\":\"https:\\\/\\\/tecnidro.com\\\/es\\\/p\\\/valvula-de-compuerta-de-cuna-engomada\\\/#breadcrumb\",\"itemListElement\":[{\"@type\":\"ListItem\",\"position\":1,\"name\":\"Home\",\"item\":\"https:\\\/\\\/tecnidro.com\\\/es\\\/\"},{\"@type\":\"ListItem\",\"position\":2,\"name\":\"Productos y soluciones\",\"item\":\"https:\\\/\\\/tecnidro.com\\\/es\\\/productos-y-soluciones\\\/\"},{\"@type\":\"ListItem\",\"position\":3,\"name\":\"V\u00e1lvula de compuerta de cu\u00f1a engomada\"}]},{\"@type\":\"WebSite\",\"@id\":\"https:\\\/\\\/tecnidro.com\\\/es\\\/#website\",\"url\":\"https:\\\/\\\/tecnidro.com\\\/es\\\/\",\"name\":\"Tecnidro\",\"description\":\"Valvole Idrauliche\",\"potentialAction\":[{\"@type\":\"SearchAction\",\"target\":{\"@type\":\"EntryPoint\",\"urlTemplate\":\"https:\\\/\\\/tecnidro.com\\\/es\\\/?s={search_term_string}\"},\"query-input\":{\"@type\":\"PropertyValueSpecification\",\"valueRequired\":true,\"valueName\":\"search_term_string\"}}],\"inLanguage\":\"es\"}]}<\/script>\n<!-- \/ Yoast SEO plugin. -->","yoast_head_json":{"title":"V\u00e1lvula de compuerta de cu\u00f1a engomada - Tecnidro","robots":{"index":"index","follow":"follow","max-snippet":"max-snippet:-1","max-image-preview":"max-image-preview:large","max-video-preview":"max-video-preview:-1"},"canonical":"https:\/\/tecnidro.com\/es\/p\/valvula-de-compuerta-de-cuna-engomada\/","og_locale":"es_ES","og_type":"article","og_title":"V\u00e1lvula de compuerta de cu\u00f1a engomada - Tecnidro","og_description":"La v\u00e1lvula de compuerta de cu\u00f1a engomada est\u00e1 dise\u00f1ada para aplicaciones en las que se requiere un cierre estanco bidireccional en instalaciones hidr\u00e1ulicas. Esta v\u00e1lvula ofrece una alta fiabilidad y [...]","og_url":"https:\/\/tecnidro.com\/es\/p\/valvula-de-compuerta-de-cuna-engomada\/","og_site_name":"Tecnidro","article_publisher":"https:\/\/www.facebook.com\/profile.php?id=100089971879186","og_image":[{"width":1000,"height":1000,"url":"https:\/\/tecnidro.com\/wp-content\/uploads\/2023\/11\/Valvola-a-Saracinesca-a-Cuneo-Gommato_3.webp","type":"image\/webp"}],"twitter_card":"summary_large_image","twitter_misc":{"Tiempo de lectura":"1 minuto"},"schema":{"@context":"https:\/\/schema.org","@graph":[{"@type":"WebPage","@id":"https:\/\/tecnidro.com\/es\/p\/valvula-de-compuerta-de-cuna-engomada\/","url":"https:\/\/tecnidro.com\/es\/p\/valvula-de-compuerta-de-cuna-engomada\/","name":"V\u00e1lvula de compuerta de cu\u00f1a engomada - Tecnidro","isPartOf":{"@id":"https:\/\/tecnidro.com\/es\/#website"},"primaryImageOfPage":{"@id":"https:\/\/tecnidro.com\/es\/p\/valvula-de-compuerta-de-cuna-engomada\/#primaryimage"},"image":{"@id":"https:\/\/tecnidro.com\/es\/p\/valvula-de-compuerta-de-cuna-engomada\/#primaryimage"},"thumbnailUrl":"https:\/\/tecnidro.com\/wp-content\/uploads\/2023\/11\/Valvola-a-Saracinesca-a-Cuneo-Gommato_3.webp","datePublished":"2023-11-29T12:54:32+00:00","breadcrumb":{"@id":"https:\/\/tecnidro.com\/es\/p\/valvula-de-compuerta-de-cuna-engomada\/#breadcrumb"},"inLanguage":"es","potentialAction":[{"@type":"ReadAction","target":["https:\/\/tecnidro.com\/es\/p\/valvula-de-compuerta-de-cuna-engomada\/"]}]},{"@type":"ImageObject","inLanguage":"es","@id":"https:\/\/tecnidro.com\/es\/p\/valvula-de-compuerta-de-cuna-engomada\/#primaryimage","url":"https:\/\/tecnidro.com\/wp-content\/uploads\/2023\/11\/Valvola-a-Saracinesca-a-Cuneo-Gommato_3.webp","contentUrl":"https:\/\/tecnidro.com\/wp-content\/uploads\/2023\/11\/Valvola-a-Saracinesca-a-Cuneo-Gommato_3.webp","width":1000,"height":1000,"caption":"Valvola a Saracinesca a Cuneo Gommato"},{"@type":"BreadcrumbList","@id":"https:\/\/tecnidro.com\/es\/p\/valvula-de-compuerta-de-cuna-engomada\/#breadcrumb","itemListElement":[{"@type":"ListItem","position":1,"name":"Home","item":"https:\/\/tecnidro.com\/es\/"},{"@type":"ListItem","position":2,"name":"Productos y soluciones","item":"https:\/\/tecnidro.com\/es\/productos-y-soluciones\/"},{"@type":"ListItem","position":3,"name":"V\u00e1lvula de compuerta de cu\u00f1a engomada"}]},{"@type":"WebSite","@id":"https:\/\/tecnidro.com\/es\/#website","url":"https:\/\/tecnidro.com\/es\/","name":"Tecnidro","description":"Valvole Idrauliche","potentialAction":[{"@type":"SearchAction","target":{"@type":"EntryPoint","urlTemplate":"https:\/\/tecnidro.com\/es\/?s={search_term_string}"},"query-input":{"@type":"PropertyValueSpecification","valueRequired":true,"valueName":"search_term_string"}}],"inLanguage":"es"}]}},"_links":{"self":[{"href":"https:\/\/tecnidro.com\/es\/wp-json\/wp\/v2\/product\/5836","targetHints":{"allow":["GET"]}}],"collection":[{"href":"https:\/\/tecnidro.com\/es\/wp-json\/wp\/v2\/product"}],"about":[{"href":"https:\/\/tecnidro.com\/es\/wp-json\/wp\/v2\/types\/product"}],"replies":[{"embeddable":true,"href":"https:\/\/tecnidro.com\/es\/wp-json\/wp\/v2\/comments?post=5836"}],"wp:featuredmedia":[{"embeddable":true,"href":"https:\/\/tecnidro.com\/es\/wp-json\/wp\/v2\/media\/5843"}],"wp:attachment":[{"href":"https:\/\/tecnidro.com\/es\/wp-json\/wp\/v2\/media?parent=5836"}],"wp:term":[{"taxonomy":"product_brand","embeddable":true,"href":"https:\/\/tecnidro.com\/es\/wp-json\/wp\/v2\/product_brand?post=5836"},{"taxonomy":"product_cat","embeddable":true,"href":"https:\/\/tecnidro.com\/es\/wp-json\/wp\/v2\/product_cat?post=5836"},{"taxonomy":"product_tag","embeddable":true,"href":"https:\/\/tecnidro.com\/es\/wp-json\/wp\/v2\/product_tag?post=5836"}],"curies":[{"name":"wp","href":"https:\/\/api.w.org\/{rel}","templated":true}]}}