{"id":5846,"date":"2023-11-28T15:00:05","date_gmt":"2023-11-28T14:00:05","guid":{"rendered":"https:\/\/tecnidro.com\/p\/solenoide-laton-24v-ac-alta-presion-el-16\/"},"modified":"2023-11-28T15:00:05","modified_gmt":"2023-11-28T14:00:05","slug":"solenoide-laton-24v-ac-alta-presion-el-16","status":"publish","type":"product","link":"https:\/\/tecnidro.com\/es\/p\/solenoide-laton-24v-ac-alta-presion-el-16\/","title":{"rendered":"Solenoide lat\u00f3n 24V AC, Alta presi\u00f3n EL-16"},"content":{"rendered":"<p>Solenoide lat\u00f3n 24V AC, Alta presi\u00f3n EL-16<\/p>\n","protected":false},"excerpt":{"rendered":"<p>Solenoide lat\u00f3n 24V AC, Alta presi\u00f3n EL-16<\/p>\n","protected":false},"featured_media":5849,"comment_status":"closed","ping_status":"closed","template":"","meta":{"_acf_changed":false},"product_brand":[],"product_cat":[214,229,230],"product_tag":[],"class_list":{"0":"post-5846","1":"product","2":"type-product","3":"status-publish","4":"has-post-thumbnail","6":"product_cat-riego","7":"product_cat-solenoides-y-pilotos","8":"product_cat-solenoides-y-pilotos-2","10":"first","11":"instock","12":"shipping-taxable","13":"product-type-simple"},"acf":[],"yoast_head":"<!-- This site is optimized with the Yoast SEO plugin v27.3 - https:\/\/yoast.com\/product\/yoast-seo-wordpress\/ -->\n<title>Solenoide lat\u00f3n 24V AC, Alta presi\u00f3n EL-16 - Tecnidro<\/title>\n<meta name=\"robots\" content=\"index, follow, max-snippet:-1, max-image-preview:large, max-video-preview:-1\" \/>\n<link rel=\"canonical\" href=\"https:\/\/tecnidro.com\/es\/p\/solenoide-laton-24v-ac-alta-presion-el-16\/\" \/>\n<meta property=\"og:locale\" content=\"es_ES\" \/>\n<meta property=\"og:type\" content=\"article\" \/>\n<meta property=\"og:title\" content=\"Solenoide lat\u00f3n 24V AC, Alta presi\u00f3n EL-16 - Tecnidro\" \/>\n<meta property=\"og:description\" content=\"Solenoide lat\u00f3n 24V AC, Alta presi\u00f3n EL-16\" \/>\n<meta property=\"og:url\" content=\"https:\/\/tecnidro.com\/es\/p\/solenoide-laton-24v-ac-alta-presion-el-16\/\" \/>\n<meta property=\"og:site_name\" content=\"Tecnidro\" \/>\n<meta property=\"article:publisher\" content=\"https:\/\/www.facebook.com\/profile.php?id=100089971879186\" \/>\n<meta property=\"og:image\" content=\"https:\/\/tecnidro.com\/wp-content\/uploads\/2023\/11\/Solenoide-ottone-24V-AC-Alta-pressione-EL-16.webp\" \/>\n\t<meta property=\"og:image:width\" content=\"346\" \/>\n\t<meta property=\"og:image:height\" content=\"346\" \/>\n\t<meta property=\"og:image:type\" content=\"image\/webp\" \/>\n<meta name=\"twitter:card\" content=\"summary_large_image\" \/>\n<script type=\"application\/ld+json\" class=\"yoast-schema-graph\">{\"@context\":\"https:\\\/\\\/schema.org\",\"@graph\":[{\"@type\":\"WebPage\",\"@id\":\"https:\\\/\\\/tecnidro.com\\\/es\\\/p\\\/solenoide-laton-24v-ac-alta-presion-el-16\\\/\",\"url\":\"https:\\\/\\\/tecnidro.com\\\/es\\\/p\\\/solenoide-laton-24v-ac-alta-presion-el-16\\\/\",\"name\":\"Solenoide lat\u00f3n 24V AC, Alta presi\u00f3n EL-16 - Tecnidro\",\"isPartOf\":{\"@id\":\"https:\\\/\\\/tecnidro.com\\\/es\\\/#website\"},\"primaryImageOfPage\":{\"@id\":\"https:\\\/\\\/tecnidro.com\\\/es\\\/p\\\/solenoide-laton-24v-ac-alta-presion-el-16\\\/#primaryimage\"},\"image\":{\"@id\":\"https:\\\/\\\/tecnidro.com\\\/es\\\/p\\\/solenoide-laton-24v-ac-alta-presion-el-16\\\/#primaryimage\"},\"thumbnailUrl\":\"https:\\\/\\\/tecnidro.com\\\/wp-content\\\/uploads\\\/2023\\\/11\\\/Solenoide-ottone-24V-AC-Alta-pressione-EL-16.webp\",\"datePublished\":\"2023-11-28T14:00:05+00:00\",\"breadcrumb\":{\"@id\":\"https:\\\/\\\/tecnidro.com\\\/es\\\/p\\\/solenoide-laton-24v-ac-alta-presion-el-16\\\/#breadcrumb\"},\"inLanguage\":\"es\",\"potentialAction\":[{\"@type\":\"ReadAction\",\"target\":[\"https:\\\/\\\/tecnidro.com\\\/es\\\/p\\\/solenoide-laton-24v-ac-alta-presion-el-16\\\/\"]}]},{\"@type\":\"ImageObject\",\"inLanguage\":\"es\",\"@id\":\"https:\\\/\\\/tecnidro.com\\\/es\\\/p\\\/solenoide-laton-24v-ac-alta-presion-el-16\\\/#primaryimage\",\"url\":\"https:\\\/\\\/tecnidro.com\\\/wp-content\\\/uploads\\\/2023\\\/11\\\/Solenoide-ottone-24V-AC-Alta-pressione-EL-16.webp\",\"contentUrl\":\"https:\\\/\\\/tecnidro.com\\\/wp-content\\\/uploads\\\/2023\\\/11\\\/Solenoide-ottone-24V-AC-Alta-pressione-EL-16.webp\",\"width\":346,\"height\":346,\"caption\":\"Solenoide ottone 24V AC, Alta pressione EL-16\"},{\"@type\":\"BreadcrumbList\",\"@id\":\"https:\\\/\\\/tecnidro.com\\\/es\\\/p\\\/solenoide-laton-24v-ac-alta-presion-el-16\\\/#breadcrumb\",\"itemListElement\":[{\"@type\":\"ListItem\",\"position\":1,\"name\":\"Home\",\"item\":\"https:\\\/\\\/tecnidro.com\\\/es\\\/\"},{\"@type\":\"ListItem\",\"position\":2,\"name\":\"Productos y soluciones\",\"item\":\"https:\\\/\\\/tecnidro.com\\\/es\\\/productos-y-soluciones\\\/\"},{\"@type\":\"ListItem\",\"position\":3,\"name\":\"Solenoide lat\u00f3n 24V AC, Alta presi\u00f3n EL-16\"}]},{\"@type\":\"WebSite\",\"@id\":\"https:\\\/\\\/tecnidro.com\\\/es\\\/#website\",\"url\":\"https:\\\/\\\/tecnidro.com\\\/es\\\/\",\"name\":\"Tecnidro\",\"description\":\"Valvole Idrauliche\",\"potentialAction\":[{\"@type\":\"SearchAction\",\"target\":{\"@type\":\"EntryPoint\",\"urlTemplate\":\"https:\\\/\\\/tecnidro.com\\\/es\\\/?s={search_term_string}\"},\"query-input\":{\"@type\":\"PropertyValueSpecification\",\"valueRequired\":true,\"valueName\":\"search_term_string\"}}],\"inLanguage\":\"es\"}]}<\/script>\n<!-- \/ Yoast SEO plugin. -->","yoast_head_json":{"title":"Solenoide lat\u00f3n 24V AC, Alta presi\u00f3n EL-16 - Tecnidro","robots":{"index":"index","follow":"follow","max-snippet":"max-snippet:-1","max-image-preview":"max-image-preview:large","max-video-preview":"max-video-preview:-1"},"canonical":"https:\/\/tecnidro.com\/es\/p\/solenoide-laton-24v-ac-alta-presion-el-16\/","og_locale":"es_ES","og_type":"article","og_title":"Solenoide lat\u00f3n 24V AC, Alta presi\u00f3n EL-16 - Tecnidro","og_description":"Solenoide lat\u00f3n 24V AC, Alta presi\u00f3n EL-16","og_url":"https:\/\/tecnidro.com\/es\/p\/solenoide-laton-24v-ac-alta-presion-el-16\/","og_site_name":"Tecnidro","article_publisher":"https:\/\/www.facebook.com\/profile.php?id=100089971879186","og_image":[{"width":346,"height":346,"url":"https:\/\/tecnidro.com\/wp-content\/uploads\/2023\/11\/Solenoide-ottone-24V-AC-Alta-pressione-EL-16.webp","type":"image\/webp"}],"twitter_card":"summary_large_image","schema":{"@context":"https:\/\/schema.org","@graph":[{"@type":"WebPage","@id":"https:\/\/tecnidro.com\/es\/p\/solenoide-laton-24v-ac-alta-presion-el-16\/","url":"https:\/\/tecnidro.com\/es\/p\/solenoide-laton-24v-ac-alta-presion-el-16\/","name":"Solenoide lat\u00f3n 24V AC, Alta presi\u00f3n EL-16 - Tecnidro","isPartOf":{"@id":"https:\/\/tecnidro.com\/es\/#website"},"primaryImageOfPage":{"@id":"https:\/\/tecnidro.com\/es\/p\/solenoide-laton-24v-ac-alta-presion-el-16\/#primaryimage"},"image":{"@id":"https:\/\/tecnidro.com\/es\/p\/solenoide-laton-24v-ac-alta-presion-el-16\/#primaryimage"},"thumbnailUrl":"https:\/\/tecnidro.com\/wp-content\/uploads\/2023\/11\/Solenoide-ottone-24V-AC-Alta-pressione-EL-16.webp","datePublished":"2023-11-28T14:00:05+00:00","breadcrumb":{"@id":"https:\/\/tecnidro.com\/es\/p\/solenoide-laton-24v-ac-alta-presion-el-16\/#breadcrumb"},"inLanguage":"es","potentialAction":[{"@type":"ReadAction","target":["https:\/\/tecnidro.com\/es\/p\/solenoide-laton-24v-ac-alta-presion-el-16\/"]}]},{"@type":"ImageObject","inLanguage":"es","@id":"https:\/\/tecnidro.com\/es\/p\/solenoide-laton-24v-ac-alta-presion-el-16\/#primaryimage","url":"https:\/\/tecnidro.com\/wp-content\/uploads\/2023\/11\/Solenoide-ottone-24V-AC-Alta-pressione-EL-16.webp","contentUrl":"https:\/\/tecnidro.com\/wp-content\/uploads\/2023\/11\/Solenoide-ottone-24V-AC-Alta-pressione-EL-16.webp","width":346,"height":346,"caption":"Solenoide ottone 24V AC, Alta pressione EL-16"},{"@type":"BreadcrumbList","@id":"https:\/\/tecnidro.com\/es\/p\/solenoide-laton-24v-ac-alta-presion-el-16\/#breadcrumb","itemListElement":[{"@type":"ListItem","position":1,"name":"Home","item":"https:\/\/tecnidro.com\/es\/"},{"@type":"ListItem","position":2,"name":"Productos y soluciones","item":"https:\/\/tecnidro.com\/es\/productos-y-soluciones\/"},{"@type":"ListItem","position":3,"name":"Solenoide lat\u00f3n 24V AC, Alta presi\u00f3n EL-16"}]},{"@type":"WebSite","@id":"https:\/\/tecnidro.com\/es\/#website","url":"https:\/\/tecnidro.com\/es\/","name":"Tecnidro","description":"Valvole Idrauliche","potentialAction":[{"@type":"SearchAction","target":{"@type":"EntryPoint","urlTemplate":"https:\/\/tecnidro.com\/es\/?s={search_term_string}"},"query-input":{"@type":"PropertyValueSpecification","valueRequired":true,"valueName":"search_term_string"}}],"inLanguage":"es"}]}},"_links":{"self":[{"href":"https:\/\/tecnidro.com\/es\/wp-json\/wp\/v2\/product\/5846","targetHints":{"allow":["GET"]}}],"collection":[{"href":"https:\/\/tecnidro.com\/es\/wp-json\/wp\/v2\/product"}],"about":[{"href":"https:\/\/tecnidro.com\/es\/wp-json\/wp\/v2\/types\/product"}],"replies":[{"embeddable":true,"href":"https:\/\/tecnidro.com\/es\/wp-json\/wp\/v2\/comments?post=5846"}],"wp:featuredmedia":[{"embeddable":true,"href":"https:\/\/tecnidro.com\/es\/wp-json\/wp\/v2\/media\/5849"}],"wp:attachment":[{"href":"https:\/\/tecnidro.com\/es\/wp-json\/wp\/v2\/media?parent=5846"}],"wp:term":[{"taxonomy":"product_brand","embeddable":true,"href":"https:\/\/tecnidro.com\/es\/wp-json\/wp\/v2\/product_brand?post=5846"},{"taxonomy":"product_cat","embeddable":true,"href":"https:\/\/tecnidro.com\/es\/wp-json\/wp\/v2\/product_cat?post=5846"},{"taxonomy":"product_tag","embeddable":true,"href":"https:\/\/tecnidro.com\/es\/wp-json\/wp\/v2\/product_tag?post=5846"}],"curies":[{"name":"wp","href":"https:\/\/api.w.org\/{rel}","templated":true}]}}