{"id":5850,"date":"2023-11-28T15:12:44","date_gmt":"2023-11-28T15:12:44","guid":{"rendered":"https:\/\/tecnidro.com\/p\/piloto-de-descarga-rapida-3-2-vias-sr2p-b\/"},"modified":"2023-11-28T15:12:44","modified_gmt":"2023-11-28T14:12:44","slug":"piloto-de-descarga-rapida-3-2-vias-sr2p-b","status":"publish","type":"product","link":"https:\/\/tecnidro.com\/es\/p\/piloto-de-descarga-rapida-3-2-vias-sr2p-b\/","title":{"rendered":"Piloto de descarga r\u00e1pida 3\/2 v\u00edas SR2P\/B"},"content":{"rendered":"<p>El <strong>minipiloto 3 v\u00edas Modelo RP3\/SP3\/QP3<\/strong> es un dispositivo hidr\u00e1ulico dise\u00f1ado para el control preciso de v\u00e1lvulas en aplicaciones de regulaci\u00f3n de presi\u00f3n, mantenimiento de presi\u00f3n y control de caudal. Disponible con cuerpo de pl\u00e1stico o metal, este minipiloto se utiliza en combinaci\u00f3n con v\u00e1lvulas principales para garantizar una gesti\u00f3n \u00f3ptima de la presi\u00f3n y el flujo en sistemas hidr\u00e1ulicos. <\/p>\n<p><strong>Caracter\u00edsticas Adicionales:<\/strong><\/p>\n<ul>\n<li>Arandela de identificaci\u00f3n para reconocimiento del modelo y del rango de regulaci\u00f3n de presi\u00f3n.<\/li>\n<li>Muelle intercambiable para un f\u00e1cil mantenimiento y ajuste.<\/li>\n<li>Tornillo de regulaci\u00f3n para la modificaci\u00f3n precisa del valor de presi\u00f3n.<\/li>\n<\/ul>\n","protected":false},"excerpt":{"rendered":"<p>El minipiloto 3 v\u00edas Modelo RP3\/SP3\/QP3 es un dispositivo hidr\u00e1ulico dise\u00f1ado para el control preciso de v\u00e1lvulas en aplicaciones de regulaci\u00f3n de presi\u00f3n, mantenimiento de presi\u00f3n y control de caudal.  [&#8230;]<\/p>\n","protected":false},"featured_media":5855,"comment_status":"closed","ping_status":"closed","template":"","meta":{"_acf_changed":false},"product_brand":[],"product_cat":[214,229,230],"product_tag":[],"class_list":{"0":"post-5850","1":"product","2":"type-product","3":"status-publish","4":"has-post-thumbnail","6":"product_cat-riego","7":"product_cat-solenoides-y-pilotos","8":"product_cat-solenoides-y-pilotos-2","10":"first","11":"instock","12":"shipping-taxable","13":"product-type-simple"},"acf":[],"yoast_head":"<!-- This site is optimized with the Yoast SEO plugin v27.3 - https:\/\/yoast.com\/product\/yoast-seo-wordpress\/ -->\n<title>Piloto de descarga r\u00e1pida 3\/2 v\u00edas SR2P\/B - Tecnidro<\/title>\n<meta name=\"robots\" content=\"index, follow, max-snippet:-1, max-image-preview:large, max-video-preview:-1\" \/>\n<link rel=\"canonical\" href=\"https:\/\/tecnidro.com\/es\/p\/piloto-de-descarga-rapida-3-2-vias-sr2p-b\/\" \/>\n<meta property=\"og:locale\" content=\"es_ES\" \/>\n<meta property=\"og:type\" content=\"article\" \/>\n<meta property=\"og:title\" content=\"Piloto de descarga r\u00e1pida 3\/2 v\u00edas SR2P\/B - Tecnidro\" \/>\n<meta property=\"og:description\" content=\"El minipiloto 3 v\u00edas Modelo RP3\/SP3\/QP3 es un dispositivo hidr\u00e1ulico dise\u00f1ado para el control preciso de v\u00e1lvulas en aplicaciones de regulaci\u00f3n de presi\u00f3n, mantenimiento de presi\u00f3n y control de caudal. [...]\" \/>\n<meta property=\"og:url\" content=\"https:\/\/tecnidro.com\/es\/p\/piloto-de-descarga-rapida-3-2-vias-sr2p-b\/\" \/>\n<meta property=\"og:site_name\" content=\"Tecnidro\" \/>\n<meta property=\"article:publisher\" content=\"https:\/\/www.facebook.com\/profile.php?id=100089971879186\" \/>\n<meta property=\"og:image\" content=\"https:\/\/tecnidro.com\/wp-content\/uploads\/2023\/11\/pilota-di-scarico-rapido-3-2-vie-sr2p.webp\" \/>\n\t<meta property=\"og:image:width\" content=\"1000\" \/>\n\t<meta property=\"og:image:height\" content=\"1000\" \/>\n\t<meta property=\"og:image:type\" content=\"image\/webp\" \/>\n<meta name=\"twitter:card\" content=\"summary_large_image\" \/>\n<meta name=\"twitter:label1\" content=\"Tiempo de lectura\" \/>\n\t<meta name=\"twitter:data1\" content=\"1 minuto\" \/>\n<script type=\"application\/ld+json\" class=\"yoast-schema-graph\">{\"@context\":\"https:\\\/\\\/schema.org\",\"@graph\":[{\"@type\":\"WebPage\",\"@id\":\"https:\\\/\\\/tecnidro.com\\\/es\\\/p\\\/piloto-de-descarga-rapida-3-2-vias-sr2p-b\\\/\",\"url\":\"https:\\\/\\\/tecnidro.com\\\/es\\\/p\\\/piloto-de-descarga-rapida-3-2-vias-sr2p-b\\\/\",\"name\":\"Piloto de descarga r\u00e1pida 3\\\/2 v\u00edas SR2P\\\/B - Tecnidro\",\"isPartOf\":{\"@id\":\"https:\\\/\\\/tecnidro.com\\\/es\\\/#website\"},\"primaryImageOfPage\":{\"@id\":\"https:\\\/\\\/tecnidro.com\\\/es\\\/p\\\/piloto-de-descarga-rapida-3-2-vias-sr2p-b\\\/#primaryimage\"},\"image\":{\"@id\":\"https:\\\/\\\/tecnidro.com\\\/es\\\/p\\\/piloto-de-descarga-rapida-3-2-vias-sr2p-b\\\/#primaryimage\"},\"thumbnailUrl\":\"https:\\\/\\\/tecnidro.com\\\/wp-content\\\/uploads\\\/2023\\\/11\\\/pilota-di-scarico-rapido-3-2-vie-sr2p.webp\",\"datePublished\":\"2023-11-28T15:12:44+00:00\",\"breadcrumb\":{\"@id\":\"https:\\\/\\\/tecnidro.com\\\/es\\\/p\\\/piloto-de-descarga-rapida-3-2-vias-sr2p-b\\\/#breadcrumb\"},\"inLanguage\":\"es\",\"potentialAction\":[{\"@type\":\"ReadAction\",\"target\":[\"https:\\\/\\\/tecnidro.com\\\/es\\\/p\\\/piloto-de-descarga-rapida-3-2-vias-sr2p-b\\\/\"]}]},{\"@type\":\"ImageObject\",\"inLanguage\":\"es\",\"@id\":\"https:\\\/\\\/tecnidro.com\\\/es\\\/p\\\/piloto-de-descarga-rapida-3-2-vias-sr2p-b\\\/#primaryimage\",\"url\":\"https:\\\/\\\/tecnidro.com\\\/wp-content\\\/uploads\\\/2023\\\/11\\\/pilota-di-scarico-rapido-3-2-vie-sr2p.webp\",\"contentUrl\":\"https:\\\/\\\/tecnidro.com\\\/wp-content\\\/uploads\\\/2023\\\/11\\\/pilota-di-scarico-rapido-3-2-vie-sr2p.webp\",\"width\":1000,\"height\":1000,\"caption\":\"pilota di scarico rapido 3 2 vie sr2p\"},{\"@type\":\"BreadcrumbList\",\"@id\":\"https:\\\/\\\/tecnidro.com\\\/es\\\/p\\\/piloto-de-descarga-rapida-3-2-vias-sr2p-b\\\/#breadcrumb\",\"itemListElement\":[{\"@type\":\"ListItem\",\"position\":1,\"name\":\"Home\",\"item\":\"https:\\\/\\\/tecnidro.com\\\/es\\\/\"},{\"@type\":\"ListItem\",\"position\":2,\"name\":\"Productos y soluciones\",\"item\":\"https:\\\/\\\/tecnidro.com\\\/es\\\/productos-y-soluciones\\\/\"},{\"@type\":\"ListItem\",\"position\":3,\"name\":\"Piloto de descarga r\u00e1pida 3\\\/2 v\u00edas SR2P\\\/B\"}]},{\"@type\":\"WebSite\",\"@id\":\"https:\\\/\\\/tecnidro.com\\\/es\\\/#website\",\"url\":\"https:\\\/\\\/tecnidro.com\\\/es\\\/\",\"name\":\"Tecnidro\",\"description\":\"Valvole Idrauliche\",\"potentialAction\":[{\"@type\":\"SearchAction\",\"target\":{\"@type\":\"EntryPoint\",\"urlTemplate\":\"https:\\\/\\\/tecnidro.com\\\/es\\\/?s={search_term_string}\"},\"query-input\":{\"@type\":\"PropertyValueSpecification\",\"valueRequired\":true,\"valueName\":\"search_term_string\"}}],\"inLanguage\":\"es\"}]}<\/script>\n<!-- \/ Yoast SEO plugin. -->","yoast_head_json":{"title":"Piloto de descarga r\u00e1pida 3\/2 v\u00edas SR2P\/B - Tecnidro","robots":{"index":"index","follow":"follow","max-snippet":"max-snippet:-1","max-image-preview":"max-image-preview:large","max-video-preview":"max-video-preview:-1"},"canonical":"https:\/\/tecnidro.com\/es\/p\/piloto-de-descarga-rapida-3-2-vias-sr2p-b\/","og_locale":"es_ES","og_type":"article","og_title":"Piloto de descarga r\u00e1pida 3\/2 v\u00edas SR2P\/B - Tecnidro","og_description":"El minipiloto 3 v\u00edas Modelo RP3\/SP3\/QP3 es un dispositivo hidr\u00e1ulico dise\u00f1ado para el control preciso de v\u00e1lvulas en aplicaciones de regulaci\u00f3n de presi\u00f3n, mantenimiento de presi\u00f3n y control de caudal. [...]","og_url":"https:\/\/tecnidro.com\/es\/p\/piloto-de-descarga-rapida-3-2-vias-sr2p-b\/","og_site_name":"Tecnidro","article_publisher":"https:\/\/www.facebook.com\/profile.php?id=100089971879186","og_image":[{"width":1000,"height":1000,"url":"https:\/\/tecnidro.com\/wp-content\/uploads\/2023\/11\/pilota-di-scarico-rapido-3-2-vie-sr2p.webp","type":"image\/webp"}],"twitter_card":"summary_large_image","twitter_misc":{"Tiempo de lectura":"1 minuto"},"schema":{"@context":"https:\/\/schema.org","@graph":[{"@type":"WebPage","@id":"https:\/\/tecnidro.com\/es\/p\/piloto-de-descarga-rapida-3-2-vias-sr2p-b\/","url":"https:\/\/tecnidro.com\/es\/p\/piloto-de-descarga-rapida-3-2-vias-sr2p-b\/","name":"Piloto de descarga r\u00e1pida 3\/2 v\u00edas SR2P\/B - Tecnidro","isPartOf":{"@id":"https:\/\/tecnidro.com\/es\/#website"},"primaryImageOfPage":{"@id":"https:\/\/tecnidro.com\/es\/p\/piloto-de-descarga-rapida-3-2-vias-sr2p-b\/#primaryimage"},"image":{"@id":"https:\/\/tecnidro.com\/es\/p\/piloto-de-descarga-rapida-3-2-vias-sr2p-b\/#primaryimage"},"thumbnailUrl":"https:\/\/tecnidro.com\/wp-content\/uploads\/2023\/11\/pilota-di-scarico-rapido-3-2-vie-sr2p.webp","datePublished":"2023-11-28T15:12:44+00:00","breadcrumb":{"@id":"https:\/\/tecnidro.com\/es\/p\/piloto-de-descarga-rapida-3-2-vias-sr2p-b\/#breadcrumb"},"inLanguage":"es","potentialAction":[{"@type":"ReadAction","target":["https:\/\/tecnidro.com\/es\/p\/piloto-de-descarga-rapida-3-2-vias-sr2p-b\/"]}]},{"@type":"ImageObject","inLanguage":"es","@id":"https:\/\/tecnidro.com\/es\/p\/piloto-de-descarga-rapida-3-2-vias-sr2p-b\/#primaryimage","url":"https:\/\/tecnidro.com\/wp-content\/uploads\/2023\/11\/pilota-di-scarico-rapido-3-2-vie-sr2p.webp","contentUrl":"https:\/\/tecnidro.com\/wp-content\/uploads\/2023\/11\/pilota-di-scarico-rapido-3-2-vie-sr2p.webp","width":1000,"height":1000,"caption":"pilota di scarico rapido 3 2 vie sr2p"},{"@type":"BreadcrumbList","@id":"https:\/\/tecnidro.com\/es\/p\/piloto-de-descarga-rapida-3-2-vias-sr2p-b\/#breadcrumb","itemListElement":[{"@type":"ListItem","position":1,"name":"Home","item":"https:\/\/tecnidro.com\/es\/"},{"@type":"ListItem","position":2,"name":"Productos y soluciones","item":"https:\/\/tecnidro.com\/es\/productos-y-soluciones\/"},{"@type":"ListItem","position":3,"name":"Piloto de descarga r\u00e1pida 3\/2 v\u00edas SR2P\/B"}]},{"@type":"WebSite","@id":"https:\/\/tecnidro.com\/es\/#website","url":"https:\/\/tecnidro.com\/es\/","name":"Tecnidro","description":"Valvole Idrauliche","potentialAction":[{"@type":"SearchAction","target":{"@type":"EntryPoint","urlTemplate":"https:\/\/tecnidro.com\/es\/?s={search_term_string}"},"query-input":{"@type":"PropertyValueSpecification","valueRequired":true,"valueName":"search_term_string"}}],"inLanguage":"es"}]}},"_links":{"self":[{"href":"https:\/\/tecnidro.com\/es\/wp-json\/wp\/v2\/product\/5850","targetHints":{"allow":["GET"]}}],"collection":[{"href":"https:\/\/tecnidro.com\/es\/wp-json\/wp\/v2\/product"}],"about":[{"href":"https:\/\/tecnidro.com\/es\/wp-json\/wp\/v2\/types\/product"}],"replies":[{"embeddable":true,"href":"https:\/\/tecnidro.com\/es\/wp-json\/wp\/v2\/comments?post=5850"}],"wp:featuredmedia":[{"embeddable":true,"href":"https:\/\/tecnidro.com\/es\/wp-json\/wp\/v2\/media\/5855"}],"wp:attachment":[{"href":"https:\/\/tecnidro.com\/es\/wp-json\/wp\/v2\/media?parent=5850"}],"wp:term":[{"taxonomy":"product_brand","embeddable":true,"href":"https:\/\/tecnidro.com\/es\/wp-json\/wp\/v2\/product_brand?post=5850"},{"taxonomy":"product_cat","embeddable":true,"href":"https:\/\/tecnidro.com\/es\/wp-json\/wp\/v2\/product_cat?post=5850"},{"taxonomy":"product_tag","embeddable":true,"href":"https:\/\/tecnidro.com\/es\/wp-json\/wp\/v2\/product_tag?post=5850"}],"curies":[{"name":"wp","href":"https:\/\/api.w.org\/{rel}","templated":true}]}}