{"id":5856,"date":"2023-11-28T15:06:24","date_gmt":"2023-11-28T15:06:24","guid":{"rendered":"https:\/\/tecnidro.com\/p\/piloto-acero-inoxidable-2-vias-reduccion-de-presion-rp2m\/"},"modified":"2023-11-28T15:06:24","modified_gmt":"2023-11-28T14:06:24","slug":"piloto-acero-inoxidable-2-vias-reduccion-de-presion-rp2m","status":"publish","type":"product","link":"https:\/\/tecnidro.com\/es\/p\/piloto-acero-inoxidable-2-vias-reduccion-de-presion-rp2m\/","title":{"rendered":"Piloto acero inoxidable 2 v\u00edas Reducci\u00f3n de Presi\u00f3n RP2M"},"content":{"rendered":"<p>El <strong>piloto de reducci\u00f3n de presi\u00f3n de 2 v\u00edas Modelo RP2M<\/strong> est\u00e1 dise\u00f1ado para reducir la presi\u00f3n de aire comprimido, gases no combustibles, agua y fluidos neutros no viscosos. Este piloto no es adecuado para uso con vapor. Es ideal para sistemas que requieren una regulaci\u00f3n precisa de la presi\u00f3n, ofreciendo altas prestaciones gracias a la baja fricci\u00f3n y al reducido n\u00famero de piezas m\u00f3viles.  <\/p>\n<p><strong>Aplicaciones:<\/strong><\/p>\n<p>El piloto RP2M es adecuado para aplicaciones de reducci\u00f3n de presi\u00f3n en sistemas con aire comprimido, gases no combustibles, agua y fluidos neutros no viscosos. Gracias a su elevada precisi\u00f3n y sus prestaciones estables, es ideal para uso en instalaciones hidr\u00e1ulicas, neum\u00e1ticas y de tratamiento de fluidos. <\/p>\n","protected":false},"excerpt":{"rendered":"<p>El piloto de reducci\u00f3n de presi\u00f3n de 2 v\u00edas Modelo RP2M est\u00e1 dise\u00f1ado para reducir la presi\u00f3n de aire comprimido, gases no combustibles, agua y fluidos neutros no viscosos. Este  [&#8230;]<\/p>\n","protected":false},"featured_media":5860,"comment_status":"closed","ping_status":"closed","template":"","meta":{"_acf_changed":false},"product_brand":[],"product_cat":[215,214,229,230],"product_tag":[],"class_list":{"0":"post-5856","1":"product","2":"type-product","3":"status-publish","4":"has-post-thumbnail","6":"product_cat-abastecimiento-de-agua-e-industria","7":"product_cat-riego","8":"product_cat-solenoides-y-pilotos","9":"product_cat-solenoides-y-pilotos-2","11":"first","12":"instock","13":"shipping-taxable","14":"product-type-simple"},"acf":[],"yoast_head":"<!-- This site is optimized with the Yoast SEO plugin v27.3 - https:\/\/yoast.com\/product\/yoast-seo-wordpress\/ -->\n<title>Piloto acero inoxidable 2 v\u00edas Reducci\u00f3n de Presi\u00f3n RP2M - Tecnidro<\/title>\n<meta name=\"robots\" content=\"index, follow, max-snippet:-1, max-image-preview:large, max-video-preview:-1\" \/>\n<link rel=\"canonical\" href=\"https:\/\/tecnidro.com\/es\/p\/piloto-acero-inoxidable-2-vias-reduccion-de-presion-rp2m\/\" \/>\n<meta property=\"og:locale\" content=\"es_ES\" \/>\n<meta property=\"og:type\" content=\"article\" \/>\n<meta property=\"og:title\" content=\"Piloto acero inoxidable 2 v\u00edas Reducci\u00f3n de Presi\u00f3n RP2M - Tecnidro\" \/>\n<meta property=\"og:description\" content=\"El piloto de reducci\u00f3n de presi\u00f3n de 2 v\u00edas Modelo RP2M est\u00e1 dise\u00f1ado para reducir la presi\u00f3n de aire comprimido, gases no combustibles, agua y fluidos neutros no viscosos. Este [...]\" \/>\n<meta property=\"og:url\" content=\"https:\/\/tecnidro.com\/es\/p\/piloto-acero-inoxidable-2-vias-reduccion-de-presion-rp2m\/\" \/>\n<meta property=\"og:site_name\" content=\"Tecnidro\" \/>\n<meta property=\"article:publisher\" content=\"https:\/\/www.facebook.com\/profile.php?id=100089971879186\" \/>\n<meta property=\"og:image\" content=\"https:\/\/tecnidro.com\/wp-content\/uploads\/2023\/11\/Pilota-acciaio-inox-2-vie-Riduzione-Pressione-RP2M.webp\" \/>\n\t<meta property=\"og:image:width\" content=\"428\" \/>\n\t<meta property=\"og:image:height\" content=\"428\" \/>\n\t<meta property=\"og:image:type\" content=\"image\/webp\" \/>\n<meta name=\"twitter:card\" content=\"summary_large_image\" \/>\n<meta name=\"twitter:label1\" content=\"Tiempo de lectura\" \/>\n\t<meta name=\"twitter:data1\" content=\"1 minuto\" \/>\n<script type=\"application\/ld+json\" class=\"yoast-schema-graph\">{\"@context\":\"https:\\\/\\\/schema.org\",\"@graph\":[{\"@type\":\"WebPage\",\"@id\":\"https:\\\/\\\/tecnidro.com\\\/es\\\/p\\\/piloto-acero-inoxidable-2-vias-reduccion-de-presion-rp2m\\\/\",\"url\":\"https:\\\/\\\/tecnidro.com\\\/es\\\/p\\\/piloto-acero-inoxidable-2-vias-reduccion-de-presion-rp2m\\\/\",\"name\":\"Piloto acero inoxidable 2 v\u00edas Reducci\u00f3n de Presi\u00f3n RP2M - Tecnidro\",\"isPartOf\":{\"@id\":\"https:\\\/\\\/tecnidro.com\\\/es\\\/#website\"},\"primaryImageOfPage\":{\"@id\":\"https:\\\/\\\/tecnidro.com\\\/es\\\/p\\\/piloto-acero-inoxidable-2-vias-reduccion-de-presion-rp2m\\\/#primaryimage\"},\"image\":{\"@id\":\"https:\\\/\\\/tecnidro.com\\\/es\\\/p\\\/piloto-acero-inoxidable-2-vias-reduccion-de-presion-rp2m\\\/#primaryimage\"},\"thumbnailUrl\":\"https:\\\/\\\/tecnidro.com\\\/wp-content\\\/uploads\\\/2023\\\/11\\\/Pilota-acciaio-inox-2-vie-Riduzione-Pressione-RP2M.webp\",\"datePublished\":\"2023-11-28T15:06:24+00:00\",\"breadcrumb\":{\"@id\":\"https:\\\/\\\/tecnidro.com\\\/es\\\/p\\\/piloto-acero-inoxidable-2-vias-reduccion-de-presion-rp2m\\\/#breadcrumb\"},\"inLanguage\":\"es\",\"potentialAction\":[{\"@type\":\"ReadAction\",\"target\":[\"https:\\\/\\\/tecnidro.com\\\/es\\\/p\\\/piloto-acero-inoxidable-2-vias-reduccion-de-presion-rp2m\\\/\"]}]},{\"@type\":\"ImageObject\",\"inLanguage\":\"es\",\"@id\":\"https:\\\/\\\/tecnidro.com\\\/es\\\/p\\\/piloto-acero-inoxidable-2-vias-reduccion-de-presion-rp2m\\\/#primaryimage\",\"url\":\"https:\\\/\\\/tecnidro.com\\\/wp-content\\\/uploads\\\/2023\\\/11\\\/Pilota-acciaio-inox-2-vie-Riduzione-Pressione-RP2M.webp\",\"contentUrl\":\"https:\\\/\\\/tecnidro.com\\\/wp-content\\\/uploads\\\/2023\\\/11\\\/Pilota-acciaio-inox-2-vie-Riduzione-Pressione-RP2M.webp\",\"width\":428,\"height\":428,\"caption\":\"Pilota acciaio inox 2 vie Riduzione Pressione RP2M\"},{\"@type\":\"BreadcrumbList\",\"@id\":\"https:\\\/\\\/tecnidro.com\\\/es\\\/p\\\/piloto-acero-inoxidable-2-vias-reduccion-de-presion-rp2m\\\/#breadcrumb\",\"itemListElement\":[{\"@type\":\"ListItem\",\"position\":1,\"name\":\"Home\",\"item\":\"https:\\\/\\\/tecnidro.com\\\/es\\\/\"},{\"@type\":\"ListItem\",\"position\":2,\"name\":\"Productos y soluciones\",\"item\":\"https:\\\/\\\/tecnidro.com\\\/es\\\/productos-y-soluciones\\\/\"},{\"@type\":\"ListItem\",\"position\":3,\"name\":\"Piloto acero inoxidable 2 v\u00edas Reducci\u00f3n de Presi\u00f3n RP2M\"}]},{\"@type\":\"WebSite\",\"@id\":\"https:\\\/\\\/tecnidro.com\\\/es\\\/#website\",\"url\":\"https:\\\/\\\/tecnidro.com\\\/es\\\/\",\"name\":\"Tecnidro\",\"description\":\"Valvole Idrauliche\",\"potentialAction\":[{\"@type\":\"SearchAction\",\"target\":{\"@type\":\"EntryPoint\",\"urlTemplate\":\"https:\\\/\\\/tecnidro.com\\\/es\\\/?s={search_term_string}\"},\"query-input\":{\"@type\":\"PropertyValueSpecification\",\"valueRequired\":true,\"valueName\":\"search_term_string\"}}],\"inLanguage\":\"es\"}]}<\/script>\n<!-- \/ Yoast SEO plugin. -->","yoast_head_json":{"title":"Piloto acero inoxidable 2 v\u00edas Reducci\u00f3n de Presi\u00f3n RP2M - Tecnidro","robots":{"index":"index","follow":"follow","max-snippet":"max-snippet:-1","max-image-preview":"max-image-preview:large","max-video-preview":"max-video-preview:-1"},"canonical":"https:\/\/tecnidro.com\/es\/p\/piloto-acero-inoxidable-2-vias-reduccion-de-presion-rp2m\/","og_locale":"es_ES","og_type":"article","og_title":"Piloto acero inoxidable 2 v\u00edas Reducci\u00f3n de Presi\u00f3n RP2M - Tecnidro","og_description":"El piloto de reducci\u00f3n de presi\u00f3n de 2 v\u00edas Modelo RP2M est\u00e1 dise\u00f1ado para reducir la presi\u00f3n de aire comprimido, gases no combustibles, agua y fluidos neutros no viscosos. Este [...]","og_url":"https:\/\/tecnidro.com\/es\/p\/piloto-acero-inoxidable-2-vias-reduccion-de-presion-rp2m\/","og_site_name":"Tecnidro","article_publisher":"https:\/\/www.facebook.com\/profile.php?id=100089971879186","og_image":[{"width":428,"height":428,"url":"https:\/\/tecnidro.com\/wp-content\/uploads\/2023\/11\/Pilota-acciaio-inox-2-vie-Riduzione-Pressione-RP2M.webp","type":"image\/webp"}],"twitter_card":"summary_large_image","twitter_misc":{"Tiempo de lectura":"1 minuto"},"schema":{"@context":"https:\/\/schema.org","@graph":[{"@type":"WebPage","@id":"https:\/\/tecnidro.com\/es\/p\/piloto-acero-inoxidable-2-vias-reduccion-de-presion-rp2m\/","url":"https:\/\/tecnidro.com\/es\/p\/piloto-acero-inoxidable-2-vias-reduccion-de-presion-rp2m\/","name":"Piloto acero inoxidable 2 v\u00edas Reducci\u00f3n de Presi\u00f3n RP2M - Tecnidro","isPartOf":{"@id":"https:\/\/tecnidro.com\/es\/#website"},"primaryImageOfPage":{"@id":"https:\/\/tecnidro.com\/es\/p\/piloto-acero-inoxidable-2-vias-reduccion-de-presion-rp2m\/#primaryimage"},"image":{"@id":"https:\/\/tecnidro.com\/es\/p\/piloto-acero-inoxidable-2-vias-reduccion-de-presion-rp2m\/#primaryimage"},"thumbnailUrl":"https:\/\/tecnidro.com\/wp-content\/uploads\/2023\/11\/Pilota-acciaio-inox-2-vie-Riduzione-Pressione-RP2M.webp","datePublished":"2023-11-28T15:06:24+00:00","breadcrumb":{"@id":"https:\/\/tecnidro.com\/es\/p\/piloto-acero-inoxidable-2-vias-reduccion-de-presion-rp2m\/#breadcrumb"},"inLanguage":"es","potentialAction":[{"@type":"ReadAction","target":["https:\/\/tecnidro.com\/es\/p\/piloto-acero-inoxidable-2-vias-reduccion-de-presion-rp2m\/"]}]},{"@type":"ImageObject","inLanguage":"es","@id":"https:\/\/tecnidro.com\/es\/p\/piloto-acero-inoxidable-2-vias-reduccion-de-presion-rp2m\/#primaryimage","url":"https:\/\/tecnidro.com\/wp-content\/uploads\/2023\/11\/Pilota-acciaio-inox-2-vie-Riduzione-Pressione-RP2M.webp","contentUrl":"https:\/\/tecnidro.com\/wp-content\/uploads\/2023\/11\/Pilota-acciaio-inox-2-vie-Riduzione-Pressione-RP2M.webp","width":428,"height":428,"caption":"Pilota acciaio inox 2 vie Riduzione Pressione RP2M"},{"@type":"BreadcrumbList","@id":"https:\/\/tecnidro.com\/es\/p\/piloto-acero-inoxidable-2-vias-reduccion-de-presion-rp2m\/#breadcrumb","itemListElement":[{"@type":"ListItem","position":1,"name":"Home","item":"https:\/\/tecnidro.com\/es\/"},{"@type":"ListItem","position":2,"name":"Productos y soluciones","item":"https:\/\/tecnidro.com\/es\/productos-y-soluciones\/"},{"@type":"ListItem","position":3,"name":"Piloto acero inoxidable 2 v\u00edas Reducci\u00f3n de Presi\u00f3n RP2M"}]},{"@type":"WebSite","@id":"https:\/\/tecnidro.com\/es\/#website","url":"https:\/\/tecnidro.com\/es\/","name":"Tecnidro","description":"Valvole Idrauliche","potentialAction":[{"@type":"SearchAction","target":{"@type":"EntryPoint","urlTemplate":"https:\/\/tecnidro.com\/es\/?s={search_term_string}"},"query-input":{"@type":"PropertyValueSpecification","valueRequired":true,"valueName":"search_term_string"}}],"inLanguage":"es"}]}},"_links":{"self":[{"href":"https:\/\/tecnidro.com\/es\/wp-json\/wp\/v2\/product\/5856","targetHints":{"allow":["GET"]}}],"collection":[{"href":"https:\/\/tecnidro.com\/es\/wp-json\/wp\/v2\/product"}],"about":[{"href":"https:\/\/tecnidro.com\/es\/wp-json\/wp\/v2\/types\/product"}],"replies":[{"embeddable":true,"href":"https:\/\/tecnidro.com\/es\/wp-json\/wp\/v2\/comments?post=5856"}],"wp:featuredmedia":[{"embeddable":true,"href":"https:\/\/tecnidro.com\/es\/wp-json\/wp\/v2\/media\/5860"}],"wp:attachment":[{"href":"https:\/\/tecnidro.com\/es\/wp-json\/wp\/v2\/media?parent=5856"}],"wp:term":[{"taxonomy":"product_brand","embeddable":true,"href":"https:\/\/tecnidro.com\/es\/wp-json\/wp\/v2\/product_brand?post=5856"},{"taxonomy":"product_cat","embeddable":true,"href":"https:\/\/tecnidro.com\/es\/wp-json\/wp\/v2\/product_cat?post=5856"},{"taxonomy":"product_tag","embeddable":true,"href":"https:\/\/tecnidro.com\/es\/wp-json\/wp\/v2\/product_tag?post=5856"}],"curies":[{"name":"wp","href":"https:\/\/api.w.org\/{rel}","templated":true}]}}