{"id":5884,"date":"2024-10-24T14:00:28","date_gmt":"2024-10-24T13:00:28","guid":{"rendered":"https:\/\/tecnidro.com\/p\/valvula-de-flotador-modulante-in-ip-gal\/"},"modified":"2024-10-24T14:00:28","modified_gmt":"2024-10-24T13:00:28","slug":"valvula-de-flotador-modulante-in-ip-gal","status":"publish","type":"product","link":"https:\/\/tecnidro.com\/es\/p\/valvula-de-flotador-modulante-in-ip-gal\/","title":{"rendered":"V\u00e1lvula de Flotador Modulante IN\/IP-GAL"},"content":{"rendered":"<p>La <strong>v\u00e1lvula de flotador modulante IN\/IP-GAL<\/strong> es una v\u00e1lvula hidr\u00e1ulica de control autom\u00e1tico dise\u00f1ada para mantener el nivel m\u00e1ximo del agua dentro de un dep\u00f3sito. El funcionamiento se basa en un piloto de mando con flotador que, seg\u00fan el nivel del agua, regula la apertura y el cierre de la v\u00e1lvula. <\/p>\n<p><strong>Especificaciones T\u00e9cnicas:<\/strong><\/p>\n<ul>\n<li><strong>Modelo Piloto de Control:<\/strong>\n<ul>\n<li><strong>GAL 1\/2&#8243;<\/strong>: 2 v\u00edas &#8211; modulante<\/li>\n<li><strong>GAL 3\/4&#8243;<\/strong>: 2 v\u00edas &#8211; modulante<\/li>\n<\/ul>\n<\/li>\n<li><strong>Materiales:<\/strong>\n<ul>\n<li><strong>Cuerpo:<\/strong> Lat\u00f3n<\/li>\n<li><strong>Brazo del flotador:<\/strong> Acero inoxidable<\/li>\n<li><strong>Flotador:<\/strong> Polipropileno (PP)<\/li>\n<\/ul>\n<\/li>\n<li><strong>Conexiones:<\/strong>\n<ul>\n<li><strong>GAL 1\/2&#8243;:<\/strong> \u00d81\/2&#8243; H BSP<\/li>\n<li><strong>GAL 3\/4&#8243;:<\/strong> \u00d83\/4&#8243; H BSP<\/li>\n<\/ul>\n<\/li>\n<li><strong>Presi\u00f3n Nominal:<\/strong> 16 bar<\/li>\n<li><strong>Instalaci\u00f3n:<\/strong> Horizontal<\/li>\n<\/ul>\n<p><strong>Principio de Funcionamiento:<\/strong><\/p>\n<p>La v\u00e1lvula IN\/IP-GAL est\u00e1 comandada por un piloto de control de flotador modulante de 2 v\u00edas, que se instala dentro del dep\u00f3sito a la altura del nivel m\u00e1ximo deseado. El flotador, cuando el nivel del agua desciende, baja, activando la apertura de la v\u00e1lvula para permitir el llenado del dep\u00f3sito. Cuando el agua alcanza el nivel m\u00e1ximo, el flotador vuelve a la posici\u00f3n horizontal, cerrando lentamente la v\u00e1lvula para evitar picos de presi\u00f3n en la tuber\u00eda. La velocidad de cierre se regula mediante una v\u00e1lvula de aguja preajustada.   <\/p>\n","protected":false},"excerpt":{"rendered":"<p>La v\u00e1lvula de flotador modulante IN\/IP-GAL es una v\u00e1lvula hidr\u00e1ulica de control autom\u00e1tico dise\u00f1ada para mantener el nivel m\u00e1ximo del agua dentro de un dep\u00f3sito. El funcionamiento se basa en  [&#8230;]<\/p>\n","protected":false},"featured_media":5888,"comment_status":"closed","ping_status":"closed","template":"","meta":{"_acf_changed":false},"product_brand":[],"product_cat":[233,234,231],"product_tag":[],"class_list":{"0":"post-5884","1":"product","2":"type-product","3":"status-publish","4":"has-post-thumbnail","6":"product_cat-valvulas-de-membrana-de-plastico-2","7":"product_cat-valvulas-de-membrana-de-plastico-3","8":"product_cat-valvulas-de-membrana-de-plastico","10":"first","11":"instock","12":"shipping-taxable","13":"product-type-simple"},"acf":[],"yoast_head":"<!-- This site is optimized with the Yoast SEO plugin v27.3 - https:\/\/yoast.com\/product\/yoast-seo-wordpress\/ -->\n<title>V\u00e1lvula de Flotador Modulante IN\/IP-GAL - Tecnidro<\/title>\n<meta name=\"robots\" content=\"index, follow, max-snippet:-1, max-image-preview:large, max-video-preview:-1\" \/>\n<link rel=\"canonical\" href=\"https:\/\/tecnidro.com\/es\/p\/valvula-de-flotador-modulante-in-ip-gal\/\" \/>\n<meta property=\"og:locale\" content=\"es_ES\" \/>\n<meta property=\"og:type\" content=\"article\" \/>\n<meta property=\"og:title\" content=\"V\u00e1lvula de Flotador Modulante IN\/IP-GAL - Tecnidro\" \/>\n<meta property=\"og:description\" content=\"La v\u00e1lvula de flotador modulante IN\/IP-GAL es una v\u00e1lvula hidr\u00e1ulica de control autom\u00e1tico dise\u00f1ada para mantener el nivel m\u00e1ximo del agua dentro de un dep\u00f3sito. El funcionamiento se basa en [...]\" \/>\n<meta property=\"og:url\" content=\"https:\/\/tecnidro.com\/es\/p\/valvula-de-flotador-modulante-in-ip-gal\/\" \/>\n<meta property=\"og:site_name\" content=\"Tecnidro\" \/>\n<meta property=\"article:publisher\" content=\"https:\/\/www.facebook.com\/profile.php?id=100089971879186\" \/>\n<meta property=\"og:image\" content=\"https:\/\/tecnidro.com\/wp-content\/uploads\/2024\/10\/Valvola-Galleggiante-Modulante-IN-IP-GAL_1.webp\" \/>\n\t<meta property=\"og:image:width\" content=\"1000\" \/>\n\t<meta property=\"og:image:height\" content=\"1000\" \/>\n\t<meta property=\"og:image:type\" content=\"image\/webp\" \/>\n<meta name=\"twitter:card\" content=\"summary_large_image\" \/>\n<meta name=\"twitter:label1\" content=\"Tiempo de lectura\" \/>\n\t<meta name=\"twitter:data1\" content=\"1 minuto\" \/>\n<script type=\"application\/ld+json\" class=\"yoast-schema-graph\">{\"@context\":\"https:\\\/\\\/schema.org\",\"@graph\":[{\"@type\":\"WebPage\",\"@id\":\"https:\\\/\\\/tecnidro.com\\\/es\\\/p\\\/valvula-de-flotador-modulante-in-ip-gal\\\/\",\"url\":\"https:\\\/\\\/tecnidro.com\\\/es\\\/p\\\/valvula-de-flotador-modulante-in-ip-gal\\\/\",\"name\":\"V\u00e1lvula de Flotador Modulante IN\\\/IP-GAL - Tecnidro\",\"isPartOf\":{\"@id\":\"https:\\\/\\\/tecnidro.com\\\/es\\\/#website\"},\"primaryImageOfPage\":{\"@id\":\"https:\\\/\\\/tecnidro.com\\\/es\\\/p\\\/valvula-de-flotador-modulante-in-ip-gal\\\/#primaryimage\"},\"image\":{\"@id\":\"https:\\\/\\\/tecnidro.com\\\/es\\\/p\\\/valvula-de-flotador-modulante-in-ip-gal\\\/#primaryimage\"},\"thumbnailUrl\":\"https:\\\/\\\/tecnidro.com\\\/wp-content\\\/uploads\\\/2024\\\/10\\\/Valvola-Galleggiante-Modulante-IN-IP-GAL_1.webp\",\"datePublished\":\"2024-10-24T13:00:28+00:00\",\"breadcrumb\":{\"@id\":\"https:\\\/\\\/tecnidro.com\\\/es\\\/p\\\/valvula-de-flotador-modulante-in-ip-gal\\\/#breadcrumb\"},\"inLanguage\":\"es\",\"potentialAction\":[{\"@type\":\"ReadAction\",\"target\":[\"https:\\\/\\\/tecnidro.com\\\/es\\\/p\\\/valvula-de-flotador-modulante-in-ip-gal\\\/\"]}]},{\"@type\":\"ImageObject\",\"inLanguage\":\"es\",\"@id\":\"https:\\\/\\\/tecnidro.com\\\/es\\\/p\\\/valvula-de-flotador-modulante-in-ip-gal\\\/#primaryimage\",\"url\":\"https:\\\/\\\/tecnidro.com\\\/wp-content\\\/uploads\\\/2024\\\/10\\\/Valvola-Galleggiante-Modulante-IN-IP-GAL_1.webp\",\"contentUrl\":\"https:\\\/\\\/tecnidro.com\\\/wp-content\\\/uploads\\\/2024\\\/10\\\/Valvola-Galleggiante-Modulante-IN-IP-GAL_1.webp\",\"width\":1000,\"height\":1000,\"caption\":\"Valvola Galleggiante Modulante IN-IP-GAL\"},{\"@type\":\"BreadcrumbList\",\"@id\":\"https:\\\/\\\/tecnidro.com\\\/es\\\/p\\\/valvula-de-flotador-modulante-in-ip-gal\\\/#breadcrumb\",\"itemListElement\":[{\"@type\":\"ListItem\",\"position\":1,\"name\":\"Home\",\"item\":\"https:\\\/\\\/tecnidro.com\\\/es\\\/\"},{\"@type\":\"ListItem\",\"position\":2,\"name\":\"Productos y soluciones\",\"item\":\"https:\\\/\\\/tecnidro.com\\\/es\\\/productos-y-soluciones\\\/\"},{\"@type\":\"ListItem\",\"position\":3,\"name\":\"V\u00e1lvula de Flotador Modulante IN\\\/IP-GAL\"}]},{\"@type\":\"WebSite\",\"@id\":\"https:\\\/\\\/tecnidro.com\\\/es\\\/#website\",\"url\":\"https:\\\/\\\/tecnidro.com\\\/es\\\/\",\"name\":\"Tecnidro\",\"description\":\"Valvole Idrauliche\",\"potentialAction\":[{\"@type\":\"SearchAction\",\"target\":{\"@type\":\"EntryPoint\",\"urlTemplate\":\"https:\\\/\\\/tecnidro.com\\\/es\\\/?s={search_term_string}\"},\"query-input\":{\"@type\":\"PropertyValueSpecification\",\"valueRequired\":true,\"valueName\":\"search_term_string\"}}],\"inLanguage\":\"es\"}]}<\/script>\n<!-- \/ Yoast SEO plugin. -->","yoast_head_json":{"title":"V\u00e1lvula de Flotador Modulante IN\/IP-GAL - Tecnidro","robots":{"index":"index","follow":"follow","max-snippet":"max-snippet:-1","max-image-preview":"max-image-preview:large","max-video-preview":"max-video-preview:-1"},"canonical":"https:\/\/tecnidro.com\/es\/p\/valvula-de-flotador-modulante-in-ip-gal\/","og_locale":"es_ES","og_type":"article","og_title":"V\u00e1lvula de Flotador Modulante IN\/IP-GAL - Tecnidro","og_description":"La v\u00e1lvula de flotador modulante IN\/IP-GAL es una v\u00e1lvula hidr\u00e1ulica de control autom\u00e1tico dise\u00f1ada para mantener el nivel m\u00e1ximo del agua dentro de un dep\u00f3sito. El funcionamiento se basa en [...]","og_url":"https:\/\/tecnidro.com\/es\/p\/valvula-de-flotador-modulante-in-ip-gal\/","og_site_name":"Tecnidro","article_publisher":"https:\/\/www.facebook.com\/profile.php?id=100089971879186","og_image":[{"width":1000,"height":1000,"url":"https:\/\/tecnidro.com\/wp-content\/uploads\/2024\/10\/Valvola-Galleggiante-Modulante-IN-IP-GAL_1.webp","type":"image\/webp"}],"twitter_card":"summary_large_image","twitter_misc":{"Tiempo de lectura":"1 minuto"},"schema":{"@context":"https:\/\/schema.org","@graph":[{"@type":"WebPage","@id":"https:\/\/tecnidro.com\/es\/p\/valvula-de-flotador-modulante-in-ip-gal\/","url":"https:\/\/tecnidro.com\/es\/p\/valvula-de-flotador-modulante-in-ip-gal\/","name":"V\u00e1lvula de Flotador Modulante IN\/IP-GAL - Tecnidro","isPartOf":{"@id":"https:\/\/tecnidro.com\/es\/#website"},"primaryImageOfPage":{"@id":"https:\/\/tecnidro.com\/es\/p\/valvula-de-flotador-modulante-in-ip-gal\/#primaryimage"},"image":{"@id":"https:\/\/tecnidro.com\/es\/p\/valvula-de-flotador-modulante-in-ip-gal\/#primaryimage"},"thumbnailUrl":"https:\/\/tecnidro.com\/wp-content\/uploads\/2024\/10\/Valvola-Galleggiante-Modulante-IN-IP-GAL_1.webp","datePublished":"2024-10-24T13:00:28+00:00","breadcrumb":{"@id":"https:\/\/tecnidro.com\/es\/p\/valvula-de-flotador-modulante-in-ip-gal\/#breadcrumb"},"inLanguage":"es","potentialAction":[{"@type":"ReadAction","target":["https:\/\/tecnidro.com\/es\/p\/valvula-de-flotador-modulante-in-ip-gal\/"]}]},{"@type":"ImageObject","inLanguage":"es","@id":"https:\/\/tecnidro.com\/es\/p\/valvula-de-flotador-modulante-in-ip-gal\/#primaryimage","url":"https:\/\/tecnidro.com\/wp-content\/uploads\/2024\/10\/Valvola-Galleggiante-Modulante-IN-IP-GAL_1.webp","contentUrl":"https:\/\/tecnidro.com\/wp-content\/uploads\/2024\/10\/Valvola-Galleggiante-Modulante-IN-IP-GAL_1.webp","width":1000,"height":1000,"caption":"Valvola Galleggiante Modulante IN-IP-GAL"},{"@type":"BreadcrumbList","@id":"https:\/\/tecnidro.com\/es\/p\/valvula-de-flotador-modulante-in-ip-gal\/#breadcrumb","itemListElement":[{"@type":"ListItem","position":1,"name":"Home","item":"https:\/\/tecnidro.com\/es\/"},{"@type":"ListItem","position":2,"name":"Productos y soluciones","item":"https:\/\/tecnidro.com\/es\/productos-y-soluciones\/"},{"@type":"ListItem","position":3,"name":"V\u00e1lvula de Flotador Modulante IN\/IP-GAL"}]},{"@type":"WebSite","@id":"https:\/\/tecnidro.com\/es\/#website","url":"https:\/\/tecnidro.com\/es\/","name":"Tecnidro","description":"Valvole Idrauliche","potentialAction":[{"@type":"SearchAction","target":{"@type":"EntryPoint","urlTemplate":"https:\/\/tecnidro.com\/es\/?s={search_term_string}"},"query-input":{"@type":"PropertyValueSpecification","valueRequired":true,"valueName":"search_term_string"}}],"inLanguage":"es"}]}},"_links":{"self":[{"href":"https:\/\/tecnidro.com\/es\/wp-json\/wp\/v2\/product\/5884","targetHints":{"allow":["GET"]}}],"collection":[{"href":"https:\/\/tecnidro.com\/es\/wp-json\/wp\/v2\/product"}],"about":[{"href":"https:\/\/tecnidro.com\/es\/wp-json\/wp\/v2\/types\/product"}],"replies":[{"embeddable":true,"href":"https:\/\/tecnidro.com\/es\/wp-json\/wp\/v2\/comments?post=5884"}],"wp:featuredmedia":[{"embeddable":true,"href":"https:\/\/tecnidro.com\/es\/wp-json\/wp\/v2\/media\/5888"}],"wp:attachment":[{"href":"https:\/\/tecnidro.com\/es\/wp-json\/wp\/v2\/media?parent=5884"}],"wp:term":[{"taxonomy":"product_brand","embeddable":true,"href":"https:\/\/tecnidro.com\/es\/wp-json\/wp\/v2\/product_brand?post=5884"},{"taxonomy":"product_cat","embeddable":true,"href":"https:\/\/tecnidro.com\/es\/wp-json\/wp\/v2\/product_cat?post=5884"},{"taxonomy":"product_tag","embeddable":true,"href":"https:\/\/tecnidro.com\/es\/wp-json\/wp\/v2\/product_tag?post=5884"}],"curies":[{"name":"wp","href":"https:\/\/api.w.org\/{rel}","templated":true}]}}