{"id":5893,"date":"2023-11-28T15:19:23","date_gmt":"2023-11-28T15:19:23","guid":{"rendered":"https:\/\/tecnidro.com\/p\/piloto-de-alivio-rapido-sr10-22\/"},"modified":"2023-11-28T15:19:23","modified_gmt":"2023-11-28T14:19:23","slug":"piloto-de-alivio-rapido-sr10-22","status":"publish","type":"product","link":"https:\/\/tecnidro.com\/es\/p\/piloto-de-alivio-rapido-sr10-22\/","title":{"rendered":"Piloto de alivio r\u00e1pido SR10\/22"},"content":{"rendered":"<p class=\"p1\">El <strong>piloto de alivio r\u00e1pido SR10-22<\/strong> es un dispositivo de seguridad dise\u00f1ado para garantizar un r\u00e1pido alivio de la presi\u00f3n en exceso en sistemas hidr\u00e1ulicos que contienen agua y fluidos neutros no viscosos. Este piloto es ideal para aplicaciones en las que se requiere una respuesta r\u00e1pida a la variaci\u00f3n de presi\u00f3n, garantizando una acci\u00f3n de seguridad fiable. No es apto para su uso con vapor.  <\/p>\n<p><strong>Aplicaciones:<\/strong><\/p>\n<p>El piloto SR10-22 es adecuado para su uso en sistemas que requieren un r\u00e1pido alivio de la presi\u00f3n para garantizar la seguridad y el funcionamiento \u00f3ptimo del sistema. Puede instalarse en cualquier posici\u00f3n, preferiblemente vertical, y es compatible con una amplia gama de sistemas hidr\u00e1ulicos. <\/p>\n","protected":false},"excerpt":{"rendered":"<p>El piloto de alivio r\u00e1pido SR10-22 es un dispositivo de seguridad dise\u00f1ado para garantizar un r\u00e1pido alivio de la presi\u00f3n en exceso en sistemas hidr\u00e1ulicos que contienen agua y fluidos  [&#8230;]<\/p>\n","protected":false},"featured_media":5896,"comment_status":"closed","ping_status":"closed","template":"","meta":{"_acf_changed":false},"product_brand":[],"product_cat":[214,229,230],"product_tag":[],"class_list":{"0":"post-5893","1":"product","2":"type-product","3":"status-publish","4":"has-post-thumbnail","6":"product_cat-riego","7":"product_cat-solenoides-y-pilotos","8":"product_cat-solenoides-y-pilotos-2","10":"first","11":"instock","12":"shipping-taxable","13":"product-type-simple"},"acf":[],"yoast_head":"<!-- This site is optimized with the Yoast SEO plugin v27.3 - https:\/\/yoast.com\/product\/yoast-seo-wordpress\/ -->\n<title>Piloto de alivio r\u00e1pido SR10\/22 - Tecnidro<\/title>\n<meta name=\"robots\" content=\"index, follow, max-snippet:-1, max-image-preview:large, max-video-preview:-1\" \/>\n<link rel=\"canonical\" href=\"https:\/\/tecnidro.com\/es\/p\/piloto-de-alivio-rapido-sr10-22\/\" \/>\n<meta property=\"og:locale\" content=\"es_ES\" \/>\n<meta property=\"og:type\" content=\"article\" \/>\n<meta property=\"og:title\" content=\"Piloto de alivio r\u00e1pido SR10\/22 - Tecnidro\" \/>\n<meta property=\"og:description\" content=\"El piloto de alivio r\u00e1pido SR10-22 es un dispositivo de seguridad dise\u00f1ado para garantizar un r\u00e1pido alivio de la presi\u00f3n en exceso en sistemas hidr\u00e1ulicos que contienen agua y fluidos [...]\" \/>\n<meta property=\"og:url\" content=\"https:\/\/tecnidro.com\/es\/p\/piloto-de-alivio-rapido-sr10-22\/\" \/>\n<meta property=\"og:site_name\" content=\"Tecnidro\" \/>\n<meta property=\"article:publisher\" content=\"https:\/\/www.facebook.com\/profile.php?id=100089971879186\" \/>\n<meta property=\"og:image\" content=\"https:\/\/tecnidro.com\/wp-content\/uploads\/2023\/11\/Pilota-di-Scarico-Rapido-SR10-22.webp\" \/>\n\t<meta property=\"og:image:width\" content=\"404\" \/>\n\t<meta property=\"og:image:height\" content=\"404\" \/>\n\t<meta property=\"og:image:type\" content=\"image\/webp\" \/>\n<meta name=\"twitter:card\" content=\"summary_large_image\" \/>\n<meta name=\"twitter:label1\" content=\"Tiempo de lectura\" \/>\n\t<meta name=\"twitter:data1\" content=\"1 minuto\" \/>\n<script type=\"application\/ld+json\" class=\"yoast-schema-graph\">{\"@context\":\"https:\\\/\\\/schema.org\",\"@graph\":[{\"@type\":\"WebPage\",\"@id\":\"https:\\\/\\\/tecnidro.com\\\/es\\\/p\\\/piloto-de-alivio-rapido-sr10-22\\\/\",\"url\":\"https:\\\/\\\/tecnidro.com\\\/es\\\/p\\\/piloto-de-alivio-rapido-sr10-22\\\/\",\"name\":\"Piloto de alivio r\u00e1pido SR10\\\/22 - Tecnidro\",\"isPartOf\":{\"@id\":\"https:\\\/\\\/tecnidro.com\\\/es\\\/#website\"},\"primaryImageOfPage\":{\"@id\":\"https:\\\/\\\/tecnidro.com\\\/es\\\/p\\\/piloto-de-alivio-rapido-sr10-22\\\/#primaryimage\"},\"image\":{\"@id\":\"https:\\\/\\\/tecnidro.com\\\/es\\\/p\\\/piloto-de-alivio-rapido-sr10-22\\\/#primaryimage\"},\"thumbnailUrl\":\"https:\\\/\\\/tecnidro.com\\\/wp-content\\\/uploads\\\/2023\\\/11\\\/Pilota-di-Scarico-Rapido-SR10-22.webp\",\"datePublished\":\"2023-11-28T15:19:23+00:00\",\"breadcrumb\":{\"@id\":\"https:\\\/\\\/tecnidro.com\\\/es\\\/p\\\/piloto-de-alivio-rapido-sr10-22\\\/#breadcrumb\"},\"inLanguage\":\"es\",\"potentialAction\":[{\"@type\":\"ReadAction\",\"target\":[\"https:\\\/\\\/tecnidro.com\\\/es\\\/p\\\/piloto-de-alivio-rapido-sr10-22\\\/\"]}]},{\"@type\":\"ImageObject\",\"inLanguage\":\"es\",\"@id\":\"https:\\\/\\\/tecnidro.com\\\/es\\\/p\\\/piloto-de-alivio-rapido-sr10-22\\\/#primaryimage\",\"url\":\"https:\\\/\\\/tecnidro.com\\\/wp-content\\\/uploads\\\/2023\\\/11\\\/Pilota-di-Scarico-Rapido-SR10-22.webp\",\"contentUrl\":\"https:\\\/\\\/tecnidro.com\\\/wp-content\\\/uploads\\\/2023\\\/11\\\/Pilota-di-Scarico-Rapido-SR10-22.webp\",\"width\":404,\"height\":404,\"caption\":\"Pilota di Scarico Rapido SR10-22\"},{\"@type\":\"BreadcrumbList\",\"@id\":\"https:\\\/\\\/tecnidro.com\\\/es\\\/p\\\/piloto-de-alivio-rapido-sr10-22\\\/#breadcrumb\",\"itemListElement\":[{\"@type\":\"ListItem\",\"position\":1,\"name\":\"Home\",\"item\":\"https:\\\/\\\/tecnidro.com\\\/es\\\/\"},{\"@type\":\"ListItem\",\"position\":2,\"name\":\"Productos y soluciones\",\"item\":\"https:\\\/\\\/tecnidro.com\\\/es\\\/productos-y-soluciones\\\/\"},{\"@type\":\"ListItem\",\"position\":3,\"name\":\"Piloto de alivio r\u00e1pido SR10\\\/22\"}]},{\"@type\":\"WebSite\",\"@id\":\"https:\\\/\\\/tecnidro.com\\\/es\\\/#website\",\"url\":\"https:\\\/\\\/tecnidro.com\\\/es\\\/\",\"name\":\"Tecnidro\",\"description\":\"Valvole Idrauliche\",\"potentialAction\":[{\"@type\":\"SearchAction\",\"target\":{\"@type\":\"EntryPoint\",\"urlTemplate\":\"https:\\\/\\\/tecnidro.com\\\/es\\\/?s={search_term_string}\"},\"query-input\":{\"@type\":\"PropertyValueSpecification\",\"valueRequired\":true,\"valueName\":\"search_term_string\"}}],\"inLanguage\":\"es\"}]}<\/script>\n<!-- \/ Yoast SEO plugin. -->","yoast_head_json":{"title":"Piloto de alivio r\u00e1pido SR10\/22 - Tecnidro","robots":{"index":"index","follow":"follow","max-snippet":"max-snippet:-1","max-image-preview":"max-image-preview:large","max-video-preview":"max-video-preview:-1"},"canonical":"https:\/\/tecnidro.com\/es\/p\/piloto-de-alivio-rapido-sr10-22\/","og_locale":"es_ES","og_type":"article","og_title":"Piloto de alivio r\u00e1pido SR10\/22 - Tecnidro","og_description":"El piloto de alivio r\u00e1pido SR10-22 es un dispositivo de seguridad dise\u00f1ado para garantizar un r\u00e1pido alivio de la presi\u00f3n en exceso en sistemas hidr\u00e1ulicos que contienen agua y fluidos [...]","og_url":"https:\/\/tecnidro.com\/es\/p\/piloto-de-alivio-rapido-sr10-22\/","og_site_name":"Tecnidro","article_publisher":"https:\/\/www.facebook.com\/profile.php?id=100089971879186","og_image":[{"width":404,"height":404,"url":"https:\/\/tecnidro.com\/wp-content\/uploads\/2023\/11\/Pilota-di-Scarico-Rapido-SR10-22.webp","type":"image\/webp"}],"twitter_card":"summary_large_image","twitter_misc":{"Tiempo de lectura":"1 minuto"},"schema":{"@context":"https:\/\/schema.org","@graph":[{"@type":"WebPage","@id":"https:\/\/tecnidro.com\/es\/p\/piloto-de-alivio-rapido-sr10-22\/","url":"https:\/\/tecnidro.com\/es\/p\/piloto-de-alivio-rapido-sr10-22\/","name":"Piloto de alivio r\u00e1pido SR10\/22 - Tecnidro","isPartOf":{"@id":"https:\/\/tecnidro.com\/es\/#website"},"primaryImageOfPage":{"@id":"https:\/\/tecnidro.com\/es\/p\/piloto-de-alivio-rapido-sr10-22\/#primaryimage"},"image":{"@id":"https:\/\/tecnidro.com\/es\/p\/piloto-de-alivio-rapido-sr10-22\/#primaryimage"},"thumbnailUrl":"https:\/\/tecnidro.com\/wp-content\/uploads\/2023\/11\/Pilota-di-Scarico-Rapido-SR10-22.webp","datePublished":"2023-11-28T15:19:23+00:00","breadcrumb":{"@id":"https:\/\/tecnidro.com\/es\/p\/piloto-de-alivio-rapido-sr10-22\/#breadcrumb"},"inLanguage":"es","potentialAction":[{"@type":"ReadAction","target":["https:\/\/tecnidro.com\/es\/p\/piloto-de-alivio-rapido-sr10-22\/"]}]},{"@type":"ImageObject","inLanguage":"es","@id":"https:\/\/tecnidro.com\/es\/p\/piloto-de-alivio-rapido-sr10-22\/#primaryimage","url":"https:\/\/tecnidro.com\/wp-content\/uploads\/2023\/11\/Pilota-di-Scarico-Rapido-SR10-22.webp","contentUrl":"https:\/\/tecnidro.com\/wp-content\/uploads\/2023\/11\/Pilota-di-Scarico-Rapido-SR10-22.webp","width":404,"height":404,"caption":"Pilota di Scarico Rapido SR10-22"},{"@type":"BreadcrumbList","@id":"https:\/\/tecnidro.com\/es\/p\/piloto-de-alivio-rapido-sr10-22\/#breadcrumb","itemListElement":[{"@type":"ListItem","position":1,"name":"Home","item":"https:\/\/tecnidro.com\/es\/"},{"@type":"ListItem","position":2,"name":"Productos y soluciones","item":"https:\/\/tecnidro.com\/es\/productos-y-soluciones\/"},{"@type":"ListItem","position":3,"name":"Piloto de alivio r\u00e1pido SR10\/22"}]},{"@type":"WebSite","@id":"https:\/\/tecnidro.com\/es\/#website","url":"https:\/\/tecnidro.com\/es\/","name":"Tecnidro","description":"Valvole Idrauliche","potentialAction":[{"@type":"SearchAction","target":{"@type":"EntryPoint","urlTemplate":"https:\/\/tecnidro.com\/es\/?s={search_term_string}"},"query-input":{"@type":"PropertyValueSpecification","valueRequired":true,"valueName":"search_term_string"}}],"inLanguage":"es"}]}},"_links":{"self":[{"href":"https:\/\/tecnidro.com\/es\/wp-json\/wp\/v2\/product\/5893","targetHints":{"allow":["GET"]}}],"collection":[{"href":"https:\/\/tecnidro.com\/es\/wp-json\/wp\/v2\/product"}],"about":[{"href":"https:\/\/tecnidro.com\/es\/wp-json\/wp\/v2\/types\/product"}],"replies":[{"embeddable":true,"href":"https:\/\/tecnidro.com\/es\/wp-json\/wp\/v2\/comments?post=5893"}],"wp:featuredmedia":[{"embeddable":true,"href":"https:\/\/tecnidro.com\/es\/wp-json\/wp\/v2\/media\/5896"}],"wp:attachment":[{"href":"https:\/\/tecnidro.com\/es\/wp-json\/wp\/v2\/media?parent=5893"}],"wp:term":[{"taxonomy":"product_brand","embeddable":true,"href":"https:\/\/tecnidro.com\/es\/wp-json\/wp\/v2\/product_brand?post=5893"},{"taxonomy":"product_cat","embeddable":true,"href":"https:\/\/tecnidro.com\/es\/wp-json\/wp\/v2\/product_cat?post=5893"},{"taxonomy":"product_tag","embeddable":true,"href":"https:\/\/tecnidro.com\/es\/wp-json\/wp\/v2\/product_tag?post=5893"}],"curies":[{"name":"wp","href":"https:\/\/api.w.org\/{rel}","templated":true}]}}