{"id":5898,"date":"2024-10-24T10:44:21","date_gmt":"2024-10-24T09:44:21","guid":{"rendered":"https:\/\/tecnidro.com\/p\/valvula-reductora-de-presion-im-rp3pp\/"},"modified":"2024-10-24T10:44:21","modified_gmt":"2024-10-24T09:44:21","slug":"valvula-reductora-de-presion-im-rp3pp","status":"publish","type":"product","link":"https:\/\/tecnidro.com\/es\/p\/valvula-reductora-de-presion-im-rp3pp\/","title":{"rendered":"V\u00e1lvula reductora de presi\u00f3n IM-RP3PP"},"content":{"rendered":"<p>La  <strong>v\u00e1lvula reductora de presi\u00f3n Mod. IM-RP3PP <\/strong>  est\u00e1 dise\u00f1ada para reducir autom\u00e1ticamente la presi\u00f3n de entrada a un valor inferior y constante a la salida. Esta v\u00e1lvula es ideal para aplicaciones que requieren un control preciso de la presi\u00f3n aguas abajo en respuesta a variaciones de caudal o presi\u00f3n aguas arriba. <\/p>\n<p><strong>Especificaciones t\u00e9cnicas:<\/strong><\/p>\n<ul>\n<li><strong>Tipo de v\u00e1lvula:<\/strong> Hidr\u00e1ulica, de 3 v\u00edas<\/li>\n<li><strong>Piloto:<\/strong> Mod. RP3PP <\/li>\n<li><strong>Rango de regulaci\u00f3n de presi\u00f3n:<\/strong>\n<ul>\n<li><strong>Muelle gris:<\/strong> 0,2\u00f71,5 bar<\/li>\n<li><strong>Muelle blanco:<\/strong> 0,6\u00f73,0 bar<\/li>\n<li><strong>Muelle rojo (est\u00e1ndar):<\/strong> 1,0\u00f75,5 bar<\/li>\n<li><strong>Muelle negro:<\/strong> 2,0\u00f79,0 bar<\/li>\n<\/ul>\n<\/li>\n<li><strong>Materiales:<\/strong>\n<ul>\n<li><strong>Cuerpo del piloto:<\/strong> Nailon reforzado<\/li>\n<li><strong>Tapa:<\/strong> Nailon reforzado<\/li>\n<li><strong>Mando manual CM4V:<\/strong> Lat\u00f3n, con bola de acero inoxidable y asiento de estanqueidad de tefl\u00f3n<\/li>\n<\/ul>\n<\/li>\n<li><strong>Conexiones:<\/strong>\n<ul>\n<li><strong>Cuerpo del mando manual:<\/strong> \u00d81\/4\u201d M BSP<\/li>\n<li><strong>Abierto\/Cerrado\/Auto:<\/strong> \u00d81\/8\u201d H BSP<\/li>\n<\/ul>\n<\/li>\n<li><strong>Grado de protecci\u00f3n:<\/strong> IP66 (solenoide)<\/li>\n<\/ul>\n<p><strong>Principio de funcionamiento:<\/strong><br \/>\nLa v\u00e1lvula est\u00e1 controlada por un piloto hidr\u00e1ulico de 3 v\u00edas (Mod. RP3PP), que regula la apertura del diafragma en funci\u00f3n de la presi\u00f3n aguas abajo deseada. El piloto gestiona el llenado o el vaciado de la c\u00e1mara de la v\u00e1lvula para mantener constante la presi\u00f3n aguas abajo, incluso ante variaciones de caudal o presi\u00f3n aguas arriba.<br \/>\nCuando la presi\u00f3n de entrada es inferior o igual a la presi\u00f3n establecida, la v\u00e1lvula se abre completamente para minimizar las p\u00e9rdidas de carga. La v\u00e1lvula tambi\u00e9n puede accionarse manualmente mediante el mando de 3 v\u00edas (Mod. CM4V), que permite la apertura o el cierre total independientemente del piloto.  <\/p>\n","protected":false},"excerpt":{"rendered":"<p>La v\u00e1lvula reductora de presi\u00f3n Mod. IM-RP3PP est\u00e1 dise\u00f1ada para reducir autom\u00e1ticamente la presi\u00f3n de entrada a un valor inferior y constante a la salida. Esta v\u00e1lvula es ideal para  [&#8230;]<\/p>\n","protected":false},"featured_media":5900,"comment_status":"closed","ping_status":"closed","template":"","meta":{"_acf_changed":false},"product_brand":[],"product_cat":[235],"product_tag":[],"class_list":{"0":"post-5898","1":"product","2":"type-product","3":"status-publish","4":"has-post-thumbnail","6":"product_cat-valvulas-de-diafragma-metalicas","8":"first","9":"instock","10":"shipping-taxable","11":"product-type-simple"},"acf":[],"yoast_head":"<!-- This site is optimized with the Yoast SEO plugin v27.3 - https:\/\/yoast.com\/product\/yoast-seo-wordpress\/ -->\n<title>V\u00e1lvula reductora de presi\u00f3n IM-RP3PP - Tecnidro<\/title>\n<meta name=\"robots\" content=\"index, follow, max-snippet:-1, max-image-preview:large, max-video-preview:-1\" \/>\n<link rel=\"canonical\" href=\"https:\/\/tecnidro.com\/es\/p\/valvula-reductora-de-presion-im-rp3pp\/\" \/>\n<meta property=\"og:locale\" content=\"es_ES\" \/>\n<meta property=\"og:type\" content=\"article\" \/>\n<meta property=\"og:title\" content=\"V\u00e1lvula reductora de presi\u00f3n IM-RP3PP - Tecnidro\" \/>\n<meta property=\"og:description\" content=\"La v\u00e1lvula reductora de presi\u00f3n Mod. IM-RP3PP est\u00e1 dise\u00f1ada para reducir autom\u00e1ticamente la presi\u00f3n de entrada a un valor inferior y constante a la salida. Esta v\u00e1lvula es ideal para [...]\" \/>\n<meta property=\"og:url\" content=\"https:\/\/tecnidro.com\/es\/p\/valvula-reductora-de-presion-im-rp3pp\/\" \/>\n<meta property=\"og:site_name\" content=\"Tecnidro\" \/>\n<meta property=\"article:publisher\" content=\"https:\/\/www.facebook.com\/profile.php?id=100089971879186\" \/>\n<meta property=\"og:image\" content=\"https:\/\/tecnidro.com\/wp-content\/uploads\/2024\/10\/Valvola-di-Riduzione-Pressione-IM-RP3PP.webp\" \/>\n\t<meta property=\"og:image:width\" content=\"1000\" \/>\n\t<meta property=\"og:image:height\" content=\"1000\" \/>\n\t<meta property=\"og:image:type\" content=\"image\/webp\" \/>\n<meta name=\"twitter:card\" content=\"summary_large_image\" \/>\n<meta name=\"twitter:label1\" content=\"Tiempo de lectura\" \/>\n\t<meta name=\"twitter:data1\" content=\"1 minuto\" \/>\n<script type=\"application\/ld+json\" class=\"yoast-schema-graph\">{\"@context\":\"https:\\\/\\\/schema.org\",\"@graph\":[{\"@type\":\"WebPage\",\"@id\":\"https:\\\/\\\/tecnidro.com\\\/es\\\/p\\\/valvula-reductora-de-presion-im-rp3pp\\\/\",\"url\":\"https:\\\/\\\/tecnidro.com\\\/es\\\/p\\\/valvula-reductora-de-presion-im-rp3pp\\\/\",\"name\":\"V\u00e1lvula reductora de presi\u00f3n IM-RP3PP - Tecnidro\",\"isPartOf\":{\"@id\":\"https:\\\/\\\/tecnidro.com\\\/es\\\/#website\"},\"primaryImageOfPage\":{\"@id\":\"https:\\\/\\\/tecnidro.com\\\/es\\\/p\\\/valvula-reductora-de-presion-im-rp3pp\\\/#primaryimage\"},\"image\":{\"@id\":\"https:\\\/\\\/tecnidro.com\\\/es\\\/p\\\/valvula-reductora-de-presion-im-rp3pp\\\/#primaryimage\"},\"thumbnailUrl\":\"https:\\\/\\\/tecnidro.com\\\/wp-content\\\/uploads\\\/2024\\\/10\\\/Valvola-di-Riduzione-Pressione-IM-RP3PP.webp\",\"datePublished\":\"2024-10-24T09:44:21+00:00\",\"breadcrumb\":{\"@id\":\"https:\\\/\\\/tecnidro.com\\\/es\\\/p\\\/valvula-reductora-de-presion-im-rp3pp\\\/#breadcrumb\"},\"inLanguage\":\"es\",\"potentialAction\":[{\"@type\":\"ReadAction\",\"target\":[\"https:\\\/\\\/tecnidro.com\\\/es\\\/p\\\/valvula-reductora-de-presion-im-rp3pp\\\/\"]}]},{\"@type\":\"ImageObject\",\"inLanguage\":\"es\",\"@id\":\"https:\\\/\\\/tecnidro.com\\\/es\\\/p\\\/valvula-reductora-de-presion-im-rp3pp\\\/#primaryimage\",\"url\":\"https:\\\/\\\/tecnidro.com\\\/wp-content\\\/uploads\\\/2024\\\/10\\\/Valvola-di-Riduzione-Pressione-IM-RP3PP.webp\",\"contentUrl\":\"https:\\\/\\\/tecnidro.com\\\/wp-content\\\/uploads\\\/2024\\\/10\\\/Valvola-di-Riduzione-Pressione-IM-RP3PP.webp\",\"width\":1000,\"height\":1000,\"caption\":\"Valvola di Riduzione Pressione IM-RP3PP\"},{\"@type\":\"BreadcrumbList\",\"@id\":\"https:\\\/\\\/tecnidro.com\\\/es\\\/p\\\/valvula-reductora-de-presion-im-rp3pp\\\/#breadcrumb\",\"itemListElement\":[{\"@type\":\"ListItem\",\"position\":1,\"name\":\"Home\",\"item\":\"https:\\\/\\\/tecnidro.com\\\/es\\\/\"},{\"@type\":\"ListItem\",\"position\":2,\"name\":\"Productos y soluciones\",\"item\":\"https:\\\/\\\/tecnidro.com\\\/es\\\/productos-y-soluciones\\\/\"},{\"@type\":\"ListItem\",\"position\":3,\"name\":\"V\u00e1lvula reductora de presi\u00f3n IM-RP3PP\"}]},{\"@type\":\"WebSite\",\"@id\":\"https:\\\/\\\/tecnidro.com\\\/es\\\/#website\",\"url\":\"https:\\\/\\\/tecnidro.com\\\/es\\\/\",\"name\":\"Tecnidro\",\"description\":\"Valvole Idrauliche\",\"potentialAction\":[{\"@type\":\"SearchAction\",\"target\":{\"@type\":\"EntryPoint\",\"urlTemplate\":\"https:\\\/\\\/tecnidro.com\\\/es\\\/?s={search_term_string}\"},\"query-input\":{\"@type\":\"PropertyValueSpecification\",\"valueRequired\":true,\"valueName\":\"search_term_string\"}}],\"inLanguage\":\"es\"}]}<\/script>\n<!-- \/ Yoast SEO plugin. -->","yoast_head_json":{"title":"V\u00e1lvula reductora de presi\u00f3n IM-RP3PP - Tecnidro","robots":{"index":"index","follow":"follow","max-snippet":"max-snippet:-1","max-image-preview":"max-image-preview:large","max-video-preview":"max-video-preview:-1"},"canonical":"https:\/\/tecnidro.com\/es\/p\/valvula-reductora-de-presion-im-rp3pp\/","og_locale":"es_ES","og_type":"article","og_title":"V\u00e1lvula reductora de presi\u00f3n IM-RP3PP - Tecnidro","og_description":"La v\u00e1lvula reductora de presi\u00f3n Mod. IM-RP3PP est\u00e1 dise\u00f1ada para reducir autom\u00e1ticamente la presi\u00f3n de entrada a un valor inferior y constante a la salida. Esta v\u00e1lvula es ideal para [...]","og_url":"https:\/\/tecnidro.com\/es\/p\/valvula-reductora-de-presion-im-rp3pp\/","og_site_name":"Tecnidro","article_publisher":"https:\/\/www.facebook.com\/profile.php?id=100089971879186","og_image":[{"width":1000,"height":1000,"url":"https:\/\/tecnidro.com\/wp-content\/uploads\/2024\/10\/Valvola-di-Riduzione-Pressione-IM-RP3PP.webp","type":"image\/webp"}],"twitter_card":"summary_large_image","twitter_misc":{"Tiempo de lectura":"1 minuto"},"schema":{"@context":"https:\/\/schema.org","@graph":[{"@type":"WebPage","@id":"https:\/\/tecnidro.com\/es\/p\/valvula-reductora-de-presion-im-rp3pp\/","url":"https:\/\/tecnidro.com\/es\/p\/valvula-reductora-de-presion-im-rp3pp\/","name":"V\u00e1lvula reductora de presi\u00f3n IM-RP3PP - Tecnidro","isPartOf":{"@id":"https:\/\/tecnidro.com\/es\/#website"},"primaryImageOfPage":{"@id":"https:\/\/tecnidro.com\/es\/p\/valvula-reductora-de-presion-im-rp3pp\/#primaryimage"},"image":{"@id":"https:\/\/tecnidro.com\/es\/p\/valvula-reductora-de-presion-im-rp3pp\/#primaryimage"},"thumbnailUrl":"https:\/\/tecnidro.com\/wp-content\/uploads\/2024\/10\/Valvola-di-Riduzione-Pressione-IM-RP3PP.webp","datePublished":"2024-10-24T09:44:21+00:00","breadcrumb":{"@id":"https:\/\/tecnidro.com\/es\/p\/valvula-reductora-de-presion-im-rp3pp\/#breadcrumb"},"inLanguage":"es","potentialAction":[{"@type":"ReadAction","target":["https:\/\/tecnidro.com\/es\/p\/valvula-reductora-de-presion-im-rp3pp\/"]}]},{"@type":"ImageObject","inLanguage":"es","@id":"https:\/\/tecnidro.com\/es\/p\/valvula-reductora-de-presion-im-rp3pp\/#primaryimage","url":"https:\/\/tecnidro.com\/wp-content\/uploads\/2024\/10\/Valvola-di-Riduzione-Pressione-IM-RP3PP.webp","contentUrl":"https:\/\/tecnidro.com\/wp-content\/uploads\/2024\/10\/Valvola-di-Riduzione-Pressione-IM-RP3PP.webp","width":1000,"height":1000,"caption":"Valvola di Riduzione Pressione IM-RP3PP"},{"@type":"BreadcrumbList","@id":"https:\/\/tecnidro.com\/es\/p\/valvula-reductora-de-presion-im-rp3pp\/#breadcrumb","itemListElement":[{"@type":"ListItem","position":1,"name":"Home","item":"https:\/\/tecnidro.com\/es\/"},{"@type":"ListItem","position":2,"name":"Productos y soluciones","item":"https:\/\/tecnidro.com\/es\/productos-y-soluciones\/"},{"@type":"ListItem","position":3,"name":"V\u00e1lvula reductora de presi\u00f3n IM-RP3PP"}]},{"@type":"WebSite","@id":"https:\/\/tecnidro.com\/es\/#website","url":"https:\/\/tecnidro.com\/es\/","name":"Tecnidro","description":"Valvole Idrauliche","potentialAction":[{"@type":"SearchAction","target":{"@type":"EntryPoint","urlTemplate":"https:\/\/tecnidro.com\/es\/?s={search_term_string}"},"query-input":{"@type":"PropertyValueSpecification","valueRequired":true,"valueName":"search_term_string"}}],"inLanguage":"es"}]}},"_links":{"self":[{"href":"https:\/\/tecnidro.com\/es\/wp-json\/wp\/v2\/product\/5898","targetHints":{"allow":["GET"]}}],"collection":[{"href":"https:\/\/tecnidro.com\/es\/wp-json\/wp\/v2\/product"}],"about":[{"href":"https:\/\/tecnidro.com\/es\/wp-json\/wp\/v2\/types\/product"}],"replies":[{"embeddable":true,"href":"https:\/\/tecnidro.com\/es\/wp-json\/wp\/v2\/comments?post=5898"}],"wp:featuredmedia":[{"embeddable":true,"href":"https:\/\/tecnidro.com\/es\/wp-json\/wp\/v2\/media\/5900"}],"wp:attachment":[{"href":"https:\/\/tecnidro.com\/es\/wp-json\/wp\/v2\/media?parent=5898"}],"wp:term":[{"taxonomy":"product_brand","embeddable":true,"href":"https:\/\/tecnidro.com\/es\/wp-json\/wp\/v2\/product_brand?post=5898"},{"taxonomy":"product_cat","embeddable":true,"href":"https:\/\/tecnidro.com\/es\/wp-json\/wp\/v2\/product_cat?post=5898"},{"taxonomy":"product_tag","embeddable":true,"href":"https:\/\/tecnidro.com\/es\/wp-json\/wp\/v2\/product_tag?post=5898"}],"curies":[{"name":"wp","href":"https:\/\/api.w.org\/{rel}","templated":true}]}}