{"id":5901,"date":"2024-10-24T13:53:59","date_gmt":"2024-10-24T12:53:59","guid":{"rendered":"https:\/\/tecnidro.com\/p\/valvula-con-mando-manual-in-ip-cm4v\/"},"modified":"2024-10-24T13:53:59","modified_gmt":"2024-10-24T12:53:59","slug":"valvula-con-mando-manual-in-ip-cm4v","status":"publish","type":"product","link":"https:\/\/tecnidro.com\/es\/p\/valvula-con-mando-manual-in-ip-cm4v\/","title":{"rendered":"V\u00e1lvula con mando manual IN\/IP-CM4V"},"content":{"rendered":"<p>La <strong>v\u00e1lvula hidr\u00e1ulica IN\/IP-CM4V<\/strong> es una v\u00e1lvula On-Off dise\u00f1ada para la apertura y el cierre manual sin necesidad de alimentaci\u00f3n externa. Esta v\u00e1lvula es ideal para aplicaciones en las que se requiere un control local manual del flujo hidr\u00e1ulico. La v\u00e1lvula est\u00e1 equipada con una llave de 4 v\u00edas (modelo CM4V) que permite el control manual completo.  <\/p>\n<p><strong>Especificaciones t\u00e9cnicas:<\/strong><\/p>\n<ul>\n<li><strong>Modelo de mando:<\/strong> CM4V (manual)<\/li>\n<li><strong>Materiales:<\/strong>\n<ul>\n<li><strong>Cuerpo del mando:<\/strong> Lat\u00f3n<\/li>\n<li><strong>Asiento de estanqueidad:<\/strong> Tefl\u00f3n<\/li>\n<li><strong>Esfera:<\/strong> Acero inoxidable<\/li>\n<\/ul>\n<\/li>\n<li><strong>Conexiones:<\/strong>\n<ul>\n<li><strong>Tapa:<\/strong> \u00d81\/4\u201d M BSP<\/li>\n<li><strong>Mando (Abierto\/Cerrado\/Auto):<\/strong> \u00d81\/8\u201d F BSP<\/li>\n<\/ul>\n<\/li>\n<\/ul>\n<p><strong>Principio de funcionamiento:<\/strong><\/p>\n<p>La v\u00e1lvula IN\/IP-CM4V est\u00e1 dotada de una llave de 4 v\u00edas (modelo CM4V) que permite seleccionar tres modos de funcionamiento diferentes:<\/p>\n<ul>\n<li><strong>CERRADA:<\/strong> Conecta la c\u00e1mara de control a la presi\u00f3n aguas arriba, cerrando completamente la v\u00e1lvula.<\/li>\n<li><strong>ABIERTA:<\/strong> Descarga la presi\u00f3n de la c\u00e1mara de control a la atm\u00f3sfera, abriendo completamente la v\u00e1lvula.<\/li>\n<li><strong>AUTO:<\/strong> Permite la integraci\u00f3n de accesorios hidr\u00e1ulicos o electrohidr\u00e1ulicos para el funcionamiento autom\u00e1tico de la v\u00e1lvula.<\/li>\n<\/ul>\n","protected":false},"excerpt":{"rendered":"<p>La v\u00e1lvula hidr\u00e1ulica IN\/IP-CM4V es una v\u00e1lvula On-Off dise\u00f1ada para la apertura y el cierre manual sin necesidad de alimentaci\u00f3n externa. Esta v\u00e1lvula es ideal para aplicaciones en las que  [&#8230;]<\/p>\n","protected":false},"featured_media":5902,"comment_status":"closed","ping_status":"closed","template":"","meta":{"_acf_changed":false},"product_brand":[],"product_cat":[233,234,231],"product_tag":[],"class_list":{"0":"post-5901","1":"product","2":"type-product","3":"status-publish","4":"has-post-thumbnail","6":"product_cat-valvulas-de-membrana-de-plastico-2","7":"product_cat-valvulas-de-membrana-de-plastico-3","8":"product_cat-valvulas-de-membrana-de-plastico","10":"first","11":"instock","12":"shipping-taxable","13":"product-type-simple"},"acf":[],"yoast_head":"<!-- This site is optimized with the Yoast SEO plugin v27.3 - https:\/\/yoast.com\/product\/yoast-seo-wordpress\/ -->\n<title>V\u00e1lvula con mando manual IN\/IP-CM4V - Tecnidro<\/title>\n<meta name=\"robots\" content=\"index, follow, max-snippet:-1, max-image-preview:large, max-video-preview:-1\" \/>\n<link rel=\"canonical\" href=\"https:\/\/tecnidro.com\/es\/p\/valvula-con-mando-manual-in-ip-cm4v\/\" \/>\n<meta property=\"og:locale\" content=\"es_ES\" \/>\n<meta property=\"og:type\" content=\"article\" \/>\n<meta property=\"og:title\" content=\"V\u00e1lvula con mando manual IN\/IP-CM4V - Tecnidro\" \/>\n<meta property=\"og:description\" content=\"La v\u00e1lvula hidr\u00e1ulica IN\/IP-CM4V es una v\u00e1lvula On-Off dise\u00f1ada para la apertura y el cierre manual sin necesidad de alimentaci\u00f3n externa. Esta v\u00e1lvula es ideal para aplicaciones en las que [...]\" \/>\n<meta property=\"og:url\" content=\"https:\/\/tecnidro.com\/es\/p\/valvula-con-mando-manual-in-ip-cm4v\/\" \/>\n<meta property=\"og:site_name\" content=\"Tecnidro\" \/>\n<meta property=\"article:publisher\" content=\"https:\/\/www.facebook.com\/profile.php?id=100089971879186\" \/>\n<meta property=\"og:image\" content=\"https:\/\/tecnidro.com\/wp-content\/uploads\/2024\/10\/Valvola-con-comando-manuale-IN-IP-CM4V.webp\" \/>\n\t<meta property=\"og:image:width\" content=\"1000\" \/>\n\t<meta property=\"og:image:height\" content=\"1000\" \/>\n\t<meta property=\"og:image:type\" content=\"image\/webp\" \/>\n<meta name=\"twitter:card\" content=\"summary_large_image\" \/>\n<meta name=\"twitter:label1\" content=\"Tiempo de lectura\" \/>\n\t<meta name=\"twitter:data1\" content=\"1 minuto\" \/>\n<script type=\"application\/ld+json\" class=\"yoast-schema-graph\">{\"@context\":\"https:\\\/\\\/schema.org\",\"@graph\":[{\"@type\":\"WebPage\",\"@id\":\"https:\\\/\\\/tecnidro.com\\\/es\\\/p\\\/valvula-con-mando-manual-in-ip-cm4v\\\/\",\"url\":\"https:\\\/\\\/tecnidro.com\\\/es\\\/p\\\/valvula-con-mando-manual-in-ip-cm4v\\\/\",\"name\":\"V\u00e1lvula con mando manual IN\\\/IP-CM4V - Tecnidro\",\"isPartOf\":{\"@id\":\"https:\\\/\\\/tecnidro.com\\\/es\\\/#website\"},\"primaryImageOfPage\":{\"@id\":\"https:\\\/\\\/tecnidro.com\\\/es\\\/p\\\/valvula-con-mando-manual-in-ip-cm4v\\\/#primaryimage\"},\"image\":{\"@id\":\"https:\\\/\\\/tecnidro.com\\\/es\\\/p\\\/valvula-con-mando-manual-in-ip-cm4v\\\/#primaryimage\"},\"thumbnailUrl\":\"https:\\\/\\\/tecnidro.com\\\/wp-content\\\/uploads\\\/2024\\\/10\\\/Valvola-con-comando-manuale-IN-IP-CM4V.webp\",\"datePublished\":\"2024-10-24T12:53:59+00:00\",\"breadcrumb\":{\"@id\":\"https:\\\/\\\/tecnidro.com\\\/es\\\/p\\\/valvula-con-mando-manual-in-ip-cm4v\\\/#breadcrumb\"},\"inLanguage\":\"es\",\"potentialAction\":[{\"@type\":\"ReadAction\",\"target\":[\"https:\\\/\\\/tecnidro.com\\\/es\\\/p\\\/valvula-con-mando-manual-in-ip-cm4v\\\/\"]}]},{\"@type\":\"ImageObject\",\"inLanguage\":\"es\",\"@id\":\"https:\\\/\\\/tecnidro.com\\\/es\\\/p\\\/valvula-con-mando-manual-in-ip-cm4v\\\/#primaryimage\",\"url\":\"https:\\\/\\\/tecnidro.com\\\/wp-content\\\/uploads\\\/2024\\\/10\\\/Valvola-con-comando-manuale-IN-IP-CM4V.webp\",\"contentUrl\":\"https:\\\/\\\/tecnidro.com\\\/wp-content\\\/uploads\\\/2024\\\/10\\\/Valvola-con-comando-manuale-IN-IP-CM4V.webp\",\"width\":1000,\"height\":1000,\"caption\":\"Valvola con comando manuale IN-IP-CM4V\"},{\"@type\":\"BreadcrumbList\",\"@id\":\"https:\\\/\\\/tecnidro.com\\\/es\\\/p\\\/valvula-con-mando-manual-in-ip-cm4v\\\/#breadcrumb\",\"itemListElement\":[{\"@type\":\"ListItem\",\"position\":1,\"name\":\"Home\",\"item\":\"https:\\\/\\\/tecnidro.com\\\/es\\\/\"},{\"@type\":\"ListItem\",\"position\":2,\"name\":\"Productos y soluciones\",\"item\":\"https:\\\/\\\/tecnidro.com\\\/es\\\/productos-y-soluciones\\\/\"},{\"@type\":\"ListItem\",\"position\":3,\"name\":\"V\u00e1lvula con mando manual IN\\\/IP-CM4V\"}]},{\"@type\":\"WebSite\",\"@id\":\"https:\\\/\\\/tecnidro.com\\\/es\\\/#website\",\"url\":\"https:\\\/\\\/tecnidro.com\\\/es\\\/\",\"name\":\"Tecnidro\",\"description\":\"Valvole Idrauliche\",\"potentialAction\":[{\"@type\":\"SearchAction\",\"target\":{\"@type\":\"EntryPoint\",\"urlTemplate\":\"https:\\\/\\\/tecnidro.com\\\/es\\\/?s={search_term_string}\"},\"query-input\":{\"@type\":\"PropertyValueSpecification\",\"valueRequired\":true,\"valueName\":\"search_term_string\"}}],\"inLanguage\":\"es\"}]}<\/script>\n<!-- \/ Yoast SEO plugin. -->","yoast_head_json":{"title":"V\u00e1lvula con mando manual IN\/IP-CM4V - Tecnidro","robots":{"index":"index","follow":"follow","max-snippet":"max-snippet:-1","max-image-preview":"max-image-preview:large","max-video-preview":"max-video-preview:-1"},"canonical":"https:\/\/tecnidro.com\/es\/p\/valvula-con-mando-manual-in-ip-cm4v\/","og_locale":"es_ES","og_type":"article","og_title":"V\u00e1lvula con mando manual IN\/IP-CM4V - Tecnidro","og_description":"La v\u00e1lvula hidr\u00e1ulica IN\/IP-CM4V es una v\u00e1lvula On-Off dise\u00f1ada para la apertura y el cierre manual sin necesidad de alimentaci\u00f3n externa. Esta v\u00e1lvula es ideal para aplicaciones en las que [...]","og_url":"https:\/\/tecnidro.com\/es\/p\/valvula-con-mando-manual-in-ip-cm4v\/","og_site_name":"Tecnidro","article_publisher":"https:\/\/www.facebook.com\/profile.php?id=100089971879186","og_image":[{"width":1000,"height":1000,"url":"https:\/\/tecnidro.com\/wp-content\/uploads\/2024\/10\/Valvola-con-comando-manuale-IN-IP-CM4V.webp","type":"image\/webp"}],"twitter_card":"summary_large_image","twitter_misc":{"Tiempo de lectura":"1 minuto"},"schema":{"@context":"https:\/\/schema.org","@graph":[{"@type":"WebPage","@id":"https:\/\/tecnidro.com\/es\/p\/valvula-con-mando-manual-in-ip-cm4v\/","url":"https:\/\/tecnidro.com\/es\/p\/valvula-con-mando-manual-in-ip-cm4v\/","name":"V\u00e1lvula con mando manual IN\/IP-CM4V - Tecnidro","isPartOf":{"@id":"https:\/\/tecnidro.com\/es\/#website"},"primaryImageOfPage":{"@id":"https:\/\/tecnidro.com\/es\/p\/valvula-con-mando-manual-in-ip-cm4v\/#primaryimage"},"image":{"@id":"https:\/\/tecnidro.com\/es\/p\/valvula-con-mando-manual-in-ip-cm4v\/#primaryimage"},"thumbnailUrl":"https:\/\/tecnidro.com\/wp-content\/uploads\/2024\/10\/Valvola-con-comando-manuale-IN-IP-CM4V.webp","datePublished":"2024-10-24T12:53:59+00:00","breadcrumb":{"@id":"https:\/\/tecnidro.com\/es\/p\/valvula-con-mando-manual-in-ip-cm4v\/#breadcrumb"},"inLanguage":"es","potentialAction":[{"@type":"ReadAction","target":["https:\/\/tecnidro.com\/es\/p\/valvula-con-mando-manual-in-ip-cm4v\/"]}]},{"@type":"ImageObject","inLanguage":"es","@id":"https:\/\/tecnidro.com\/es\/p\/valvula-con-mando-manual-in-ip-cm4v\/#primaryimage","url":"https:\/\/tecnidro.com\/wp-content\/uploads\/2024\/10\/Valvola-con-comando-manuale-IN-IP-CM4V.webp","contentUrl":"https:\/\/tecnidro.com\/wp-content\/uploads\/2024\/10\/Valvola-con-comando-manuale-IN-IP-CM4V.webp","width":1000,"height":1000,"caption":"Valvola con comando manuale IN-IP-CM4V"},{"@type":"BreadcrumbList","@id":"https:\/\/tecnidro.com\/es\/p\/valvula-con-mando-manual-in-ip-cm4v\/#breadcrumb","itemListElement":[{"@type":"ListItem","position":1,"name":"Home","item":"https:\/\/tecnidro.com\/es\/"},{"@type":"ListItem","position":2,"name":"Productos y soluciones","item":"https:\/\/tecnidro.com\/es\/productos-y-soluciones\/"},{"@type":"ListItem","position":3,"name":"V\u00e1lvula con mando manual IN\/IP-CM4V"}]},{"@type":"WebSite","@id":"https:\/\/tecnidro.com\/es\/#website","url":"https:\/\/tecnidro.com\/es\/","name":"Tecnidro","description":"Valvole Idrauliche","potentialAction":[{"@type":"SearchAction","target":{"@type":"EntryPoint","urlTemplate":"https:\/\/tecnidro.com\/es\/?s={search_term_string}"},"query-input":{"@type":"PropertyValueSpecification","valueRequired":true,"valueName":"search_term_string"}}],"inLanguage":"es"}]}},"_links":{"self":[{"href":"https:\/\/tecnidro.com\/es\/wp-json\/wp\/v2\/product\/5901","targetHints":{"allow":["GET"]}}],"collection":[{"href":"https:\/\/tecnidro.com\/es\/wp-json\/wp\/v2\/product"}],"about":[{"href":"https:\/\/tecnidro.com\/es\/wp-json\/wp\/v2\/types\/product"}],"replies":[{"embeddable":true,"href":"https:\/\/tecnidro.com\/es\/wp-json\/wp\/v2\/comments?post=5901"}],"wp:featuredmedia":[{"embeddable":true,"href":"https:\/\/tecnidro.com\/es\/wp-json\/wp\/v2\/media\/5902"}],"wp:attachment":[{"href":"https:\/\/tecnidro.com\/es\/wp-json\/wp\/v2\/media?parent=5901"}],"wp:term":[{"taxonomy":"product_brand","embeddable":true,"href":"https:\/\/tecnidro.com\/es\/wp-json\/wp\/v2\/product_brand?post=5901"},{"taxonomy":"product_cat","embeddable":true,"href":"https:\/\/tecnidro.com\/es\/wp-json\/wp\/v2\/product_cat?post=5901"},{"taxonomy":"product_tag","embeddable":true,"href":"https:\/\/tecnidro.com\/es\/wp-json\/wp\/v2\/product_tag?post=5901"}],"curies":[{"name":"wp","href":"https:\/\/api.w.org\/{rel}","templated":true}]}}