{"id":5905,"date":"2024-10-24T10:33:47","date_gmt":"2024-10-24T09:33:47","guid":{"rendered":"https:\/\/tecnidro.com\/p\/valvula-programable-im-prog\/"},"modified":"2024-10-24T10:33:47","modified_gmt":"2024-10-24T09:33:47","slug":"valvula-programable-im-prog","status":"publish","type":"product","link":"https:\/\/tecnidro.com\/es\/p\/valvula-programable-im-prog\/","title":{"rendered":"V\u00e1lvula programable IM-PROG"},"content":{"rendered":"<p>La  <strong>v\u00e1lvula hidr\u00e1ulica Mod. IM-PROG <\/strong>  es una v\u00e1lvula electrohidr\u00e1ulica autom\u00e1tica on-off, dise\u00f1ada para gestionar la apertura y el cierre de forma programada mediante un programador electr\u00f3nico a pilas. Ideal para sistemas de riego automatizados, permite la gesti\u00f3n del flujo seg\u00fan un calendario semanal preestablecido. <\/p>\n<p><strong>Especificaciones t\u00e9cnicas:<\/strong><\/p>\n<ul>\n<li><strong>Tipo de v\u00e1lvula:<\/strong> Electrohidr\u00e1ulica, biestable, 3 v\u00edas<\/li>\n<li><strong>Material del cuerpo del solenoide:<\/strong> Nylon<\/li>\n<li><strong>Conexiones:<\/strong> \u00d81\/8\u201d H BSP<\/li>\n<li><strong>Presi\u00f3n nominal:<\/strong> 10 bar<\/li>\n<li><strong>Tensi\u00f3n operativa:<\/strong> 9-12 V CC<\/li>\n<li><strong>Alimentaci\u00f3n:<\/strong> Pilas alcalinas de 9 V CC (duraci\u00f3n recomendada: 12 meses)<\/li>\n<li><strong>Temperatura operativa del programador:<\/strong> de -10 \u00b0C a 60 \u00b0C<\/li>\n<li><strong>Grado de protecci\u00f3n del solenoide:<\/strong> IP66<\/li>\n<li><strong>Grado de protecci\u00f3n del programador:<\/strong> IP67<\/li>\n<\/ul>\n<p><strong>Principio de funcionamiento:<\/strong><br \/>\nLa v\u00e1lvula es accionada por un solenoide biestable de 3 v\u00edas (Mod. EL-BI) que, al ser activado por el programador (Mod. PROG), descarga el agua de la c\u00e1mara de maniobra, permitiendo la apertura total de la v\u00e1lvula. Al finalizar el ciclo de riego, la v\u00e1lvula se cierra autom\u00e1ticamente.<br \/>\nEl programador permite configurar diferentes modos de funcionamiento, como la apertura diaria, en d\u00edas seleccionados o aperturas m\u00faltiples en los d\u00edas establecidos. <\/p>\n<p><strong>Recomendaciones para la instalaci\u00f3n:<\/strong><\/p>\n<ul>\n<li>Active el programador de riego y siga las instrucciones para configurar los par\u00e1metros deseados.<\/li>\n<li>Realice algunas maniobras de apertura y cierre para evacuar el aire de la c\u00e1mara de control.<\/li>\n<li><strong>Seguridad:<\/strong> No desmonte la v\u00e1lvula ni el circuito cuando el sistema est\u00e9 bajo presi\u00f3n. No la utilice con presiones superiores a los valores nominales. <\/li>\n<\/ul>\n<p><strong>Mantenimiento:<\/strong><br \/>\nSustituya la pila cada 12 meses para garantizar el correcto funcionamiento del programador y del solenoide.<\/p>\n","protected":false},"excerpt":{"rendered":"<p>La v\u00e1lvula hidr\u00e1ulica Mod. IM-PROG es una v\u00e1lvula electrohidr\u00e1ulica autom\u00e1tica on-off, dise\u00f1ada para gestionar la apertura y el cierre de forma programada mediante un programador electr\u00f3nico a pilas. Ideal para  [&#8230;]<\/p>\n","protected":false},"featured_media":5908,"comment_status":"closed","ping_status":"closed","template":"","meta":{"_acf_changed":false},"product_brand":[],"product_cat":[235,236],"product_tag":[],"class_list":{"0":"post-5905","1":"product","2":"type-product","3":"status-publish","4":"has-post-thumbnail","6":"product_cat-valvulas-de-diafragma-metalicas","7":"product_cat-valvulas-de-membrana-metalicas","9":"first","10":"instock","11":"shipping-taxable","12":"product-type-simple"},"acf":[],"yoast_head":"<!-- This site is optimized with the Yoast SEO plugin v27.3 - https:\/\/yoast.com\/product\/yoast-seo-wordpress\/ -->\n<title>V\u00e1lvula programable IM-PROG - Tecnidro<\/title>\n<meta name=\"robots\" content=\"index, follow, max-snippet:-1, max-image-preview:large, max-video-preview:-1\" \/>\n<link rel=\"canonical\" href=\"https:\/\/tecnidro.com\/es\/p\/valvula-programable-im-prog\/\" \/>\n<meta property=\"og:locale\" content=\"es_ES\" \/>\n<meta property=\"og:type\" content=\"article\" \/>\n<meta property=\"og:title\" content=\"V\u00e1lvula programable IM-PROG - Tecnidro\" \/>\n<meta property=\"og:description\" content=\"La v\u00e1lvula hidr\u00e1ulica Mod. IM-PROG es una v\u00e1lvula electrohidr\u00e1ulica autom\u00e1tica on-off, dise\u00f1ada para gestionar la apertura y el cierre de forma programada mediante un programador electr\u00f3nico a pilas. Ideal para [...]\" \/>\n<meta property=\"og:url\" content=\"https:\/\/tecnidro.com\/es\/p\/valvula-programable-im-prog\/\" \/>\n<meta property=\"og:site_name\" content=\"Tecnidro\" \/>\n<meta property=\"article:publisher\" content=\"https:\/\/www.facebook.com\/profile.php?id=100089971879186\" \/>\n<meta property=\"og:image\" content=\"https:\/\/tecnidro.com\/wp-content\/uploads\/2024\/10\/Valvola-Programmabile-IM-PROG.webp\" \/>\n\t<meta property=\"og:image:width\" content=\"1000\" \/>\n\t<meta property=\"og:image:height\" content=\"1000\" \/>\n\t<meta property=\"og:image:type\" content=\"image\/webp\" \/>\n<meta name=\"twitter:card\" content=\"summary_large_image\" \/>\n<meta name=\"twitter:label1\" content=\"Tiempo de lectura\" \/>\n\t<meta name=\"twitter:data1\" content=\"1 minuto\" \/>\n<script type=\"application\/ld+json\" class=\"yoast-schema-graph\">{\"@context\":\"https:\\\/\\\/schema.org\",\"@graph\":[{\"@type\":\"WebPage\",\"@id\":\"https:\\\/\\\/tecnidro.com\\\/es\\\/p\\\/valvula-programable-im-prog\\\/\",\"url\":\"https:\\\/\\\/tecnidro.com\\\/es\\\/p\\\/valvula-programable-im-prog\\\/\",\"name\":\"V\u00e1lvula programable IM-PROG - Tecnidro\",\"isPartOf\":{\"@id\":\"https:\\\/\\\/tecnidro.com\\\/es\\\/#website\"},\"primaryImageOfPage\":{\"@id\":\"https:\\\/\\\/tecnidro.com\\\/es\\\/p\\\/valvula-programable-im-prog\\\/#primaryimage\"},\"image\":{\"@id\":\"https:\\\/\\\/tecnidro.com\\\/es\\\/p\\\/valvula-programable-im-prog\\\/#primaryimage\"},\"thumbnailUrl\":\"https:\\\/\\\/tecnidro.com\\\/wp-content\\\/uploads\\\/2024\\\/10\\\/Valvola-Programmabile-IM-PROG.webp\",\"datePublished\":\"2024-10-24T09:33:47+00:00\",\"breadcrumb\":{\"@id\":\"https:\\\/\\\/tecnidro.com\\\/es\\\/p\\\/valvula-programable-im-prog\\\/#breadcrumb\"},\"inLanguage\":\"es\",\"potentialAction\":[{\"@type\":\"ReadAction\",\"target\":[\"https:\\\/\\\/tecnidro.com\\\/es\\\/p\\\/valvula-programable-im-prog\\\/\"]}]},{\"@type\":\"ImageObject\",\"inLanguage\":\"es\",\"@id\":\"https:\\\/\\\/tecnidro.com\\\/es\\\/p\\\/valvula-programable-im-prog\\\/#primaryimage\",\"url\":\"https:\\\/\\\/tecnidro.com\\\/wp-content\\\/uploads\\\/2024\\\/10\\\/Valvola-Programmabile-IM-PROG.webp\",\"contentUrl\":\"https:\\\/\\\/tecnidro.com\\\/wp-content\\\/uploads\\\/2024\\\/10\\\/Valvola-Programmabile-IM-PROG.webp\",\"width\":1000,\"height\":1000},{\"@type\":\"BreadcrumbList\",\"@id\":\"https:\\\/\\\/tecnidro.com\\\/es\\\/p\\\/valvula-programable-im-prog\\\/#breadcrumb\",\"itemListElement\":[{\"@type\":\"ListItem\",\"position\":1,\"name\":\"Home\",\"item\":\"https:\\\/\\\/tecnidro.com\\\/es\\\/\"},{\"@type\":\"ListItem\",\"position\":2,\"name\":\"Productos y soluciones\",\"item\":\"https:\\\/\\\/tecnidro.com\\\/es\\\/productos-y-soluciones\\\/\"},{\"@type\":\"ListItem\",\"position\":3,\"name\":\"V\u00e1lvula programable IM-PROG\"}]},{\"@type\":\"WebSite\",\"@id\":\"https:\\\/\\\/tecnidro.com\\\/es\\\/#website\",\"url\":\"https:\\\/\\\/tecnidro.com\\\/es\\\/\",\"name\":\"Tecnidro\",\"description\":\"Valvole Idrauliche\",\"potentialAction\":[{\"@type\":\"SearchAction\",\"target\":{\"@type\":\"EntryPoint\",\"urlTemplate\":\"https:\\\/\\\/tecnidro.com\\\/es\\\/?s={search_term_string}\"},\"query-input\":{\"@type\":\"PropertyValueSpecification\",\"valueRequired\":true,\"valueName\":\"search_term_string\"}}],\"inLanguage\":\"es\"}]}<\/script>\n<!-- \/ Yoast SEO plugin. -->","yoast_head_json":{"title":"V\u00e1lvula programable IM-PROG - Tecnidro","robots":{"index":"index","follow":"follow","max-snippet":"max-snippet:-1","max-image-preview":"max-image-preview:large","max-video-preview":"max-video-preview:-1"},"canonical":"https:\/\/tecnidro.com\/es\/p\/valvula-programable-im-prog\/","og_locale":"es_ES","og_type":"article","og_title":"V\u00e1lvula programable IM-PROG - Tecnidro","og_description":"La v\u00e1lvula hidr\u00e1ulica Mod. IM-PROG es una v\u00e1lvula electrohidr\u00e1ulica autom\u00e1tica on-off, dise\u00f1ada para gestionar la apertura y el cierre de forma programada mediante un programador electr\u00f3nico a pilas. Ideal para [...]","og_url":"https:\/\/tecnidro.com\/es\/p\/valvula-programable-im-prog\/","og_site_name":"Tecnidro","article_publisher":"https:\/\/www.facebook.com\/profile.php?id=100089971879186","og_image":[{"width":1000,"height":1000,"url":"https:\/\/tecnidro.com\/wp-content\/uploads\/2024\/10\/Valvola-Programmabile-IM-PROG.webp","type":"image\/webp"}],"twitter_card":"summary_large_image","twitter_misc":{"Tiempo de lectura":"1 minuto"},"schema":{"@context":"https:\/\/schema.org","@graph":[{"@type":"WebPage","@id":"https:\/\/tecnidro.com\/es\/p\/valvula-programable-im-prog\/","url":"https:\/\/tecnidro.com\/es\/p\/valvula-programable-im-prog\/","name":"V\u00e1lvula programable IM-PROG - Tecnidro","isPartOf":{"@id":"https:\/\/tecnidro.com\/es\/#website"},"primaryImageOfPage":{"@id":"https:\/\/tecnidro.com\/es\/p\/valvula-programable-im-prog\/#primaryimage"},"image":{"@id":"https:\/\/tecnidro.com\/es\/p\/valvula-programable-im-prog\/#primaryimage"},"thumbnailUrl":"https:\/\/tecnidro.com\/wp-content\/uploads\/2024\/10\/Valvola-Programmabile-IM-PROG.webp","datePublished":"2024-10-24T09:33:47+00:00","breadcrumb":{"@id":"https:\/\/tecnidro.com\/es\/p\/valvula-programable-im-prog\/#breadcrumb"},"inLanguage":"es","potentialAction":[{"@type":"ReadAction","target":["https:\/\/tecnidro.com\/es\/p\/valvula-programable-im-prog\/"]}]},{"@type":"ImageObject","inLanguage":"es","@id":"https:\/\/tecnidro.com\/es\/p\/valvula-programable-im-prog\/#primaryimage","url":"https:\/\/tecnidro.com\/wp-content\/uploads\/2024\/10\/Valvola-Programmabile-IM-PROG.webp","contentUrl":"https:\/\/tecnidro.com\/wp-content\/uploads\/2024\/10\/Valvola-Programmabile-IM-PROG.webp","width":1000,"height":1000},{"@type":"BreadcrumbList","@id":"https:\/\/tecnidro.com\/es\/p\/valvula-programable-im-prog\/#breadcrumb","itemListElement":[{"@type":"ListItem","position":1,"name":"Home","item":"https:\/\/tecnidro.com\/es\/"},{"@type":"ListItem","position":2,"name":"Productos y soluciones","item":"https:\/\/tecnidro.com\/es\/productos-y-soluciones\/"},{"@type":"ListItem","position":3,"name":"V\u00e1lvula programable IM-PROG"}]},{"@type":"WebSite","@id":"https:\/\/tecnidro.com\/es\/#website","url":"https:\/\/tecnidro.com\/es\/","name":"Tecnidro","description":"Valvole Idrauliche","potentialAction":[{"@type":"SearchAction","target":{"@type":"EntryPoint","urlTemplate":"https:\/\/tecnidro.com\/es\/?s={search_term_string}"},"query-input":{"@type":"PropertyValueSpecification","valueRequired":true,"valueName":"search_term_string"}}],"inLanguage":"es"}]}},"_links":{"self":[{"href":"https:\/\/tecnidro.com\/es\/wp-json\/wp\/v2\/product\/5905","targetHints":{"allow":["GET"]}}],"collection":[{"href":"https:\/\/tecnidro.com\/es\/wp-json\/wp\/v2\/product"}],"about":[{"href":"https:\/\/tecnidro.com\/es\/wp-json\/wp\/v2\/types\/product"}],"replies":[{"embeddable":true,"href":"https:\/\/tecnidro.com\/es\/wp-json\/wp\/v2\/comments?post=5905"}],"wp:featuredmedia":[{"embeddable":true,"href":"https:\/\/tecnidro.com\/es\/wp-json\/wp\/v2\/media\/5908"}],"wp:attachment":[{"href":"https:\/\/tecnidro.com\/es\/wp-json\/wp\/v2\/media?parent=5905"}],"wp:term":[{"taxonomy":"product_brand","embeddable":true,"href":"https:\/\/tecnidro.com\/es\/wp-json\/wp\/v2\/product_brand?post=5905"},{"taxonomy":"product_cat","embeddable":true,"href":"https:\/\/tecnidro.com\/es\/wp-json\/wp\/v2\/product_cat?post=5905"},{"taxonomy":"product_tag","embeddable":true,"href":"https:\/\/tecnidro.com\/es\/wp-json\/wp\/v2\/product_tag?post=5905"}],"curies":[{"name":"wp","href":"https:\/\/api.w.org\/{rel}","templated":true}]}}