{"id":5909,"date":"2025-04-28T10:42:07","date_gmt":"2025-04-28T09:42:07","guid":{"rendered":"https:\/\/tecnidro.com\/p\/valvula-electrohidraulica-ima-el\/"},"modified":"2025-04-28T10:42:07","modified_gmt":"2025-04-28T09:42:07","slug":"valvula-electrohidraulica-ima-el","status":"publish","type":"product","link":"https:\/\/tecnidro.com\/es\/p\/valvula-electrohidraulica-ima-el\/","title":{"rendered":"V\u00e1lvula Electrohidr\u00e1ulica IMA-EL"},"content":{"rendered":"<p>La v\u00e1lvula electrohidr\u00e1ulica Mod. IMA-EL est\u00e1 dise\u00f1ada para la gesti\u00f3n autom\u00e1tica del flujo hidr\u00e1ulico, permitiendo la apertura y el cierre mediante una electrov\u00e1lvula de 2 v\u00edas. Es ideal para aplicaciones que requieren un control preciso de fluidos, como en la gesti\u00f3n h\u00eddrica o instalaciones industriales.  <\/p>\n<p><strong>Especificaciones T\u00e9cnicas:<\/strong><\/p>\n<ul>\n<li>Tipo de v\u00e1lvula Solenoide: El\u00e9ctrica \u2013 Normalmente Cerrada (N.C.)<\/li>\n<li>Material del cuerpo: Lat\u00f3n<\/li>\n<li>Presi\u00f3n nominal: 16 bar<\/li>\n<li>Tensi\u00f3n operativa: 24V AC, 50-60 Hz u otras bajo pedido<\/li>\n<li>Grado de protecci\u00f3n: IP65<\/li>\n<\/ul>\n<p><strong>Principio de Funcionamiento:<\/strong><\/p>\n<p>El funcionamiento de la v\u00e1lvula se basa en un solenoide de 2 v\u00edas. La versi\u00f3n est\u00e1ndar est\u00e1 dotada de una funci\u00f3n Normalmente Cerrada, donde la v\u00e1lvula se cierra cuando el solenoide no est\u00e1 alimentado y se abre completamente cuando el solenoide est\u00e1 activado, permitiendo el paso completo del flujo hidr\u00e1ulico. <\/p>\n<p><strong>Mando de emergencia:<\/strong> En caso de fallo el\u00e9ctrico, es posible utilizar las v\u00e1lvulas de bola del circuito para operar manualmente la v\u00e1lvula.<\/p>\n<p><strong>Accesorios Opcionales:<\/strong><\/p>\n<p>Circuito en acero inoxidable<\/p>\n<p><strong>Recomendaciones para la Instalaci\u00f3n:<\/strong><\/p>\n<p>Primer uso: Conectar los cables del solenoide al circuito el\u00e9ctrico y accionar la v\u00e1lvula para garantizar la correcta evacuaci\u00f3n del aire de la c\u00e1mara de control.<br \/>\nSeguridad: No desmontar la v\u00e1lvula cuando el sistema est\u00e9 bajo presi\u00f3n.<\/p>\n","protected":false},"excerpt":{"rendered":"<p>La v\u00e1lvula electrohidr\u00e1ulica Mod. IMA-EL est\u00e1 dise\u00f1ada para la gesti\u00f3n autom\u00e1tica del flujo hidr\u00e1ulico, permitiendo la apertura y el cierre mediante una electrov\u00e1lvula de 2 v\u00edas. Es ideal para aplicaciones  [&#8230;]<\/p>\n","protected":false},"featured_media":5911,"comment_status":"closed","ping_status":"closed","template":"","meta":{"_acf_changed":false},"product_brand":[],"product_cat":[236],"product_tag":[],"class_list":{"0":"post-5909","1":"product","2":"type-product","3":"status-publish","4":"has-post-thumbnail","6":"product_cat-valvulas-de-membrana-metalicas","8":"first","9":"instock","10":"shipping-taxable","11":"product-type-simple"},"acf":[],"yoast_head":"<!-- This site is optimized with the Yoast SEO plugin v27.3 - https:\/\/yoast.com\/product\/yoast-seo-wordpress\/ -->\n<title>V\u00e1lvula Electrohidr\u00e1ulica IMA-EL - Tecnidro<\/title>\n<meta name=\"robots\" content=\"index, follow, max-snippet:-1, max-image-preview:large, max-video-preview:-1\" \/>\n<link rel=\"canonical\" href=\"https:\/\/tecnidro.com\/es\/p\/valvula-electrohidraulica-ima-el\/\" \/>\n<meta property=\"og:locale\" content=\"es_ES\" \/>\n<meta property=\"og:type\" content=\"article\" \/>\n<meta property=\"og:title\" content=\"V\u00e1lvula Electrohidr\u00e1ulica IMA-EL - Tecnidro\" \/>\n<meta property=\"og:description\" content=\"La v\u00e1lvula electrohidr\u00e1ulica Mod. IMA-EL est\u00e1 dise\u00f1ada para la gesti\u00f3n autom\u00e1tica del flujo hidr\u00e1ulico, permitiendo la apertura y el cierre mediante una electrov\u00e1lvula de 2 v\u00edas. Es ideal para aplicaciones [...]\" \/>\n<meta property=\"og:url\" content=\"https:\/\/tecnidro.com\/es\/p\/valvula-electrohidraulica-ima-el\/\" \/>\n<meta property=\"og:site_name\" content=\"Tecnidro\" \/>\n<meta property=\"article:publisher\" content=\"https:\/\/www.facebook.com\/profile.php?id=100089971879186\" \/>\n<meta property=\"og:image\" content=\"https:\/\/tecnidro.com\/wp-content\/uploads\/2025\/04\/Valvola-Elettroidraulica-IMA-EL.webp\" \/>\n\t<meta property=\"og:image:width\" content=\"1000\" \/>\n\t<meta property=\"og:image:height\" content=\"1000\" \/>\n\t<meta property=\"og:image:type\" content=\"image\/webp\" \/>\n<meta name=\"twitter:card\" content=\"summary_large_image\" \/>\n<meta name=\"twitter:label1\" content=\"Tiempo de lectura\" \/>\n\t<meta name=\"twitter:data1\" content=\"1 minuto\" \/>\n<script type=\"application\/ld+json\" class=\"yoast-schema-graph\">{\"@context\":\"https:\\\/\\\/schema.org\",\"@graph\":[{\"@type\":\"WebPage\",\"@id\":\"https:\\\/\\\/tecnidro.com\\\/es\\\/p\\\/valvula-electrohidraulica-ima-el\\\/\",\"url\":\"https:\\\/\\\/tecnidro.com\\\/es\\\/p\\\/valvula-electrohidraulica-ima-el\\\/\",\"name\":\"V\u00e1lvula Electrohidr\u00e1ulica IMA-EL - Tecnidro\",\"isPartOf\":{\"@id\":\"https:\\\/\\\/tecnidro.com\\\/es\\\/#website\"},\"primaryImageOfPage\":{\"@id\":\"https:\\\/\\\/tecnidro.com\\\/es\\\/p\\\/valvula-electrohidraulica-ima-el\\\/#primaryimage\"},\"image\":{\"@id\":\"https:\\\/\\\/tecnidro.com\\\/es\\\/p\\\/valvula-electrohidraulica-ima-el\\\/#primaryimage\"},\"thumbnailUrl\":\"https:\\\/\\\/tecnidro.com\\\/wp-content\\\/uploads\\\/2025\\\/04\\\/Valvola-Elettroidraulica-IMA-EL.webp\",\"datePublished\":\"2025-04-28T09:42:07+00:00\",\"breadcrumb\":{\"@id\":\"https:\\\/\\\/tecnidro.com\\\/es\\\/p\\\/valvula-electrohidraulica-ima-el\\\/#breadcrumb\"},\"inLanguage\":\"es\",\"potentialAction\":[{\"@type\":\"ReadAction\",\"target\":[\"https:\\\/\\\/tecnidro.com\\\/es\\\/p\\\/valvula-electrohidraulica-ima-el\\\/\"]}]},{\"@type\":\"ImageObject\",\"inLanguage\":\"es\",\"@id\":\"https:\\\/\\\/tecnidro.com\\\/es\\\/p\\\/valvula-electrohidraulica-ima-el\\\/#primaryimage\",\"url\":\"https:\\\/\\\/tecnidro.com\\\/wp-content\\\/uploads\\\/2025\\\/04\\\/Valvola-Elettroidraulica-IMA-EL.webp\",\"contentUrl\":\"https:\\\/\\\/tecnidro.com\\\/wp-content\\\/uploads\\\/2025\\\/04\\\/Valvola-Elettroidraulica-IMA-EL.webp\",\"width\":1000,\"height\":1000,\"caption\":\"Valvola Elettroidraulica IMA-EL\"},{\"@type\":\"BreadcrumbList\",\"@id\":\"https:\\\/\\\/tecnidro.com\\\/es\\\/p\\\/valvula-electrohidraulica-ima-el\\\/#breadcrumb\",\"itemListElement\":[{\"@type\":\"ListItem\",\"position\":1,\"name\":\"Home\",\"item\":\"https:\\\/\\\/tecnidro.com\\\/es\\\/\"},{\"@type\":\"ListItem\",\"position\":2,\"name\":\"Productos y soluciones\",\"item\":\"https:\\\/\\\/tecnidro.com\\\/es\\\/productos-y-soluciones\\\/\"},{\"@type\":\"ListItem\",\"position\":3,\"name\":\"V\u00e1lvula Electrohidr\u00e1ulica IMA-EL\"}]},{\"@type\":\"WebSite\",\"@id\":\"https:\\\/\\\/tecnidro.com\\\/es\\\/#website\",\"url\":\"https:\\\/\\\/tecnidro.com\\\/es\\\/\",\"name\":\"Tecnidro\",\"description\":\"Valvole Idrauliche\",\"potentialAction\":[{\"@type\":\"SearchAction\",\"target\":{\"@type\":\"EntryPoint\",\"urlTemplate\":\"https:\\\/\\\/tecnidro.com\\\/es\\\/?s={search_term_string}\"},\"query-input\":{\"@type\":\"PropertyValueSpecification\",\"valueRequired\":true,\"valueName\":\"search_term_string\"}}],\"inLanguage\":\"es\"}]}<\/script>\n<!-- \/ Yoast SEO plugin. -->","yoast_head_json":{"title":"V\u00e1lvula Electrohidr\u00e1ulica IMA-EL - Tecnidro","robots":{"index":"index","follow":"follow","max-snippet":"max-snippet:-1","max-image-preview":"max-image-preview:large","max-video-preview":"max-video-preview:-1"},"canonical":"https:\/\/tecnidro.com\/es\/p\/valvula-electrohidraulica-ima-el\/","og_locale":"es_ES","og_type":"article","og_title":"V\u00e1lvula Electrohidr\u00e1ulica IMA-EL - Tecnidro","og_description":"La v\u00e1lvula electrohidr\u00e1ulica Mod. IMA-EL est\u00e1 dise\u00f1ada para la gesti\u00f3n autom\u00e1tica del flujo hidr\u00e1ulico, permitiendo la apertura y el cierre mediante una electrov\u00e1lvula de 2 v\u00edas. Es ideal para aplicaciones [...]","og_url":"https:\/\/tecnidro.com\/es\/p\/valvula-electrohidraulica-ima-el\/","og_site_name":"Tecnidro","article_publisher":"https:\/\/www.facebook.com\/profile.php?id=100089971879186","og_image":[{"width":1000,"height":1000,"url":"https:\/\/tecnidro.com\/wp-content\/uploads\/2025\/04\/Valvola-Elettroidraulica-IMA-EL.webp","type":"image\/webp"}],"twitter_card":"summary_large_image","twitter_misc":{"Tiempo de lectura":"1 minuto"},"schema":{"@context":"https:\/\/schema.org","@graph":[{"@type":"WebPage","@id":"https:\/\/tecnidro.com\/es\/p\/valvula-electrohidraulica-ima-el\/","url":"https:\/\/tecnidro.com\/es\/p\/valvula-electrohidraulica-ima-el\/","name":"V\u00e1lvula Electrohidr\u00e1ulica IMA-EL - Tecnidro","isPartOf":{"@id":"https:\/\/tecnidro.com\/es\/#website"},"primaryImageOfPage":{"@id":"https:\/\/tecnidro.com\/es\/p\/valvula-electrohidraulica-ima-el\/#primaryimage"},"image":{"@id":"https:\/\/tecnidro.com\/es\/p\/valvula-electrohidraulica-ima-el\/#primaryimage"},"thumbnailUrl":"https:\/\/tecnidro.com\/wp-content\/uploads\/2025\/04\/Valvola-Elettroidraulica-IMA-EL.webp","datePublished":"2025-04-28T09:42:07+00:00","breadcrumb":{"@id":"https:\/\/tecnidro.com\/es\/p\/valvula-electrohidraulica-ima-el\/#breadcrumb"},"inLanguage":"es","potentialAction":[{"@type":"ReadAction","target":["https:\/\/tecnidro.com\/es\/p\/valvula-electrohidraulica-ima-el\/"]}]},{"@type":"ImageObject","inLanguage":"es","@id":"https:\/\/tecnidro.com\/es\/p\/valvula-electrohidraulica-ima-el\/#primaryimage","url":"https:\/\/tecnidro.com\/wp-content\/uploads\/2025\/04\/Valvola-Elettroidraulica-IMA-EL.webp","contentUrl":"https:\/\/tecnidro.com\/wp-content\/uploads\/2025\/04\/Valvola-Elettroidraulica-IMA-EL.webp","width":1000,"height":1000,"caption":"Valvola Elettroidraulica IMA-EL"},{"@type":"BreadcrumbList","@id":"https:\/\/tecnidro.com\/es\/p\/valvula-electrohidraulica-ima-el\/#breadcrumb","itemListElement":[{"@type":"ListItem","position":1,"name":"Home","item":"https:\/\/tecnidro.com\/es\/"},{"@type":"ListItem","position":2,"name":"Productos y soluciones","item":"https:\/\/tecnidro.com\/es\/productos-y-soluciones\/"},{"@type":"ListItem","position":3,"name":"V\u00e1lvula Electrohidr\u00e1ulica IMA-EL"}]},{"@type":"WebSite","@id":"https:\/\/tecnidro.com\/es\/#website","url":"https:\/\/tecnidro.com\/es\/","name":"Tecnidro","description":"Valvole Idrauliche","potentialAction":[{"@type":"SearchAction","target":{"@type":"EntryPoint","urlTemplate":"https:\/\/tecnidro.com\/es\/?s={search_term_string}"},"query-input":{"@type":"PropertyValueSpecification","valueRequired":true,"valueName":"search_term_string"}}],"inLanguage":"es"}]}},"_links":{"self":[{"href":"https:\/\/tecnidro.com\/es\/wp-json\/wp\/v2\/product\/5909","targetHints":{"allow":["GET"]}}],"collection":[{"href":"https:\/\/tecnidro.com\/es\/wp-json\/wp\/v2\/product"}],"about":[{"href":"https:\/\/tecnidro.com\/es\/wp-json\/wp\/v2\/types\/product"}],"replies":[{"embeddable":true,"href":"https:\/\/tecnidro.com\/es\/wp-json\/wp\/v2\/comments?post=5909"}],"wp:featuredmedia":[{"embeddable":true,"href":"https:\/\/tecnidro.com\/es\/wp-json\/wp\/v2\/media\/5911"}],"wp:attachment":[{"href":"https:\/\/tecnidro.com\/es\/wp-json\/wp\/v2\/media?parent=5909"}],"wp:term":[{"taxonomy":"product_brand","embeddable":true,"href":"https:\/\/tecnidro.com\/es\/wp-json\/wp\/v2\/product_brand?post=5909"},{"taxonomy":"product_cat","embeddable":true,"href":"https:\/\/tecnidro.com\/es\/wp-json\/wp\/v2\/product_cat?post=5909"},{"taxonomy":"product_tag","embeddable":true,"href":"https:\/\/tecnidro.com\/es\/wp-json\/wp\/v2\/product_tag?post=5909"}],"curies":[{"name":"wp","href":"https:\/\/api.w.org\/{rel}","templated":true}]}}