{"id":5916,"date":"2025-04-23T08:37:40","date_gmt":"2025-04-23T07:37:40","guid":{"rendered":"https:\/\/tecnidro.com\/p\/valvula-de-mando-manual\/"},"modified":"2025-04-23T08:37:40","modified_gmt":"2025-04-23T07:37:40","slug":"valvula-de-mando-manual","status":"publish","type":"product","link":"https:\/\/tecnidro.com\/es\/p\/valvula-de-mando-manual\/","title":{"rendered":"V\u00e1lvula de mando manual"},"content":{"rendered":"<p>El modelo de v\u00e1lvula IMA-CM4V est\u00e1 controlado por un grifo especial de 4 v\u00edas (mod. CM4V) que permite la apertura o el cierre total de la v\u00e1lvula. Esta v\u00e1lvula de control manual est\u00e1 situada en la tapa en conexi\u00f3n hidr\u00e1ulica con la c\u00e1mara de la v\u00e1lvula. Una peque\u00f1a maneta permite seleccionar manualmente 3 opciones:  <\/p>\n<ul>\n<li><strong>CERRADA<\/strong>: conecta la c\u00e1mara de control con la toma de presi\u00f3n aguas arriba, cerrando totalmente la v\u00e1lvula<\/li>\n<li><strong>ABIERTA<\/strong>: conecta la c\u00e1mara con la atm\u00f3sfera exterior, descargando el agua al exterior para abrir la v\u00e1lvula<\/li>\n<li><strong>AUTO<\/strong>: esta conexi\u00f3n permite equipar la v\u00e1lvula con accesorios hidr\u00e1ulicos o electrohidr\u00e1ulicos para su funcionamiento<br \/>\nautom\u00e1tico<\/li>\n<\/ul>\n<p><strong>Presi\u00f3n nominal:<\/strong> 16 bar<\/p>\n","protected":false},"excerpt":{"rendered":"<p>El modelo de v\u00e1lvula IMA-CM4V est\u00e1 controlado por un grifo especial de 4 v\u00edas (mod. CM4V) que permite la apertura o el cierre total de la v\u00e1lvula. Esta v\u00e1lvula de  [&#8230;]<\/p>\n","protected":false},"featured_media":5918,"comment_status":"closed","ping_status":"closed","template":"","meta":{"_acf_changed":false},"product_brand":[],"product_cat":[236],"product_tag":[],"class_list":{"0":"post-5916","1":"product","2":"type-product","3":"status-publish","4":"has-post-thumbnail","6":"product_cat-valvulas-de-membrana-metalicas","8":"first","9":"instock","10":"shipping-taxable","11":"product-type-simple"},"acf":[],"yoast_head":"<!-- This site is optimized with the Yoast SEO plugin v27.3 - https:\/\/yoast.com\/product\/yoast-seo-wordpress\/ -->\n<title>V\u00e1lvula de mando manual - Tecnidro<\/title>\n<meta name=\"robots\" content=\"index, follow, max-snippet:-1, max-image-preview:large, max-video-preview:-1\" \/>\n<link rel=\"canonical\" href=\"https:\/\/tecnidro.com\/es\/p\/valvula-de-mando-manual\/\" \/>\n<meta property=\"og:locale\" content=\"es_ES\" \/>\n<meta property=\"og:type\" content=\"article\" \/>\n<meta property=\"og:title\" content=\"V\u00e1lvula de mando manual - Tecnidro\" \/>\n<meta property=\"og:description\" content=\"El modelo de v\u00e1lvula IMA-CM4V est\u00e1 controlado por un grifo especial de 4 v\u00edas (mod. CM4V) que permite la apertura o el cierre total de la v\u00e1lvula. Esta v\u00e1lvula de [...]\" \/>\n<meta property=\"og:url\" content=\"https:\/\/tecnidro.com\/es\/p\/valvula-de-mando-manual\/\" \/>\n<meta property=\"og:site_name\" content=\"Tecnidro\" \/>\n<meta property=\"article:publisher\" content=\"https:\/\/www.facebook.com\/profile.php?id=100089971879186\" \/>\n<meta property=\"og:image\" content=\"https:\/\/tecnidro.com\/wp-content\/uploads\/2025\/04\/valvola-a-comando-manuale.webp\" \/>\n\t<meta property=\"og:image:width\" content=\"1000\" \/>\n\t<meta property=\"og:image:height\" content=\"1000\" \/>\n\t<meta property=\"og:image:type\" content=\"image\/webp\" \/>\n<meta name=\"twitter:card\" content=\"summary_large_image\" \/>\n<meta name=\"twitter:label1\" content=\"Tiempo de lectura\" \/>\n\t<meta name=\"twitter:data1\" content=\"1 minuto\" \/>\n<script type=\"application\/ld+json\" class=\"yoast-schema-graph\">{\"@context\":\"https:\\\/\\\/schema.org\",\"@graph\":[{\"@type\":\"WebPage\",\"@id\":\"https:\\\/\\\/tecnidro.com\\\/es\\\/p\\\/valvula-de-mando-manual\\\/\",\"url\":\"https:\\\/\\\/tecnidro.com\\\/es\\\/p\\\/valvula-de-mando-manual\\\/\",\"name\":\"V\u00e1lvula de mando manual - Tecnidro\",\"isPartOf\":{\"@id\":\"https:\\\/\\\/tecnidro.com\\\/es\\\/#website\"},\"primaryImageOfPage\":{\"@id\":\"https:\\\/\\\/tecnidro.com\\\/es\\\/p\\\/valvula-de-mando-manual\\\/#primaryimage\"},\"image\":{\"@id\":\"https:\\\/\\\/tecnidro.com\\\/es\\\/p\\\/valvula-de-mando-manual\\\/#primaryimage\"},\"thumbnailUrl\":\"https:\\\/\\\/tecnidro.com\\\/wp-content\\\/uploads\\\/2025\\\/04\\\/valvola-a-comando-manuale.webp\",\"datePublished\":\"2025-04-23T07:37:40+00:00\",\"breadcrumb\":{\"@id\":\"https:\\\/\\\/tecnidro.com\\\/es\\\/p\\\/valvula-de-mando-manual\\\/#breadcrumb\"},\"inLanguage\":\"es\",\"potentialAction\":[{\"@type\":\"ReadAction\",\"target\":[\"https:\\\/\\\/tecnidro.com\\\/es\\\/p\\\/valvula-de-mando-manual\\\/\"]}]},{\"@type\":\"ImageObject\",\"inLanguage\":\"es\",\"@id\":\"https:\\\/\\\/tecnidro.com\\\/es\\\/p\\\/valvula-de-mando-manual\\\/#primaryimage\",\"url\":\"https:\\\/\\\/tecnidro.com\\\/wp-content\\\/uploads\\\/2025\\\/04\\\/valvola-a-comando-manuale.webp\",\"contentUrl\":\"https:\\\/\\\/tecnidro.com\\\/wp-content\\\/uploads\\\/2025\\\/04\\\/valvola-a-comando-manuale.webp\",\"width\":1000,\"height\":1000,\"caption\":\"Valvola a comando manuale\"},{\"@type\":\"BreadcrumbList\",\"@id\":\"https:\\\/\\\/tecnidro.com\\\/es\\\/p\\\/valvula-de-mando-manual\\\/#breadcrumb\",\"itemListElement\":[{\"@type\":\"ListItem\",\"position\":1,\"name\":\"Home\",\"item\":\"https:\\\/\\\/tecnidro.com\\\/es\\\/\"},{\"@type\":\"ListItem\",\"position\":2,\"name\":\"Productos y soluciones\",\"item\":\"https:\\\/\\\/tecnidro.com\\\/es\\\/productos-y-soluciones\\\/\"},{\"@type\":\"ListItem\",\"position\":3,\"name\":\"V\u00e1lvula de mando manual\"}]},{\"@type\":\"WebSite\",\"@id\":\"https:\\\/\\\/tecnidro.com\\\/es\\\/#website\",\"url\":\"https:\\\/\\\/tecnidro.com\\\/es\\\/\",\"name\":\"Tecnidro\",\"description\":\"Valvole Idrauliche\",\"potentialAction\":[{\"@type\":\"SearchAction\",\"target\":{\"@type\":\"EntryPoint\",\"urlTemplate\":\"https:\\\/\\\/tecnidro.com\\\/es\\\/?s={search_term_string}\"},\"query-input\":{\"@type\":\"PropertyValueSpecification\",\"valueRequired\":true,\"valueName\":\"search_term_string\"}}],\"inLanguage\":\"es\"}]}<\/script>\n<!-- \/ Yoast SEO plugin. -->","yoast_head_json":{"title":"V\u00e1lvula de mando manual - Tecnidro","robots":{"index":"index","follow":"follow","max-snippet":"max-snippet:-1","max-image-preview":"max-image-preview:large","max-video-preview":"max-video-preview:-1"},"canonical":"https:\/\/tecnidro.com\/es\/p\/valvula-de-mando-manual\/","og_locale":"es_ES","og_type":"article","og_title":"V\u00e1lvula de mando manual - Tecnidro","og_description":"El modelo de v\u00e1lvula IMA-CM4V est\u00e1 controlado por un grifo especial de 4 v\u00edas (mod. CM4V) que permite la apertura o el cierre total de la v\u00e1lvula. Esta v\u00e1lvula de [...]","og_url":"https:\/\/tecnidro.com\/es\/p\/valvula-de-mando-manual\/","og_site_name":"Tecnidro","article_publisher":"https:\/\/www.facebook.com\/profile.php?id=100089971879186","og_image":[{"width":1000,"height":1000,"url":"https:\/\/tecnidro.com\/wp-content\/uploads\/2025\/04\/valvola-a-comando-manuale.webp","type":"image\/webp"}],"twitter_card":"summary_large_image","twitter_misc":{"Tiempo de lectura":"1 minuto"},"schema":{"@context":"https:\/\/schema.org","@graph":[{"@type":"WebPage","@id":"https:\/\/tecnidro.com\/es\/p\/valvula-de-mando-manual\/","url":"https:\/\/tecnidro.com\/es\/p\/valvula-de-mando-manual\/","name":"V\u00e1lvula de mando manual - Tecnidro","isPartOf":{"@id":"https:\/\/tecnidro.com\/es\/#website"},"primaryImageOfPage":{"@id":"https:\/\/tecnidro.com\/es\/p\/valvula-de-mando-manual\/#primaryimage"},"image":{"@id":"https:\/\/tecnidro.com\/es\/p\/valvula-de-mando-manual\/#primaryimage"},"thumbnailUrl":"https:\/\/tecnidro.com\/wp-content\/uploads\/2025\/04\/valvola-a-comando-manuale.webp","datePublished":"2025-04-23T07:37:40+00:00","breadcrumb":{"@id":"https:\/\/tecnidro.com\/es\/p\/valvula-de-mando-manual\/#breadcrumb"},"inLanguage":"es","potentialAction":[{"@type":"ReadAction","target":["https:\/\/tecnidro.com\/es\/p\/valvula-de-mando-manual\/"]}]},{"@type":"ImageObject","inLanguage":"es","@id":"https:\/\/tecnidro.com\/es\/p\/valvula-de-mando-manual\/#primaryimage","url":"https:\/\/tecnidro.com\/wp-content\/uploads\/2025\/04\/valvola-a-comando-manuale.webp","contentUrl":"https:\/\/tecnidro.com\/wp-content\/uploads\/2025\/04\/valvola-a-comando-manuale.webp","width":1000,"height":1000,"caption":"Valvola a comando manuale"},{"@type":"BreadcrumbList","@id":"https:\/\/tecnidro.com\/es\/p\/valvula-de-mando-manual\/#breadcrumb","itemListElement":[{"@type":"ListItem","position":1,"name":"Home","item":"https:\/\/tecnidro.com\/es\/"},{"@type":"ListItem","position":2,"name":"Productos y soluciones","item":"https:\/\/tecnidro.com\/es\/productos-y-soluciones\/"},{"@type":"ListItem","position":3,"name":"V\u00e1lvula de mando manual"}]},{"@type":"WebSite","@id":"https:\/\/tecnidro.com\/es\/#website","url":"https:\/\/tecnidro.com\/es\/","name":"Tecnidro","description":"Valvole Idrauliche","potentialAction":[{"@type":"SearchAction","target":{"@type":"EntryPoint","urlTemplate":"https:\/\/tecnidro.com\/es\/?s={search_term_string}"},"query-input":{"@type":"PropertyValueSpecification","valueRequired":true,"valueName":"search_term_string"}}],"inLanguage":"es"}]}},"_links":{"self":[{"href":"https:\/\/tecnidro.com\/es\/wp-json\/wp\/v2\/product\/5916","targetHints":{"allow":["GET"]}}],"collection":[{"href":"https:\/\/tecnidro.com\/es\/wp-json\/wp\/v2\/product"}],"about":[{"href":"https:\/\/tecnidro.com\/es\/wp-json\/wp\/v2\/types\/product"}],"replies":[{"embeddable":true,"href":"https:\/\/tecnidro.com\/es\/wp-json\/wp\/v2\/comments?post=5916"}],"wp:featuredmedia":[{"embeddable":true,"href":"https:\/\/tecnidro.com\/es\/wp-json\/wp\/v2\/media\/5918"}],"wp:attachment":[{"href":"https:\/\/tecnidro.com\/es\/wp-json\/wp\/v2\/media?parent=5916"}],"wp:term":[{"taxonomy":"product_brand","embeddable":true,"href":"https:\/\/tecnidro.com\/es\/wp-json\/wp\/v2\/product_brand?post=5916"},{"taxonomy":"product_cat","embeddable":true,"href":"https:\/\/tecnidro.com\/es\/wp-json\/wp\/v2\/product_cat?post=5916"},{"taxonomy":"product_tag","embeddable":true,"href":"https:\/\/tecnidro.com\/es\/wp-json\/wp\/v2\/product_tag?post=5916"}],"curies":[{"name":"wp","href":"https:\/\/api.w.org\/{rel}","templated":true}]}}