{"id":5931,"date":"2025-04-28T12:21:24","date_gmt":"2025-04-28T11:21:24","guid":{"rendered":"https:\/\/tecnidro.com\/p\/valvula-de-reduccion-de-presion-ima-rp2m\/"},"modified":"2025-04-28T12:21:24","modified_gmt":"2025-04-28T11:21:24","slug":"valvula-de-reduccion-de-presion-ima-rp2m","status":"publish","type":"product","link":"https:\/\/tecnidro.com\/es\/p\/valvula-de-reduccion-de-presion-ima-rp2m\/","title":{"rendered":"V\u00e1lvula de Reducci\u00f3n de Presi\u00f3n IMA-RP2M"},"content":{"rendered":"<p>La v\u00e1lvula de reducci\u00f3n de presi\u00f3n Mod. IMA-RP2M est\u00e1 dise\u00f1ada para reducir autom\u00e1ticamente la presi\u00f3n de entrada a un valor inferior y constante en la salida. Esta v\u00e1lvula es ideal para aplicaciones que requieren un control preciso de la presi\u00f3n aguas abajo en respuesta a variaciones de caudal o presi\u00f3n aguas arriba.  <\/p>\n<p><strong>Especificaciones T\u00e9cnicas:<\/strong><\/p>\n<ul>\n<li><strong>Tipo de v\u00e1lvula:<\/strong> Hidr\u00e1ulica de membrana<\/li>\n<li><strong>Presi\u00f3n nominal:<\/strong> 16 bar<\/li>\n<li><strong>Piloto:<\/strong> Mod. RP2M <\/li>\n<li><strong>Rango de regulaci\u00f3n de presi\u00f3n: <\/strong>1,0-11,0 bar, otros bajo pedido<\/li>\n<li><strong>Materiales del piloto:<\/strong>\n<ul>\n<li><strong>Cuerpo del piloto:<\/strong> Acero inoxidable<\/li>\n<li><strong>Tapa:<\/strong> Fundici\u00f3n<\/li>\n<\/ul>\n<\/li>\n<\/ul>\n<p><strong>Principio de Funcionamiento:<\/strong><br \/>\nLa v\u00e1lvula est\u00e1 controlada por un piloto hidr\u00e1ulico de 2 v\u00edas (Mod. RP2M), que regula la apertura de la membrana en funci\u00f3n de la presi\u00f3n aguas abajo deseada. El piloto gestiona el llenado o vaciado de la c\u00e1mara de la v\u00e1lvula para mantener constante la presi\u00f3n aguas abajo, incluso en presencia de variaciones de caudal o presi\u00f3n aguas arriba.<br \/>\nCuando la presi\u00f3n de entrada es inferior o igual a la presi\u00f3n configurada, la v\u00e1lvula se abre completamente para minimizar las p\u00e9rdidas de carga. La v\u00e1lvula tambi\u00e9n puede gestionarse manualmente mediante las v\u00e1lvulas de bola presentes en el circuito.  <\/p>\n","protected":false},"excerpt":{"rendered":"<p>La v\u00e1lvula de reducci\u00f3n de presi\u00f3n Mod. IMA-RP2M est\u00e1 dise\u00f1ada para reducir autom\u00e1ticamente la presi\u00f3n de entrada a un valor inferior y constante en la salida. Esta v\u00e1lvula es ideal  [&#8230;]<\/p>\n","protected":false},"featured_media":5932,"comment_status":"closed","ping_status":"closed","template":"","meta":{"_acf_changed":false},"product_brand":[],"product_cat":[236],"product_tag":[],"class_list":{"0":"post-5931","1":"product","2":"type-product","3":"status-publish","4":"has-post-thumbnail","6":"product_cat-valvulas-de-membrana-metalicas","8":"first","9":"instock","10":"shipping-taxable","11":"product-type-simple"},"acf":[],"yoast_head":"<!-- This site is optimized with the Yoast SEO plugin v27.3 - https:\/\/yoast.com\/product\/yoast-seo-wordpress\/ -->\n<title>V\u00e1lvula de Reducci\u00f3n de Presi\u00f3n IMA-RP2M - Tecnidro<\/title>\n<meta name=\"robots\" content=\"index, follow, max-snippet:-1, max-image-preview:large, max-video-preview:-1\" \/>\n<link rel=\"canonical\" href=\"https:\/\/tecnidro.com\/es\/p\/valvula-de-reduccion-de-presion-ima-rp2m\/\" \/>\n<meta property=\"og:locale\" content=\"es_ES\" \/>\n<meta property=\"og:type\" content=\"article\" \/>\n<meta property=\"og:title\" content=\"V\u00e1lvula de Reducci\u00f3n de Presi\u00f3n IMA-RP2M - Tecnidro\" \/>\n<meta property=\"og:description\" content=\"La v\u00e1lvula de reducci\u00f3n de presi\u00f3n Mod. IMA-RP2M est\u00e1 dise\u00f1ada para reducir autom\u00e1ticamente la presi\u00f3n de entrada a un valor inferior y constante en la salida. Esta v\u00e1lvula es ideal [...]\" \/>\n<meta property=\"og:url\" content=\"https:\/\/tecnidro.com\/es\/p\/valvula-de-reduccion-de-presion-ima-rp2m\/\" \/>\n<meta property=\"og:site_name\" content=\"Tecnidro\" \/>\n<meta property=\"article:publisher\" content=\"https:\/\/www.facebook.com\/profile.php?id=100089971879186\" \/>\n<meta property=\"og:image\" content=\"https:\/\/tecnidro.com\/wp-content\/uploads\/2025\/04\/Valvola-di-Riduzione-Pressione-IMA-RP2M.webp\" \/>\n\t<meta property=\"og:image:width\" content=\"1000\" \/>\n\t<meta property=\"og:image:height\" content=\"1000\" \/>\n\t<meta property=\"og:image:type\" content=\"image\/webp\" \/>\n<meta name=\"twitter:card\" content=\"summary_large_image\" \/>\n<meta name=\"twitter:label1\" content=\"Tiempo de lectura\" \/>\n\t<meta name=\"twitter:data1\" content=\"1 minuto\" \/>\n<script type=\"application\/ld+json\" class=\"yoast-schema-graph\">{\"@context\":\"https:\\\/\\\/schema.org\",\"@graph\":[{\"@type\":\"WebPage\",\"@id\":\"https:\\\/\\\/tecnidro.com\\\/es\\\/p\\\/valvula-de-reduccion-de-presion-ima-rp2m\\\/\",\"url\":\"https:\\\/\\\/tecnidro.com\\\/es\\\/p\\\/valvula-de-reduccion-de-presion-ima-rp2m\\\/\",\"name\":\"V\u00e1lvula de Reducci\u00f3n de Presi\u00f3n IMA-RP2M - Tecnidro\",\"isPartOf\":{\"@id\":\"https:\\\/\\\/tecnidro.com\\\/es\\\/#website\"},\"primaryImageOfPage\":{\"@id\":\"https:\\\/\\\/tecnidro.com\\\/es\\\/p\\\/valvula-de-reduccion-de-presion-ima-rp2m\\\/#primaryimage\"},\"image\":{\"@id\":\"https:\\\/\\\/tecnidro.com\\\/es\\\/p\\\/valvula-de-reduccion-de-presion-ima-rp2m\\\/#primaryimage\"},\"thumbnailUrl\":\"https:\\\/\\\/tecnidro.com\\\/wp-content\\\/uploads\\\/2025\\\/04\\\/Valvola-di-Riduzione-Pressione-IMA-RP2M.webp\",\"datePublished\":\"2025-04-28T11:21:24+00:00\",\"breadcrumb\":{\"@id\":\"https:\\\/\\\/tecnidro.com\\\/es\\\/p\\\/valvula-de-reduccion-de-presion-ima-rp2m\\\/#breadcrumb\"},\"inLanguage\":\"es\",\"potentialAction\":[{\"@type\":\"ReadAction\",\"target\":[\"https:\\\/\\\/tecnidro.com\\\/es\\\/p\\\/valvula-de-reduccion-de-presion-ima-rp2m\\\/\"]}]},{\"@type\":\"ImageObject\",\"inLanguage\":\"es\",\"@id\":\"https:\\\/\\\/tecnidro.com\\\/es\\\/p\\\/valvula-de-reduccion-de-presion-ima-rp2m\\\/#primaryimage\",\"url\":\"https:\\\/\\\/tecnidro.com\\\/wp-content\\\/uploads\\\/2025\\\/04\\\/Valvola-di-Riduzione-Pressione-IMA-RP2M.webp\",\"contentUrl\":\"https:\\\/\\\/tecnidro.com\\\/wp-content\\\/uploads\\\/2025\\\/04\\\/Valvola-di-Riduzione-Pressione-IMA-RP2M.webp\",\"width\":1000,\"height\":1000,\"caption\":\"Valvola di Riduzione Pressione IMA-RP2M\"},{\"@type\":\"BreadcrumbList\",\"@id\":\"https:\\\/\\\/tecnidro.com\\\/es\\\/p\\\/valvula-de-reduccion-de-presion-ima-rp2m\\\/#breadcrumb\",\"itemListElement\":[{\"@type\":\"ListItem\",\"position\":1,\"name\":\"Home\",\"item\":\"https:\\\/\\\/tecnidro.com\\\/es\\\/\"},{\"@type\":\"ListItem\",\"position\":2,\"name\":\"Productos y soluciones\",\"item\":\"https:\\\/\\\/tecnidro.com\\\/es\\\/productos-y-soluciones\\\/\"},{\"@type\":\"ListItem\",\"position\":3,\"name\":\"V\u00e1lvula de Reducci\u00f3n de Presi\u00f3n IMA-RP2M\"}]},{\"@type\":\"WebSite\",\"@id\":\"https:\\\/\\\/tecnidro.com\\\/es\\\/#website\",\"url\":\"https:\\\/\\\/tecnidro.com\\\/es\\\/\",\"name\":\"Tecnidro\",\"description\":\"Valvole Idrauliche\",\"potentialAction\":[{\"@type\":\"SearchAction\",\"target\":{\"@type\":\"EntryPoint\",\"urlTemplate\":\"https:\\\/\\\/tecnidro.com\\\/es\\\/?s={search_term_string}\"},\"query-input\":{\"@type\":\"PropertyValueSpecification\",\"valueRequired\":true,\"valueName\":\"search_term_string\"}}],\"inLanguage\":\"es\"}]}<\/script>\n<!-- \/ Yoast SEO plugin. -->","yoast_head_json":{"title":"V\u00e1lvula de Reducci\u00f3n de Presi\u00f3n IMA-RP2M - Tecnidro","robots":{"index":"index","follow":"follow","max-snippet":"max-snippet:-1","max-image-preview":"max-image-preview:large","max-video-preview":"max-video-preview:-1"},"canonical":"https:\/\/tecnidro.com\/es\/p\/valvula-de-reduccion-de-presion-ima-rp2m\/","og_locale":"es_ES","og_type":"article","og_title":"V\u00e1lvula de Reducci\u00f3n de Presi\u00f3n IMA-RP2M - Tecnidro","og_description":"La v\u00e1lvula de reducci\u00f3n de presi\u00f3n Mod. IMA-RP2M est\u00e1 dise\u00f1ada para reducir autom\u00e1ticamente la presi\u00f3n de entrada a un valor inferior y constante en la salida. Esta v\u00e1lvula es ideal [...]","og_url":"https:\/\/tecnidro.com\/es\/p\/valvula-de-reduccion-de-presion-ima-rp2m\/","og_site_name":"Tecnidro","article_publisher":"https:\/\/www.facebook.com\/profile.php?id=100089971879186","og_image":[{"width":1000,"height":1000,"url":"https:\/\/tecnidro.com\/wp-content\/uploads\/2025\/04\/Valvola-di-Riduzione-Pressione-IMA-RP2M.webp","type":"image\/webp"}],"twitter_card":"summary_large_image","twitter_misc":{"Tiempo de lectura":"1 minuto"},"schema":{"@context":"https:\/\/schema.org","@graph":[{"@type":"WebPage","@id":"https:\/\/tecnidro.com\/es\/p\/valvula-de-reduccion-de-presion-ima-rp2m\/","url":"https:\/\/tecnidro.com\/es\/p\/valvula-de-reduccion-de-presion-ima-rp2m\/","name":"V\u00e1lvula de Reducci\u00f3n de Presi\u00f3n IMA-RP2M - Tecnidro","isPartOf":{"@id":"https:\/\/tecnidro.com\/es\/#website"},"primaryImageOfPage":{"@id":"https:\/\/tecnidro.com\/es\/p\/valvula-de-reduccion-de-presion-ima-rp2m\/#primaryimage"},"image":{"@id":"https:\/\/tecnidro.com\/es\/p\/valvula-de-reduccion-de-presion-ima-rp2m\/#primaryimage"},"thumbnailUrl":"https:\/\/tecnidro.com\/wp-content\/uploads\/2025\/04\/Valvola-di-Riduzione-Pressione-IMA-RP2M.webp","datePublished":"2025-04-28T11:21:24+00:00","breadcrumb":{"@id":"https:\/\/tecnidro.com\/es\/p\/valvula-de-reduccion-de-presion-ima-rp2m\/#breadcrumb"},"inLanguage":"es","potentialAction":[{"@type":"ReadAction","target":["https:\/\/tecnidro.com\/es\/p\/valvula-de-reduccion-de-presion-ima-rp2m\/"]}]},{"@type":"ImageObject","inLanguage":"es","@id":"https:\/\/tecnidro.com\/es\/p\/valvula-de-reduccion-de-presion-ima-rp2m\/#primaryimage","url":"https:\/\/tecnidro.com\/wp-content\/uploads\/2025\/04\/Valvola-di-Riduzione-Pressione-IMA-RP2M.webp","contentUrl":"https:\/\/tecnidro.com\/wp-content\/uploads\/2025\/04\/Valvola-di-Riduzione-Pressione-IMA-RP2M.webp","width":1000,"height":1000,"caption":"Valvola di Riduzione Pressione IMA-RP2M"},{"@type":"BreadcrumbList","@id":"https:\/\/tecnidro.com\/es\/p\/valvula-de-reduccion-de-presion-ima-rp2m\/#breadcrumb","itemListElement":[{"@type":"ListItem","position":1,"name":"Home","item":"https:\/\/tecnidro.com\/es\/"},{"@type":"ListItem","position":2,"name":"Productos y soluciones","item":"https:\/\/tecnidro.com\/es\/productos-y-soluciones\/"},{"@type":"ListItem","position":3,"name":"V\u00e1lvula de Reducci\u00f3n de Presi\u00f3n IMA-RP2M"}]},{"@type":"WebSite","@id":"https:\/\/tecnidro.com\/es\/#website","url":"https:\/\/tecnidro.com\/es\/","name":"Tecnidro","description":"Valvole Idrauliche","potentialAction":[{"@type":"SearchAction","target":{"@type":"EntryPoint","urlTemplate":"https:\/\/tecnidro.com\/es\/?s={search_term_string}"},"query-input":{"@type":"PropertyValueSpecification","valueRequired":true,"valueName":"search_term_string"}}],"inLanguage":"es"}]}},"_links":{"self":[{"href":"https:\/\/tecnidro.com\/es\/wp-json\/wp\/v2\/product\/5931","targetHints":{"allow":["GET"]}}],"collection":[{"href":"https:\/\/tecnidro.com\/es\/wp-json\/wp\/v2\/product"}],"about":[{"href":"https:\/\/tecnidro.com\/es\/wp-json\/wp\/v2\/types\/product"}],"replies":[{"embeddable":true,"href":"https:\/\/tecnidro.com\/es\/wp-json\/wp\/v2\/comments?post=5931"}],"wp:featuredmedia":[{"embeddable":true,"href":"https:\/\/tecnidro.com\/es\/wp-json\/wp\/v2\/media\/5932"}],"wp:attachment":[{"href":"https:\/\/tecnidro.com\/es\/wp-json\/wp\/v2\/media?parent=5931"}],"wp:term":[{"taxonomy":"product_brand","embeddable":true,"href":"https:\/\/tecnidro.com\/es\/wp-json\/wp\/v2\/product_brand?post=5931"},{"taxonomy":"product_cat","embeddable":true,"href":"https:\/\/tecnidro.com\/es\/wp-json\/wp\/v2\/product_cat?post=5931"},{"taxonomy":"product_tag","embeddable":true,"href":"https:\/\/tecnidro.com\/es\/wp-json\/wp\/v2\/product_tag?post=5931"}],"curies":[{"name":"wp","href":"https:\/\/api.w.org\/{rel}","templated":true}]}}