{"id":5953,"date":"2023-11-29T13:17:20","date_gmt":"2023-11-29T13:17:20","guid":{"rendered":"https:\/\/tecnidro.com\/p\/ventosa-simple-metalica-sfi-smpl\/"},"modified":"2023-11-29T13:17:20","modified_gmt":"2023-11-29T12:17:20","slug":"ventosa-simple-metalica-sfi-smpl","status":"publish","type":"product","link":"https:\/\/tecnidro.com\/es\/p\/ventosa-simple-metalica-sfi-smpl\/","title":{"rendered":"Ventosa simple met\u00e1lica SFI-SMPL"},"content":{"rendered":"<p>La  <strong>ventosa simple met\u00e1lica Mod. SFI-SMPL<\/strong>  est\u00e1 dise\u00f1ada para permitir el desgasificado de simple efecto y la salida de aire en instalaciones hidr\u00e1ulicas. Utiliza un dise\u00f1o de flotador \u00fanico para garantizar la eficiencia operativa en condiciones de presi\u00f3n de hasta PN16. Este modelo est\u00e1 aprobado para su uso con agua potable, gracias a su recubrimiento epoxi interno y externo, que garantiza la protecci\u00f3n contra la corrosi\u00f3n.<\/p>\n","protected":false},"excerpt":{"rendered":"<p>La ventosa simple met\u00e1lica Mod. SFI-SMPL est\u00e1 dise\u00f1ada para permitir el desgasificado de simple efecto y la salida de aire en instalaciones hidr\u00e1ulicas. Utiliza un dise\u00f1o de flotador \u00fanico para  [&#8230;]<\/p>\n","protected":false},"featured_media":5957,"comment_status":"closed","ping_status":"closed","template":"","meta":{"_acf_changed":false},"product_brand":[],"product_cat":[215,214,238,241],"product_tag":[],"class_list":{"0":"post-5953","1":"product","2":"type-product","3":"status-publish","4":"has-post-thumbnail","6":"product_cat-abastecimiento-de-agua-e-industria","7":"product_cat-riego","8":"product_cat-seccionamiento-y-purga","9":"product_cat-seccionamiento-y-ventosa","11":"first","12":"instock","13":"shipping-taxable","14":"product-type-simple"},"acf":[],"yoast_head":"<!-- This site is optimized with the Yoast SEO plugin v27.3 - https:\/\/yoast.com\/product\/yoast-seo-wordpress\/ -->\n<title>Ventosa simple met\u00e1lica SFI-SMPL - Tecnidro<\/title>\n<meta name=\"robots\" content=\"index, follow, max-snippet:-1, max-image-preview:large, max-video-preview:-1\" \/>\n<link rel=\"canonical\" href=\"https:\/\/tecnidro.com\/es\/p\/ventosa-simple-metalica-sfi-smpl\/\" \/>\n<meta property=\"og:locale\" content=\"es_ES\" \/>\n<meta property=\"og:type\" content=\"article\" \/>\n<meta property=\"og:title\" content=\"Ventosa simple met\u00e1lica SFI-SMPL - Tecnidro\" \/>\n<meta property=\"og:description\" content=\"La ventosa simple met\u00e1lica Mod. SFI-SMPL est\u00e1 dise\u00f1ada para permitir el desgasificado de simple efecto y la salida de aire en instalaciones hidr\u00e1ulicas. Utiliza un dise\u00f1o de flotador \u00fanico para [...]\" \/>\n<meta property=\"og:url\" content=\"https:\/\/tecnidro.com\/es\/p\/ventosa-simple-metalica-sfi-smpl\/\" \/>\n<meta property=\"og:site_name\" content=\"Tecnidro\" \/>\n<meta property=\"article:publisher\" content=\"https:\/\/www.facebook.com\/profile.php?id=100089971879186\" \/>\n<meta property=\"og:image\" content=\"https:\/\/tecnidro.com\/wp-content\/uploads\/2023\/11\/Sfiato-semplice-metallico-SFI-SMPL.webp\" \/>\n\t<meta property=\"og:image:width\" content=\"500\" \/>\n\t<meta property=\"og:image:height\" content=\"500\" \/>\n\t<meta property=\"og:image:type\" content=\"image\/webp\" \/>\n<meta name=\"twitter:card\" content=\"summary_large_image\" \/>\n<script type=\"application\/ld+json\" class=\"yoast-schema-graph\">{\"@context\":\"https:\\\/\\\/schema.org\",\"@graph\":[{\"@type\":\"WebPage\",\"@id\":\"https:\\\/\\\/tecnidro.com\\\/es\\\/p\\\/ventosa-simple-metalica-sfi-smpl\\\/\",\"url\":\"https:\\\/\\\/tecnidro.com\\\/es\\\/p\\\/ventosa-simple-metalica-sfi-smpl\\\/\",\"name\":\"Ventosa simple met\u00e1lica SFI-SMPL - Tecnidro\",\"isPartOf\":{\"@id\":\"https:\\\/\\\/tecnidro.com\\\/es\\\/#website\"},\"primaryImageOfPage\":{\"@id\":\"https:\\\/\\\/tecnidro.com\\\/es\\\/p\\\/ventosa-simple-metalica-sfi-smpl\\\/#primaryimage\"},\"image\":{\"@id\":\"https:\\\/\\\/tecnidro.com\\\/es\\\/p\\\/ventosa-simple-metalica-sfi-smpl\\\/#primaryimage\"},\"thumbnailUrl\":\"https:\\\/\\\/tecnidro.com\\\/wp-content\\\/uploads\\\/2023\\\/11\\\/Sfiato-semplice-metallico-SFI-SMPL.webp\",\"datePublished\":\"2023-11-29T13:17:20+00:00\",\"breadcrumb\":{\"@id\":\"https:\\\/\\\/tecnidro.com\\\/es\\\/p\\\/ventosa-simple-metalica-sfi-smpl\\\/#breadcrumb\"},\"inLanguage\":\"es\",\"potentialAction\":[{\"@type\":\"ReadAction\",\"target\":[\"https:\\\/\\\/tecnidro.com\\\/es\\\/p\\\/ventosa-simple-metalica-sfi-smpl\\\/\"]}]},{\"@type\":\"ImageObject\",\"inLanguage\":\"es\",\"@id\":\"https:\\\/\\\/tecnidro.com\\\/es\\\/p\\\/ventosa-simple-metalica-sfi-smpl\\\/#primaryimage\",\"url\":\"https:\\\/\\\/tecnidro.com\\\/wp-content\\\/uploads\\\/2023\\\/11\\\/Sfiato-semplice-metallico-SFI-SMPL.webp\",\"contentUrl\":\"https:\\\/\\\/tecnidro.com\\\/wp-content\\\/uploads\\\/2023\\\/11\\\/Sfiato-semplice-metallico-SFI-SMPL.webp\",\"width\":500,\"height\":500,\"caption\":\"Sfiato semplice metallico SFI-SMPL\"},{\"@type\":\"BreadcrumbList\",\"@id\":\"https:\\\/\\\/tecnidro.com\\\/es\\\/p\\\/ventosa-simple-metalica-sfi-smpl\\\/#breadcrumb\",\"itemListElement\":[{\"@type\":\"ListItem\",\"position\":1,\"name\":\"Home\",\"item\":\"https:\\\/\\\/tecnidro.com\\\/es\\\/\"},{\"@type\":\"ListItem\",\"position\":2,\"name\":\"Productos y soluciones\",\"item\":\"https:\\\/\\\/tecnidro.com\\\/es\\\/productos-y-soluciones\\\/\"},{\"@type\":\"ListItem\",\"position\":3,\"name\":\"Ventosa simple met\u00e1lica SFI-SMPL\"}]},{\"@type\":\"WebSite\",\"@id\":\"https:\\\/\\\/tecnidro.com\\\/es\\\/#website\",\"url\":\"https:\\\/\\\/tecnidro.com\\\/es\\\/\",\"name\":\"Tecnidro\",\"description\":\"Valvole Idrauliche\",\"potentialAction\":[{\"@type\":\"SearchAction\",\"target\":{\"@type\":\"EntryPoint\",\"urlTemplate\":\"https:\\\/\\\/tecnidro.com\\\/es\\\/?s={search_term_string}\"},\"query-input\":{\"@type\":\"PropertyValueSpecification\",\"valueRequired\":true,\"valueName\":\"search_term_string\"}}],\"inLanguage\":\"es\"}]}<\/script>\n<!-- \/ Yoast SEO plugin. -->","yoast_head_json":{"title":"Ventosa simple met\u00e1lica SFI-SMPL - Tecnidro","robots":{"index":"index","follow":"follow","max-snippet":"max-snippet:-1","max-image-preview":"max-image-preview:large","max-video-preview":"max-video-preview:-1"},"canonical":"https:\/\/tecnidro.com\/es\/p\/ventosa-simple-metalica-sfi-smpl\/","og_locale":"es_ES","og_type":"article","og_title":"Ventosa simple met\u00e1lica SFI-SMPL - Tecnidro","og_description":"La ventosa simple met\u00e1lica Mod. SFI-SMPL est\u00e1 dise\u00f1ada para permitir el desgasificado de simple efecto y la salida de aire en instalaciones hidr\u00e1ulicas. Utiliza un dise\u00f1o de flotador \u00fanico para [...]","og_url":"https:\/\/tecnidro.com\/es\/p\/ventosa-simple-metalica-sfi-smpl\/","og_site_name":"Tecnidro","article_publisher":"https:\/\/www.facebook.com\/profile.php?id=100089971879186","og_image":[{"width":500,"height":500,"url":"https:\/\/tecnidro.com\/wp-content\/uploads\/2023\/11\/Sfiato-semplice-metallico-SFI-SMPL.webp","type":"image\/webp"}],"twitter_card":"summary_large_image","schema":{"@context":"https:\/\/schema.org","@graph":[{"@type":"WebPage","@id":"https:\/\/tecnidro.com\/es\/p\/ventosa-simple-metalica-sfi-smpl\/","url":"https:\/\/tecnidro.com\/es\/p\/ventosa-simple-metalica-sfi-smpl\/","name":"Ventosa simple met\u00e1lica SFI-SMPL - Tecnidro","isPartOf":{"@id":"https:\/\/tecnidro.com\/es\/#website"},"primaryImageOfPage":{"@id":"https:\/\/tecnidro.com\/es\/p\/ventosa-simple-metalica-sfi-smpl\/#primaryimage"},"image":{"@id":"https:\/\/tecnidro.com\/es\/p\/ventosa-simple-metalica-sfi-smpl\/#primaryimage"},"thumbnailUrl":"https:\/\/tecnidro.com\/wp-content\/uploads\/2023\/11\/Sfiato-semplice-metallico-SFI-SMPL.webp","datePublished":"2023-11-29T13:17:20+00:00","breadcrumb":{"@id":"https:\/\/tecnidro.com\/es\/p\/ventosa-simple-metalica-sfi-smpl\/#breadcrumb"},"inLanguage":"es","potentialAction":[{"@type":"ReadAction","target":["https:\/\/tecnidro.com\/es\/p\/ventosa-simple-metalica-sfi-smpl\/"]}]},{"@type":"ImageObject","inLanguage":"es","@id":"https:\/\/tecnidro.com\/es\/p\/ventosa-simple-metalica-sfi-smpl\/#primaryimage","url":"https:\/\/tecnidro.com\/wp-content\/uploads\/2023\/11\/Sfiato-semplice-metallico-SFI-SMPL.webp","contentUrl":"https:\/\/tecnidro.com\/wp-content\/uploads\/2023\/11\/Sfiato-semplice-metallico-SFI-SMPL.webp","width":500,"height":500,"caption":"Sfiato semplice metallico SFI-SMPL"},{"@type":"BreadcrumbList","@id":"https:\/\/tecnidro.com\/es\/p\/ventosa-simple-metalica-sfi-smpl\/#breadcrumb","itemListElement":[{"@type":"ListItem","position":1,"name":"Home","item":"https:\/\/tecnidro.com\/es\/"},{"@type":"ListItem","position":2,"name":"Productos y soluciones","item":"https:\/\/tecnidro.com\/es\/productos-y-soluciones\/"},{"@type":"ListItem","position":3,"name":"Ventosa simple met\u00e1lica SFI-SMPL"}]},{"@type":"WebSite","@id":"https:\/\/tecnidro.com\/es\/#website","url":"https:\/\/tecnidro.com\/es\/","name":"Tecnidro","description":"Valvole Idrauliche","potentialAction":[{"@type":"SearchAction","target":{"@type":"EntryPoint","urlTemplate":"https:\/\/tecnidro.com\/es\/?s={search_term_string}"},"query-input":{"@type":"PropertyValueSpecification","valueRequired":true,"valueName":"search_term_string"}}],"inLanguage":"es"}]}},"_links":{"self":[{"href":"https:\/\/tecnidro.com\/es\/wp-json\/wp\/v2\/product\/5953","targetHints":{"allow":["GET"]}}],"collection":[{"href":"https:\/\/tecnidro.com\/es\/wp-json\/wp\/v2\/product"}],"about":[{"href":"https:\/\/tecnidro.com\/es\/wp-json\/wp\/v2\/types\/product"}],"replies":[{"embeddable":true,"href":"https:\/\/tecnidro.com\/es\/wp-json\/wp\/v2\/comments?post=5953"}],"wp:featuredmedia":[{"embeddable":true,"href":"https:\/\/tecnidro.com\/es\/wp-json\/wp\/v2\/media\/5957"}],"wp:attachment":[{"href":"https:\/\/tecnidro.com\/es\/wp-json\/wp\/v2\/media?parent=5953"}],"wp:term":[{"taxonomy":"product_brand","embeddable":true,"href":"https:\/\/tecnidro.com\/es\/wp-json\/wp\/v2\/product_brand?post=5953"},{"taxonomy":"product_cat","embeddable":true,"href":"https:\/\/tecnidro.com\/es\/wp-json\/wp\/v2\/product_cat?post=5953"},{"taxonomy":"product_tag","embeddable":true,"href":"https:\/\/tecnidro.com\/es\/wp-json\/wp\/v2\/product_tag?post=5953"}],"curies":[{"name":"wp","href":"https:\/\/api.w.org\/{rel}","templated":true}]}}