{"id":5958,"date":"2023-11-29T13:38:09","date_gmt":"2023-11-29T13:38:09","guid":{"rendered":"https:\/\/tecnidro.com\/p\/valvula-hydromodul-de-descarga-rapida\/"},"modified":"2023-11-29T13:38:09","modified_gmt":"2023-11-29T12:38:09","slug":"valvula-hydromodul-de-descarga-rapida","status":"publish","type":"product","link":"https:\/\/tecnidro.com\/es\/p\/valvula-hydromodul-de-descarga-rapida\/","title":{"rendered":"V\u00e1lvula Hydromodul de Descarga R\u00e1pida"},"content":{"rendered":"<div class=\"flex-1 overflow-hidden\">\n<div class=\"react-scroll-to-bottom--css-luqyz-79elbk h-full\">\n<div class=\"react-scroll-to-bottom--css-luqyz-1n7m0yu\">\n<div class=\"flex flex-col pb-9 text-sm\">\n<div class=\"w-full text-token-text-primary\" data-testid=\"conversation-turn-3\">\n<div class=\"px-4 py-2 justify-center text-base md:gap-6 m-auto\">\n<div class=\"flex flex-1 text-base mx-auto gap-3 md:px-5 lg:px-1 xl:px-5 md:max-w-3xl lg:max-w-[40rem] xl:max-w-[48rem] group final-completion\">\n<div class=\"relative flex w-full flex-col lg:w-[calc(100%-115px)] agent-turn\">\n<div class=\"flex-col gap-1 md:gap-3\">\n<div class=\"flex flex-grow flex-col max-w-full\">\n<div class=\"min-h-[20px] text-message flex flex-col items-start gap-3 whitespace-pre-wrap break-words [.text-message+&amp;]:mt-5 overflow-x-auto\" data-message-author-role=\"assistant\" data-message-id=\"98aeec71-0cfe-44df-88af-b1a0c65084a3\">\n<div class=\"markdown prose w-full break-words dark:prose-invert light\">\n<p>La v\u00e1lvula de descarga r\u00e1pida es una v\u00e1lvula de seguridad, de mando hidr\u00e1ulico, accionada por membrana, dise\u00f1ada para abrir cuando la presi\u00f3n monitorizada es superior al valor regulable del piloto de control. La funci\u00f3n de descarga de la v\u00e1lvula est\u00e1 controlada por un piloto de descarga r\u00e1pida montado externamente, dise\u00f1ado para abrir cuando la presi\u00f3n aguas arriba es superior al valor establecido, y cerrar cuando la presi\u00f3n aguas arriba es inferior al valor establecido. La v\u00e1lvula de descarga r\u00e1pida se caracteriza por un cierre<br \/>\nlento para evitar generar golpes de ariete.  <\/p>\n<\/div>\n<\/div>\n<\/div>\n<\/div>\n<\/div>\n<\/div>\n<\/div>\n<\/div>\n<\/div>\n<\/div>\n<\/div>\n<\/div>\n","protected":false},"excerpt":{"rendered":"<p>La v\u00e1lvula de descarga r\u00e1pida es una v\u00e1lvula de seguridad, de mando hidr\u00e1ulico, accionada por membrana, dise\u00f1ada para abrir cuando la presi\u00f3n monitorizada es superior al valor regulable del piloto  [&#8230;]<\/p>\n","protected":false},"featured_media":5965,"comment_status":"closed","ping_status":"closed","template":"","meta":{"_acf_changed":false},"product_brand":[],"product_cat":[215,226],"product_tag":[],"class_list":{"0":"post-5958","1":"product","2":"type-product","3":"status-publish","4":"has-post-thumbnail","6":"product_cat-abastecimiento-de-agua-e-industria","7":"product_cat-valvulas-hidraulicas-hydromodul","9":"first","10":"instock","11":"shipping-taxable","12":"product-type-simple"},"acf":[],"yoast_head":"<!-- This site is optimized with the Yoast SEO plugin v27.3 - https:\/\/yoast.com\/product\/yoast-seo-wordpress\/ -->\n<title>V\u00e1lvula Hydromodul de Descarga R\u00e1pida - Tecnidro<\/title>\n<meta name=\"robots\" content=\"index, follow, max-snippet:-1, max-image-preview:large, max-video-preview:-1\" \/>\n<link rel=\"canonical\" href=\"https:\/\/tecnidro.com\/es\/p\/valvula-hydromodul-de-descarga-rapida\/\" \/>\n<meta property=\"og:locale\" content=\"es_ES\" \/>\n<meta property=\"og:type\" content=\"article\" \/>\n<meta property=\"og:title\" content=\"V\u00e1lvula Hydromodul de Descarga R\u00e1pida - Tecnidro\" \/>\n<meta property=\"og:description\" content=\"La v\u00e1lvula de descarga r\u00e1pida es una v\u00e1lvula de seguridad, de mando hidr\u00e1ulico, accionada por membrana, dise\u00f1ada para abrir cuando la presi\u00f3n monitorizada es superior al valor regulable del piloto [...]\" \/>\n<meta property=\"og:url\" content=\"https:\/\/tecnidro.com\/es\/p\/valvula-hydromodul-de-descarga-rapida\/\" \/>\n<meta property=\"og:site_name\" content=\"Tecnidro\" \/>\n<meta property=\"article:publisher\" content=\"https:\/\/www.facebook.com\/profile.php?id=100089971879186\" \/>\n<meta property=\"og:image\" content=\"https:\/\/tecnidro.com\/wp-content\/uploads\/2023\/11\/Valvola-Hydromodul-Scarico-Rapido-2.webp\" \/>\n\t<meta property=\"og:image:width\" content=\"1000\" \/>\n\t<meta property=\"og:image:height\" content=\"1000\" \/>\n\t<meta property=\"og:image:type\" content=\"image\/webp\" \/>\n<meta name=\"twitter:card\" content=\"summary_large_image\" \/>\n<meta name=\"twitter:label1\" content=\"Tiempo de lectura\" \/>\n\t<meta name=\"twitter:data1\" content=\"1 minuto\" \/>\n<script type=\"application\/ld+json\" class=\"yoast-schema-graph\">{\"@context\":\"https:\\\/\\\/schema.org\",\"@graph\":[{\"@type\":\"WebPage\",\"@id\":\"https:\\\/\\\/tecnidro.com\\\/es\\\/p\\\/valvula-hydromodul-de-descarga-rapida\\\/\",\"url\":\"https:\\\/\\\/tecnidro.com\\\/es\\\/p\\\/valvula-hydromodul-de-descarga-rapida\\\/\",\"name\":\"V\u00e1lvula Hydromodul de Descarga R\u00e1pida - Tecnidro\",\"isPartOf\":{\"@id\":\"https:\\\/\\\/tecnidro.com\\\/es\\\/#website\"},\"primaryImageOfPage\":{\"@id\":\"https:\\\/\\\/tecnidro.com\\\/es\\\/p\\\/valvula-hydromodul-de-descarga-rapida\\\/#primaryimage\"},\"image\":{\"@id\":\"https:\\\/\\\/tecnidro.com\\\/es\\\/p\\\/valvula-hydromodul-de-descarga-rapida\\\/#primaryimage\"},\"thumbnailUrl\":\"https:\\\/\\\/tecnidro.com\\\/wp-content\\\/uploads\\\/2023\\\/11\\\/Valvola-Hydromodul-Scarico-Rapido-2.webp\",\"datePublished\":\"2023-11-29T13:38:09+00:00\",\"breadcrumb\":{\"@id\":\"https:\\\/\\\/tecnidro.com\\\/es\\\/p\\\/valvula-hydromodul-de-descarga-rapida\\\/#breadcrumb\"},\"inLanguage\":\"es\",\"potentialAction\":[{\"@type\":\"ReadAction\",\"target\":[\"https:\\\/\\\/tecnidro.com\\\/es\\\/p\\\/valvula-hydromodul-de-descarga-rapida\\\/\"]}]},{\"@type\":\"ImageObject\",\"inLanguage\":\"es\",\"@id\":\"https:\\\/\\\/tecnidro.com\\\/es\\\/p\\\/valvula-hydromodul-de-descarga-rapida\\\/#primaryimage\",\"url\":\"https:\\\/\\\/tecnidro.com\\\/wp-content\\\/uploads\\\/2023\\\/11\\\/Valvola-Hydromodul-Scarico-Rapido-2.webp\",\"contentUrl\":\"https:\\\/\\\/tecnidro.com\\\/wp-content\\\/uploads\\\/2023\\\/11\\\/Valvola-Hydromodul-Scarico-Rapido-2.webp\",\"width\":1000,\"height\":1000,\"caption\":\"Valvola Hydromodul Scarico Rapido\"},{\"@type\":\"BreadcrumbList\",\"@id\":\"https:\\\/\\\/tecnidro.com\\\/es\\\/p\\\/valvula-hydromodul-de-descarga-rapida\\\/#breadcrumb\",\"itemListElement\":[{\"@type\":\"ListItem\",\"position\":1,\"name\":\"Home\",\"item\":\"https:\\\/\\\/tecnidro.com\\\/es\\\/\"},{\"@type\":\"ListItem\",\"position\":2,\"name\":\"Productos y soluciones\",\"item\":\"https:\\\/\\\/tecnidro.com\\\/es\\\/productos-y-soluciones\\\/\"},{\"@type\":\"ListItem\",\"position\":3,\"name\":\"V\u00e1lvula Hydromodul de Descarga R\u00e1pida\"}]},{\"@type\":\"WebSite\",\"@id\":\"https:\\\/\\\/tecnidro.com\\\/es\\\/#website\",\"url\":\"https:\\\/\\\/tecnidro.com\\\/es\\\/\",\"name\":\"Tecnidro\",\"description\":\"Valvole Idrauliche\",\"potentialAction\":[{\"@type\":\"SearchAction\",\"target\":{\"@type\":\"EntryPoint\",\"urlTemplate\":\"https:\\\/\\\/tecnidro.com\\\/es\\\/?s={search_term_string}\"},\"query-input\":{\"@type\":\"PropertyValueSpecification\",\"valueRequired\":true,\"valueName\":\"search_term_string\"}}],\"inLanguage\":\"es\"}]}<\/script>\n<!-- \/ Yoast SEO plugin. -->","yoast_head_json":{"title":"V\u00e1lvula Hydromodul de Descarga R\u00e1pida - Tecnidro","robots":{"index":"index","follow":"follow","max-snippet":"max-snippet:-1","max-image-preview":"max-image-preview:large","max-video-preview":"max-video-preview:-1"},"canonical":"https:\/\/tecnidro.com\/es\/p\/valvula-hydromodul-de-descarga-rapida\/","og_locale":"es_ES","og_type":"article","og_title":"V\u00e1lvula Hydromodul de Descarga R\u00e1pida - Tecnidro","og_description":"La v\u00e1lvula de descarga r\u00e1pida es una v\u00e1lvula de seguridad, de mando hidr\u00e1ulico, accionada por membrana, dise\u00f1ada para abrir cuando la presi\u00f3n monitorizada es superior al valor regulable del piloto [...]","og_url":"https:\/\/tecnidro.com\/es\/p\/valvula-hydromodul-de-descarga-rapida\/","og_site_name":"Tecnidro","article_publisher":"https:\/\/www.facebook.com\/profile.php?id=100089971879186","og_image":[{"width":1000,"height":1000,"url":"https:\/\/tecnidro.com\/wp-content\/uploads\/2023\/11\/Valvola-Hydromodul-Scarico-Rapido-2.webp","type":"image\/webp"}],"twitter_card":"summary_large_image","twitter_misc":{"Tiempo de lectura":"1 minuto"},"schema":{"@context":"https:\/\/schema.org","@graph":[{"@type":"WebPage","@id":"https:\/\/tecnidro.com\/es\/p\/valvula-hydromodul-de-descarga-rapida\/","url":"https:\/\/tecnidro.com\/es\/p\/valvula-hydromodul-de-descarga-rapida\/","name":"V\u00e1lvula Hydromodul de Descarga R\u00e1pida - Tecnidro","isPartOf":{"@id":"https:\/\/tecnidro.com\/es\/#website"},"primaryImageOfPage":{"@id":"https:\/\/tecnidro.com\/es\/p\/valvula-hydromodul-de-descarga-rapida\/#primaryimage"},"image":{"@id":"https:\/\/tecnidro.com\/es\/p\/valvula-hydromodul-de-descarga-rapida\/#primaryimage"},"thumbnailUrl":"https:\/\/tecnidro.com\/wp-content\/uploads\/2023\/11\/Valvola-Hydromodul-Scarico-Rapido-2.webp","datePublished":"2023-11-29T13:38:09+00:00","breadcrumb":{"@id":"https:\/\/tecnidro.com\/es\/p\/valvula-hydromodul-de-descarga-rapida\/#breadcrumb"},"inLanguage":"es","potentialAction":[{"@type":"ReadAction","target":["https:\/\/tecnidro.com\/es\/p\/valvula-hydromodul-de-descarga-rapida\/"]}]},{"@type":"ImageObject","inLanguage":"es","@id":"https:\/\/tecnidro.com\/es\/p\/valvula-hydromodul-de-descarga-rapida\/#primaryimage","url":"https:\/\/tecnidro.com\/wp-content\/uploads\/2023\/11\/Valvola-Hydromodul-Scarico-Rapido-2.webp","contentUrl":"https:\/\/tecnidro.com\/wp-content\/uploads\/2023\/11\/Valvola-Hydromodul-Scarico-Rapido-2.webp","width":1000,"height":1000,"caption":"Valvola Hydromodul Scarico Rapido"},{"@type":"BreadcrumbList","@id":"https:\/\/tecnidro.com\/es\/p\/valvula-hydromodul-de-descarga-rapida\/#breadcrumb","itemListElement":[{"@type":"ListItem","position":1,"name":"Home","item":"https:\/\/tecnidro.com\/es\/"},{"@type":"ListItem","position":2,"name":"Productos y soluciones","item":"https:\/\/tecnidro.com\/es\/productos-y-soluciones\/"},{"@type":"ListItem","position":3,"name":"V\u00e1lvula Hydromodul de Descarga R\u00e1pida"}]},{"@type":"WebSite","@id":"https:\/\/tecnidro.com\/es\/#website","url":"https:\/\/tecnidro.com\/es\/","name":"Tecnidro","description":"Valvole Idrauliche","potentialAction":[{"@type":"SearchAction","target":{"@type":"EntryPoint","urlTemplate":"https:\/\/tecnidro.com\/es\/?s={search_term_string}"},"query-input":{"@type":"PropertyValueSpecification","valueRequired":true,"valueName":"search_term_string"}}],"inLanguage":"es"}]}},"_links":{"self":[{"href":"https:\/\/tecnidro.com\/es\/wp-json\/wp\/v2\/product\/5958","targetHints":{"allow":["GET"]}}],"collection":[{"href":"https:\/\/tecnidro.com\/es\/wp-json\/wp\/v2\/product"}],"about":[{"href":"https:\/\/tecnidro.com\/es\/wp-json\/wp\/v2\/types\/product"}],"replies":[{"embeddable":true,"href":"https:\/\/tecnidro.com\/es\/wp-json\/wp\/v2\/comments?post=5958"}],"wp:featuredmedia":[{"embeddable":true,"href":"https:\/\/tecnidro.com\/es\/wp-json\/wp\/v2\/media\/5965"}],"wp:attachment":[{"href":"https:\/\/tecnidro.com\/es\/wp-json\/wp\/v2\/media?parent=5958"}],"wp:term":[{"taxonomy":"product_brand","embeddable":true,"href":"https:\/\/tecnidro.com\/es\/wp-json\/wp\/v2\/product_brand?post=5958"},{"taxonomy":"product_cat","embeddable":true,"href":"https:\/\/tecnidro.com\/es\/wp-json\/wp\/v2\/product_cat?post=5958"},{"taxonomy":"product_tag","embeddable":true,"href":"https:\/\/tecnidro.com\/es\/wp-json\/wp\/v2\/product_tag?post=5958"}],"curies":[{"name":"wp","href":"https:\/\/api.w.org\/{rel}","templated":true}]}}