{"id":5975,"date":"2023-11-29T14:18:19","date_gmt":"2023-11-29T14:18:19","guid":{"rendered":"https:\/\/tecnidro.com\/p\/contador-tangencial-tw\/"},"modified":"2023-11-29T14:18:19","modified_gmt":"2023-11-29T13:18:19","slug":"contador-tangencial-tw","status":"publish","type":"product","link":"https:\/\/tecnidro.com\/es\/p\/contador-tangencial-tw\/","title":{"rendered":"Contador Tangencial TW"},"content":{"rendered":"<p>Los contadores tangenciales serie TW est\u00e1n dise\u00f1ados y proyectados espec\u00edficamente para todas las aplicaciones con aguas no filtradas, en particular aplicaciones de riego, jardiner\u00eda y aguas residuales.<\/p>\n<p>La h\u00e9lice mide la velocidad del flujo y su rotaci\u00f3n se transmite a una esfera para la visualizaci\u00f3n del volumen registrado.<\/p>\n<p>Esta clase de contadores adopta una tecnolog\u00eda innovadora que se diferencia de la de otros contadores tradicionales, caracterizada principalmente por las siguientes caracter\u00edsticas:<\/p>\n<p><strong><u>H\u00e9lice Tangencial:<\/u> <\/strong>es similar a un molino semisumergido y posicionado tangencialmente respecto al flujo de agua. El paso del agua es por tanto totalmente libre, permitiendo que eventuales s\u00f3lidos como arena, hojas, piedras, etc., normalmente presentes en aguas no tratadas, transiten sin riesgo de da\u00f1os u obstrucciones. La h\u00e9lice ocupa una secci\u00f3n muy reducida de la secci\u00f3n total del tubo, limitando las p\u00e9rdidas de carga a valores insignificantes.  <\/p>\n<p><strong><u>Transmisi\u00f3n Magn\u00e9tica:<\/u> <\/strong>la h\u00e9lice y los engranajes sumergidos en el fluido no tienen ninguna conexi\u00f3n con la relojer\u00eda externa seca que registra y visualiza el flujo totalizado. La rotaci\u00f3n de la h\u00e9lice se transfiere a la relojer\u00eda a trav\u00e9s de una conexi\u00f3n magn\u00e9tica. Esta caracter\u00edstica permite orientar a voluntad la relojer\u00eda y asegura que no est\u00e9 en contacto con el fluido y que no puedan producirse fen\u00f3menos de condensaci\u00f3n. La relojer\u00eda puede sustituirse sin necesidad de vaciar la conducci\u00f3n.   <\/p>\n<p><strong><u>Mecanismo Extra\u00edble:<\/u> <\/strong>el dispositivo de medici\u00f3n (mecanismo) est\u00e1 realizado en una pieza \u00fanica y compacta que puede desmontarse sin necesidad de retirar el cuerpo del contador de la tuber\u00eda.<\/p>\n<p><strong><u>Dispositivo de calibraci\u00f3n:<\/u> <\/strong>el mecanismo incluye un deflector que desv\u00eda el flujo hacia la h\u00e9lice y determina la precisi\u00f3n de medici\u00f3n requerida. El deflector est\u00e1 completamente guiado y protegido dentro de la parte sumergida del mecanismo y su posici\u00f3n puede regularse mediante un tornillo microm\u00e9trico situado bajo la relojer\u00eda. El sistema de calibraci\u00f3n es por tanto fiable y protegido garantizando estabilidad durante el ciclo de trabajo del contador.  <\/p>\n<p><strong><u>Emisor de impulsos<\/u><\/strong>: el mecanismo de registro est\u00e1 protegido dentro de un contenedor pl\u00e1stico transparente dotado de encastres (tipo cola de milano). Estos encastres permiten posicionar hasta dos emisores de impulsos de contacto seco tipo reed y un sensor optoelectr\u00f3nico. El sistema de fijaci\u00f3n es seguro y fiable, no obstruye la visi\u00f3n de la lectura y no requiere la perforaci\u00f3n de la relojer\u00eda comprometiendo su estanqueidad.  <\/p>\n<p><strong><u>Medidor instant\u00e1neo:<\/u> <\/strong>los contadores de la serie TW pueden dotarse de un dispositivo de visualizaci\u00f3n digital (modelo IST) para la lectura del caudal instant\u00e1neo. Este indicador est\u00e1 conectado a la relojer\u00eda mediante un emisor de impulsos y est\u00e1 disponible en ejecuci\u00f3n tanto compacta (modelo IST-C) sin cable de conexi\u00f3n como separada (modelo IST-S) adapt\u00e1ndose a todas las necesidades de instalaci\u00f3n. El dispositivo est\u00e1 dise\u00f1ado para la inmersi\u00f3n total y est\u00e1 alimentado por una bater\u00eda sustituible de larga duraci\u00f3n.  <\/p>\n<p>El dise\u00f1o de los contadores de la serie TW es robusto y al mismo tiempo sencillo y ofrece todas las garant\u00edas de un buen funcionamiento para todas las instalaciones en campo abierto destinadas a la medici\u00f3n del agua de riego o no tratada.<\/p>\n","protected":false},"excerpt":{"rendered":"<p>Los contadores tangenciales serie TW est\u00e1n dise\u00f1ados y proyectados espec\u00edficamente para todas las aplicaciones con aguas no filtradas, en particular aplicaciones de riego, jardiner\u00eda y aguas residuales. La h\u00e9lice mide  [&#8230;]<\/p>\n","protected":false},"featured_media":5985,"comment_status":"closed","ping_status":"closed","template":"","meta":{"_acf_changed":false},"product_brand":[],"product_cat":[243,244,237],"product_tag":[],"class_list":{"0":"post-5975","1":"product","2":"type-product","3":"status-publish","4":"has-post-thumbnail","6":"product_cat-contadores-2","7":"product_cat-contadores-3","8":"product_cat-contadores","10":"first","11":"instock","12":"shipping-taxable","13":"product-type-simple"},"acf":[],"yoast_head":"<!-- This site is optimized with the Yoast SEO plugin v27.3 - https:\/\/yoast.com\/product\/yoast-seo-wordpress\/ -->\n<title>Contador Tangencial TW - Tecnidro<\/title>\n<meta name=\"robots\" content=\"index, follow, max-snippet:-1, max-image-preview:large, max-video-preview:-1\" \/>\n<link rel=\"canonical\" href=\"https:\/\/tecnidro.com\/es\/p\/contador-tangencial-tw\/\" \/>\n<meta property=\"og:locale\" content=\"es_ES\" \/>\n<meta property=\"og:type\" content=\"article\" \/>\n<meta property=\"og:title\" content=\"Contador Tangencial TW - Tecnidro\" \/>\n<meta property=\"og:description\" content=\"Los contadores tangenciales serie TW est\u00e1n dise\u00f1ados y proyectados espec\u00edficamente para todas las aplicaciones con aguas no filtradas, en particular aplicaciones de riego, jardiner\u00eda y aguas residuales. La h\u00e9lice mide [...]\" \/>\n<meta property=\"og:url\" content=\"https:\/\/tecnidro.com\/es\/p\/contador-tangencial-tw\/\" \/>\n<meta property=\"og:site_name\" content=\"Tecnidro\" \/>\n<meta property=\"article:publisher\" content=\"https:\/\/www.facebook.com\/profile.php?id=100089971879186\" \/>\n<meta property=\"og:image\" content=\"https:\/\/tecnidro.com\/wp-content\/uploads\/2023\/11\/Contatore-Tangenziale-TW.webp\" \/>\n\t<meta property=\"og:image:width\" content=\"1000\" \/>\n\t<meta property=\"og:image:height\" content=\"1000\" \/>\n\t<meta property=\"og:image:type\" content=\"image\/webp\" \/>\n<meta name=\"twitter:card\" content=\"summary_large_image\" \/>\n<meta name=\"twitter:label1\" content=\"Tiempo de lectura\" \/>\n\t<meta name=\"twitter:data1\" content=\"3 minutos\" \/>\n<script type=\"application\/ld+json\" class=\"yoast-schema-graph\">{\"@context\":\"https:\\\/\\\/schema.org\",\"@graph\":[{\"@type\":\"WebPage\",\"@id\":\"https:\\\/\\\/tecnidro.com\\\/es\\\/p\\\/contador-tangencial-tw\\\/\",\"url\":\"https:\\\/\\\/tecnidro.com\\\/es\\\/p\\\/contador-tangencial-tw\\\/\",\"name\":\"Contador Tangencial TW - Tecnidro\",\"isPartOf\":{\"@id\":\"https:\\\/\\\/tecnidro.com\\\/es\\\/#website\"},\"primaryImageOfPage\":{\"@id\":\"https:\\\/\\\/tecnidro.com\\\/es\\\/p\\\/contador-tangencial-tw\\\/#primaryimage\"},\"image\":{\"@id\":\"https:\\\/\\\/tecnidro.com\\\/es\\\/p\\\/contador-tangencial-tw\\\/#primaryimage\"},\"thumbnailUrl\":\"https:\\\/\\\/tecnidro.com\\\/wp-content\\\/uploads\\\/2023\\\/11\\\/Contatore-Tangenziale-TW.webp\",\"datePublished\":\"2023-11-29T14:18:19+00:00\",\"breadcrumb\":{\"@id\":\"https:\\\/\\\/tecnidro.com\\\/es\\\/p\\\/contador-tangencial-tw\\\/#breadcrumb\"},\"inLanguage\":\"es\",\"potentialAction\":[{\"@type\":\"ReadAction\",\"target\":[\"https:\\\/\\\/tecnidro.com\\\/es\\\/p\\\/contador-tangencial-tw\\\/\"]}]},{\"@type\":\"ImageObject\",\"inLanguage\":\"es\",\"@id\":\"https:\\\/\\\/tecnidro.com\\\/es\\\/p\\\/contador-tangencial-tw\\\/#primaryimage\",\"url\":\"https:\\\/\\\/tecnidro.com\\\/wp-content\\\/uploads\\\/2023\\\/11\\\/Contatore-Tangenziale-TW.webp\",\"contentUrl\":\"https:\\\/\\\/tecnidro.com\\\/wp-content\\\/uploads\\\/2023\\\/11\\\/Contatore-Tangenziale-TW.webp\",\"width\":1000,\"height\":1000,\"caption\":\"Contatore Tangenziale TW\"},{\"@type\":\"BreadcrumbList\",\"@id\":\"https:\\\/\\\/tecnidro.com\\\/es\\\/p\\\/contador-tangencial-tw\\\/#breadcrumb\",\"itemListElement\":[{\"@type\":\"ListItem\",\"position\":1,\"name\":\"Home\",\"item\":\"https:\\\/\\\/tecnidro.com\\\/es\\\/\"},{\"@type\":\"ListItem\",\"position\":2,\"name\":\"Productos y soluciones\",\"item\":\"https:\\\/\\\/tecnidro.com\\\/es\\\/productos-y-soluciones\\\/\"},{\"@type\":\"ListItem\",\"position\":3,\"name\":\"Contador Tangencial TW\"}]},{\"@type\":\"WebSite\",\"@id\":\"https:\\\/\\\/tecnidro.com\\\/es\\\/#website\",\"url\":\"https:\\\/\\\/tecnidro.com\\\/es\\\/\",\"name\":\"Tecnidro\",\"description\":\"Valvole Idrauliche\",\"potentialAction\":[{\"@type\":\"SearchAction\",\"target\":{\"@type\":\"EntryPoint\",\"urlTemplate\":\"https:\\\/\\\/tecnidro.com\\\/es\\\/?s={search_term_string}\"},\"query-input\":{\"@type\":\"PropertyValueSpecification\",\"valueRequired\":true,\"valueName\":\"search_term_string\"}}],\"inLanguage\":\"es\"}]}<\/script>\n<!-- \/ Yoast SEO plugin. -->","yoast_head_json":{"title":"Contador Tangencial TW - Tecnidro","robots":{"index":"index","follow":"follow","max-snippet":"max-snippet:-1","max-image-preview":"max-image-preview:large","max-video-preview":"max-video-preview:-1"},"canonical":"https:\/\/tecnidro.com\/es\/p\/contador-tangencial-tw\/","og_locale":"es_ES","og_type":"article","og_title":"Contador Tangencial TW - Tecnidro","og_description":"Los contadores tangenciales serie TW est\u00e1n dise\u00f1ados y proyectados espec\u00edficamente para todas las aplicaciones con aguas no filtradas, en particular aplicaciones de riego, jardiner\u00eda y aguas residuales. La h\u00e9lice mide [...]","og_url":"https:\/\/tecnidro.com\/es\/p\/contador-tangencial-tw\/","og_site_name":"Tecnidro","article_publisher":"https:\/\/www.facebook.com\/profile.php?id=100089971879186","og_image":[{"width":1000,"height":1000,"url":"https:\/\/tecnidro.com\/wp-content\/uploads\/2023\/11\/Contatore-Tangenziale-TW.webp","type":"image\/webp"}],"twitter_card":"summary_large_image","twitter_misc":{"Tiempo de lectura":"3 minutos"},"schema":{"@context":"https:\/\/schema.org","@graph":[{"@type":"WebPage","@id":"https:\/\/tecnidro.com\/es\/p\/contador-tangencial-tw\/","url":"https:\/\/tecnidro.com\/es\/p\/contador-tangencial-tw\/","name":"Contador Tangencial TW - Tecnidro","isPartOf":{"@id":"https:\/\/tecnidro.com\/es\/#website"},"primaryImageOfPage":{"@id":"https:\/\/tecnidro.com\/es\/p\/contador-tangencial-tw\/#primaryimage"},"image":{"@id":"https:\/\/tecnidro.com\/es\/p\/contador-tangencial-tw\/#primaryimage"},"thumbnailUrl":"https:\/\/tecnidro.com\/wp-content\/uploads\/2023\/11\/Contatore-Tangenziale-TW.webp","datePublished":"2023-11-29T14:18:19+00:00","breadcrumb":{"@id":"https:\/\/tecnidro.com\/es\/p\/contador-tangencial-tw\/#breadcrumb"},"inLanguage":"es","potentialAction":[{"@type":"ReadAction","target":["https:\/\/tecnidro.com\/es\/p\/contador-tangencial-tw\/"]}]},{"@type":"ImageObject","inLanguage":"es","@id":"https:\/\/tecnidro.com\/es\/p\/contador-tangencial-tw\/#primaryimage","url":"https:\/\/tecnidro.com\/wp-content\/uploads\/2023\/11\/Contatore-Tangenziale-TW.webp","contentUrl":"https:\/\/tecnidro.com\/wp-content\/uploads\/2023\/11\/Contatore-Tangenziale-TW.webp","width":1000,"height":1000,"caption":"Contatore Tangenziale TW"},{"@type":"BreadcrumbList","@id":"https:\/\/tecnidro.com\/es\/p\/contador-tangencial-tw\/#breadcrumb","itemListElement":[{"@type":"ListItem","position":1,"name":"Home","item":"https:\/\/tecnidro.com\/es\/"},{"@type":"ListItem","position":2,"name":"Productos y soluciones","item":"https:\/\/tecnidro.com\/es\/productos-y-soluciones\/"},{"@type":"ListItem","position":3,"name":"Contador Tangencial TW"}]},{"@type":"WebSite","@id":"https:\/\/tecnidro.com\/es\/#website","url":"https:\/\/tecnidro.com\/es\/","name":"Tecnidro","description":"Valvole Idrauliche","potentialAction":[{"@type":"SearchAction","target":{"@type":"EntryPoint","urlTemplate":"https:\/\/tecnidro.com\/es\/?s={search_term_string}"},"query-input":{"@type":"PropertyValueSpecification","valueRequired":true,"valueName":"search_term_string"}}],"inLanguage":"es"}]}},"_links":{"self":[{"href":"https:\/\/tecnidro.com\/es\/wp-json\/wp\/v2\/product\/5975","targetHints":{"allow":["GET"]}}],"collection":[{"href":"https:\/\/tecnidro.com\/es\/wp-json\/wp\/v2\/product"}],"about":[{"href":"https:\/\/tecnidro.com\/es\/wp-json\/wp\/v2\/types\/product"}],"replies":[{"embeddable":true,"href":"https:\/\/tecnidro.com\/es\/wp-json\/wp\/v2\/comments?post=5975"}],"wp:featuredmedia":[{"embeddable":true,"href":"https:\/\/tecnidro.com\/es\/wp-json\/wp\/v2\/media\/5985"}],"wp:attachment":[{"href":"https:\/\/tecnidro.com\/es\/wp-json\/wp\/v2\/media?parent=5975"}],"wp:term":[{"taxonomy":"product_brand","embeddable":true,"href":"https:\/\/tecnidro.com\/es\/wp-json\/wp\/v2\/product_brand?post=5975"},{"taxonomy":"product_cat","embeddable":true,"href":"https:\/\/tecnidro.com\/es\/wp-json\/wp\/v2\/product_cat?post=5975"},{"taxonomy":"product_tag","embeddable":true,"href":"https:\/\/tecnidro.com\/es\/wp-json\/wp\/v2\/product_tag?post=5975"}],"curies":[{"name":"wp","href":"https:\/\/api.w.org\/{rel}","templated":true}]}}