{"id":5986,"date":"2023-11-29T14:04:19","date_gmt":"2023-11-29T14:04:19","guid":{"rendered":"https:\/\/tecnidro.com\/p\/contador-electromagnetico-sea\/"},"modified":"2023-11-29T14:04:19","modified_gmt":"2023-11-29T13:04:19","slug":"contador-electromagnetico-sea","status":"publish","type":"product","link":"https:\/\/tecnidro.com\/es\/p\/contador-electromagnetico-sea\/","title":{"rendered":"Contador electromagn\u00e9tico SEA"},"content":{"rendered":"<p class=\"p1\">El medidor electromagn\u00e9tico Mod. SEA-RD es un contador que utiliza tecnolog\u00eda de medici\u00f3n electromagn\u00e9tica. Este contador permite contabilizar el volumen total de l\u00edquido transitado y el valor del caudal de forma segura y eficaz.  <\/p>\n<p class=\"p1\">El proceso de medici\u00f3n no cuenta con ning\u00fan componente mec\u00e1nico dentro del flujo, lo que asegura una precisi\u00f3n excelente incluso con caudales muy bajos.<br \/>\nEl medidor electromagn\u00e9tico Mod. SEA-RD est\u00e1 desarrollado para trabajar con agua de proceso o fluidos especiales, adaptando el revestimiento interno del equipo. <\/p>\n<p class=\"p1\">En el medidor, la ausencia de elementos mec\u00e1nicos dentro de la secci\u00f3n de flujo garantiza una larga vida \u00fatil y evita bloqueos por part\u00edculas en el fluido. El equipo puede alimentarse con diferentes voltajes. <\/p>\n<p class=\"p1\"><strong>Especificaciones t\u00e9cnicas<\/strong><\/p>\n<ul>\n<li class=\"p1\">Di\u00e1metro nominal desde DN 50 (2&#8243;) hasta DN 2000 (80&#8243;).<\/li>\n<li class=\"p1\">Presi\u00f3n m\u00e1xima nominal de PN 16 a PN 6.<\/li>\n<li class=\"p1\">Material del electrodo: AISI 316L<\/li>\n<li class=\"p1\">Temperatura del fluido: -25 \u00b0C ~ +80 \u00b0C, bajo pedido para temperaturas superiores<\/li>\n<li class=\"p1\">Clase de precisi\u00f3n: 0,5 %.<\/li>\n<li class=\"p1\">Clase de protecci\u00f3n: IP 65 (IP 66 o IP 68 bajo pedido) <\/li>\n<li class=\"p1\">Temperatura ambiente: -10 \u00b0C ~ +60 \u00b0C.<\/li>\n<li class=\"p1\">Sin mecanismos m\u00f3viles en el fluido.<\/li>\n<li class=\"p1\">Norma de perforaci\u00f3n de bridas: ISO PN 16, PN 10, ANSI 150, otras bridas bajo pedido.<\/li>\n<li class=\"p1\">Salida: RS 485 e impulsos (otras bajo pedido).<\/li>\n<li class=\"p1\">Salida de impulsos ajustable: 1 impulso cada 0,001 ~ 1000 l.<\/li>\n<li class=\"p1\">Unidad electr\u00f3nica y pantalla LCD independiente.<\/li>\n<li class=\"p1\">Distancia est\u00e1ndar entre la unidad electr\u00f3nica y el caudal\u00edmetro: 5 m (otras bajo pedido)<\/li>\n<\/ul>\n<p class=\"p1\">Presi\u00f3n m\u00e1xima est\u00e1ndar (otras bajo pedido):<\/p>\n<ul>\n<li class=\"p1\">DN 50 &#8211; DN 150 PN 16<\/li>\n<li class=\"p1\">DN 200 &#8211; DN 500 PN 10<\/li>\n<li class=\"p1\">DN 600 &#8211; DN 2000 PN 6<\/li>\n<\/ul>\n<p class=\"p1\">Distancia m\u00ednima aguas arriba 5DN, aguas abajo 3DN.<\/p>\n","protected":false},"excerpt":{"rendered":"<p>El medidor electromagn\u00e9tico Mod. SEA-RD es un contador que utiliza tecnolog\u00eda de medici\u00f3n electromagn\u00e9tica. Este contador permite contabilizar el volumen total de l\u00edquido transitado y el valor del caudal de  [&#8230;]<\/p>\n","protected":false},"featured_media":5991,"comment_status":"closed","ping_status":"closed","template":"","meta":{"_acf_changed":false},"product_brand":[],"product_cat":[244,245,237,243],"product_tag":[],"class_list":{"0":"post-5986","1":"product","2":"type-product","3":"status-publish","4":"has-post-thumbnail","6":"product_cat-contadores-3","7":"product_cat-contadores-4","8":"product_cat-contadores","9":"product_cat-contadores-2","11":"first","12":"instock","13":"shipping-taxable","14":"product-type-simple"},"acf":[],"yoast_head":"<!-- This site is optimized with the Yoast SEO plugin v27.3 - https:\/\/yoast.com\/product\/yoast-seo-wordpress\/ -->\n<title>Contador electromagn\u00e9tico SEA - Tecnidro<\/title>\n<meta name=\"robots\" content=\"index, follow, max-snippet:-1, max-image-preview:large, max-video-preview:-1\" \/>\n<link rel=\"canonical\" href=\"https:\/\/tecnidro.com\/es\/p\/contador-electromagnetico-sea\/\" \/>\n<meta property=\"og:locale\" content=\"es_ES\" \/>\n<meta property=\"og:type\" content=\"article\" \/>\n<meta property=\"og:title\" content=\"Contador electromagn\u00e9tico SEA - Tecnidro\" \/>\n<meta property=\"og:description\" content=\"El medidor electromagn\u00e9tico Mod. SEA-RD es un contador que utiliza tecnolog\u00eda de medici\u00f3n electromagn\u00e9tica. Este contador permite contabilizar el volumen total de l\u00edquido transitado y el valor del caudal de [...]\" \/>\n<meta property=\"og:url\" content=\"https:\/\/tecnidro.com\/es\/p\/contador-electromagnetico-sea\/\" \/>\n<meta property=\"og:site_name\" content=\"Tecnidro\" \/>\n<meta property=\"article:publisher\" content=\"https:\/\/www.facebook.com\/profile.php?id=100089971879186\" \/>\n<meta property=\"og:image\" content=\"https:\/\/tecnidro.com\/wp-content\/uploads\/2023\/11\/Electromagnetic-Meter-SEA.webp\" \/>\n\t<meta property=\"og:image:width\" content=\"1000\" \/>\n\t<meta property=\"og:image:height\" content=\"1000\" \/>\n\t<meta property=\"og:image:type\" content=\"image\/webp\" \/>\n<meta name=\"twitter:card\" content=\"summary_large_image\" \/>\n<meta name=\"twitter:label1\" content=\"Tiempo de lectura\" \/>\n\t<meta name=\"twitter:data1\" content=\"1 minuto\" \/>\n<script type=\"application\/ld+json\" class=\"yoast-schema-graph\">{\"@context\":\"https:\\\/\\\/schema.org\",\"@graph\":[{\"@type\":\"WebPage\",\"@id\":\"https:\\\/\\\/tecnidro.com\\\/es\\\/p\\\/contador-electromagnetico-sea\\\/\",\"url\":\"https:\\\/\\\/tecnidro.com\\\/es\\\/p\\\/contador-electromagnetico-sea\\\/\",\"name\":\"Contador electromagn\u00e9tico SEA - Tecnidro\",\"isPartOf\":{\"@id\":\"https:\\\/\\\/tecnidro.com\\\/es\\\/#website\"},\"primaryImageOfPage\":{\"@id\":\"https:\\\/\\\/tecnidro.com\\\/es\\\/p\\\/contador-electromagnetico-sea\\\/#primaryimage\"},\"image\":{\"@id\":\"https:\\\/\\\/tecnidro.com\\\/es\\\/p\\\/contador-electromagnetico-sea\\\/#primaryimage\"},\"thumbnailUrl\":\"https:\\\/\\\/tecnidro.com\\\/wp-content\\\/uploads\\\/2023\\\/11\\\/Electromagnetic-Meter-SEA.webp\",\"datePublished\":\"2023-11-29T14:04:19+00:00\",\"breadcrumb\":{\"@id\":\"https:\\\/\\\/tecnidro.com\\\/es\\\/p\\\/contador-electromagnetico-sea\\\/#breadcrumb\"},\"inLanguage\":\"es\",\"potentialAction\":[{\"@type\":\"ReadAction\",\"target\":[\"https:\\\/\\\/tecnidro.com\\\/es\\\/p\\\/contador-electromagnetico-sea\\\/\"]}]},{\"@type\":\"ImageObject\",\"inLanguage\":\"es\",\"@id\":\"https:\\\/\\\/tecnidro.com\\\/es\\\/p\\\/contador-electromagnetico-sea\\\/#primaryimage\",\"url\":\"https:\\\/\\\/tecnidro.com\\\/wp-content\\\/uploads\\\/2023\\\/11\\\/Electromagnetic-Meter-SEA.webp\",\"contentUrl\":\"https:\\\/\\\/tecnidro.com\\\/wp-content\\\/uploads\\\/2023\\\/11\\\/Electromagnetic-Meter-SEA.webp\",\"width\":1000,\"height\":1000},{\"@type\":\"BreadcrumbList\",\"@id\":\"https:\\\/\\\/tecnidro.com\\\/es\\\/p\\\/contador-electromagnetico-sea\\\/#breadcrumb\",\"itemListElement\":[{\"@type\":\"ListItem\",\"position\":1,\"name\":\"Home\",\"item\":\"https:\\\/\\\/tecnidro.com\\\/es\\\/\"},{\"@type\":\"ListItem\",\"position\":2,\"name\":\"Productos y soluciones\",\"item\":\"https:\\\/\\\/tecnidro.com\\\/es\\\/productos-y-soluciones\\\/\"},{\"@type\":\"ListItem\",\"position\":3,\"name\":\"Contador electromagn\u00e9tico SEA\"}]},{\"@type\":\"WebSite\",\"@id\":\"https:\\\/\\\/tecnidro.com\\\/es\\\/#website\",\"url\":\"https:\\\/\\\/tecnidro.com\\\/es\\\/\",\"name\":\"Tecnidro\",\"description\":\"Valvole Idrauliche\",\"potentialAction\":[{\"@type\":\"SearchAction\",\"target\":{\"@type\":\"EntryPoint\",\"urlTemplate\":\"https:\\\/\\\/tecnidro.com\\\/es\\\/?s={search_term_string}\"},\"query-input\":{\"@type\":\"PropertyValueSpecification\",\"valueRequired\":true,\"valueName\":\"search_term_string\"}}],\"inLanguage\":\"es\"}]}<\/script>\n<!-- \/ Yoast SEO plugin. -->","yoast_head_json":{"title":"Contador electromagn\u00e9tico SEA - Tecnidro","robots":{"index":"index","follow":"follow","max-snippet":"max-snippet:-1","max-image-preview":"max-image-preview:large","max-video-preview":"max-video-preview:-1"},"canonical":"https:\/\/tecnidro.com\/es\/p\/contador-electromagnetico-sea\/","og_locale":"es_ES","og_type":"article","og_title":"Contador electromagn\u00e9tico SEA - Tecnidro","og_description":"El medidor electromagn\u00e9tico Mod. SEA-RD es un contador que utiliza tecnolog\u00eda de medici\u00f3n electromagn\u00e9tica. Este contador permite contabilizar el volumen total de l\u00edquido transitado y el valor del caudal de [...]","og_url":"https:\/\/tecnidro.com\/es\/p\/contador-electromagnetico-sea\/","og_site_name":"Tecnidro","article_publisher":"https:\/\/www.facebook.com\/profile.php?id=100089971879186","og_image":[{"width":1000,"height":1000,"url":"https:\/\/tecnidro.com\/wp-content\/uploads\/2023\/11\/Electromagnetic-Meter-SEA.webp","type":"image\/webp"}],"twitter_card":"summary_large_image","twitter_misc":{"Tiempo de lectura":"1 minuto"},"schema":{"@context":"https:\/\/schema.org","@graph":[{"@type":"WebPage","@id":"https:\/\/tecnidro.com\/es\/p\/contador-electromagnetico-sea\/","url":"https:\/\/tecnidro.com\/es\/p\/contador-electromagnetico-sea\/","name":"Contador electromagn\u00e9tico SEA - Tecnidro","isPartOf":{"@id":"https:\/\/tecnidro.com\/es\/#website"},"primaryImageOfPage":{"@id":"https:\/\/tecnidro.com\/es\/p\/contador-electromagnetico-sea\/#primaryimage"},"image":{"@id":"https:\/\/tecnidro.com\/es\/p\/contador-electromagnetico-sea\/#primaryimage"},"thumbnailUrl":"https:\/\/tecnidro.com\/wp-content\/uploads\/2023\/11\/Electromagnetic-Meter-SEA.webp","datePublished":"2023-11-29T14:04:19+00:00","breadcrumb":{"@id":"https:\/\/tecnidro.com\/es\/p\/contador-electromagnetico-sea\/#breadcrumb"},"inLanguage":"es","potentialAction":[{"@type":"ReadAction","target":["https:\/\/tecnidro.com\/es\/p\/contador-electromagnetico-sea\/"]}]},{"@type":"ImageObject","inLanguage":"es","@id":"https:\/\/tecnidro.com\/es\/p\/contador-electromagnetico-sea\/#primaryimage","url":"https:\/\/tecnidro.com\/wp-content\/uploads\/2023\/11\/Electromagnetic-Meter-SEA.webp","contentUrl":"https:\/\/tecnidro.com\/wp-content\/uploads\/2023\/11\/Electromagnetic-Meter-SEA.webp","width":1000,"height":1000},{"@type":"BreadcrumbList","@id":"https:\/\/tecnidro.com\/es\/p\/contador-electromagnetico-sea\/#breadcrumb","itemListElement":[{"@type":"ListItem","position":1,"name":"Home","item":"https:\/\/tecnidro.com\/es\/"},{"@type":"ListItem","position":2,"name":"Productos y soluciones","item":"https:\/\/tecnidro.com\/es\/productos-y-soluciones\/"},{"@type":"ListItem","position":3,"name":"Contador electromagn\u00e9tico SEA"}]},{"@type":"WebSite","@id":"https:\/\/tecnidro.com\/es\/#website","url":"https:\/\/tecnidro.com\/es\/","name":"Tecnidro","description":"Valvole Idrauliche","potentialAction":[{"@type":"SearchAction","target":{"@type":"EntryPoint","urlTemplate":"https:\/\/tecnidro.com\/es\/?s={search_term_string}"},"query-input":{"@type":"PropertyValueSpecification","valueRequired":true,"valueName":"search_term_string"}}],"inLanguage":"es"}]}},"_links":{"self":[{"href":"https:\/\/tecnidro.com\/es\/wp-json\/wp\/v2\/product\/5986","targetHints":{"allow":["GET"]}}],"collection":[{"href":"https:\/\/tecnidro.com\/es\/wp-json\/wp\/v2\/product"}],"about":[{"href":"https:\/\/tecnidro.com\/es\/wp-json\/wp\/v2\/types\/product"}],"replies":[{"embeddable":true,"href":"https:\/\/tecnidro.com\/es\/wp-json\/wp\/v2\/comments?post=5986"}],"wp:featuredmedia":[{"embeddable":true,"href":"https:\/\/tecnidro.com\/es\/wp-json\/wp\/v2\/media\/5991"}],"wp:attachment":[{"href":"https:\/\/tecnidro.com\/es\/wp-json\/wp\/v2\/media?parent=5986"}],"wp:term":[{"taxonomy":"product_brand","embeddable":true,"href":"https:\/\/tecnidro.com\/es\/wp-json\/wp\/v2\/product_brand?post=5986"},{"taxonomy":"product_cat","embeddable":true,"href":"https:\/\/tecnidro.com\/es\/wp-json\/wp\/v2\/product_cat?post=5986"},{"taxonomy":"product_tag","embeddable":true,"href":"https:\/\/tecnidro.com\/es\/wp-json\/wp\/v2\/product_tag?post=5986"}],"curies":[{"name":"wp","href":"https:\/\/api.w.org\/{rel}","templated":true}]}}