{"id":5992,"date":"2024-10-24T08:34:43","date_gmt":"2024-10-24T07:34:43","guid":{"rendered":"https:\/\/tecnidro.com\/p\/valvula-electrohidraulica-im-el\/"},"modified":"2024-10-24T08:34:43","modified_gmt":"2024-10-24T07:34:43","slug":"valvula-electrohidraulica-im-el","status":"publish","type":"product","link":"https:\/\/tecnidro.com\/es\/p\/valvula-electrohidraulica-im-el\/","title":{"rendered":"V\u00e1lvula Electrohidr\u00e1ulica IM-EL"},"content":{"rendered":"<p>La v\u00e1lvula electrohidr\u00e1ulica  <strong>Mod. IM-EL <\/strong>  est\u00e1 dise\u00f1ada para la gesti\u00f3n autom\u00e1tica del flujo hidr\u00e1ulico, permitiendo la apertura y el cierre mediante una electrov\u00e1lvula biestable de 3 v\u00edas. Es ideal para aplicaciones que requieren un control preciso de fluidos, como en sistemas de riego o instalaciones industriales. <\/p>\n<p><strong>Especificaciones T\u00e9cnicas:<\/strong><\/p>\n<ul>\n<li><strong>Tipo de v\u00e1lvula:<\/strong> 3 v\u00edas &#8211; 2 roscas &#8211; Normalmente Abierta (N.A.)<\/li>\n<li><strong>Material del cuerpo:<\/strong> Lat\u00f3n<\/li>\n<li><strong>Conexiones:<\/strong>\n<ul>\n<li>\u00d81\/8&#8243; H BSP para la entrada<\/li>\n<li>\u00d81\/8&#8243; M BSP para la salida<\/li>\n<\/ul>\n<\/li>\n<li><strong>Presi\u00f3n nominal:<\/strong> 10 bar<\/li>\n<li><strong>Tensi\u00f3n operativa:<\/strong> 24 V CA, 50-60 Hz<\/li>\n<li><strong>Grado de protecci\u00f3n:<\/strong> IP65<\/li>\n<\/ul>\n<p><strong>Accesorios:<\/strong><\/p>\n<ol>\n<li><strong>Solenoide de 3 V\u00edas EL:<\/strong>\n<ul>\n<li><strong>Tipo:<\/strong> 3 v\u00edas &#8211; 2 cables &#8211; Normalmente Cerrada (N.C.)<\/li>\n<li><strong>Cuerpo:<\/strong> Nailon<\/li>\n<li><strong>Conexiones:<\/strong> \u00d81\/8&#8243; H BSP<\/li>\n<li><strong>Presi\u00f3n Nominal:<\/strong> 10 bar<\/li>\n<li><strong>Tensi\u00f3n:<\/strong> 24 V CA 50\u00f760 Hz<\/li>\n<li><strong>Grado de Protecci\u00f3n:<\/strong> IP66<\/li>\n<\/ul>\n<\/li>\n<li><strong>Solenoide Biestable 3 V\u00edas EL-BI:<\/strong>\n<ul>\n<li><strong>Tipo:<\/strong> 3 v\u00edas &#8211; 2 cables &#8211; Biestable<\/li>\n<li><strong>Cuerpo:<\/strong> Nailon<\/li>\n<li><strong>Conexiones:<\/strong> \u00d81\/8&#8243; H BSP<\/li>\n<li><strong>Presi\u00f3n Nominal:<\/strong> 10 bar<\/li>\n<li><strong>Tensi\u00f3n:<\/strong> 9-12 V CC<\/li>\n<li><strong>Grado de Protecci\u00f3n:<\/strong> IP66<\/li>\n<\/ul>\n<\/li>\n<li><strong>Solenoide Biestable 3 V\u00edas EL-BA:<\/strong>\n<ul>\n<li><strong>Tipo:<\/strong> 3 v\u00edas &#8211; 2 cables &#8211; Biestable<\/li>\n<li><strong>Cuerpo:<\/strong> Nailon reforzado<\/li>\n<li><strong>Conexiones:<\/strong> \u00d81\/8&#8243; H BSP<\/li>\n<li><strong>Presi\u00f3n Nominal:<\/strong> 10 bar<\/li>\n<li><strong>Tensi\u00f3n:<\/strong> 6-24 V CC<\/li>\n<li><strong>Grado de Protecci\u00f3n:<\/strong> IP66<\/li>\n<\/ul>\n<\/li>\n<li><strong>Solenoide Biestable 3 V\u00edas EL-OT:<\/strong>\n<ul>\n<li><strong>Tipo:<\/strong> 3 v\u00edas &#8211; 2 roscas &#8211; Normalmente Abierta (N.A.)<\/li>\n<li><strong>Cuerpo:<\/strong> Lat\u00f3n<\/li>\n<li><strong>Conexiones:<\/strong> \u00d81\/8&#8243; H BSP (bobina lateral)<br \/>\n\u00d81\/8&#8243; M BSP<\/li>\n<li><strong>Presi\u00f3n Nominal:<\/strong> 10 bar<\/li>\n<li><strong>Tensi\u00f3n:<\/strong> 24 V CA 50\u00f760 Hz<\/li>\n<li><strong>Grado de Protecci\u00f3n:<\/strong> IP65<\/li>\n<\/ul>\n<\/li>\n<li><strong>Solenoide Biestable 3 V\u00edas EL-16:<\/strong>\n<ul>\n<li><strong>Tipo:<\/strong> 3 v\u00edas &#8211; 2 roscas &#8211; Normalmente Abierta (N.A.)<\/li>\n<li><strong>Cuerpo:<\/strong> Lat\u00f3n<\/li>\n<li><strong>Conexiones:<\/strong> \u00d81\/8&#8243; H BSP (bobina lateral)<br \/>\n\u00d81\/8&#8243; M BSP<\/li>\n<li><strong>Presi\u00f3n Nominal:<\/strong> 16 bar<\/li>\n<li><strong>Tensi\u00f3n:<\/strong> 24 V CA 50\u00f760 Hz<\/li>\n<li><strong>Grado de Protecci\u00f3n:<\/strong> IP65<\/li>\n<\/ul>\n<\/li>\n<\/ol>\n<p><strong>Principio de Funcionamiento:<\/strong><\/p>\n<p>El funcionamiento de la v\u00e1lvula se basa en un solenoide biestable de 3 v\u00edas. La versi\u00f3n est\u00e1ndar est\u00e1 dotada de una funci\u00f3n <strong>Normalmente Abierta (N.A.)<\/strong>, donde la v\u00e1lvula se cierra cuando el solenoide no est\u00e1 alimentado y se abre completamente cuando el solenoide est\u00e1 activado, permitiendo el paso completo del flujo hidr\u00e1ulico. <\/p>\n<ul>\n<li><strong>Manual de emergencia:<\/strong> En caso de fallo el\u00e9ctrico, es posible utilizar una maneta para operar manualmente la v\u00e1lvula.<\/li>\n<\/ul>\n<p><strong>Accesorios Opcionales:<\/strong><\/p>\n<ul>\n<li><strong>Filtro \u00d81\/4&#8243;M-1\/8&#8243;H<\/strong><\/li>\n<li><strong>Tubo PEAD \u00d86 mm<\/strong><\/li>\n<li><strong>Niple Reducido \u00d81\/4&#8243;M-1\/8&#8243;M<\/strong><\/li>\n<\/ul>\n<p><strong>Recomendaciones para la Instalaci\u00f3n:<\/strong><\/p>\n<ul>\n<li><strong>Primer uso:<\/strong> Conectar los cables del solenoide al circuito el\u00e9ctrico y accionar la v\u00e1lvula para garantizar la correcta evacuaci\u00f3n del aire de la c\u00e1mara de control.<\/li>\n<li><strong>Seguridad:<\/strong> No desmontar la v\u00e1lvula cuando el sistema est\u00e9 bajo presi\u00f3n.<\/li>\n<\/ul>\n","protected":false},"excerpt":{"rendered":"<p>La v\u00e1lvula electrohidr\u00e1ulica Mod. IM-EL est\u00e1 dise\u00f1ada para la gesti\u00f3n autom\u00e1tica del flujo hidr\u00e1ulico, permitiendo la apertura y el cierre mediante una electrov\u00e1lvula biestable de 3 v\u00edas. Es ideal para  [&#8230;]<\/p>\n","protected":false},"featured_media":5994,"comment_status":"closed","ping_status":"closed","template":"","meta":{"_acf_changed":false},"product_brand":[],"product_cat":[214,235],"product_tag":[],"class_list":{"0":"post-5992","1":"product","2":"type-product","3":"status-publish","4":"has-post-thumbnail","6":"product_cat-riego","7":"product_cat-valvulas-de-diafragma-metalicas","9":"first","10":"instock","11":"shipping-taxable","12":"product-type-simple"},"acf":[],"yoast_head":"<!-- This site is optimized with the Yoast SEO plugin v27.3 - https:\/\/yoast.com\/product\/yoast-seo-wordpress\/ -->\n<title>V\u00e1lvula Electrohidr\u00e1ulica IM-EL - Tecnidro<\/title>\n<meta name=\"robots\" content=\"index, follow, max-snippet:-1, max-image-preview:large, max-video-preview:-1\" \/>\n<link rel=\"canonical\" href=\"https:\/\/tecnidro.com\/es\/p\/valvula-electrohidraulica-im-el\/\" \/>\n<meta property=\"og:locale\" content=\"es_ES\" \/>\n<meta property=\"og:type\" content=\"article\" \/>\n<meta property=\"og:title\" content=\"V\u00e1lvula Electrohidr\u00e1ulica IM-EL - Tecnidro\" \/>\n<meta property=\"og:description\" content=\"La v\u00e1lvula electrohidr\u00e1ulica Mod. IM-EL est\u00e1 dise\u00f1ada para la gesti\u00f3n autom\u00e1tica del flujo hidr\u00e1ulico, permitiendo la apertura y el cierre mediante una electrov\u00e1lvula biestable de 3 v\u00edas. Es ideal para [...]\" \/>\n<meta property=\"og:url\" content=\"https:\/\/tecnidro.com\/es\/p\/valvula-electrohidraulica-im-el\/\" \/>\n<meta property=\"og:site_name\" content=\"Tecnidro\" \/>\n<meta property=\"article:publisher\" content=\"https:\/\/www.facebook.com\/profile.php?id=100089971879186\" \/>\n<meta property=\"og:image\" content=\"https:\/\/tecnidro.com\/wp-content\/uploads\/2024\/10\/Valvola-Elettroidraulica-IM-EL.webp\" \/>\n\t<meta property=\"og:image:width\" content=\"1000\" \/>\n\t<meta property=\"og:image:height\" content=\"1000\" \/>\n\t<meta property=\"og:image:type\" content=\"image\/webp\" \/>\n<meta name=\"twitter:card\" content=\"summary_large_image\" \/>\n<meta name=\"twitter:label1\" content=\"Tiempo de lectura\" \/>\n\t<meta name=\"twitter:data1\" content=\"2 minutos\" \/>\n<script type=\"application\/ld+json\" class=\"yoast-schema-graph\">{\"@context\":\"https:\\\/\\\/schema.org\",\"@graph\":[{\"@type\":\"WebPage\",\"@id\":\"https:\\\/\\\/tecnidro.com\\\/es\\\/p\\\/valvula-electrohidraulica-im-el\\\/\",\"url\":\"https:\\\/\\\/tecnidro.com\\\/es\\\/p\\\/valvula-electrohidraulica-im-el\\\/\",\"name\":\"V\u00e1lvula Electrohidr\u00e1ulica IM-EL - Tecnidro\",\"isPartOf\":{\"@id\":\"https:\\\/\\\/tecnidro.com\\\/es\\\/#website\"},\"primaryImageOfPage\":{\"@id\":\"https:\\\/\\\/tecnidro.com\\\/es\\\/p\\\/valvula-electrohidraulica-im-el\\\/#primaryimage\"},\"image\":{\"@id\":\"https:\\\/\\\/tecnidro.com\\\/es\\\/p\\\/valvula-electrohidraulica-im-el\\\/#primaryimage\"},\"thumbnailUrl\":\"https:\\\/\\\/tecnidro.com\\\/wp-content\\\/uploads\\\/2024\\\/10\\\/Valvola-Elettroidraulica-IM-EL.webp\",\"datePublished\":\"2024-10-24T07:34:43+00:00\",\"breadcrumb\":{\"@id\":\"https:\\\/\\\/tecnidro.com\\\/es\\\/p\\\/valvula-electrohidraulica-im-el\\\/#breadcrumb\"},\"inLanguage\":\"es\",\"potentialAction\":[{\"@type\":\"ReadAction\",\"target\":[\"https:\\\/\\\/tecnidro.com\\\/es\\\/p\\\/valvula-electrohidraulica-im-el\\\/\"]}]},{\"@type\":\"ImageObject\",\"inLanguage\":\"es\",\"@id\":\"https:\\\/\\\/tecnidro.com\\\/es\\\/p\\\/valvula-electrohidraulica-im-el\\\/#primaryimage\",\"url\":\"https:\\\/\\\/tecnidro.com\\\/wp-content\\\/uploads\\\/2024\\\/10\\\/Valvola-Elettroidraulica-IM-EL.webp\",\"contentUrl\":\"https:\\\/\\\/tecnidro.com\\\/wp-content\\\/uploads\\\/2024\\\/10\\\/Valvola-Elettroidraulica-IM-EL.webp\",\"width\":1000,\"height\":1000},{\"@type\":\"BreadcrumbList\",\"@id\":\"https:\\\/\\\/tecnidro.com\\\/es\\\/p\\\/valvula-electrohidraulica-im-el\\\/#breadcrumb\",\"itemListElement\":[{\"@type\":\"ListItem\",\"position\":1,\"name\":\"Home\",\"item\":\"https:\\\/\\\/tecnidro.com\\\/es\\\/\"},{\"@type\":\"ListItem\",\"position\":2,\"name\":\"Productos y soluciones\",\"item\":\"https:\\\/\\\/tecnidro.com\\\/es\\\/productos-y-soluciones\\\/\"},{\"@type\":\"ListItem\",\"position\":3,\"name\":\"V\u00e1lvula Electrohidr\u00e1ulica IM-EL\"}]},{\"@type\":\"WebSite\",\"@id\":\"https:\\\/\\\/tecnidro.com\\\/es\\\/#website\",\"url\":\"https:\\\/\\\/tecnidro.com\\\/es\\\/\",\"name\":\"Tecnidro\",\"description\":\"Valvole Idrauliche\",\"potentialAction\":[{\"@type\":\"SearchAction\",\"target\":{\"@type\":\"EntryPoint\",\"urlTemplate\":\"https:\\\/\\\/tecnidro.com\\\/es\\\/?s={search_term_string}\"},\"query-input\":{\"@type\":\"PropertyValueSpecification\",\"valueRequired\":true,\"valueName\":\"search_term_string\"}}],\"inLanguage\":\"es\"}]}<\/script>\n<!-- \/ Yoast SEO plugin. -->","yoast_head_json":{"title":"V\u00e1lvula Electrohidr\u00e1ulica IM-EL - Tecnidro","robots":{"index":"index","follow":"follow","max-snippet":"max-snippet:-1","max-image-preview":"max-image-preview:large","max-video-preview":"max-video-preview:-1"},"canonical":"https:\/\/tecnidro.com\/es\/p\/valvula-electrohidraulica-im-el\/","og_locale":"es_ES","og_type":"article","og_title":"V\u00e1lvula Electrohidr\u00e1ulica IM-EL - Tecnidro","og_description":"La v\u00e1lvula electrohidr\u00e1ulica Mod. IM-EL est\u00e1 dise\u00f1ada para la gesti\u00f3n autom\u00e1tica del flujo hidr\u00e1ulico, permitiendo la apertura y el cierre mediante una electrov\u00e1lvula biestable de 3 v\u00edas. Es ideal para [...]","og_url":"https:\/\/tecnidro.com\/es\/p\/valvula-electrohidraulica-im-el\/","og_site_name":"Tecnidro","article_publisher":"https:\/\/www.facebook.com\/profile.php?id=100089971879186","og_image":[{"width":1000,"height":1000,"url":"https:\/\/tecnidro.com\/wp-content\/uploads\/2024\/10\/Valvola-Elettroidraulica-IM-EL.webp","type":"image\/webp"}],"twitter_card":"summary_large_image","twitter_misc":{"Tiempo de lectura":"2 minutos"},"schema":{"@context":"https:\/\/schema.org","@graph":[{"@type":"WebPage","@id":"https:\/\/tecnidro.com\/es\/p\/valvula-electrohidraulica-im-el\/","url":"https:\/\/tecnidro.com\/es\/p\/valvula-electrohidraulica-im-el\/","name":"V\u00e1lvula Electrohidr\u00e1ulica IM-EL - Tecnidro","isPartOf":{"@id":"https:\/\/tecnidro.com\/es\/#website"},"primaryImageOfPage":{"@id":"https:\/\/tecnidro.com\/es\/p\/valvula-electrohidraulica-im-el\/#primaryimage"},"image":{"@id":"https:\/\/tecnidro.com\/es\/p\/valvula-electrohidraulica-im-el\/#primaryimage"},"thumbnailUrl":"https:\/\/tecnidro.com\/wp-content\/uploads\/2024\/10\/Valvola-Elettroidraulica-IM-EL.webp","datePublished":"2024-10-24T07:34:43+00:00","breadcrumb":{"@id":"https:\/\/tecnidro.com\/es\/p\/valvula-electrohidraulica-im-el\/#breadcrumb"},"inLanguage":"es","potentialAction":[{"@type":"ReadAction","target":["https:\/\/tecnidro.com\/es\/p\/valvula-electrohidraulica-im-el\/"]}]},{"@type":"ImageObject","inLanguage":"es","@id":"https:\/\/tecnidro.com\/es\/p\/valvula-electrohidraulica-im-el\/#primaryimage","url":"https:\/\/tecnidro.com\/wp-content\/uploads\/2024\/10\/Valvola-Elettroidraulica-IM-EL.webp","contentUrl":"https:\/\/tecnidro.com\/wp-content\/uploads\/2024\/10\/Valvola-Elettroidraulica-IM-EL.webp","width":1000,"height":1000},{"@type":"BreadcrumbList","@id":"https:\/\/tecnidro.com\/es\/p\/valvula-electrohidraulica-im-el\/#breadcrumb","itemListElement":[{"@type":"ListItem","position":1,"name":"Home","item":"https:\/\/tecnidro.com\/es\/"},{"@type":"ListItem","position":2,"name":"Productos y soluciones","item":"https:\/\/tecnidro.com\/es\/productos-y-soluciones\/"},{"@type":"ListItem","position":3,"name":"V\u00e1lvula Electrohidr\u00e1ulica IM-EL"}]},{"@type":"WebSite","@id":"https:\/\/tecnidro.com\/es\/#website","url":"https:\/\/tecnidro.com\/es\/","name":"Tecnidro","description":"Valvole Idrauliche","potentialAction":[{"@type":"SearchAction","target":{"@type":"EntryPoint","urlTemplate":"https:\/\/tecnidro.com\/es\/?s={search_term_string}"},"query-input":{"@type":"PropertyValueSpecification","valueRequired":true,"valueName":"search_term_string"}}],"inLanguage":"es"}]}},"_links":{"self":[{"href":"https:\/\/tecnidro.com\/es\/wp-json\/wp\/v2\/product\/5992","targetHints":{"allow":["GET"]}}],"collection":[{"href":"https:\/\/tecnidro.com\/es\/wp-json\/wp\/v2\/product"}],"about":[{"href":"https:\/\/tecnidro.com\/es\/wp-json\/wp\/v2\/types\/product"}],"replies":[{"embeddable":true,"href":"https:\/\/tecnidro.com\/es\/wp-json\/wp\/v2\/comments?post=5992"}],"wp:featuredmedia":[{"embeddable":true,"href":"https:\/\/tecnidro.com\/es\/wp-json\/wp\/v2\/media\/5994"}],"wp:attachment":[{"href":"https:\/\/tecnidro.com\/es\/wp-json\/wp\/v2\/media?parent=5992"}],"wp:term":[{"taxonomy":"product_brand","embeddable":true,"href":"https:\/\/tecnidro.com\/es\/wp-json\/wp\/v2\/product_brand?post=5992"},{"taxonomy":"product_cat","embeddable":true,"href":"https:\/\/tecnidro.com\/es\/wp-json\/wp\/v2\/product_cat?post=5992"},{"taxonomy":"product_tag","embeddable":true,"href":"https:\/\/tecnidro.com\/es\/wp-json\/wp\/v2\/product_tag?post=5992"}],"curies":[{"name":"wp","href":"https:\/\/api.w.org\/{rel}","templated":true}]}}