{"id":6002,"date":"2023-11-29T09:06:35","date_gmt":"2023-11-29T09:06:35","guid":{"rendered":"https:\/\/tecnidro.com\/p\/valvula-hydromodul-c-de-sosten-de-presion\/"},"modified":"2023-11-29T09:06:35","modified_gmt":"2023-11-29T08:06:35","slug":"valvula-hydromodul-c-de-sosten-de-presion","status":"publish","type":"product","link":"https:\/\/tecnidro.com\/es\/p\/valvula-hydromodul-c-de-sosten-de-presion\/","title":{"rendered":"V\u00e1lvula Hydromodul-C de sost\u00e9n de presi\u00f3n"},"content":{"rendered":"<p>La v\u00e1lvula de sost\u00e9n de presi\u00f3n est\u00e1 dise\u00f1ada para mantener una presi\u00f3n de aguas arriba (entrada) a un valor m\u00ednimo. Esto es posible gracias a un piloto de sost\u00e9n, que abre la v\u00e1lvula cuando el valor de presi\u00f3n de aguas arriba (entrada) es superior al valor consignado y la cierra cuando este valor es inferior al valor consignado, manteniendo un valor m\u00ednimo. La v\u00e1lvula est\u00e1 equipada con un mando manual independiente y una v\u00e1lvula de bola que permite aislar el circuito hidr\u00e1ulico.  <\/p>\n","protected":false},"excerpt":{"rendered":"<p>La v\u00e1lvula de sost\u00e9n de presi\u00f3n est\u00e1 dise\u00f1ada para mantener una presi\u00f3n de aguas arriba (entrada) a un valor m\u00ednimo. Esto es posible gracias a un piloto de sost\u00e9n, que  [&#8230;]<\/p>\n","protected":false},"featured_media":6005,"comment_status":"closed","ping_status":"closed","template":"","meta":{"_acf_changed":false},"product_brand":[],"product_cat":[215,214,216,225],"product_tag":[],"class_list":{"0":"post-6002","1":"product","2":"type-product","3":"status-publish","4":"has-post-thumbnail","6":"product_cat-abastecimiento-de-agua-e-industria","7":"product_cat-riego","8":"product_cat-valvulas-hidraulicas-hydromodul-c","9":"product_cat-valvulas-hidraulicas-hydromodul-c-2","11":"first","12":"instock","13":"shipping-taxable","14":"product-type-simple"},"acf":[],"yoast_head":"<!-- This site is optimized with the Yoast SEO plugin v27.3 - https:\/\/yoast.com\/product\/yoast-seo-wordpress\/ -->\n<title>V\u00e1lvula Hydromodul-C de sost\u00e9n de presi\u00f3n - Tecnidro<\/title>\n<meta name=\"robots\" content=\"index, follow, max-snippet:-1, max-image-preview:large, max-video-preview:-1\" \/>\n<link rel=\"canonical\" href=\"https:\/\/tecnidro.com\/es\/p\/valvula-hydromodul-c-de-sosten-de-presion\/\" \/>\n<meta property=\"og:locale\" content=\"es_ES\" \/>\n<meta property=\"og:type\" content=\"article\" \/>\n<meta property=\"og:title\" content=\"V\u00e1lvula Hydromodul-C de sost\u00e9n de presi\u00f3n - Tecnidro\" \/>\n<meta property=\"og:description\" content=\"La v\u00e1lvula de sost\u00e9n de presi\u00f3n est\u00e1 dise\u00f1ada para mantener una presi\u00f3n de aguas arriba (entrada) a un valor m\u00ednimo. Esto es posible gracias a un piloto de sost\u00e9n, que [...]\" \/>\n<meta property=\"og:url\" content=\"https:\/\/tecnidro.com\/es\/p\/valvula-hydromodul-c-de-sosten-de-presion\/\" \/>\n<meta property=\"og:site_name\" content=\"Tecnidro\" \/>\n<meta property=\"article:publisher\" content=\"https:\/\/www.facebook.com\/profile.php?id=100089971879186\" \/>\n<meta property=\"og:image\" content=\"https:\/\/tecnidro.com\/wp-content\/uploads\/2023\/11\/Valvola-Hydromodul-C-di-Sostegno-Pressione.webp\" \/>\n\t<meta property=\"og:image:width\" content=\"1000\" \/>\n\t<meta property=\"og:image:height\" content=\"1000\" \/>\n\t<meta property=\"og:image:type\" content=\"image\/webp\" \/>\n<meta name=\"twitter:card\" content=\"summary_large_image\" \/>\n<script type=\"application\/ld+json\" class=\"yoast-schema-graph\">{\"@context\":\"https:\\\/\\\/schema.org\",\"@graph\":[{\"@type\":\"WebPage\",\"@id\":\"https:\\\/\\\/tecnidro.com\\\/es\\\/p\\\/valvula-hydromodul-c-de-sosten-de-presion\\\/\",\"url\":\"https:\\\/\\\/tecnidro.com\\\/es\\\/p\\\/valvula-hydromodul-c-de-sosten-de-presion\\\/\",\"name\":\"V\u00e1lvula Hydromodul-C de sost\u00e9n de presi\u00f3n - Tecnidro\",\"isPartOf\":{\"@id\":\"https:\\\/\\\/tecnidro.com\\\/es\\\/#website\"},\"primaryImageOfPage\":{\"@id\":\"https:\\\/\\\/tecnidro.com\\\/es\\\/p\\\/valvula-hydromodul-c-de-sosten-de-presion\\\/#primaryimage\"},\"image\":{\"@id\":\"https:\\\/\\\/tecnidro.com\\\/es\\\/p\\\/valvula-hydromodul-c-de-sosten-de-presion\\\/#primaryimage\"},\"thumbnailUrl\":\"https:\\\/\\\/tecnidro.com\\\/wp-content\\\/uploads\\\/2023\\\/11\\\/Valvola-Hydromodul-C-di-Sostegno-Pressione.webp\",\"datePublished\":\"2023-11-29T09:06:35+00:00\",\"breadcrumb\":{\"@id\":\"https:\\\/\\\/tecnidro.com\\\/es\\\/p\\\/valvula-hydromodul-c-de-sosten-de-presion\\\/#breadcrumb\"},\"inLanguage\":\"es\",\"potentialAction\":[{\"@type\":\"ReadAction\",\"target\":[\"https:\\\/\\\/tecnidro.com\\\/es\\\/p\\\/valvula-hydromodul-c-de-sosten-de-presion\\\/\"]}]},{\"@type\":\"ImageObject\",\"inLanguage\":\"es\",\"@id\":\"https:\\\/\\\/tecnidro.com\\\/es\\\/p\\\/valvula-hydromodul-c-de-sosten-de-presion\\\/#primaryimage\",\"url\":\"https:\\\/\\\/tecnidro.com\\\/wp-content\\\/uploads\\\/2023\\\/11\\\/Valvola-Hydromodul-C-di-Sostegno-Pressione.webp\",\"contentUrl\":\"https:\\\/\\\/tecnidro.com\\\/wp-content\\\/uploads\\\/2023\\\/11\\\/Valvola-Hydromodul-C-di-Sostegno-Pressione.webp\",\"width\":1000,\"height\":1000,\"caption\":\"Valvola Hydromodul-C di Sostegno Pressione\"},{\"@type\":\"BreadcrumbList\",\"@id\":\"https:\\\/\\\/tecnidro.com\\\/es\\\/p\\\/valvula-hydromodul-c-de-sosten-de-presion\\\/#breadcrumb\",\"itemListElement\":[{\"@type\":\"ListItem\",\"position\":1,\"name\":\"Home\",\"item\":\"https:\\\/\\\/tecnidro.com\\\/es\\\/\"},{\"@type\":\"ListItem\",\"position\":2,\"name\":\"Productos y soluciones\",\"item\":\"https:\\\/\\\/tecnidro.com\\\/es\\\/productos-y-soluciones\\\/\"},{\"@type\":\"ListItem\",\"position\":3,\"name\":\"V\u00e1lvula Hydromodul-C de sost\u00e9n de presi\u00f3n\"}]},{\"@type\":\"WebSite\",\"@id\":\"https:\\\/\\\/tecnidro.com\\\/es\\\/#website\",\"url\":\"https:\\\/\\\/tecnidro.com\\\/es\\\/\",\"name\":\"Tecnidro\",\"description\":\"Valvole Idrauliche\",\"potentialAction\":[{\"@type\":\"SearchAction\",\"target\":{\"@type\":\"EntryPoint\",\"urlTemplate\":\"https:\\\/\\\/tecnidro.com\\\/es\\\/?s={search_term_string}\"},\"query-input\":{\"@type\":\"PropertyValueSpecification\",\"valueRequired\":true,\"valueName\":\"search_term_string\"}}],\"inLanguage\":\"es\"}]}<\/script>\n<!-- \/ Yoast SEO plugin. -->","yoast_head_json":{"title":"V\u00e1lvula Hydromodul-C de sost\u00e9n de presi\u00f3n - Tecnidro","robots":{"index":"index","follow":"follow","max-snippet":"max-snippet:-1","max-image-preview":"max-image-preview:large","max-video-preview":"max-video-preview:-1"},"canonical":"https:\/\/tecnidro.com\/es\/p\/valvula-hydromodul-c-de-sosten-de-presion\/","og_locale":"es_ES","og_type":"article","og_title":"V\u00e1lvula Hydromodul-C de sost\u00e9n de presi\u00f3n - Tecnidro","og_description":"La v\u00e1lvula de sost\u00e9n de presi\u00f3n est\u00e1 dise\u00f1ada para mantener una presi\u00f3n de aguas arriba (entrada) a un valor m\u00ednimo. Esto es posible gracias a un piloto de sost\u00e9n, que [...]","og_url":"https:\/\/tecnidro.com\/es\/p\/valvula-hydromodul-c-de-sosten-de-presion\/","og_site_name":"Tecnidro","article_publisher":"https:\/\/www.facebook.com\/profile.php?id=100089971879186","og_image":[{"width":1000,"height":1000,"url":"https:\/\/tecnidro.com\/wp-content\/uploads\/2023\/11\/Valvola-Hydromodul-C-di-Sostegno-Pressione.webp","type":"image\/webp"}],"twitter_card":"summary_large_image","schema":{"@context":"https:\/\/schema.org","@graph":[{"@type":"WebPage","@id":"https:\/\/tecnidro.com\/es\/p\/valvula-hydromodul-c-de-sosten-de-presion\/","url":"https:\/\/tecnidro.com\/es\/p\/valvula-hydromodul-c-de-sosten-de-presion\/","name":"V\u00e1lvula Hydromodul-C de sost\u00e9n de presi\u00f3n - Tecnidro","isPartOf":{"@id":"https:\/\/tecnidro.com\/es\/#website"},"primaryImageOfPage":{"@id":"https:\/\/tecnidro.com\/es\/p\/valvula-hydromodul-c-de-sosten-de-presion\/#primaryimage"},"image":{"@id":"https:\/\/tecnidro.com\/es\/p\/valvula-hydromodul-c-de-sosten-de-presion\/#primaryimage"},"thumbnailUrl":"https:\/\/tecnidro.com\/wp-content\/uploads\/2023\/11\/Valvola-Hydromodul-C-di-Sostegno-Pressione.webp","datePublished":"2023-11-29T09:06:35+00:00","breadcrumb":{"@id":"https:\/\/tecnidro.com\/es\/p\/valvula-hydromodul-c-de-sosten-de-presion\/#breadcrumb"},"inLanguage":"es","potentialAction":[{"@type":"ReadAction","target":["https:\/\/tecnidro.com\/es\/p\/valvula-hydromodul-c-de-sosten-de-presion\/"]}]},{"@type":"ImageObject","inLanguage":"es","@id":"https:\/\/tecnidro.com\/es\/p\/valvula-hydromodul-c-de-sosten-de-presion\/#primaryimage","url":"https:\/\/tecnidro.com\/wp-content\/uploads\/2023\/11\/Valvola-Hydromodul-C-di-Sostegno-Pressione.webp","contentUrl":"https:\/\/tecnidro.com\/wp-content\/uploads\/2023\/11\/Valvola-Hydromodul-C-di-Sostegno-Pressione.webp","width":1000,"height":1000,"caption":"Valvola Hydromodul-C di Sostegno Pressione"},{"@type":"BreadcrumbList","@id":"https:\/\/tecnidro.com\/es\/p\/valvula-hydromodul-c-de-sosten-de-presion\/#breadcrumb","itemListElement":[{"@type":"ListItem","position":1,"name":"Home","item":"https:\/\/tecnidro.com\/es\/"},{"@type":"ListItem","position":2,"name":"Productos y soluciones","item":"https:\/\/tecnidro.com\/es\/productos-y-soluciones\/"},{"@type":"ListItem","position":3,"name":"V\u00e1lvula Hydromodul-C de sost\u00e9n de presi\u00f3n"}]},{"@type":"WebSite","@id":"https:\/\/tecnidro.com\/es\/#website","url":"https:\/\/tecnidro.com\/es\/","name":"Tecnidro","description":"Valvole Idrauliche","potentialAction":[{"@type":"SearchAction","target":{"@type":"EntryPoint","urlTemplate":"https:\/\/tecnidro.com\/es\/?s={search_term_string}"},"query-input":{"@type":"PropertyValueSpecification","valueRequired":true,"valueName":"search_term_string"}}],"inLanguage":"es"}]}},"_links":{"self":[{"href":"https:\/\/tecnidro.com\/es\/wp-json\/wp\/v2\/product\/6002","targetHints":{"allow":["GET"]}}],"collection":[{"href":"https:\/\/tecnidro.com\/es\/wp-json\/wp\/v2\/product"}],"about":[{"href":"https:\/\/tecnidro.com\/es\/wp-json\/wp\/v2\/types\/product"}],"replies":[{"embeddable":true,"href":"https:\/\/tecnidro.com\/es\/wp-json\/wp\/v2\/comments?post=6002"}],"wp:featuredmedia":[{"embeddable":true,"href":"https:\/\/tecnidro.com\/es\/wp-json\/wp\/v2\/media\/6005"}],"wp:attachment":[{"href":"https:\/\/tecnidro.com\/es\/wp-json\/wp\/v2\/media?parent=6002"}],"wp:term":[{"taxonomy":"product_brand","embeddable":true,"href":"https:\/\/tecnidro.com\/es\/wp-json\/wp\/v2\/product_brand?post=6002"},{"taxonomy":"product_cat","embeddable":true,"href":"https:\/\/tecnidro.com\/es\/wp-json\/wp\/v2\/product_cat?post=6002"},{"taxonomy":"product_tag","embeddable":true,"href":"https:\/\/tecnidro.com\/es\/wp-json\/wp\/v2\/product_tag?post=6002"}],"curies":[{"name":"wp","href":"https:\/\/api.w.org\/{rel}","templated":true}]}}