{"id":6006,"date":"2023-11-29T09:40:38","date_gmt":"2023-11-29T09:40:38","guid":{"rendered":"https:\/\/tecnidro.com\/p\/limitador-de-caudal-de-anillo-modulante-pn16\/"},"modified":"2023-11-29T09:40:38","modified_gmt":"2023-11-29T08:40:38","slug":"limitador-de-caudal-de-anillo-modulante-pn16","status":"publish","type":"product","link":"https:\/\/tecnidro.com\/es\/p\/limitador-de-caudal-de-anillo-modulante-pn16\/","title":{"rendered":"Limitador de Caudal de Anillo Modulante PN16"},"content":{"rendered":"<p class=\"p1\">Los <strong>limitadores de caudal de anillo modulante PN16<\/strong> son dispositivos dise\u00f1ados para regular y limitar el flujo de fluidos en sistemas hidr\u00e1ulicos. Estos limitadores se utilizan para garantizar un control \u00f3ptimo del caudal en sistemas de distribuci\u00f3n de agua y en aplicaciones industriales que requieren una regulaci\u00f3n precisa y fiable del flujo. Est\u00e1n disponibles en diferentes di\u00e1metros nominales (DN), desde DN 80 hasta DN 400, y pueden gestionar una amplia gama de caudales.  <\/p>\n","protected":false},"excerpt":{"rendered":"<p>Los limitadores de caudal de anillo modulante PN16 son dispositivos dise\u00f1ados para regular y limitar el flujo de fluidos en sistemas hidr\u00e1ulicos. Estos limitadores se utilizan para garantizar un control  [&#8230;]<\/p>\n","protected":false},"featured_media":6013,"comment_status":"closed","ping_status":"closed","template":"","meta":{"_acf_changed":false},"product_brand":[],"product_cat":[246,214],"product_tag":[],"class_list":{"0":"post-6006","1":"product","2":"type-product","3":"status-publish","4":"has-post-thumbnail","6":"product_cat-limitadores-de-caudal","7":"product_cat-riego","9":"first","10":"instock","11":"shipping-taxable","12":"product-type-simple"},"acf":[],"yoast_head":"<!-- This site is optimized with the Yoast SEO plugin v27.3 - https:\/\/yoast.com\/product\/yoast-seo-wordpress\/ -->\n<title>Limitador de Caudal de Anillo Modulante PN16 - Tecnidro<\/title>\n<meta name=\"robots\" content=\"index, follow, max-snippet:-1, max-image-preview:large, max-video-preview:-1\" \/>\n<link rel=\"canonical\" href=\"https:\/\/tecnidro.com\/es\/p\/limitador-de-caudal-de-anillo-modulante-pn16\/\" \/>\n<meta property=\"og:locale\" content=\"es_ES\" \/>\n<meta property=\"og:type\" content=\"article\" \/>\n<meta property=\"og:title\" content=\"Limitador de Caudal de Anillo Modulante PN16 - Tecnidro\" \/>\n<meta property=\"og:description\" content=\"Los limitadores de caudal de anillo modulante PN16 son dispositivos dise\u00f1ados para regular y limitar el flujo de fluidos en sistemas hidr\u00e1ulicos. Estos limitadores se utilizan para garantizar un control [...]\" \/>\n<meta property=\"og:url\" content=\"https:\/\/tecnidro.com\/es\/p\/limitador-de-caudal-de-anillo-modulante-pn16\/\" \/>\n<meta property=\"og:site_name\" content=\"Tecnidro\" \/>\n<meta property=\"article:publisher\" content=\"https:\/\/www.facebook.com\/profile.php?id=100089971879186\" \/>\n<meta property=\"og:image\" content=\"https:\/\/tecnidro.com\/wp-content\/uploads\/2023\/11\/Limitatore-di-Portata-ad-Anello-Modulante_1.webp\" \/>\n\t<meta property=\"og:image:width\" content=\"602\" \/>\n\t<meta property=\"og:image:height\" content=\"602\" \/>\n\t<meta property=\"og:image:type\" content=\"image\/webp\" \/>\n<meta name=\"twitter:card\" content=\"summary_large_image\" \/>\n<script type=\"application\/ld+json\" class=\"yoast-schema-graph\">{\"@context\":\"https:\\\/\\\/schema.org\",\"@graph\":[{\"@type\":\"WebPage\",\"@id\":\"https:\\\/\\\/tecnidro.com\\\/es\\\/p\\\/limitador-de-caudal-de-anillo-modulante-pn16\\\/\",\"url\":\"https:\\\/\\\/tecnidro.com\\\/es\\\/p\\\/limitador-de-caudal-de-anillo-modulante-pn16\\\/\",\"name\":\"Limitador de Caudal de Anillo Modulante PN16 - Tecnidro\",\"isPartOf\":{\"@id\":\"https:\\\/\\\/tecnidro.com\\\/es\\\/#website\"},\"primaryImageOfPage\":{\"@id\":\"https:\\\/\\\/tecnidro.com\\\/es\\\/p\\\/limitador-de-caudal-de-anillo-modulante-pn16\\\/#primaryimage\"},\"image\":{\"@id\":\"https:\\\/\\\/tecnidro.com\\\/es\\\/p\\\/limitador-de-caudal-de-anillo-modulante-pn16\\\/#primaryimage\"},\"thumbnailUrl\":\"https:\\\/\\\/tecnidro.com\\\/wp-content\\\/uploads\\\/2023\\\/11\\\/Limitatore-di-Portata-ad-Anello-Modulante_1.webp\",\"datePublished\":\"2023-11-29T09:40:38+00:00\",\"breadcrumb\":{\"@id\":\"https:\\\/\\\/tecnidro.com\\\/es\\\/p\\\/limitador-de-caudal-de-anillo-modulante-pn16\\\/#breadcrumb\"},\"inLanguage\":\"es\",\"potentialAction\":[{\"@type\":\"ReadAction\",\"target\":[\"https:\\\/\\\/tecnidro.com\\\/es\\\/p\\\/limitador-de-caudal-de-anillo-modulante-pn16\\\/\"]}]},{\"@type\":\"ImageObject\",\"inLanguage\":\"es\",\"@id\":\"https:\\\/\\\/tecnidro.com\\\/es\\\/p\\\/limitador-de-caudal-de-anillo-modulante-pn16\\\/#primaryimage\",\"url\":\"https:\\\/\\\/tecnidro.com\\\/wp-content\\\/uploads\\\/2023\\\/11\\\/Limitatore-di-Portata-ad-Anello-Modulante_1.webp\",\"contentUrl\":\"https:\\\/\\\/tecnidro.com\\\/wp-content\\\/uploads\\\/2023\\\/11\\\/Limitatore-di-Portata-ad-Anello-Modulante_1.webp\",\"width\":602,\"height\":602,\"caption\":\"Limitatore di Portata ad Anello Modulante\"},{\"@type\":\"BreadcrumbList\",\"@id\":\"https:\\\/\\\/tecnidro.com\\\/es\\\/p\\\/limitador-de-caudal-de-anillo-modulante-pn16\\\/#breadcrumb\",\"itemListElement\":[{\"@type\":\"ListItem\",\"position\":1,\"name\":\"Home\",\"item\":\"https:\\\/\\\/tecnidro.com\\\/es\\\/\"},{\"@type\":\"ListItem\",\"position\":2,\"name\":\"Productos y soluciones\",\"item\":\"https:\\\/\\\/tecnidro.com\\\/es\\\/productos-y-soluciones\\\/\"},{\"@type\":\"ListItem\",\"position\":3,\"name\":\"Limitador de Caudal de Anillo Modulante PN16\"}]},{\"@type\":\"WebSite\",\"@id\":\"https:\\\/\\\/tecnidro.com\\\/es\\\/#website\",\"url\":\"https:\\\/\\\/tecnidro.com\\\/es\\\/\",\"name\":\"Tecnidro\",\"description\":\"Valvole Idrauliche\",\"potentialAction\":[{\"@type\":\"SearchAction\",\"target\":{\"@type\":\"EntryPoint\",\"urlTemplate\":\"https:\\\/\\\/tecnidro.com\\\/es\\\/?s={search_term_string}\"},\"query-input\":{\"@type\":\"PropertyValueSpecification\",\"valueRequired\":true,\"valueName\":\"search_term_string\"}}],\"inLanguage\":\"es\"}]}<\/script>\n<!-- \/ Yoast SEO plugin. -->","yoast_head_json":{"title":"Limitador de Caudal de Anillo Modulante PN16 - Tecnidro","robots":{"index":"index","follow":"follow","max-snippet":"max-snippet:-1","max-image-preview":"max-image-preview:large","max-video-preview":"max-video-preview:-1"},"canonical":"https:\/\/tecnidro.com\/es\/p\/limitador-de-caudal-de-anillo-modulante-pn16\/","og_locale":"es_ES","og_type":"article","og_title":"Limitador de Caudal de Anillo Modulante PN16 - Tecnidro","og_description":"Los limitadores de caudal de anillo modulante PN16 son dispositivos dise\u00f1ados para regular y limitar el flujo de fluidos en sistemas hidr\u00e1ulicos. Estos limitadores se utilizan para garantizar un control [...]","og_url":"https:\/\/tecnidro.com\/es\/p\/limitador-de-caudal-de-anillo-modulante-pn16\/","og_site_name":"Tecnidro","article_publisher":"https:\/\/www.facebook.com\/profile.php?id=100089971879186","og_image":[{"width":602,"height":602,"url":"https:\/\/tecnidro.com\/wp-content\/uploads\/2023\/11\/Limitatore-di-Portata-ad-Anello-Modulante_1.webp","type":"image\/webp"}],"twitter_card":"summary_large_image","schema":{"@context":"https:\/\/schema.org","@graph":[{"@type":"WebPage","@id":"https:\/\/tecnidro.com\/es\/p\/limitador-de-caudal-de-anillo-modulante-pn16\/","url":"https:\/\/tecnidro.com\/es\/p\/limitador-de-caudal-de-anillo-modulante-pn16\/","name":"Limitador de Caudal de Anillo Modulante PN16 - Tecnidro","isPartOf":{"@id":"https:\/\/tecnidro.com\/es\/#website"},"primaryImageOfPage":{"@id":"https:\/\/tecnidro.com\/es\/p\/limitador-de-caudal-de-anillo-modulante-pn16\/#primaryimage"},"image":{"@id":"https:\/\/tecnidro.com\/es\/p\/limitador-de-caudal-de-anillo-modulante-pn16\/#primaryimage"},"thumbnailUrl":"https:\/\/tecnidro.com\/wp-content\/uploads\/2023\/11\/Limitatore-di-Portata-ad-Anello-Modulante_1.webp","datePublished":"2023-11-29T09:40:38+00:00","breadcrumb":{"@id":"https:\/\/tecnidro.com\/es\/p\/limitador-de-caudal-de-anillo-modulante-pn16\/#breadcrumb"},"inLanguage":"es","potentialAction":[{"@type":"ReadAction","target":["https:\/\/tecnidro.com\/es\/p\/limitador-de-caudal-de-anillo-modulante-pn16\/"]}]},{"@type":"ImageObject","inLanguage":"es","@id":"https:\/\/tecnidro.com\/es\/p\/limitador-de-caudal-de-anillo-modulante-pn16\/#primaryimage","url":"https:\/\/tecnidro.com\/wp-content\/uploads\/2023\/11\/Limitatore-di-Portata-ad-Anello-Modulante_1.webp","contentUrl":"https:\/\/tecnidro.com\/wp-content\/uploads\/2023\/11\/Limitatore-di-Portata-ad-Anello-Modulante_1.webp","width":602,"height":602,"caption":"Limitatore di Portata ad Anello Modulante"},{"@type":"BreadcrumbList","@id":"https:\/\/tecnidro.com\/es\/p\/limitador-de-caudal-de-anillo-modulante-pn16\/#breadcrumb","itemListElement":[{"@type":"ListItem","position":1,"name":"Home","item":"https:\/\/tecnidro.com\/es\/"},{"@type":"ListItem","position":2,"name":"Productos y soluciones","item":"https:\/\/tecnidro.com\/es\/productos-y-soluciones\/"},{"@type":"ListItem","position":3,"name":"Limitador de Caudal de Anillo Modulante PN16"}]},{"@type":"WebSite","@id":"https:\/\/tecnidro.com\/es\/#website","url":"https:\/\/tecnidro.com\/es\/","name":"Tecnidro","description":"Valvole Idrauliche","potentialAction":[{"@type":"SearchAction","target":{"@type":"EntryPoint","urlTemplate":"https:\/\/tecnidro.com\/es\/?s={search_term_string}"},"query-input":{"@type":"PropertyValueSpecification","valueRequired":true,"valueName":"search_term_string"}}],"inLanguage":"es"}]}},"_links":{"self":[{"href":"https:\/\/tecnidro.com\/es\/wp-json\/wp\/v2\/product\/6006","targetHints":{"allow":["GET"]}}],"collection":[{"href":"https:\/\/tecnidro.com\/es\/wp-json\/wp\/v2\/product"}],"about":[{"href":"https:\/\/tecnidro.com\/es\/wp-json\/wp\/v2\/types\/product"}],"replies":[{"embeddable":true,"href":"https:\/\/tecnidro.com\/es\/wp-json\/wp\/v2\/comments?post=6006"}],"wp:featuredmedia":[{"embeddable":true,"href":"https:\/\/tecnidro.com\/es\/wp-json\/wp\/v2\/media\/6013"}],"wp:attachment":[{"href":"https:\/\/tecnidro.com\/es\/wp-json\/wp\/v2\/media?parent=6006"}],"wp:term":[{"taxonomy":"product_brand","embeddable":true,"href":"https:\/\/tecnidro.com\/es\/wp-json\/wp\/v2\/product_brand?post=6006"},{"taxonomy":"product_cat","embeddable":true,"href":"https:\/\/tecnidro.com\/es\/wp-json\/wp\/v2\/product_cat?post=6006"},{"taxonomy":"product_tag","embeddable":true,"href":"https:\/\/tecnidro.com\/es\/wp-json\/wp\/v2\/product_tag?post=6006"}],"curies":[{"name":"wp","href":"https:\/\/api.w.org\/{rel}","templated":true}]}}