{"id":6014,"date":"2023-11-28T14:21:10","date_gmt":"2023-11-28T14:21:10","guid":{"rendered":"https:\/\/tecnidro.com\/p\/rele-hidraulico\/"},"modified":"2023-11-28T14:21:10","modified_gmt":"2023-11-28T13:21:10","slug":"rele-hidraulico","status":"publish","type":"product","link":"https:\/\/tecnidro.com\/es\/p\/rele-hidraulico\/","title":{"rendered":"Rel\u00e9 hidr\u00e1ulico"},"content":{"rendered":"<p>El <strong>rel\u00e9 hidr\u00e1ulico de 3 v\u00edas modelo SHCP-SH0B<\/strong> est\u00e1 dise\u00f1ado para el control hidr\u00e1ulico en sistemas que requieren la activaci\u00f3n autom\u00e1tica o manual de las v\u00e1lvulas. Est\u00e1 disponible en dos versiones: SHCP con cuerpo de nylon y SH0B con cuerpo de lat\u00f3n. Ambos modelos ofrecen la posibilidad de configuraci\u00f3n normalmente abierta (N.A.) o normalmente cerrada (N.C.) y son aptos para aplicaciones de hasta una presi\u00f3n nominal de 10 bar y 16 bar, respectivamente.  <\/p>\n<p><strong>Caracter\u00edsticas adicionales:<\/strong><\/p>\n<ul>\n<li>Posibilidad de uso como N.A. (Normalmente Abierto) o N.C. (Normalmente Cerrado).<\/li>\n<li>Mando manual integrado, que permite la conmutaci\u00f3n entre los modos autom\u00e1tico y manual.<\/li>\n<li>Opci\u00f3n de sensor diferencial opcional para la detecci\u00f3n de presi\u00f3n.<\/li>\n<\/ul>\n<p><strong>Aplicaciones:<\/strong><\/p>\n<p>El rel\u00e9 hidr\u00e1ulico de 3 v\u00edas SHCP-SH0B es adecuado para su uso en sistemas hidr\u00e1ulicos que requieren un control fiable de la presi\u00f3n y el caudal, especialmente en instalaciones hidr\u00e1ulicas, de riego y de tratamiento de agua. El mando manual integrado permite un cambio sencillo entre el funcionamiento autom\u00e1tico y el manual. <\/p>\n","protected":false},"excerpt":{"rendered":"<p>El rel\u00e9 hidr\u00e1ulico de 3 v\u00edas modelo SHCP-SH0B est\u00e1 dise\u00f1ado para el control hidr\u00e1ulico en sistemas que requieren la activaci\u00f3n autom\u00e1tica o manual de las v\u00e1lvulas. Est\u00e1 disponible en dos  [&#8230;]<\/p>\n","protected":false},"featured_media":6019,"comment_status":"closed","ping_status":"closed","template":"","meta":{"_acf_changed":false},"product_brand":[],"product_cat":[230,229],"product_tag":[],"class_list":{"0":"post-6014","1":"product","2":"type-product","3":"status-publish","4":"has-post-thumbnail","6":"product_cat-solenoides-y-pilotos-2","7":"product_cat-solenoides-y-pilotos","9":"first","10":"instock","11":"shipping-taxable","12":"product-type-simple"},"acf":[],"yoast_head":"<!-- This site is optimized with the Yoast SEO plugin v27.3 - https:\/\/yoast.com\/product\/yoast-seo-wordpress\/ -->\n<title>Rel\u00e9 hidr\u00e1ulico - Tecnidro<\/title>\n<meta name=\"robots\" content=\"index, follow, max-snippet:-1, max-image-preview:large, max-video-preview:-1\" \/>\n<link rel=\"canonical\" href=\"https:\/\/tecnidro.com\/es\/p\/rele-hidraulico\/\" \/>\n<meta property=\"og:locale\" content=\"es_ES\" \/>\n<meta property=\"og:type\" content=\"article\" \/>\n<meta property=\"og:title\" content=\"Rel\u00e9 hidr\u00e1ulico - Tecnidro\" \/>\n<meta property=\"og:description\" content=\"El rel\u00e9 hidr\u00e1ulico de 3 v\u00edas modelo SHCP-SH0B est\u00e1 dise\u00f1ado para el control hidr\u00e1ulico en sistemas que requieren la activaci\u00f3n autom\u00e1tica o manual de las v\u00e1lvulas. Est\u00e1 disponible en dos [...]\" \/>\n<meta property=\"og:url\" content=\"https:\/\/tecnidro.com\/es\/p\/rele-hidraulico\/\" \/>\n<meta property=\"og:site_name\" content=\"Tecnidro\" \/>\n<meta property=\"article:publisher\" content=\"https:\/\/www.facebook.com\/profile.php?id=100089971879186\" \/>\n<meta property=\"og:image\" content=\"https:\/\/tecnidro.com\/wp-content\/uploads\/2023\/11\/Rele-Idraulico-SHCP-SH0B_1.webp\" \/>\n\t<meta property=\"og:image:width\" content=\"1000\" \/>\n\t<meta property=\"og:image:height\" content=\"1000\" \/>\n\t<meta property=\"og:image:type\" content=\"image\/webp\" \/>\n<meta name=\"twitter:card\" content=\"summary_large_image\" \/>\n<meta name=\"twitter:label1\" content=\"Tiempo de lectura\" \/>\n\t<meta name=\"twitter:data1\" content=\"1 minuto\" \/>\n<script type=\"application\/ld+json\" class=\"yoast-schema-graph\">{\"@context\":\"https:\\\/\\\/schema.org\",\"@graph\":[{\"@type\":\"WebPage\",\"@id\":\"https:\\\/\\\/tecnidro.com\\\/es\\\/p\\\/rele-hidraulico\\\/\",\"url\":\"https:\\\/\\\/tecnidro.com\\\/es\\\/p\\\/rele-hidraulico\\\/\",\"name\":\"Rel\u00e9 hidr\u00e1ulico - Tecnidro\",\"isPartOf\":{\"@id\":\"https:\\\/\\\/tecnidro.com\\\/es\\\/#website\"},\"primaryImageOfPage\":{\"@id\":\"https:\\\/\\\/tecnidro.com\\\/es\\\/p\\\/rele-hidraulico\\\/#primaryimage\"},\"image\":{\"@id\":\"https:\\\/\\\/tecnidro.com\\\/es\\\/p\\\/rele-hidraulico\\\/#primaryimage\"},\"thumbnailUrl\":\"https:\\\/\\\/tecnidro.com\\\/wp-content\\\/uploads\\\/2023\\\/11\\\/Rele-Idraulico-SHCP-SH0B_1.webp\",\"datePublished\":\"2023-11-28T14:21:10+00:00\",\"breadcrumb\":{\"@id\":\"https:\\\/\\\/tecnidro.com\\\/es\\\/p\\\/rele-hidraulico\\\/#breadcrumb\"},\"inLanguage\":\"es\",\"potentialAction\":[{\"@type\":\"ReadAction\",\"target\":[\"https:\\\/\\\/tecnidro.com\\\/es\\\/p\\\/rele-hidraulico\\\/\"]}]},{\"@type\":\"ImageObject\",\"inLanguage\":\"es\",\"@id\":\"https:\\\/\\\/tecnidro.com\\\/es\\\/p\\\/rele-hidraulico\\\/#primaryimage\",\"url\":\"https:\\\/\\\/tecnidro.com\\\/wp-content\\\/uploads\\\/2023\\\/11\\\/Rele-Idraulico-SHCP-SH0B_1.webp\",\"contentUrl\":\"https:\\\/\\\/tecnidro.com\\\/wp-content\\\/uploads\\\/2023\\\/11\\\/Rele-Idraulico-SHCP-SH0B_1.webp\",\"width\":1000,\"height\":1000,\"caption\":\"Rele\u0300 Idraulico SHCP-SH0B\"},{\"@type\":\"BreadcrumbList\",\"@id\":\"https:\\\/\\\/tecnidro.com\\\/es\\\/p\\\/rele-hidraulico\\\/#breadcrumb\",\"itemListElement\":[{\"@type\":\"ListItem\",\"position\":1,\"name\":\"Home\",\"item\":\"https:\\\/\\\/tecnidro.com\\\/es\\\/\"},{\"@type\":\"ListItem\",\"position\":2,\"name\":\"Productos y soluciones\",\"item\":\"https:\\\/\\\/tecnidro.com\\\/es\\\/productos-y-soluciones\\\/\"},{\"@type\":\"ListItem\",\"position\":3,\"name\":\"Rel\u00e9 hidr\u00e1ulico\"}]},{\"@type\":\"WebSite\",\"@id\":\"https:\\\/\\\/tecnidro.com\\\/es\\\/#website\",\"url\":\"https:\\\/\\\/tecnidro.com\\\/es\\\/\",\"name\":\"Tecnidro\",\"description\":\"Valvole Idrauliche\",\"potentialAction\":[{\"@type\":\"SearchAction\",\"target\":{\"@type\":\"EntryPoint\",\"urlTemplate\":\"https:\\\/\\\/tecnidro.com\\\/es\\\/?s={search_term_string}\"},\"query-input\":{\"@type\":\"PropertyValueSpecification\",\"valueRequired\":true,\"valueName\":\"search_term_string\"}}],\"inLanguage\":\"es\"}]}<\/script>\n<!-- \/ Yoast SEO plugin. -->","yoast_head_json":{"title":"Rel\u00e9 hidr\u00e1ulico - Tecnidro","robots":{"index":"index","follow":"follow","max-snippet":"max-snippet:-1","max-image-preview":"max-image-preview:large","max-video-preview":"max-video-preview:-1"},"canonical":"https:\/\/tecnidro.com\/es\/p\/rele-hidraulico\/","og_locale":"es_ES","og_type":"article","og_title":"Rel\u00e9 hidr\u00e1ulico - Tecnidro","og_description":"El rel\u00e9 hidr\u00e1ulico de 3 v\u00edas modelo SHCP-SH0B est\u00e1 dise\u00f1ado para el control hidr\u00e1ulico en sistemas que requieren la activaci\u00f3n autom\u00e1tica o manual de las v\u00e1lvulas. Est\u00e1 disponible en dos [...]","og_url":"https:\/\/tecnidro.com\/es\/p\/rele-hidraulico\/","og_site_name":"Tecnidro","article_publisher":"https:\/\/www.facebook.com\/profile.php?id=100089971879186","og_image":[{"width":1000,"height":1000,"url":"https:\/\/tecnidro.com\/wp-content\/uploads\/2023\/11\/Rele-Idraulico-SHCP-SH0B_1.webp","type":"image\/webp"}],"twitter_card":"summary_large_image","twitter_misc":{"Tiempo de lectura":"1 minuto"},"schema":{"@context":"https:\/\/schema.org","@graph":[{"@type":"WebPage","@id":"https:\/\/tecnidro.com\/es\/p\/rele-hidraulico\/","url":"https:\/\/tecnidro.com\/es\/p\/rele-hidraulico\/","name":"Rel\u00e9 hidr\u00e1ulico - Tecnidro","isPartOf":{"@id":"https:\/\/tecnidro.com\/es\/#website"},"primaryImageOfPage":{"@id":"https:\/\/tecnidro.com\/es\/p\/rele-hidraulico\/#primaryimage"},"image":{"@id":"https:\/\/tecnidro.com\/es\/p\/rele-hidraulico\/#primaryimage"},"thumbnailUrl":"https:\/\/tecnidro.com\/wp-content\/uploads\/2023\/11\/Rele-Idraulico-SHCP-SH0B_1.webp","datePublished":"2023-11-28T14:21:10+00:00","breadcrumb":{"@id":"https:\/\/tecnidro.com\/es\/p\/rele-hidraulico\/#breadcrumb"},"inLanguage":"es","potentialAction":[{"@type":"ReadAction","target":["https:\/\/tecnidro.com\/es\/p\/rele-hidraulico\/"]}]},{"@type":"ImageObject","inLanguage":"es","@id":"https:\/\/tecnidro.com\/es\/p\/rele-hidraulico\/#primaryimage","url":"https:\/\/tecnidro.com\/wp-content\/uploads\/2023\/11\/Rele-Idraulico-SHCP-SH0B_1.webp","contentUrl":"https:\/\/tecnidro.com\/wp-content\/uploads\/2023\/11\/Rele-Idraulico-SHCP-SH0B_1.webp","width":1000,"height":1000,"caption":"Rele\u0300 Idraulico SHCP-SH0B"},{"@type":"BreadcrumbList","@id":"https:\/\/tecnidro.com\/es\/p\/rele-hidraulico\/#breadcrumb","itemListElement":[{"@type":"ListItem","position":1,"name":"Home","item":"https:\/\/tecnidro.com\/es\/"},{"@type":"ListItem","position":2,"name":"Productos y soluciones","item":"https:\/\/tecnidro.com\/es\/productos-y-soluciones\/"},{"@type":"ListItem","position":3,"name":"Rel\u00e9 hidr\u00e1ulico"}]},{"@type":"WebSite","@id":"https:\/\/tecnidro.com\/es\/#website","url":"https:\/\/tecnidro.com\/es\/","name":"Tecnidro","description":"Valvole Idrauliche","potentialAction":[{"@type":"SearchAction","target":{"@type":"EntryPoint","urlTemplate":"https:\/\/tecnidro.com\/es\/?s={search_term_string}"},"query-input":{"@type":"PropertyValueSpecification","valueRequired":true,"valueName":"search_term_string"}}],"inLanguage":"es"}]}},"_links":{"self":[{"href":"https:\/\/tecnidro.com\/es\/wp-json\/wp\/v2\/product\/6014","targetHints":{"allow":["GET"]}}],"collection":[{"href":"https:\/\/tecnidro.com\/es\/wp-json\/wp\/v2\/product"}],"about":[{"href":"https:\/\/tecnidro.com\/es\/wp-json\/wp\/v2\/types\/product"}],"replies":[{"embeddable":true,"href":"https:\/\/tecnidro.com\/es\/wp-json\/wp\/v2\/comments?post=6014"}],"wp:featuredmedia":[{"embeddable":true,"href":"https:\/\/tecnidro.com\/es\/wp-json\/wp\/v2\/media\/6019"}],"wp:attachment":[{"href":"https:\/\/tecnidro.com\/es\/wp-json\/wp\/v2\/media?parent=6014"}],"wp:term":[{"taxonomy":"product_brand","embeddable":true,"href":"https:\/\/tecnidro.com\/es\/wp-json\/wp\/v2\/product_brand?post=6014"},{"taxonomy":"product_cat","embeddable":true,"href":"https:\/\/tecnidro.com\/es\/wp-json\/wp\/v2\/product_cat?post=6014"},{"taxonomy":"product_tag","embeddable":true,"href":"https:\/\/tecnidro.com\/es\/wp-json\/wp\/v2\/product_tag?post=6014"}],"curies":[{"name":"wp","href":"https:\/\/api.w.org\/{rel}","templated":true}]}}