{"id":6020,"date":"2023-11-28T13:38:11","date_gmt":"2023-11-28T13:38:11","guid":{"rendered":"https:\/\/tecnidro.com\/p\/contador-de-agua-de-doble-camara-ultrasonico-u2c\/"},"modified":"2023-11-28T13:38:11","modified_gmt":"2023-11-28T12:38:11","slug":"contador-de-agua-de-doble-camara-ultrasonico-u2c","status":"publish","type":"product","link":"https:\/\/tecnidro.com\/es\/p\/contador-de-agua-de-doble-camara-ultrasonico-u2c\/","title":{"rendered":"Contador de Agua de Doble C\u00e1mara Ultras\u00f3nico U2C"},"content":{"rendered":"<p>El contador de agua de doble c\u00e1mara modelo U2C presenta una innovadora conformaci\u00f3n derivada de v\u00e1lvulas hidr\u00e1ulicas de tipo industrial. Dicha conformaci\u00f3n permite al aparato operar incluso con presiones muy reducidas (0,2 bar). El contador de agua est\u00e1 equipado con un medidor de caudal ultras\u00f3nico, dotado de salida impulsiva capaz de medir los caudales instant\u00e1neos y los vol\u00famenes totales. El sistema ultras\u00f3nico garantiza una elevada precisi\u00f3n incluso a bajos caudales, baj\u00edsimas p\u00e9rdidas de carga, la reducida necesidad de mantenimiento y una larga vida \u00fatil precisamente por la ausencia de \u00f3rganos mec\u00e1nicos en movimiento en el interior del flujo. El aparato est\u00e1 alimentado por una bater\u00eda de litio con una duraci\u00f3n de aproximadamente 10 a\u00f1os.    <\/p>\n<p><strong>Caracter\u00edsticas T\u00e9cnicas<\/strong><\/p>\n<p>Cuerpo: GGG40 (EN-GJS-400)<br \/>\nTapa: GGG40 (EN-GJS-400)<br \/>\nObturador: GGG40 (EN-GJS-400)<br \/>\nEje de maniobra: AISI 304<br \/>\nMembrana: NR 60 Sh reforzada (otras mezclas bajo pedido)<br \/>\nJunta: Vulkolan (otras mezclas bajo pedido)<br \/>\nPresi\u00f3n m\u00e1xima admisible: 16 bar<br \/>\nLimitador antifraude integrado<\/p>\n<p>Modelo Contador: UWM Ultras\u00f3nico<\/p>\n<ul>\n<li>Relaci\u00f3n (Q \/Q ) R80<\/li>\n<li>Resoluci\u00f3n 0,01 m<\/li>\n<li>Salida impulsiva cada 0,001 &#8211; 1 m<\/li>\n<li>Display Electr\u00f3nico de 8 d\u00edgitos<\/li>\n<\/ul>\n<p>Conforme a Est\u00e1ndar Internacional ISO 16399:2014<\/p>\n","protected":false},"excerpt":{"rendered":"<p>El contador de agua de doble c\u00e1mara modelo U2C presenta una innovadora conformaci\u00f3n derivada de v\u00e1lvulas hidr\u00e1ulicas de tipo industrial. Dicha conformaci\u00f3n permite al aparato operar incluso con presiones muy  [&#8230;]<\/p>\n","protected":false},"featured_media":6023,"comment_status":"closed","ping_status":"closed","template":"","meta":{"_acf_changed":false},"product_brand":[],"product_cat":[228,247,214],"product_tag":[],"class_list":{"0":"post-6020","1":"product","2":"type-product","3":"status-publish","4":"has-post-thumbnail","6":"product_cat-contadores-de-agua","7":"product_cat-contadores-de-agua-2","8":"product_cat-riego","10":"first","11":"instock","12":"shipping-taxable","13":"product-type-simple"},"acf":[],"yoast_head":"<!-- This site is optimized with the Yoast SEO plugin v27.3 - https:\/\/yoast.com\/product\/yoast-seo-wordpress\/ -->\n<title>Contador de Agua de Doble C\u00e1mara Ultras\u00f3nico U2C - Tecnidro<\/title>\n<meta name=\"robots\" content=\"index, follow, max-snippet:-1, max-image-preview:large, max-video-preview:-1\" \/>\n<link rel=\"canonical\" href=\"https:\/\/tecnidro.com\/es\/p\/contador-de-agua-de-doble-camara-ultrasonico-u2c\/\" \/>\n<meta property=\"og:locale\" content=\"es_ES\" \/>\n<meta property=\"og:type\" content=\"article\" \/>\n<meta property=\"og:title\" content=\"Contador de Agua de Doble C\u00e1mara Ultras\u00f3nico U2C - Tecnidro\" \/>\n<meta property=\"og:description\" content=\"El contador de agua de doble c\u00e1mara modelo U2C presenta una innovadora conformaci\u00f3n derivada de v\u00e1lvulas hidr\u00e1ulicas de tipo industrial. Dicha conformaci\u00f3n permite al aparato operar incluso con presiones muy [...]\" \/>\n<meta property=\"og:url\" content=\"https:\/\/tecnidro.com\/es\/p\/contador-de-agua-de-doble-camara-ultrasonico-u2c\/\" \/>\n<meta property=\"og:site_name\" content=\"Tecnidro\" \/>\n<meta property=\"article:publisher\" content=\"https:\/\/www.facebook.com\/profile.php?id=100089971879186\" \/>\n<meta property=\"og:image\" content=\"https:\/\/tecnidro.com\/wp-content\/uploads\/2023\/11\/Hydroval-U2C-Ultrasonic-Double-Chamber-Hydrometer.webp\" \/>\n\t<meta property=\"og:image:width\" content=\"1000\" \/>\n\t<meta property=\"og:image:height\" content=\"1000\" \/>\n\t<meta property=\"og:image:type\" content=\"image\/webp\" \/>\n<meta name=\"twitter:card\" content=\"summary_large_image\" \/>\n<meta name=\"twitter:label1\" content=\"Tiempo de lectura\" \/>\n\t<meta name=\"twitter:data1\" content=\"1 minuto\" \/>\n<script type=\"application\/ld+json\" class=\"yoast-schema-graph\">{\"@context\":\"https:\\\/\\\/schema.org\",\"@graph\":[{\"@type\":\"WebPage\",\"@id\":\"https:\\\/\\\/tecnidro.com\\\/es\\\/p\\\/contador-de-agua-de-doble-camara-ultrasonico-u2c\\\/\",\"url\":\"https:\\\/\\\/tecnidro.com\\\/es\\\/p\\\/contador-de-agua-de-doble-camara-ultrasonico-u2c\\\/\",\"name\":\"Contador de Agua de Doble C\u00e1mara Ultras\u00f3nico U2C - Tecnidro\",\"isPartOf\":{\"@id\":\"https:\\\/\\\/tecnidro.com\\\/es\\\/#website\"},\"primaryImageOfPage\":{\"@id\":\"https:\\\/\\\/tecnidro.com\\\/es\\\/p\\\/contador-de-agua-de-doble-camara-ultrasonico-u2c\\\/#primaryimage\"},\"image\":{\"@id\":\"https:\\\/\\\/tecnidro.com\\\/es\\\/p\\\/contador-de-agua-de-doble-camara-ultrasonico-u2c\\\/#primaryimage\"},\"thumbnailUrl\":\"https:\\\/\\\/tecnidro.com\\\/wp-content\\\/uploads\\\/2023\\\/11\\\/Hydroval-U2C-Ultrasonic-Double-Chamber-Hydrometer.webp\",\"datePublished\":\"2023-11-28T13:38:11+00:00\",\"breadcrumb\":{\"@id\":\"https:\\\/\\\/tecnidro.com\\\/es\\\/p\\\/contador-de-agua-de-doble-camara-ultrasonico-u2c\\\/#breadcrumb\"},\"inLanguage\":\"es\",\"potentialAction\":[{\"@type\":\"ReadAction\",\"target\":[\"https:\\\/\\\/tecnidro.com\\\/es\\\/p\\\/contador-de-agua-de-doble-camara-ultrasonico-u2c\\\/\"]}]},{\"@type\":\"ImageObject\",\"inLanguage\":\"es\",\"@id\":\"https:\\\/\\\/tecnidro.com\\\/es\\\/p\\\/contador-de-agua-de-doble-camara-ultrasonico-u2c\\\/#primaryimage\",\"url\":\"https:\\\/\\\/tecnidro.com\\\/wp-content\\\/uploads\\\/2023\\\/11\\\/Hydroval-U2C-Ultrasonic-Double-Chamber-Hydrometer.webp\",\"contentUrl\":\"https:\\\/\\\/tecnidro.com\\\/wp-content\\\/uploads\\\/2023\\\/11\\\/Hydroval-U2C-Ultrasonic-Double-Chamber-Hydrometer.webp\",\"width\":1000,\"height\":1000,\"caption\":\"Hydroval U2C Ultrasonic Double Chamber Hydrometer\"},{\"@type\":\"BreadcrumbList\",\"@id\":\"https:\\\/\\\/tecnidro.com\\\/es\\\/p\\\/contador-de-agua-de-doble-camara-ultrasonico-u2c\\\/#breadcrumb\",\"itemListElement\":[{\"@type\":\"ListItem\",\"position\":1,\"name\":\"Home\",\"item\":\"https:\\\/\\\/tecnidro.com\\\/es\\\/\"},{\"@type\":\"ListItem\",\"position\":2,\"name\":\"Productos y soluciones\",\"item\":\"https:\\\/\\\/tecnidro.com\\\/es\\\/productos-y-soluciones\\\/\"},{\"@type\":\"ListItem\",\"position\":3,\"name\":\"Contador de Agua de Doble C\u00e1mara Ultras\u00f3nico U2C\"}]},{\"@type\":\"WebSite\",\"@id\":\"https:\\\/\\\/tecnidro.com\\\/es\\\/#website\",\"url\":\"https:\\\/\\\/tecnidro.com\\\/es\\\/\",\"name\":\"Tecnidro\",\"description\":\"Valvole Idrauliche\",\"potentialAction\":[{\"@type\":\"SearchAction\",\"target\":{\"@type\":\"EntryPoint\",\"urlTemplate\":\"https:\\\/\\\/tecnidro.com\\\/es\\\/?s={search_term_string}\"},\"query-input\":{\"@type\":\"PropertyValueSpecification\",\"valueRequired\":true,\"valueName\":\"search_term_string\"}}],\"inLanguage\":\"es\"}]}<\/script>\n<!-- \/ Yoast SEO plugin. -->","yoast_head_json":{"title":"Contador de Agua de Doble C\u00e1mara Ultras\u00f3nico U2C - Tecnidro","robots":{"index":"index","follow":"follow","max-snippet":"max-snippet:-1","max-image-preview":"max-image-preview:large","max-video-preview":"max-video-preview:-1"},"canonical":"https:\/\/tecnidro.com\/es\/p\/contador-de-agua-de-doble-camara-ultrasonico-u2c\/","og_locale":"es_ES","og_type":"article","og_title":"Contador de Agua de Doble C\u00e1mara Ultras\u00f3nico U2C - Tecnidro","og_description":"El contador de agua de doble c\u00e1mara modelo U2C presenta una innovadora conformaci\u00f3n derivada de v\u00e1lvulas hidr\u00e1ulicas de tipo industrial. Dicha conformaci\u00f3n permite al aparato operar incluso con presiones muy [...]","og_url":"https:\/\/tecnidro.com\/es\/p\/contador-de-agua-de-doble-camara-ultrasonico-u2c\/","og_site_name":"Tecnidro","article_publisher":"https:\/\/www.facebook.com\/profile.php?id=100089971879186","og_image":[{"width":1000,"height":1000,"url":"https:\/\/tecnidro.com\/wp-content\/uploads\/2023\/11\/Hydroval-U2C-Ultrasonic-Double-Chamber-Hydrometer.webp","type":"image\/webp"}],"twitter_card":"summary_large_image","twitter_misc":{"Tiempo de lectura":"1 minuto"},"schema":{"@context":"https:\/\/schema.org","@graph":[{"@type":"WebPage","@id":"https:\/\/tecnidro.com\/es\/p\/contador-de-agua-de-doble-camara-ultrasonico-u2c\/","url":"https:\/\/tecnidro.com\/es\/p\/contador-de-agua-de-doble-camara-ultrasonico-u2c\/","name":"Contador de Agua de Doble C\u00e1mara Ultras\u00f3nico U2C - Tecnidro","isPartOf":{"@id":"https:\/\/tecnidro.com\/es\/#website"},"primaryImageOfPage":{"@id":"https:\/\/tecnidro.com\/es\/p\/contador-de-agua-de-doble-camara-ultrasonico-u2c\/#primaryimage"},"image":{"@id":"https:\/\/tecnidro.com\/es\/p\/contador-de-agua-de-doble-camara-ultrasonico-u2c\/#primaryimage"},"thumbnailUrl":"https:\/\/tecnidro.com\/wp-content\/uploads\/2023\/11\/Hydroval-U2C-Ultrasonic-Double-Chamber-Hydrometer.webp","datePublished":"2023-11-28T13:38:11+00:00","breadcrumb":{"@id":"https:\/\/tecnidro.com\/es\/p\/contador-de-agua-de-doble-camara-ultrasonico-u2c\/#breadcrumb"},"inLanguage":"es","potentialAction":[{"@type":"ReadAction","target":["https:\/\/tecnidro.com\/es\/p\/contador-de-agua-de-doble-camara-ultrasonico-u2c\/"]}]},{"@type":"ImageObject","inLanguage":"es","@id":"https:\/\/tecnidro.com\/es\/p\/contador-de-agua-de-doble-camara-ultrasonico-u2c\/#primaryimage","url":"https:\/\/tecnidro.com\/wp-content\/uploads\/2023\/11\/Hydroval-U2C-Ultrasonic-Double-Chamber-Hydrometer.webp","contentUrl":"https:\/\/tecnidro.com\/wp-content\/uploads\/2023\/11\/Hydroval-U2C-Ultrasonic-Double-Chamber-Hydrometer.webp","width":1000,"height":1000,"caption":"Hydroval U2C Ultrasonic Double Chamber Hydrometer"},{"@type":"BreadcrumbList","@id":"https:\/\/tecnidro.com\/es\/p\/contador-de-agua-de-doble-camara-ultrasonico-u2c\/#breadcrumb","itemListElement":[{"@type":"ListItem","position":1,"name":"Home","item":"https:\/\/tecnidro.com\/es\/"},{"@type":"ListItem","position":2,"name":"Productos y soluciones","item":"https:\/\/tecnidro.com\/es\/productos-y-soluciones\/"},{"@type":"ListItem","position":3,"name":"Contador de Agua de Doble C\u00e1mara Ultras\u00f3nico U2C"}]},{"@type":"WebSite","@id":"https:\/\/tecnidro.com\/es\/#website","url":"https:\/\/tecnidro.com\/es\/","name":"Tecnidro","description":"Valvole Idrauliche","potentialAction":[{"@type":"SearchAction","target":{"@type":"EntryPoint","urlTemplate":"https:\/\/tecnidro.com\/es\/?s={search_term_string}"},"query-input":{"@type":"PropertyValueSpecification","valueRequired":true,"valueName":"search_term_string"}}],"inLanguage":"es"}]}},"_links":{"self":[{"href":"https:\/\/tecnidro.com\/es\/wp-json\/wp\/v2\/product\/6020","targetHints":{"allow":["GET"]}}],"collection":[{"href":"https:\/\/tecnidro.com\/es\/wp-json\/wp\/v2\/product"}],"about":[{"href":"https:\/\/tecnidro.com\/es\/wp-json\/wp\/v2\/types\/product"}],"replies":[{"embeddable":true,"href":"https:\/\/tecnidro.com\/es\/wp-json\/wp\/v2\/comments?post=6020"}],"wp:featuredmedia":[{"embeddable":true,"href":"https:\/\/tecnidro.com\/es\/wp-json\/wp\/v2\/media\/6023"}],"wp:attachment":[{"href":"https:\/\/tecnidro.com\/es\/wp-json\/wp\/v2\/media?parent=6020"}],"wp:term":[{"taxonomy":"product_brand","embeddable":true,"href":"https:\/\/tecnidro.com\/es\/wp-json\/wp\/v2\/product_brand?post=6020"},{"taxonomy":"product_cat","embeddable":true,"href":"https:\/\/tecnidro.com\/es\/wp-json\/wp\/v2\/product_cat?post=6020"},{"taxonomy":"product_tag","embeddable":true,"href":"https:\/\/tecnidro.com\/es\/wp-json\/wp\/v2\/product_tag?post=6020"}],"curies":[{"name":"wp","href":"https:\/\/api.w.org\/{rel}","templated":true}]}}