{"id":6033,"date":"2023-11-28T13:49:30","date_gmt":"2023-11-28T13:49:30","guid":{"rendered":"https:\/\/tecnidro.com\/p\/hidrocontador-giratorio-ier-u\/"},"modified":"2023-11-28T13:49:30","modified_gmt":"2023-11-28T12:49:30","slug":"hidrocontador-giratorio-ier-u","status":"publish","type":"product","link":"https:\/\/tecnidro.com\/es\/p\/hidrocontador-giratorio-ier-u\/","title":{"rendered":"Hidrocontador Giratorio IER-U"},"content":{"rendered":"<p>El hidrocontador giratorio modelo IER-U es un dispositivo sujeto a la patente europea Ep1984663, que se refiere a la peculiaridad garantizada por el racor giratorio de 360\u00b0. Adem\u00e1s, presenta una configuraci\u00f3n innovadora gracias a la integraci\u00f3n de una v\u00e1lvula hidr\u00e1ulica de membrana de tipo el\u00edptico, tambi\u00e9n sujeta a patente, que garantiza menores p\u00e9rdidas de carga, una amplia secci\u00f3n de paso y mayor fiabilidad en comparaci\u00f3n con una membrana tradicional. El hidrocontador est\u00e1 equipado con un medidor de caudal ultras\u00f3nico, dotado de salida de pulsos y capaz de medir caudales instant\u00e1neos y vol\u00famenes totales. El sistema ultras\u00f3nico garantiza una elevada precisi\u00f3n incluso con caudales bajos, p\u00e9rdidas de carga muy reducidas, una menor necesidad de mantenimiento y una larga vida \u00fatil debido a la ausencia de \u00f3rganos mec\u00e1nicos m\u00f3viles en el flujo. El aparato se alimenta mediante una bater\u00eda de litio con una duraci\u00f3n de unos 10 a\u00f1os. La junta giratoria asegura una gran comodidad de uso para la gesti\u00f3n de m\u00faltiples usuarios.<\/p>\n<p class=\"p1\"><strong>Caracter\u00edsticas t\u00e9cnicas<\/strong><\/p>\n<p class=\"p2\">Cuerpo, tapa y racor: GGG40 (EN-GJS-400)<\/p>\n<p class=\"p2\">bajo pedido GGG50 (EN-GJS-500)<\/p>\n<p class=\"p2\">Membrana: NR60 Sh reforzada<\/p>\n<p class=\"p2\">Limitador antimanipulaci\u00f3n integrado en el racor<\/p>\n<p class=\"p2\">Modelo de contador: UWM Ultras\u00f3nico<\/p>\n<ul>\n<li class=\"p2\">Relaci\u00f3n (Q<span class=\"s1\">3<\/span>\/Q<span class=\"s1\">1<\/span>) R250<\/li>\n<li class=\"p2\">Resoluci\u00f3n 0,01 m<span class=\"s1\">3<\/span><\/li>\n<li class=\"p2\">Salida de pulsos cada 0,001 &#8211; 1 m<span class=\"s1\">3<\/span><\/li>\n<li class=\"p2\">Pantalla electr\u00f3nica con LCD de 8 d\u00edgitos para caudal y volumen<\/li>\n<\/ul>\n<p class=\"p2\">Conforme al est\u00e1ndar internacional ISO 16399:2014<\/p>\n","protected":false},"excerpt":{"rendered":"<p>El hidrocontador giratorio modelo IER-U es un dispositivo sujeto a la patente europea Ep1984663, que se refiere a la peculiaridad garantizada por el racor giratorio de 360\u00b0. Adem\u00e1s, presenta una  [&#8230;]<\/p>\n","protected":false},"featured_media":6036,"comment_status":"closed","ping_status":"closed","template":"","meta":{"_acf_changed":false},"product_brand":[],"product_cat":[228,247,214],"product_tag":[],"class_list":{"0":"post-6033","1":"product","2":"type-product","3":"status-publish","4":"has-post-thumbnail","6":"product_cat-contadores-de-agua","7":"product_cat-contadores-de-agua-2","8":"product_cat-riego","10":"first","11":"instock","12":"shipping-taxable","13":"product-type-simple"},"acf":[],"yoast_head":"<!-- This site is optimized with the Yoast SEO plugin v27.3 - https:\/\/yoast.com\/product\/yoast-seo-wordpress\/ -->\n<title>Hidrocontador Giratorio IER-U - Tecnidro<\/title>\n<meta name=\"robots\" content=\"index, follow, max-snippet:-1, max-image-preview:large, max-video-preview:-1\" \/>\n<link rel=\"canonical\" href=\"https:\/\/tecnidro.com\/es\/p\/hidrocontador-giratorio-ier-u\/\" \/>\n<meta property=\"og:locale\" content=\"es_ES\" \/>\n<meta property=\"og:type\" content=\"article\" \/>\n<meta property=\"og:title\" content=\"Hidrocontador Giratorio IER-U - Tecnidro\" \/>\n<meta property=\"og:description\" content=\"El hidrocontador giratorio modelo IER-U es un dispositivo sujeto a la patente europea Ep1984663, que se refiere a la peculiaridad garantizada por el racor giratorio de 360\u00b0. Adem\u00e1s, presenta una [...]\" \/>\n<meta property=\"og:url\" content=\"https:\/\/tecnidro.com\/es\/p\/hidrocontador-giratorio-ier-u\/\" \/>\n<meta property=\"og:site_name\" content=\"Tecnidro\" \/>\n<meta property=\"article:publisher\" content=\"https:\/\/www.facebook.com\/profile.php?id=100089971879186\" \/>\n<meta property=\"og:image\" content=\"https:\/\/tecnidro.com\/wp-content\/uploads\/2023\/11\/Idrocontatore-Girevole-IER-U.webp\" \/>\n\t<meta property=\"og:image:width\" content=\"1000\" \/>\n\t<meta property=\"og:image:height\" content=\"1000\" \/>\n\t<meta property=\"og:image:type\" content=\"image\/webp\" \/>\n<meta name=\"twitter:card\" content=\"summary_large_image\" \/>\n<meta name=\"twitter:label1\" content=\"Tiempo de lectura\" \/>\n\t<meta name=\"twitter:data1\" content=\"1 minuto\" \/>\n<script type=\"application\/ld+json\" class=\"yoast-schema-graph\">{\"@context\":\"https:\\\/\\\/schema.org\",\"@graph\":[{\"@type\":\"WebPage\",\"@id\":\"https:\\\/\\\/tecnidro.com\\\/es\\\/p\\\/hidrocontador-giratorio-ier-u\\\/\",\"url\":\"https:\\\/\\\/tecnidro.com\\\/es\\\/p\\\/hidrocontador-giratorio-ier-u\\\/\",\"name\":\"Hidrocontador Giratorio IER-U - Tecnidro\",\"isPartOf\":{\"@id\":\"https:\\\/\\\/tecnidro.com\\\/es\\\/#website\"},\"primaryImageOfPage\":{\"@id\":\"https:\\\/\\\/tecnidro.com\\\/es\\\/p\\\/hidrocontador-giratorio-ier-u\\\/#primaryimage\"},\"image\":{\"@id\":\"https:\\\/\\\/tecnidro.com\\\/es\\\/p\\\/hidrocontador-giratorio-ier-u\\\/#primaryimage\"},\"thumbnailUrl\":\"https:\\\/\\\/tecnidro.com\\\/wp-content\\\/uploads\\\/2023\\\/11\\\/Idrocontatore-Girevole-IER-U.webp\",\"datePublished\":\"2023-11-28T13:49:30+00:00\",\"breadcrumb\":{\"@id\":\"https:\\\/\\\/tecnidro.com\\\/es\\\/p\\\/hidrocontador-giratorio-ier-u\\\/#breadcrumb\"},\"inLanguage\":\"es\",\"potentialAction\":[{\"@type\":\"ReadAction\",\"target\":[\"https:\\\/\\\/tecnidro.com\\\/es\\\/p\\\/hidrocontador-giratorio-ier-u\\\/\"]}]},{\"@type\":\"ImageObject\",\"inLanguage\":\"es\",\"@id\":\"https:\\\/\\\/tecnidro.com\\\/es\\\/p\\\/hidrocontador-giratorio-ier-u\\\/#primaryimage\",\"url\":\"https:\\\/\\\/tecnidro.com\\\/wp-content\\\/uploads\\\/2023\\\/11\\\/Idrocontatore-Girevole-IER-U.webp\",\"contentUrl\":\"https:\\\/\\\/tecnidro.com\\\/wp-content\\\/uploads\\\/2023\\\/11\\\/Idrocontatore-Girevole-IER-U.webp\",\"width\":1000,\"height\":1000,\"caption\":\"Idrocontatore Girevole IER-U\"},{\"@type\":\"BreadcrumbList\",\"@id\":\"https:\\\/\\\/tecnidro.com\\\/es\\\/p\\\/hidrocontador-giratorio-ier-u\\\/#breadcrumb\",\"itemListElement\":[{\"@type\":\"ListItem\",\"position\":1,\"name\":\"Home\",\"item\":\"https:\\\/\\\/tecnidro.com\\\/es\\\/\"},{\"@type\":\"ListItem\",\"position\":2,\"name\":\"Productos y soluciones\",\"item\":\"https:\\\/\\\/tecnidro.com\\\/es\\\/productos-y-soluciones\\\/\"},{\"@type\":\"ListItem\",\"position\":3,\"name\":\"Hidrocontador Giratorio IER-U\"}]},{\"@type\":\"WebSite\",\"@id\":\"https:\\\/\\\/tecnidro.com\\\/es\\\/#website\",\"url\":\"https:\\\/\\\/tecnidro.com\\\/es\\\/\",\"name\":\"Tecnidro\",\"description\":\"Valvole Idrauliche\",\"potentialAction\":[{\"@type\":\"SearchAction\",\"target\":{\"@type\":\"EntryPoint\",\"urlTemplate\":\"https:\\\/\\\/tecnidro.com\\\/es\\\/?s={search_term_string}\"},\"query-input\":{\"@type\":\"PropertyValueSpecification\",\"valueRequired\":true,\"valueName\":\"search_term_string\"}}],\"inLanguage\":\"es\"}]}<\/script>\n<!-- \/ Yoast SEO plugin. -->","yoast_head_json":{"title":"Hidrocontador Giratorio IER-U - Tecnidro","robots":{"index":"index","follow":"follow","max-snippet":"max-snippet:-1","max-image-preview":"max-image-preview:large","max-video-preview":"max-video-preview:-1"},"canonical":"https:\/\/tecnidro.com\/es\/p\/hidrocontador-giratorio-ier-u\/","og_locale":"es_ES","og_type":"article","og_title":"Hidrocontador Giratorio IER-U - Tecnidro","og_description":"El hidrocontador giratorio modelo IER-U es un dispositivo sujeto a la patente europea Ep1984663, que se refiere a la peculiaridad garantizada por el racor giratorio de 360\u00b0. Adem\u00e1s, presenta una [...]","og_url":"https:\/\/tecnidro.com\/es\/p\/hidrocontador-giratorio-ier-u\/","og_site_name":"Tecnidro","article_publisher":"https:\/\/www.facebook.com\/profile.php?id=100089971879186","og_image":[{"width":1000,"height":1000,"url":"https:\/\/tecnidro.com\/wp-content\/uploads\/2023\/11\/Idrocontatore-Girevole-IER-U.webp","type":"image\/webp"}],"twitter_card":"summary_large_image","twitter_misc":{"Tiempo de lectura":"1 minuto"},"schema":{"@context":"https:\/\/schema.org","@graph":[{"@type":"WebPage","@id":"https:\/\/tecnidro.com\/es\/p\/hidrocontador-giratorio-ier-u\/","url":"https:\/\/tecnidro.com\/es\/p\/hidrocontador-giratorio-ier-u\/","name":"Hidrocontador Giratorio IER-U - Tecnidro","isPartOf":{"@id":"https:\/\/tecnidro.com\/es\/#website"},"primaryImageOfPage":{"@id":"https:\/\/tecnidro.com\/es\/p\/hidrocontador-giratorio-ier-u\/#primaryimage"},"image":{"@id":"https:\/\/tecnidro.com\/es\/p\/hidrocontador-giratorio-ier-u\/#primaryimage"},"thumbnailUrl":"https:\/\/tecnidro.com\/wp-content\/uploads\/2023\/11\/Idrocontatore-Girevole-IER-U.webp","datePublished":"2023-11-28T13:49:30+00:00","breadcrumb":{"@id":"https:\/\/tecnidro.com\/es\/p\/hidrocontador-giratorio-ier-u\/#breadcrumb"},"inLanguage":"es","potentialAction":[{"@type":"ReadAction","target":["https:\/\/tecnidro.com\/es\/p\/hidrocontador-giratorio-ier-u\/"]}]},{"@type":"ImageObject","inLanguage":"es","@id":"https:\/\/tecnidro.com\/es\/p\/hidrocontador-giratorio-ier-u\/#primaryimage","url":"https:\/\/tecnidro.com\/wp-content\/uploads\/2023\/11\/Idrocontatore-Girevole-IER-U.webp","contentUrl":"https:\/\/tecnidro.com\/wp-content\/uploads\/2023\/11\/Idrocontatore-Girevole-IER-U.webp","width":1000,"height":1000,"caption":"Idrocontatore Girevole IER-U"},{"@type":"BreadcrumbList","@id":"https:\/\/tecnidro.com\/es\/p\/hidrocontador-giratorio-ier-u\/#breadcrumb","itemListElement":[{"@type":"ListItem","position":1,"name":"Home","item":"https:\/\/tecnidro.com\/es\/"},{"@type":"ListItem","position":2,"name":"Productos y soluciones","item":"https:\/\/tecnidro.com\/es\/productos-y-soluciones\/"},{"@type":"ListItem","position":3,"name":"Hidrocontador Giratorio IER-U"}]},{"@type":"WebSite","@id":"https:\/\/tecnidro.com\/es\/#website","url":"https:\/\/tecnidro.com\/es\/","name":"Tecnidro","description":"Valvole Idrauliche","potentialAction":[{"@type":"SearchAction","target":{"@type":"EntryPoint","urlTemplate":"https:\/\/tecnidro.com\/es\/?s={search_term_string}"},"query-input":{"@type":"PropertyValueSpecification","valueRequired":true,"valueName":"search_term_string"}}],"inLanguage":"es"}]}},"_links":{"self":[{"href":"https:\/\/tecnidro.com\/es\/wp-json\/wp\/v2\/product\/6033","targetHints":{"allow":["GET"]}}],"collection":[{"href":"https:\/\/tecnidro.com\/es\/wp-json\/wp\/v2\/product"}],"about":[{"href":"https:\/\/tecnidro.com\/es\/wp-json\/wp\/v2\/types\/product"}],"replies":[{"embeddable":true,"href":"https:\/\/tecnidro.com\/es\/wp-json\/wp\/v2\/comments?post=6033"}],"wp:featuredmedia":[{"embeddable":true,"href":"https:\/\/tecnidro.com\/es\/wp-json\/wp\/v2\/media\/6036"}],"wp:attachment":[{"href":"https:\/\/tecnidro.com\/es\/wp-json\/wp\/v2\/media?parent=6033"}],"wp:term":[{"taxonomy":"product_brand","embeddable":true,"href":"https:\/\/tecnidro.com\/es\/wp-json\/wp\/v2\/product_brand?post=6033"},{"taxonomy":"product_cat","embeddable":true,"href":"https:\/\/tecnidro.com\/es\/wp-json\/wp\/v2\/product_cat?post=6033"},{"taxonomy":"product_tag","embeddable":true,"href":"https:\/\/tecnidro.com\/es\/wp-json\/wp\/v2\/product_tag?post=6033"}],"curies":[{"name":"wp","href":"https:\/\/api.w.org\/{rel}","templated":true}]}}