{"id":6037,"date":"2023-11-28T14:39:10","date_gmt":"2023-11-28T14:39:10","guid":{"rendered":"https:\/\/tecnidro.com\/p\/piloto-altimetrico\/"},"modified":"2023-11-28T14:39:10","modified_gmt":"2023-11-28T13:39:10","slug":"piloto-altimetrico","status":"publish","type":"product","link":"https:\/\/tecnidro.com\/es\/p\/piloto-altimetrico\/","title":{"rendered":"Piloto altim\u00e9trico"},"content":{"rendered":"<p class=\"p1\"><strong>Uso<\/strong><\/p>\n<p class=\"p1\">Piloto altim\u00e9trico con accionamiento por membrana, que mantiene el nivel m\u00e1ximo en un dep\u00f3sito o cisterna para agua y fluidos neutros no viscosos. No apto para vapor. <\/p>\n<p class=\"p1\"><strong>Datos t\u00e9cnicos<\/strong><\/p>\n<p class=\"p1\">Presi\u00f3n (entrada) de ejercicio: m\u00e1x. 16 bar<br \/>\nRango de regulaci\u00f3n:<br \/>\n&#8211; de 1 a 10 m<br \/>\n&#8211; de 3 a 30 m<\/p>\n<p class=\"p1\">Sensibilidad: 10 cm<br \/>\nTemperatura m\u00e1xima de ejercicio: 60 \u00b0C<br \/>\nPosici\u00f3n de montaje: cualquiera, preferiblemente vertical.<\/p>\n<p class=\"p1\"><strong>Versi\u00f3n<\/strong><\/p>\n<p class=\"p1\">Piloto altim\u00e9trico de 2 v\u00edas de membrana.<br \/>\nConexi\u00f3n roscada hembra seg\u00fan ISO 228.<br \/>\nPartes internas sustituibles.<br \/>\nRacor para man\u00f3metro G 1\/4&#8243;.<br \/>\nAlta precisi\u00f3n de ajuste y buena respuesta gracias a la baja fricci\u00f3n debida a un reducido<\/p>\n","protected":false},"excerpt":{"rendered":"<p>Uso Piloto altim\u00e9trico con accionamiento por membrana, que mantiene el nivel m\u00e1ximo en un dep\u00f3sito o cisterna para agua y fluidos neutros no viscosos. No apto para vapor. Datos t\u00e9cnicos  [&#8230;]<\/p>\n","protected":false},"featured_media":6040,"comment_status":"closed","ping_status":"closed","template":"","meta":{"_acf_changed":false},"product_brand":[],"product_cat":[215,214,230,229],"product_tag":[],"class_list":{"0":"post-6037","1":"product","2":"type-product","3":"status-publish","4":"has-post-thumbnail","6":"product_cat-abastecimiento-de-agua-e-industria","7":"product_cat-riego","8":"product_cat-solenoides-y-pilotos-2","9":"product_cat-solenoides-y-pilotos","11":"first","12":"instock","13":"shipping-taxable","14":"product-type-simple"},"acf":[],"yoast_head":"<!-- This site is optimized with the Yoast SEO plugin v27.3 - https:\/\/yoast.com\/product\/yoast-seo-wordpress\/ -->\n<title>Piloto altim\u00e9trico - Tecnidro<\/title>\n<meta name=\"robots\" content=\"index, follow, max-snippet:-1, max-image-preview:large, max-video-preview:-1\" \/>\n<link rel=\"canonical\" href=\"https:\/\/tecnidro.com\/es\/p\/piloto-altimetrico\/\" \/>\n<meta property=\"og:locale\" content=\"es_ES\" \/>\n<meta property=\"og:type\" content=\"article\" \/>\n<meta property=\"og:title\" content=\"Piloto altim\u00e9trico - Tecnidro\" \/>\n<meta property=\"og:description\" content=\"Uso Piloto altim\u00e9trico con accionamiento por membrana, que mantiene el nivel m\u00e1ximo en un dep\u00f3sito o cisterna para agua y fluidos neutros no viscosos. No apto para vapor. Datos t\u00e9cnicos [...]\" \/>\n<meta property=\"og:url\" content=\"https:\/\/tecnidro.com\/es\/p\/piloto-altimetrico\/\" \/>\n<meta property=\"og:site_name\" content=\"Tecnidro\" \/>\n<meta property=\"article:publisher\" content=\"https:\/\/www.facebook.com\/profile.php?id=100089971879186\" \/>\n<meta property=\"og:image\" content=\"https:\/\/tecnidro.com\/wp-content\/uploads\/2023\/11\/altitude-pilot.webp\" \/>\n\t<meta property=\"og:image:width\" content=\"1000\" \/>\n\t<meta property=\"og:image:height\" content=\"1000\" \/>\n\t<meta property=\"og:image:type\" content=\"image\/webp\" \/>\n<meta name=\"twitter:card\" content=\"summary_large_image\" \/>\n<meta name=\"twitter:label1\" content=\"Tiempo de lectura\" \/>\n\t<meta name=\"twitter:data1\" content=\"1 minuto\" \/>\n<script type=\"application\/ld+json\" class=\"yoast-schema-graph\">{\"@context\":\"https:\\\/\\\/schema.org\",\"@graph\":[{\"@type\":\"WebPage\",\"@id\":\"https:\\\/\\\/tecnidro.com\\\/es\\\/p\\\/piloto-altimetrico\\\/\",\"url\":\"https:\\\/\\\/tecnidro.com\\\/es\\\/p\\\/piloto-altimetrico\\\/\",\"name\":\"Piloto altim\u00e9trico - Tecnidro\",\"isPartOf\":{\"@id\":\"https:\\\/\\\/tecnidro.com\\\/es\\\/#website\"},\"primaryImageOfPage\":{\"@id\":\"https:\\\/\\\/tecnidro.com\\\/es\\\/p\\\/piloto-altimetrico\\\/#primaryimage\"},\"image\":{\"@id\":\"https:\\\/\\\/tecnidro.com\\\/es\\\/p\\\/piloto-altimetrico\\\/#primaryimage\"},\"thumbnailUrl\":\"https:\\\/\\\/tecnidro.com\\\/wp-content\\\/uploads\\\/2023\\\/11\\\/altitude-pilot.webp\",\"datePublished\":\"2023-11-28T14:39:10+00:00\",\"breadcrumb\":{\"@id\":\"https:\\\/\\\/tecnidro.com\\\/es\\\/p\\\/piloto-altimetrico\\\/#breadcrumb\"},\"inLanguage\":\"es\",\"potentialAction\":[{\"@type\":\"ReadAction\",\"target\":[\"https:\\\/\\\/tecnidro.com\\\/es\\\/p\\\/piloto-altimetrico\\\/\"]}]},{\"@type\":\"ImageObject\",\"inLanguage\":\"es\",\"@id\":\"https:\\\/\\\/tecnidro.com\\\/es\\\/p\\\/piloto-altimetrico\\\/#primaryimage\",\"url\":\"https:\\\/\\\/tecnidro.com\\\/wp-content\\\/uploads\\\/2023\\\/11\\\/altitude-pilot.webp\",\"contentUrl\":\"https:\\\/\\\/tecnidro.com\\\/wp-content\\\/uploads\\\/2023\\\/11\\\/altitude-pilot.webp\",\"width\":1000,\"height\":1000,\"caption\":\"Altitude Pilot\"},{\"@type\":\"BreadcrumbList\",\"@id\":\"https:\\\/\\\/tecnidro.com\\\/es\\\/p\\\/piloto-altimetrico\\\/#breadcrumb\",\"itemListElement\":[{\"@type\":\"ListItem\",\"position\":1,\"name\":\"Home\",\"item\":\"https:\\\/\\\/tecnidro.com\\\/es\\\/\"},{\"@type\":\"ListItem\",\"position\":2,\"name\":\"Productos y soluciones\",\"item\":\"https:\\\/\\\/tecnidro.com\\\/es\\\/productos-y-soluciones\\\/\"},{\"@type\":\"ListItem\",\"position\":3,\"name\":\"Piloto altim\u00e9trico\"}]},{\"@type\":\"WebSite\",\"@id\":\"https:\\\/\\\/tecnidro.com\\\/es\\\/#website\",\"url\":\"https:\\\/\\\/tecnidro.com\\\/es\\\/\",\"name\":\"Tecnidro\",\"description\":\"Valvole Idrauliche\",\"potentialAction\":[{\"@type\":\"SearchAction\",\"target\":{\"@type\":\"EntryPoint\",\"urlTemplate\":\"https:\\\/\\\/tecnidro.com\\\/es\\\/?s={search_term_string}\"},\"query-input\":{\"@type\":\"PropertyValueSpecification\",\"valueRequired\":true,\"valueName\":\"search_term_string\"}}],\"inLanguage\":\"es\"}]}<\/script>\n<!-- \/ Yoast SEO plugin. -->","yoast_head_json":{"title":"Piloto altim\u00e9trico - Tecnidro","robots":{"index":"index","follow":"follow","max-snippet":"max-snippet:-1","max-image-preview":"max-image-preview:large","max-video-preview":"max-video-preview:-1"},"canonical":"https:\/\/tecnidro.com\/es\/p\/piloto-altimetrico\/","og_locale":"es_ES","og_type":"article","og_title":"Piloto altim\u00e9trico - Tecnidro","og_description":"Uso Piloto altim\u00e9trico con accionamiento por membrana, que mantiene el nivel m\u00e1ximo en un dep\u00f3sito o cisterna para agua y fluidos neutros no viscosos. No apto para vapor. Datos t\u00e9cnicos [...]","og_url":"https:\/\/tecnidro.com\/es\/p\/piloto-altimetrico\/","og_site_name":"Tecnidro","article_publisher":"https:\/\/www.facebook.com\/profile.php?id=100089971879186","og_image":[{"width":1000,"height":1000,"url":"https:\/\/tecnidro.com\/wp-content\/uploads\/2023\/11\/altitude-pilot.webp","type":"image\/webp"}],"twitter_card":"summary_large_image","twitter_misc":{"Tiempo de lectura":"1 minuto"},"schema":{"@context":"https:\/\/schema.org","@graph":[{"@type":"WebPage","@id":"https:\/\/tecnidro.com\/es\/p\/piloto-altimetrico\/","url":"https:\/\/tecnidro.com\/es\/p\/piloto-altimetrico\/","name":"Piloto altim\u00e9trico - Tecnidro","isPartOf":{"@id":"https:\/\/tecnidro.com\/es\/#website"},"primaryImageOfPage":{"@id":"https:\/\/tecnidro.com\/es\/p\/piloto-altimetrico\/#primaryimage"},"image":{"@id":"https:\/\/tecnidro.com\/es\/p\/piloto-altimetrico\/#primaryimage"},"thumbnailUrl":"https:\/\/tecnidro.com\/wp-content\/uploads\/2023\/11\/altitude-pilot.webp","datePublished":"2023-11-28T14:39:10+00:00","breadcrumb":{"@id":"https:\/\/tecnidro.com\/es\/p\/piloto-altimetrico\/#breadcrumb"},"inLanguage":"es","potentialAction":[{"@type":"ReadAction","target":["https:\/\/tecnidro.com\/es\/p\/piloto-altimetrico\/"]}]},{"@type":"ImageObject","inLanguage":"es","@id":"https:\/\/tecnidro.com\/es\/p\/piloto-altimetrico\/#primaryimage","url":"https:\/\/tecnidro.com\/wp-content\/uploads\/2023\/11\/altitude-pilot.webp","contentUrl":"https:\/\/tecnidro.com\/wp-content\/uploads\/2023\/11\/altitude-pilot.webp","width":1000,"height":1000,"caption":"Altitude Pilot"},{"@type":"BreadcrumbList","@id":"https:\/\/tecnidro.com\/es\/p\/piloto-altimetrico\/#breadcrumb","itemListElement":[{"@type":"ListItem","position":1,"name":"Home","item":"https:\/\/tecnidro.com\/es\/"},{"@type":"ListItem","position":2,"name":"Productos y soluciones","item":"https:\/\/tecnidro.com\/es\/productos-y-soluciones\/"},{"@type":"ListItem","position":3,"name":"Piloto altim\u00e9trico"}]},{"@type":"WebSite","@id":"https:\/\/tecnidro.com\/es\/#website","url":"https:\/\/tecnidro.com\/es\/","name":"Tecnidro","description":"Valvole Idrauliche","potentialAction":[{"@type":"SearchAction","target":{"@type":"EntryPoint","urlTemplate":"https:\/\/tecnidro.com\/es\/?s={search_term_string}"},"query-input":{"@type":"PropertyValueSpecification","valueRequired":true,"valueName":"search_term_string"}}],"inLanguage":"es"}]}},"_links":{"self":[{"href":"https:\/\/tecnidro.com\/es\/wp-json\/wp\/v2\/product\/6037","targetHints":{"allow":["GET"]}}],"collection":[{"href":"https:\/\/tecnidro.com\/es\/wp-json\/wp\/v2\/product"}],"about":[{"href":"https:\/\/tecnidro.com\/es\/wp-json\/wp\/v2\/types\/product"}],"replies":[{"embeddable":true,"href":"https:\/\/tecnidro.com\/es\/wp-json\/wp\/v2\/comments?post=6037"}],"wp:featuredmedia":[{"embeddable":true,"href":"https:\/\/tecnidro.com\/es\/wp-json\/wp\/v2\/media\/6040"}],"wp:attachment":[{"href":"https:\/\/tecnidro.com\/es\/wp-json\/wp\/v2\/media?parent=6037"}],"wp:term":[{"taxonomy":"product_brand","embeddable":true,"href":"https:\/\/tecnidro.com\/es\/wp-json\/wp\/v2\/product_brand?post=6037"},{"taxonomy":"product_cat","embeddable":true,"href":"https:\/\/tecnidro.com\/es\/wp-json\/wp\/v2\/product_cat?post=6037"},{"taxonomy":"product_tag","embeddable":true,"href":"https:\/\/tecnidro.com\/es\/wp-json\/wp\/v2\/product_tag?post=6037"}],"curies":[{"name":"wp","href":"https:\/\/api.w.org\/{rel}","templated":true}]}}