{"id":6046,"date":"2023-11-28T13:54:09","date_gmt":"2023-11-28T13:54:09","guid":{"rendered":"https:\/\/tecnidro.com\/p\/hidrocontador-hydroval-ilc\/"},"modified":"2023-11-28T13:54:09","modified_gmt":"2023-11-28T12:54:09","slug":"hidrocontador-hydroval-ilc","status":"publish","type":"product","link":"https:\/\/tecnidro.com\/es\/p\/hidrocontador-hydroval-ilc\/","title":{"rendered":"Hidrocontador Hydroval ILC"},"content":{"rendered":"<p>El hidrocontador modelo ILC ha sido dise\u00f1ado con una forma innovadora con el objetivo de minimizar las p\u00e9rdidas de carga (membrana el\u00edptica) y simplificar el proceso de distribuci\u00f3n de agua. Este modelo est\u00e1 protegido por una patente europea. Los componentes como la membrana y la v\u00e1lvula de bola motorizada que caracterizan a este producto garantizan una vida \u00fatil m\u00e1s larga que la del hidrocontador cl\u00e1sico.  <\/p>\n<p><strong>Caracter\u00edsticas t\u00e9cnicas<\/strong><br \/>\nCuerpo: GG25 (EN-GJL-250) o GGG40 (EN-GJS-400)<br \/>\nTapa: GG25 (EN-GJL-250) o GGG40 (EN-GJS-400)<br \/>\nMembrana: NR60 Sh reforzada<br \/>\nModelo de contador: TW-P tangencial<br \/>\n&#8211; Transmisi\u00f3n magn\u00e9tica<br \/>\n&#8211; Esfera seca de 7 rodillos<\/p>\n","protected":false},"excerpt":{"rendered":"<p>El hidrocontador modelo ILC ha sido dise\u00f1ado con una forma innovadora con el objetivo de minimizar las p\u00e9rdidas de carga (membrana el\u00edptica) y simplificar el proceso de distribuci\u00f3n de agua.  [&#8230;]<\/p>\n","protected":false},"featured_media":6050,"comment_status":"closed","ping_status":"closed","template":"","meta":{"_acf_changed":false},"product_brand":[],"product_cat":[247,228,214],"product_tag":[],"class_list":{"0":"post-6046","1":"product","2":"type-product","3":"status-publish","4":"has-post-thumbnail","6":"product_cat-contadores-de-agua-2","7":"product_cat-contadores-de-agua","8":"product_cat-riego","10":"first","11":"instock","12":"shipping-taxable","13":"product-type-simple"},"acf":[],"yoast_head":"<!-- This site is optimized with the Yoast SEO plugin v27.3 - https:\/\/yoast.com\/product\/yoast-seo-wordpress\/ -->\n<title>Hidrocontador Hydroval ILC - Tecnidro<\/title>\n<meta name=\"robots\" content=\"index, follow, max-snippet:-1, max-image-preview:large, max-video-preview:-1\" \/>\n<link rel=\"canonical\" href=\"https:\/\/tecnidro.com\/es\/p\/hidrocontador-hydroval-ilc\/\" \/>\n<meta property=\"og:locale\" content=\"es_ES\" \/>\n<meta property=\"og:type\" content=\"article\" \/>\n<meta property=\"og:title\" content=\"Hidrocontador Hydroval ILC - Tecnidro\" \/>\n<meta property=\"og:description\" content=\"El hidrocontador modelo ILC ha sido dise\u00f1ado con una forma innovadora con el objetivo de minimizar las p\u00e9rdidas de carga (membrana el\u00edptica) y simplificar el proceso de distribuci\u00f3n de agua. [...]\" \/>\n<meta property=\"og:url\" content=\"https:\/\/tecnidro.com\/es\/p\/hidrocontador-hydroval-ilc\/\" \/>\n<meta property=\"og:site_name\" content=\"Tecnidro\" \/>\n<meta property=\"article:publisher\" content=\"https:\/\/www.facebook.com\/profile.php?id=100089971879186\" \/>\n<meta property=\"og:image\" content=\"https:\/\/tecnidro.com\/wp-content\/uploads\/2023\/11\/Idrocontatore-Hydroval-ILC.webp\" \/>\n\t<meta property=\"og:image:width\" content=\"1000\" \/>\n\t<meta property=\"og:image:height\" content=\"1000\" \/>\n\t<meta property=\"og:image:type\" content=\"image\/webp\" \/>\n<meta name=\"twitter:card\" content=\"summary_large_image\" \/>\n<meta name=\"twitter:label1\" content=\"Tiempo de lectura\" \/>\n\t<meta name=\"twitter:data1\" content=\"1 minuto\" \/>\n<script type=\"application\/ld+json\" class=\"yoast-schema-graph\">{\"@context\":\"https:\\\/\\\/schema.org\",\"@graph\":[{\"@type\":\"WebPage\",\"@id\":\"https:\\\/\\\/tecnidro.com\\\/es\\\/p\\\/hidrocontador-hydroval-ilc\\\/\",\"url\":\"https:\\\/\\\/tecnidro.com\\\/es\\\/p\\\/hidrocontador-hydroval-ilc\\\/\",\"name\":\"Hidrocontador Hydroval ILC - Tecnidro\",\"isPartOf\":{\"@id\":\"https:\\\/\\\/tecnidro.com\\\/es\\\/#website\"},\"primaryImageOfPage\":{\"@id\":\"https:\\\/\\\/tecnidro.com\\\/es\\\/p\\\/hidrocontador-hydroval-ilc\\\/#primaryimage\"},\"image\":{\"@id\":\"https:\\\/\\\/tecnidro.com\\\/es\\\/p\\\/hidrocontador-hydroval-ilc\\\/#primaryimage\"},\"thumbnailUrl\":\"https:\\\/\\\/tecnidro.com\\\/wp-content\\\/uploads\\\/2023\\\/11\\\/Idrocontatore-Hydroval-ILC.webp\",\"datePublished\":\"2023-11-28T13:54:09+00:00\",\"breadcrumb\":{\"@id\":\"https:\\\/\\\/tecnidro.com\\\/es\\\/p\\\/hidrocontador-hydroval-ilc\\\/#breadcrumb\"},\"inLanguage\":\"es\",\"potentialAction\":[{\"@type\":\"ReadAction\",\"target\":[\"https:\\\/\\\/tecnidro.com\\\/es\\\/p\\\/hidrocontador-hydroval-ilc\\\/\"]}]},{\"@type\":\"ImageObject\",\"inLanguage\":\"es\",\"@id\":\"https:\\\/\\\/tecnidro.com\\\/es\\\/p\\\/hidrocontador-hydroval-ilc\\\/#primaryimage\",\"url\":\"https:\\\/\\\/tecnidro.com\\\/wp-content\\\/uploads\\\/2023\\\/11\\\/Idrocontatore-Hydroval-ILC.webp\",\"contentUrl\":\"https:\\\/\\\/tecnidro.com\\\/wp-content\\\/uploads\\\/2023\\\/11\\\/Idrocontatore-Hydroval-ILC.webp\",\"width\":1000,\"height\":1000,\"caption\":\"Idrocontatore Hydroval ILC\"},{\"@type\":\"BreadcrumbList\",\"@id\":\"https:\\\/\\\/tecnidro.com\\\/es\\\/p\\\/hidrocontador-hydroval-ilc\\\/#breadcrumb\",\"itemListElement\":[{\"@type\":\"ListItem\",\"position\":1,\"name\":\"Home\",\"item\":\"https:\\\/\\\/tecnidro.com\\\/es\\\/\"},{\"@type\":\"ListItem\",\"position\":2,\"name\":\"Productos y soluciones\",\"item\":\"https:\\\/\\\/tecnidro.com\\\/es\\\/productos-y-soluciones\\\/\"},{\"@type\":\"ListItem\",\"position\":3,\"name\":\"Hidrocontador Hydroval ILC\"}]},{\"@type\":\"WebSite\",\"@id\":\"https:\\\/\\\/tecnidro.com\\\/es\\\/#website\",\"url\":\"https:\\\/\\\/tecnidro.com\\\/es\\\/\",\"name\":\"Tecnidro\",\"description\":\"Valvole Idrauliche\",\"potentialAction\":[{\"@type\":\"SearchAction\",\"target\":{\"@type\":\"EntryPoint\",\"urlTemplate\":\"https:\\\/\\\/tecnidro.com\\\/es\\\/?s={search_term_string}\"},\"query-input\":{\"@type\":\"PropertyValueSpecification\",\"valueRequired\":true,\"valueName\":\"search_term_string\"}}],\"inLanguage\":\"es\"}]}<\/script>\n<!-- \/ Yoast SEO plugin. -->","yoast_head_json":{"title":"Hidrocontador Hydroval ILC - Tecnidro","robots":{"index":"index","follow":"follow","max-snippet":"max-snippet:-1","max-image-preview":"max-image-preview:large","max-video-preview":"max-video-preview:-1"},"canonical":"https:\/\/tecnidro.com\/es\/p\/hidrocontador-hydroval-ilc\/","og_locale":"es_ES","og_type":"article","og_title":"Hidrocontador Hydroval ILC - Tecnidro","og_description":"El hidrocontador modelo ILC ha sido dise\u00f1ado con una forma innovadora con el objetivo de minimizar las p\u00e9rdidas de carga (membrana el\u00edptica) y simplificar el proceso de distribuci\u00f3n de agua. [...]","og_url":"https:\/\/tecnidro.com\/es\/p\/hidrocontador-hydroval-ilc\/","og_site_name":"Tecnidro","article_publisher":"https:\/\/www.facebook.com\/profile.php?id=100089971879186","og_image":[{"width":1000,"height":1000,"url":"https:\/\/tecnidro.com\/wp-content\/uploads\/2023\/11\/Idrocontatore-Hydroval-ILC.webp","type":"image\/webp"}],"twitter_card":"summary_large_image","twitter_misc":{"Tiempo de lectura":"1 minuto"},"schema":{"@context":"https:\/\/schema.org","@graph":[{"@type":"WebPage","@id":"https:\/\/tecnidro.com\/es\/p\/hidrocontador-hydroval-ilc\/","url":"https:\/\/tecnidro.com\/es\/p\/hidrocontador-hydroval-ilc\/","name":"Hidrocontador Hydroval ILC - Tecnidro","isPartOf":{"@id":"https:\/\/tecnidro.com\/es\/#website"},"primaryImageOfPage":{"@id":"https:\/\/tecnidro.com\/es\/p\/hidrocontador-hydroval-ilc\/#primaryimage"},"image":{"@id":"https:\/\/tecnidro.com\/es\/p\/hidrocontador-hydroval-ilc\/#primaryimage"},"thumbnailUrl":"https:\/\/tecnidro.com\/wp-content\/uploads\/2023\/11\/Idrocontatore-Hydroval-ILC.webp","datePublished":"2023-11-28T13:54:09+00:00","breadcrumb":{"@id":"https:\/\/tecnidro.com\/es\/p\/hidrocontador-hydroval-ilc\/#breadcrumb"},"inLanguage":"es","potentialAction":[{"@type":"ReadAction","target":["https:\/\/tecnidro.com\/es\/p\/hidrocontador-hydroval-ilc\/"]}]},{"@type":"ImageObject","inLanguage":"es","@id":"https:\/\/tecnidro.com\/es\/p\/hidrocontador-hydroval-ilc\/#primaryimage","url":"https:\/\/tecnidro.com\/wp-content\/uploads\/2023\/11\/Idrocontatore-Hydroval-ILC.webp","contentUrl":"https:\/\/tecnidro.com\/wp-content\/uploads\/2023\/11\/Idrocontatore-Hydroval-ILC.webp","width":1000,"height":1000,"caption":"Idrocontatore Hydroval ILC"},{"@type":"BreadcrumbList","@id":"https:\/\/tecnidro.com\/es\/p\/hidrocontador-hydroval-ilc\/#breadcrumb","itemListElement":[{"@type":"ListItem","position":1,"name":"Home","item":"https:\/\/tecnidro.com\/es\/"},{"@type":"ListItem","position":2,"name":"Productos y soluciones","item":"https:\/\/tecnidro.com\/es\/productos-y-soluciones\/"},{"@type":"ListItem","position":3,"name":"Hidrocontador Hydroval ILC"}]},{"@type":"WebSite","@id":"https:\/\/tecnidro.com\/es\/#website","url":"https:\/\/tecnidro.com\/es\/","name":"Tecnidro","description":"Valvole Idrauliche","potentialAction":[{"@type":"SearchAction","target":{"@type":"EntryPoint","urlTemplate":"https:\/\/tecnidro.com\/es\/?s={search_term_string}"},"query-input":{"@type":"PropertyValueSpecification","valueRequired":true,"valueName":"search_term_string"}}],"inLanguage":"es"}]}},"_links":{"self":[{"href":"https:\/\/tecnidro.com\/es\/wp-json\/wp\/v2\/product\/6046","targetHints":{"allow":["GET"]}}],"collection":[{"href":"https:\/\/tecnidro.com\/es\/wp-json\/wp\/v2\/product"}],"about":[{"href":"https:\/\/tecnidro.com\/es\/wp-json\/wp\/v2\/types\/product"}],"replies":[{"embeddable":true,"href":"https:\/\/tecnidro.com\/es\/wp-json\/wp\/v2\/comments?post=6046"}],"wp:featuredmedia":[{"embeddable":true,"href":"https:\/\/tecnidro.com\/es\/wp-json\/wp\/v2\/media\/6050"}],"wp:attachment":[{"href":"https:\/\/tecnidro.com\/es\/wp-json\/wp\/v2\/media?parent=6046"}],"wp:term":[{"taxonomy":"product_brand","embeddable":true,"href":"https:\/\/tecnidro.com\/es\/wp-json\/wp\/v2\/product_brand?post=6046"},{"taxonomy":"product_cat","embeddable":true,"href":"https:\/\/tecnidro.com\/es\/wp-json\/wp\/v2\/product_cat?post=6046"},{"taxonomy":"product_tag","embeddable":true,"href":"https:\/\/tecnidro.com\/es\/wp-json\/wp\/v2\/product_tag?post=6046"}],"curies":[{"name":"wp","href":"https:\/\/api.w.org\/{rel}","templated":true}]}}