{"id":6052,"date":"2023-11-21T15:49:43","date_gmt":"2023-11-21T15:49:43","guid":{"rendered":"https:\/\/tecnidro.com\/p\/hidrocontador-de-doble-brida-hydroval2-idu2\/"},"modified":"2023-11-21T15:49:43","modified_gmt":"2023-11-21T14:49:43","slug":"hidrocontador-de-doble-brida-hydroval2-idu2","status":"publish","type":"product","link":"https:\/\/tecnidro.com\/es\/p\/hidrocontador-de-doble-brida-hydroval2-idu2\/","title":{"rendered":"Hidrocontador de doble brida Hydroval2 IDU2"},"content":{"rendered":"<p>El hidrocontador modelo IDU2 ha sido dise\u00f1ado con el objetivo de minimizar las p\u00e9rdidas de carga mediante el uso de una v\u00e1lvula de caracter\u00edsticas innovadoras (con membrana el\u00edptica de segunda generaci\u00f3n). Este modelo est\u00e1 protegido por una Patente Europea. El hidrocontador est\u00e1 equipado con un caudal\u00edmetro ultras\u00f3nico, dotado de salida de pulsos y capaz de medir los caudales instant\u00e1neos y los vol\u00famenes totales. El sistema ultras\u00f3nico garantiza una elevada precisi\u00f3n incluso con caudales bajos, p\u00e9rdidas de carga m\u00ednimas, una reducida necesidad de mantenimiento y una larga vida \u00fatil gracias a la ausencia de piezas mec\u00e1nicas m\u00f3viles en el flujo. El aparato funciona con una bater\u00eda de litio con una duraci\u00f3n de unos 10 a\u00f1os. Los componentes (membrana, contador ultras\u00f3nico, v\u00e1lvula de bola motorizada en el circuito hidr\u00e1ulico) que caracterizan a este producto garantizan una vida operativa m\u00e1s duradera que la de un hidrocontador cl\u00e1sico y permiten optimizar el proceso de distribuci\u00f3n de agua.     <\/p>\n<p><strong>Caracter\u00edsticas t\u00e9cnicas<\/strong><br \/>\nCuerpo y tapa: GGG40 (EN-GJS-400)<br \/>\nMembrana: NR60 Sh reforzada<br \/>\nModelo de contador: UWM ultras\u00f3nico<\/p>\n<ul>\n<li>Relaci\u00f3n (Q3\/Q1) R250<\/li>\n<li>Resoluci\u00f3n 0,01 m\u00b3<\/li>\n<li>Salida de pulsos cada 0,001 &#8211; 1 m\u00b3<\/li>\n<li>Pantalla electr\u00f3nica con LCD de 8 d\u00edgitos para caudal y volumen<\/li>\n<\/ul>\n<p>Conforme al est\u00e1ndar internacional ISO 16399:2014<\/p>\n","protected":false},"excerpt":{"rendered":"<p>El hidrocontador modelo IDU2 ha sido dise\u00f1ado con el objetivo de minimizar las p\u00e9rdidas de carga mediante el uso de una v\u00e1lvula de caracter\u00edsticas innovadoras (con membrana el\u00edptica de segunda  [&#8230;]<\/p>\n","protected":false},"featured_media":6056,"comment_status":"closed","ping_status":"closed","template":"","meta":{"_acf_changed":false},"product_brand":[],"product_cat":[247,228,214],"product_tag":[],"class_list":{"0":"post-6052","1":"product","2":"type-product","3":"status-publish","4":"has-post-thumbnail","6":"product_cat-contadores-de-agua-2","7":"product_cat-contadores-de-agua","8":"product_cat-riego","10":"first","11":"instock","12":"shipping-taxable","13":"product-type-simple"},"acf":[],"yoast_head":"<!-- This site is optimized with the Yoast SEO plugin v27.3 - https:\/\/yoast.com\/product\/yoast-seo-wordpress\/ -->\n<title>Hidrocontador de doble brida Hydroval2 IDU2 - Tecnidro<\/title>\n<meta name=\"robots\" content=\"index, follow, max-snippet:-1, max-image-preview:large, max-video-preview:-1\" \/>\n<link rel=\"canonical\" href=\"https:\/\/tecnidro.com\/es\/p\/hidrocontador-de-doble-brida-hydroval2-idu2\/\" \/>\n<meta property=\"og:locale\" content=\"es_ES\" \/>\n<meta property=\"og:type\" content=\"article\" \/>\n<meta property=\"og:title\" content=\"Hidrocontador de doble brida Hydroval2 IDU2 - Tecnidro\" \/>\n<meta property=\"og:description\" content=\"El hidrocontador modelo IDU2 ha sido dise\u00f1ado con el objetivo de minimizar las p\u00e9rdidas de carga mediante el uso de una v\u00e1lvula de caracter\u00edsticas innovadoras (con membrana el\u00edptica de segunda [...]\" \/>\n<meta property=\"og:url\" content=\"https:\/\/tecnidro.com\/es\/p\/hidrocontador-de-doble-brida-hydroval2-idu2\/\" \/>\n<meta property=\"og:site_name\" content=\"Tecnidro\" \/>\n<meta property=\"article:publisher\" content=\"https:\/\/www.facebook.com\/profile.php?id=100089971879186\" \/>\n<meta property=\"og:image\" content=\"https:\/\/tecnidro.com\/wp-content\/uploads\/2023\/11\/Idrocontatore-Biflangiato-Hydroval2-IDU2.webp\" \/>\n\t<meta property=\"og:image:width\" content=\"1000\" \/>\n\t<meta property=\"og:image:height\" content=\"1000\" \/>\n\t<meta property=\"og:image:type\" content=\"image\/webp\" \/>\n<meta name=\"twitter:card\" content=\"summary_large_image\" \/>\n<meta name=\"twitter:label1\" content=\"Tiempo de lectura\" \/>\n\t<meta name=\"twitter:data1\" content=\"1 minuto\" \/>\n<script type=\"application\/ld+json\" class=\"yoast-schema-graph\">{\"@context\":\"https:\\\/\\\/schema.org\",\"@graph\":[{\"@type\":\"WebPage\",\"@id\":\"https:\\\/\\\/tecnidro.com\\\/es\\\/p\\\/hidrocontador-de-doble-brida-hydroval2-idu2\\\/\",\"url\":\"https:\\\/\\\/tecnidro.com\\\/es\\\/p\\\/hidrocontador-de-doble-brida-hydroval2-idu2\\\/\",\"name\":\"Hidrocontador de doble brida Hydroval2 IDU2 - Tecnidro\",\"isPartOf\":{\"@id\":\"https:\\\/\\\/tecnidro.com\\\/es\\\/#website\"},\"primaryImageOfPage\":{\"@id\":\"https:\\\/\\\/tecnidro.com\\\/es\\\/p\\\/hidrocontador-de-doble-brida-hydroval2-idu2\\\/#primaryimage\"},\"image\":{\"@id\":\"https:\\\/\\\/tecnidro.com\\\/es\\\/p\\\/hidrocontador-de-doble-brida-hydroval2-idu2\\\/#primaryimage\"},\"thumbnailUrl\":\"https:\\\/\\\/tecnidro.com\\\/wp-content\\\/uploads\\\/2023\\\/11\\\/Idrocontatore-Biflangiato-Hydroval2-IDU2.webp\",\"datePublished\":\"2023-11-21T15:49:43+00:00\",\"breadcrumb\":{\"@id\":\"https:\\\/\\\/tecnidro.com\\\/es\\\/p\\\/hidrocontador-de-doble-brida-hydroval2-idu2\\\/#breadcrumb\"},\"inLanguage\":\"es\",\"potentialAction\":[{\"@type\":\"ReadAction\",\"target\":[\"https:\\\/\\\/tecnidro.com\\\/es\\\/p\\\/hidrocontador-de-doble-brida-hydroval2-idu2\\\/\"]}]},{\"@type\":\"ImageObject\",\"inLanguage\":\"es\",\"@id\":\"https:\\\/\\\/tecnidro.com\\\/es\\\/p\\\/hidrocontador-de-doble-brida-hydroval2-idu2\\\/#primaryimage\",\"url\":\"https:\\\/\\\/tecnidro.com\\\/wp-content\\\/uploads\\\/2023\\\/11\\\/Idrocontatore-Biflangiato-Hydroval2-IDU2.webp\",\"contentUrl\":\"https:\\\/\\\/tecnidro.com\\\/wp-content\\\/uploads\\\/2023\\\/11\\\/Idrocontatore-Biflangiato-Hydroval2-IDU2.webp\",\"width\":1000,\"height\":1000,\"caption\":\"Idrocontatore Biflangiato Hydroval2 IDU2\"},{\"@type\":\"BreadcrumbList\",\"@id\":\"https:\\\/\\\/tecnidro.com\\\/es\\\/p\\\/hidrocontador-de-doble-brida-hydroval2-idu2\\\/#breadcrumb\",\"itemListElement\":[{\"@type\":\"ListItem\",\"position\":1,\"name\":\"Home\",\"item\":\"https:\\\/\\\/tecnidro.com\\\/es\\\/\"},{\"@type\":\"ListItem\",\"position\":2,\"name\":\"Productos y soluciones\",\"item\":\"https:\\\/\\\/tecnidro.com\\\/es\\\/productos-y-soluciones\\\/\"},{\"@type\":\"ListItem\",\"position\":3,\"name\":\"Hidrocontador de doble brida Hydroval2 IDU2\"}]},{\"@type\":\"WebSite\",\"@id\":\"https:\\\/\\\/tecnidro.com\\\/es\\\/#website\",\"url\":\"https:\\\/\\\/tecnidro.com\\\/es\\\/\",\"name\":\"Tecnidro\",\"description\":\"Valvole Idrauliche\",\"potentialAction\":[{\"@type\":\"SearchAction\",\"target\":{\"@type\":\"EntryPoint\",\"urlTemplate\":\"https:\\\/\\\/tecnidro.com\\\/es\\\/?s={search_term_string}\"},\"query-input\":{\"@type\":\"PropertyValueSpecification\",\"valueRequired\":true,\"valueName\":\"search_term_string\"}}],\"inLanguage\":\"es\"}]}<\/script>\n<!-- \/ Yoast SEO plugin. -->","yoast_head_json":{"title":"Hidrocontador de doble brida Hydroval2 IDU2 - Tecnidro","robots":{"index":"index","follow":"follow","max-snippet":"max-snippet:-1","max-image-preview":"max-image-preview:large","max-video-preview":"max-video-preview:-1"},"canonical":"https:\/\/tecnidro.com\/es\/p\/hidrocontador-de-doble-brida-hydroval2-idu2\/","og_locale":"es_ES","og_type":"article","og_title":"Hidrocontador de doble brida Hydroval2 IDU2 - Tecnidro","og_description":"El hidrocontador modelo IDU2 ha sido dise\u00f1ado con el objetivo de minimizar las p\u00e9rdidas de carga mediante el uso de una v\u00e1lvula de caracter\u00edsticas innovadoras (con membrana el\u00edptica de segunda [...]","og_url":"https:\/\/tecnidro.com\/es\/p\/hidrocontador-de-doble-brida-hydroval2-idu2\/","og_site_name":"Tecnidro","article_publisher":"https:\/\/www.facebook.com\/profile.php?id=100089971879186","og_image":[{"width":1000,"height":1000,"url":"https:\/\/tecnidro.com\/wp-content\/uploads\/2023\/11\/Idrocontatore-Biflangiato-Hydroval2-IDU2.webp","type":"image\/webp"}],"twitter_card":"summary_large_image","twitter_misc":{"Tiempo de lectura":"1 minuto"},"schema":{"@context":"https:\/\/schema.org","@graph":[{"@type":"WebPage","@id":"https:\/\/tecnidro.com\/es\/p\/hidrocontador-de-doble-brida-hydroval2-idu2\/","url":"https:\/\/tecnidro.com\/es\/p\/hidrocontador-de-doble-brida-hydroval2-idu2\/","name":"Hidrocontador de doble brida Hydroval2 IDU2 - Tecnidro","isPartOf":{"@id":"https:\/\/tecnidro.com\/es\/#website"},"primaryImageOfPage":{"@id":"https:\/\/tecnidro.com\/es\/p\/hidrocontador-de-doble-brida-hydroval2-idu2\/#primaryimage"},"image":{"@id":"https:\/\/tecnidro.com\/es\/p\/hidrocontador-de-doble-brida-hydroval2-idu2\/#primaryimage"},"thumbnailUrl":"https:\/\/tecnidro.com\/wp-content\/uploads\/2023\/11\/Idrocontatore-Biflangiato-Hydroval2-IDU2.webp","datePublished":"2023-11-21T15:49:43+00:00","breadcrumb":{"@id":"https:\/\/tecnidro.com\/es\/p\/hidrocontador-de-doble-brida-hydroval2-idu2\/#breadcrumb"},"inLanguage":"es","potentialAction":[{"@type":"ReadAction","target":["https:\/\/tecnidro.com\/es\/p\/hidrocontador-de-doble-brida-hydroval2-idu2\/"]}]},{"@type":"ImageObject","inLanguage":"es","@id":"https:\/\/tecnidro.com\/es\/p\/hidrocontador-de-doble-brida-hydroval2-idu2\/#primaryimage","url":"https:\/\/tecnidro.com\/wp-content\/uploads\/2023\/11\/Idrocontatore-Biflangiato-Hydroval2-IDU2.webp","contentUrl":"https:\/\/tecnidro.com\/wp-content\/uploads\/2023\/11\/Idrocontatore-Biflangiato-Hydroval2-IDU2.webp","width":1000,"height":1000,"caption":"Idrocontatore Biflangiato Hydroval2 IDU2"},{"@type":"BreadcrumbList","@id":"https:\/\/tecnidro.com\/es\/p\/hidrocontador-de-doble-brida-hydroval2-idu2\/#breadcrumb","itemListElement":[{"@type":"ListItem","position":1,"name":"Home","item":"https:\/\/tecnidro.com\/es\/"},{"@type":"ListItem","position":2,"name":"Productos y soluciones","item":"https:\/\/tecnidro.com\/es\/productos-y-soluciones\/"},{"@type":"ListItem","position":3,"name":"Hidrocontador de doble brida Hydroval2 IDU2"}]},{"@type":"WebSite","@id":"https:\/\/tecnidro.com\/es\/#website","url":"https:\/\/tecnidro.com\/es\/","name":"Tecnidro","description":"Valvole Idrauliche","potentialAction":[{"@type":"SearchAction","target":{"@type":"EntryPoint","urlTemplate":"https:\/\/tecnidro.com\/es\/?s={search_term_string}"},"query-input":{"@type":"PropertyValueSpecification","valueRequired":true,"valueName":"search_term_string"}}],"inLanguage":"es"}]}},"_links":{"self":[{"href":"https:\/\/tecnidro.com\/es\/wp-json\/wp\/v2\/product\/6052","targetHints":{"allow":["GET"]}}],"collection":[{"href":"https:\/\/tecnidro.com\/es\/wp-json\/wp\/v2\/product"}],"about":[{"href":"https:\/\/tecnidro.com\/es\/wp-json\/wp\/v2\/types\/product"}],"replies":[{"embeddable":true,"href":"https:\/\/tecnidro.com\/es\/wp-json\/wp\/v2\/comments?post=6052"}],"wp:featuredmedia":[{"embeddable":true,"href":"https:\/\/tecnidro.com\/es\/wp-json\/wp\/v2\/media\/6056"}],"wp:attachment":[{"href":"https:\/\/tecnidro.com\/es\/wp-json\/wp\/v2\/media?parent=6052"}],"wp:term":[{"taxonomy":"product_brand","embeddable":true,"href":"https:\/\/tecnidro.com\/es\/wp-json\/wp\/v2\/product_brand?post=6052"},{"taxonomy":"product_cat","embeddable":true,"href":"https:\/\/tecnidro.com\/es\/wp-json\/wp\/v2\/product_cat?post=6052"},{"taxonomy":"product_tag","embeddable":true,"href":"https:\/\/tecnidro.com\/es\/wp-json\/wp\/v2\/product_tag?post=6052"}],"curies":[{"name":"wp","href":"https:\/\/api.w.org\/{rel}","templated":true}]}}