{"id":6082,"date":"2023-11-29T09:24:55","date_gmt":"2023-11-29T09:24:55","guid":{"rendered":"https:\/\/tecnidro.com\/p\/limitador-de-caudal-con-proteccion-antifraude\/"},"modified":"2023-11-29T09:24:55","modified_gmt":"2023-11-29T08:24:55","slug":"limitador-de-caudal-con-proteccion-antifraude","status":"publish","type":"product","link":"https:\/\/tecnidro.com\/es\/p\/limitador-de-caudal-con-proteccion-antifraude\/","title":{"rendered":"Limitador de Caudal con protecci\u00f3n antifraude"},"content":{"rendered":"<p class=\"p1\">El <strong>Limitador de caudal modelo LIS-ID<\/strong> est\u00e1 dise\u00f1ado para uso con agua de riego y est\u00e1 destinado a la instalaci\u00f3n en grupos de entrega o hidrantes. Este limitador mantiene un caudal nominal (Qn) independientemente de las condiciones de presi\u00f3n aguas arriba y de la demanda aguas abajo. Su dise\u00f1o modulante permite un control preciso del flujo, reduciendo las p\u00e9rdidas hidrodin\u00e1micas y garantizando una regulaci\u00f3n gradual y progresiva.  <\/p>\n<p><strong>Funcionamiento:<\/strong><\/p>\n<p>El limitador mantiene sus caracter\u00edsticas hidrodin\u00e1micas \u00f3ptimas hasta el caudal nominal (Qn). Cuando el caudal supera este valor, el anillo modulante entra en acci\u00f3n, generando una p\u00e9rdida localizada que impide superar el 120% de Qn (1,20 Qn). Este proceso modulante es gradual y progresivo, evitando golpes de ariete y otras problem\u00e1ticas hidr\u00e1ulicas.  <\/p>\n<p><strong>Aplicaciones:<\/strong><\/p>\n<p>El limitador de caudal LIS-ID es ideal para uso en sistemas de riego agr\u00edcola y para la distribuci\u00f3n de agua, donde es necesario garantizar un control constante del flujo y proteger el sistema de presiones excesivas.<\/p>\n","protected":false},"excerpt":{"rendered":"<p>El Limitador de caudal modelo LIS-ID est\u00e1 dise\u00f1ado para uso con agua de riego y est\u00e1 destinado a la instalaci\u00f3n en grupos de entrega o hidrantes. Este limitador mantiene un  [&#8230;]<\/p>\n","protected":false},"featured_media":6083,"comment_status":"closed","ping_status":"closed","template":"","meta":{"_acf_changed":false},"product_brand":[],"product_cat":[246,249,214],"product_tag":[],"class_list":{"0":"post-6082","1":"product","2":"type-product","3":"status-publish","4":"has-post-thumbnail","6":"product_cat-limitadores-de-caudal","7":"product_cat-limitadores-de-caudal-2","8":"product_cat-riego","10":"first","11":"instock","12":"shipping-taxable","13":"product-type-simple"},"acf":[],"yoast_head":"<!-- This site is optimized with the Yoast SEO plugin v27.3 - https:\/\/yoast.com\/product\/yoast-seo-wordpress\/ -->\n<title>Limitador de Caudal con protecci\u00f3n antifraude - Tecnidro<\/title>\n<meta name=\"robots\" content=\"index, follow, max-snippet:-1, max-image-preview:large, max-video-preview:-1\" \/>\n<link rel=\"canonical\" href=\"https:\/\/tecnidro.com\/es\/p\/limitador-de-caudal-con-proteccion-antifraude\/\" \/>\n<meta property=\"og:locale\" content=\"es_ES\" \/>\n<meta property=\"og:type\" content=\"article\" \/>\n<meta property=\"og:title\" content=\"Limitador de Caudal con protecci\u00f3n antifraude - Tecnidro\" \/>\n<meta property=\"og:description\" content=\"El Limitador de caudal modelo LIS-ID est\u00e1 dise\u00f1ado para uso con agua de riego y est\u00e1 destinado a la instalaci\u00f3n en grupos de entrega o hidrantes. Este limitador mantiene un [...]\" \/>\n<meta property=\"og:url\" content=\"https:\/\/tecnidro.com\/es\/p\/limitador-de-caudal-con-proteccion-antifraude\/\" \/>\n<meta property=\"og:site_name\" content=\"Tecnidro\" \/>\n<meta property=\"article:publisher\" content=\"https:\/\/www.facebook.com\/profile.php?id=100089971879186\" \/>\n<meta property=\"og:image\" content=\"https:\/\/tecnidro.com\/wp-content\/uploads\/2023\/11\/Limitatori-con-cuffia-antimanomissione_ITA.jpg\" \/>\n\t<meta property=\"og:image:width\" content=\"1000\" \/>\n\t<meta property=\"og:image:height\" content=\"1000\" \/>\n\t<meta property=\"og:image:type\" content=\"image\/jpeg\" \/>\n<meta name=\"twitter:card\" content=\"summary_large_image\" \/>\n<meta name=\"twitter:label1\" content=\"Tiempo de lectura\" \/>\n\t<meta name=\"twitter:data1\" content=\"1 minuto\" \/>\n<script type=\"application\/ld+json\" class=\"yoast-schema-graph\">{\"@context\":\"https:\\\/\\\/schema.org\",\"@graph\":[{\"@type\":\"WebPage\",\"@id\":\"https:\\\/\\\/tecnidro.com\\\/es\\\/p\\\/limitador-de-caudal-con-proteccion-antifraude\\\/\",\"url\":\"https:\\\/\\\/tecnidro.com\\\/es\\\/p\\\/limitador-de-caudal-con-proteccion-antifraude\\\/\",\"name\":\"Limitador de Caudal con protecci\u00f3n antifraude - Tecnidro\",\"isPartOf\":{\"@id\":\"https:\\\/\\\/tecnidro.com\\\/es\\\/#website\"},\"primaryImageOfPage\":{\"@id\":\"https:\\\/\\\/tecnidro.com\\\/es\\\/p\\\/limitador-de-caudal-con-proteccion-antifraude\\\/#primaryimage\"},\"image\":{\"@id\":\"https:\\\/\\\/tecnidro.com\\\/es\\\/p\\\/limitador-de-caudal-con-proteccion-antifraude\\\/#primaryimage\"},\"thumbnailUrl\":\"https:\\\/\\\/tecnidro.com\\\/wp-content\\\/uploads\\\/2023\\\/11\\\/Limitatori-con-cuffia-antimanomissione_ITA.jpg\",\"datePublished\":\"2023-11-29T09:24:55+00:00\",\"breadcrumb\":{\"@id\":\"https:\\\/\\\/tecnidro.com\\\/es\\\/p\\\/limitador-de-caudal-con-proteccion-antifraude\\\/#breadcrumb\"},\"inLanguage\":\"es\",\"potentialAction\":[{\"@type\":\"ReadAction\",\"target\":[\"https:\\\/\\\/tecnidro.com\\\/es\\\/p\\\/limitador-de-caudal-con-proteccion-antifraude\\\/\"]}]},{\"@type\":\"ImageObject\",\"inLanguage\":\"es\",\"@id\":\"https:\\\/\\\/tecnidro.com\\\/es\\\/p\\\/limitador-de-caudal-con-proteccion-antifraude\\\/#primaryimage\",\"url\":\"https:\\\/\\\/tecnidro.com\\\/wp-content\\\/uploads\\\/2023\\\/11\\\/Limitatori-con-cuffia-antimanomissione_ITA.jpg\",\"contentUrl\":\"https:\\\/\\\/tecnidro.com\\\/wp-content\\\/uploads\\\/2023\\\/11\\\/Limitatori-con-cuffia-antimanomissione_ITA.jpg\",\"width\":1000,\"height\":1000,\"caption\":\"Limitatori-con-cuffia-antimanomissione_ITA\"},{\"@type\":\"BreadcrumbList\",\"@id\":\"https:\\\/\\\/tecnidro.com\\\/es\\\/p\\\/limitador-de-caudal-con-proteccion-antifraude\\\/#breadcrumb\",\"itemListElement\":[{\"@type\":\"ListItem\",\"position\":1,\"name\":\"Home\",\"item\":\"https:\\\/\\\/tecnidro.com\\\/es\\\/\"},{\"@type\":\"ListItem\",\"position\":2,\"name\":\"Productos y soluciones\",\"item\":\"https:\\\/\\\/tecnidro.com\\\/es\\\/productos-y-soluciones\\\/\"},{\"@type\":\"ListItem\",\"position\":3,\"name\":\"Limitador de Caudal con protecci\u00f3n antifraude\"}]},{\"@type\":\"WebSite\",\"@id\":\"https:\\\/\\\/tecnidro.com\\\/es\\\/#website\",\"url\":\"https:\\\/\\\/tecnidro.com\\\/es\\\/\",\"name\":\"Tecnidro\",\"description\":\"Valvole Idrauliche\",\"potentialAction\":[{\"@type\":\"SearchAction\",\"target\":{\"@type\":\"EntryPoint\",\"urlTemplate\":\"https:\\\/\\\/tecnidro.com\\\/es\\\/?s={search_term_string}\"},\"query-input\":{\"@type\":\"PropertyValueSpecification\",\"valueRequired\":true,\"valueName\":\"search_term_string\"}}],\"inLanguage\":\"es\"}]}<\/script>\n<!-- \/ Yoast SEO plugin. -->","yoast_head_json":{"title":"Limitador de Caudal con protecci\u00f3n antifraude - Tecnidro","robots":{"index":"index","follow":"follow","max-snippet":"max-snippet:-1","max-image-preview":"max-image-preview:large","max-video-preview":"max-video-preview:-1"},"canonical":"https:\/\/tecnidro.com\/es\/p\/limitador-de-caudal-con-proteccion-antifraude\/","og_locale":"es_ES","og_type":"article","og_title":"Limitador de Caudal con protecci\u00f3n antifraude - Tecnidro","og_description":"El Limitador de caudal modelo LIS-ID est\u00e1 dise\u00f1ado para uso con agua de riego y est\u00e1 destinado a la instalaci\u00f3n en grupos de entrega o hidrantes. Este limitador mantiene un [...]","og_url":"https:\/\/tecnidro.com\/es\/p\/limitador-de-caudal-con-proteccion-antifraude\/","og_site_name":"Tecnidro","article_publisher":"https:\/\/www.facebook.com\/profile.php?id=100089971879186","og_image":[{"width":1000,"height":1000,"url":"https:\/\/tecnidro.com\/wp-content\/uploads\/2023\/11\/Limitatori-con-cuffia-antimanomissione_ITA.jpg","type":"image\/jpeg"}],"twitter_card":"summary_large_image","twitter_misc":{"Tiempo de lectura":"1 minuto"},"schema":{"@context":"https:\/\/schema.org","@graph":[{"@type":"WebPage","@id":"https:\/\/tecnidro.com\/es\/p\/limitador-de-caudal-con-proteccion-antifraude\/","url":"https:\/\/tecnidro.com\/es\/p\/limitador-de-caudal-con-proteccion-antifraude\/","name":"Limitador de Caudal con protecci\u00f3n antifraude - Tecnidro","isPartOf":{"@id":"https:\/\/tecnidro.com\/es\/#website"},"primaryImageOfPage":{"@id":"https:\/\/tecnidro.com\/es\/p\/limitador-de-caudal-con-proteccion-antifraude\/#primaryimage"},"image":{"@id":"https:\/\/tecnidro.com\/es\/p\/limitador-de-caudal-con-proteccion-antifraude\/#primaryimage"},"thumbnailUrl":"https:\/\/tecnidro.com\/wp-content\/uploads\/2023\/11\/Limitatori-con-cuffia-antimanomissione_ITA.jpg","datePublished":"2023-11-29T09:24:55+00:00","breadcrumb":{"@id":"https:\/\/tecnidro.com\/es\/p\/limitador-de-caudal-con-proteccion-antifraude\/#breadcrumb"},"inLanguage":"es","potentialAction":[{"@type":"ReadAction","target":["https:\/\/tecnidro.com\/es\/p\/limitador-de-caudal-con-proteccion-antifraude\/"]}]},{"@type":"ImageObject","inLanguage":"es","@id":"https:\/\/tecnidro.com\/es\/p\/limitador-de-caudal-con-proteccion-antifraude\/#primaryimage","url":"https:\/\/tecnidro.com\/wp-content\/uploads\/2023\/11\/Limitatori-con-cuffia-antimanomissione_ITA.jpg","contentUrl":"https:\/\/tecnidro.com\/wp-content\/uploads\/2023\/11\/Limitatori-con-cuffia-antimanomissione_ITA.jpg","width":1000,"height":1000,"caption":"Limitatori-con-cuffia-antimanomissione_ITA"},{"@type":"BreadcrumbList","@id":"https:\/\/tecnidro.com\/es\/p\/limitador-de-caudal-con-proteccion-antifraude\/#breadcrumb","itemListElement":[{"@type":"ListItem","position":1,"name":"Home","item":"https:\/\/tecnidro.com\/es\/"},{"@type":"ListItem","position":2,"name":"Productos y soluciones","item":"https:\/\/tecnidro.com\/es\/productos-y-soluciones\/"},{"@type":"ListItem","position":3,"name":"Limitador de Caudal con protecci\u00f3n antifraude"}]},{"@type":"WebSite","@id":"https:\/\/tecnidro.com\/es\/#website","url":"https:\/\/tecnidro.com\/es\/","name":"Tecnidro","description":"Valvole Idrauliche","potentialAction":[{"@type":"SearchAction","target":{"@type":"EntryPoint","urlTemplate":"https:\/\/tecnidro.com\/es\/?s={search_term_string}"},"query-input":{"@type":"PropertyValueSpecification","valueRequired":true,"valueName":"search_term_string"}}],"inLanguage":"es"}]}},"_links":{"self":[{"href":"https:\/\/tecnidro.com\/es\/wp-json\/wp\/v2\/product\/6082","targetHints":{"allow":["GET"]}}],"collection":[{"href":"https:\/\/tecnidro.com\/es\/wp-json\/wp\/v2\/product"}],"about":[{"href":"https:\/\/tecnidro.com\/es\/wp-json\/wp\/v2\/types\/product"}],"replies":[{"embeddable":true,"href":"https:\/\/tecnidro.com\/es\/wp-json\/wp\/v2\/comments?post=6082"}],"wp:featuredmedia":[{"embeddable":true,"href":"https:\/\/tecnidro.com\/es\/wp-json\/wp\/v2\/media\/6083"}],"wp:attachment":[{"href":"https:\/\/tecnidro.com\/es\/wp-json\/wp\/v2\/media?parent=6082"}],"wp:term":[{"taxonomy":"product_brand","embeddable":true,"href":"https:\/\/tecnidro.com\/es\/wp-json\/wp\/v2\/product_brand?post=6082"},{"taxonomy":"product_cat","embeddable":true,"href":"https:\/\/tecnidro.com\/es\/wp-json\/wp\/v2\/product_cat?post=6082"},{"taxonomy":"product_tag","embeddable":true,"href":"https:\/\/tecnidro.com\/es\/wp-json\/wp\/v2\/product_tag?post=6082"}],"curies":[{"name":"wp","href":"https:\/\/api.w.org\/{rel}","templated":true}]}}